{"id":297,"date":"2021-08-09T10:48:41","date_gmt":"2021-08-09T08:48:41","guid":{"rendered":"https:\/\/www.notariat-schoeffmann.at\/?page_id=297"},"modified":"2022-03-06T13:52:52","modified_gmt":"2022-03-06T12:52:52","slug":"superaedifikat","status":"publish","type":"page","link":"https:\/\/www.notariat-schoeffmann.at\/de\/bauen-wohnen\/superaedifikat\/","title":{"rendered":"Super\u00e4difikat"},"content":{"rendered":"\n<h3 class=\"wp-block-heading\">Sonderfall Super\u00e4difikat alias Luftkeusche<\/h3>\n\n\n\n<p>Normalerweise geh\u00f6rt ein Geb\u00e4ude immer dem Eigent\u00fcmer des Grundes, auf dem es steht. Nur ausnahmsweise k\u00f6nnen das Eigentum an einem Geb\u00e4ude und am Grund auseinanderfallen: bei einem Super\u00e4difikat.<\/p>\n\n\n\n<h3 class=\"wp-block-heading\">Was ist ein Super\u00e4difikat?<\/h3>\n\n\n\n<p>Ein Super\u00e4difikat ist ein Geb\u00e4ude, das nicht dauerhaft auf dem Grundst\u00fcck verbleiben soll. Es entsteht dadurch, dass Bauherr und Grundeigent\u00fcmer sich dar\u00fcber einigen, dass das zu errichtende Bauwerk dem Grundeigent\u00fcmer nicht ins Eigentum zuwachsen soll. Diese \u00dcbereinkunft muss immer vor Baubeginn gesetzt werden. Ein bereits errichtetes Geb\u00e4ude kann nachtr\u00e4glich nicht zum Super\u00e4difikat werden.<\/p>\n\n\n\n<p>Super\u00e4difikate sind rechtlich ein Zwitter zwischen Liegenschaft und beweglichem Gegenstand. Der Eigentumserwerb erfolgt durch die Herstellung, die \u00dcbertragung eines Super\u00e4difikates bedarf dann aber der Urkundenhinterlegung bei Gericht.<\/p>\n\n\n<div class=\"lazyblock-infobox-Z176sOm wp-block-lazyblock-infobox\"><div class=\"notar_beispielbox\">\n  <h2>Beispiel<\/h2>\n  <div class=\"notar_infobox_content\"><p>Typische F\u00e4lle eines Super\u00e4difikates sind Markth\u00fctten, Bootsh\u00fctten, Schrebergartenh\u00fctten mitunter aber auch feste Bauten. Der Begriff Super\u00e4difikat darf aber nicht zu weit verstanden werden: Nicht fest verbaute Bauwerke sind n\u00e4mlich nicht gleich Super\u00e4difikate. Beispielsweise bleibt ein Wohnwagen auf einem fremden Grundst\u00fcck ein Wohnwagen und wird nicht zum Super\u00e4difikat.<\/p><\/div>\n<\/div>\n\n<\/div>\n\n<div class=\"lazyblock-infobox-Z1EtOoG wp-block-lazyblock-infobox\"><div class=\"notar_standard\">\n  <h2>Bitte beachten Sie!<\/h2>\n  <div class=\"notar_infobox_content\"><p>Super\u00e4difikate werfen zahlreiche rechtliche Probleme auf, wie etwa im Fall eines Weiterverkaufes oder im Todesfall.<\/p><\/div>\n<\/div>\n\n<\/div>\n\n\n<h3 class=\"wp-block-heading\">Was passiert mit einem Super\u00e4difikat bei Wegfall oder Beendigung des Grundben\u00fctzungsverh\u00e4ltnisses?<\/h3>\n\n\n\n<p>Vom Grundsatz &#8222;superficies solo cedit&#8220; (frei \u00fcbersetzt: &#8222;wem das Grundst\u00fcck geh\u00f6rt, dem geh\u00f6rt auch das darauf befindliche Geb\u00e4ude&#8220;)&nbsp;trifft das Gesetz gewichtige Ausnahmen.<\/p>\n\n\n\n<p>Sollten Sie Miteigent\u00fcmer eines Super\u00e4difikats (z.B. einer Badeh\u00fctte, Jagdh\u00fctte, Hochsitz, eines Wochenendhauses) sein und n\u00e4hert sich die Beendigung oder Wegfall des Grundben\u00fctzungsverh\u00e4ltnisses, dann sollten Sie ihr Augenmerk auf folgende Entscheidung des OGH legen:&nbsp;&#8222;Das Eigentum an einem Super\u00e4difikat bleibt von Beendigung oder Wegfall des Grundben\u00fctzungsverh\u00e4ltnisses an sich unber\u00fchrt&#8220;. Das betreffende Bauwerk steht also auch weiterhin im Eigentum des\/der bisherigen Eigent\u00fcmer\/s.<\/p>\n\n\n\n<p>Mangels anderer Vereinbarung bedeutet der Ausspruch des OGH nichts anderes, als dass Sie Ihre Rechte wie auch Pflichten als Eigent\u00fcmer bzw. Miteigent\u00fcmer nicht verlieren!<\/p>\n","protected":false},"excerpt":{"rendered":"<p>Sonderfall Super\u00e4difikat alias Luftkeusche Normalerweise geh\u00f6rt ein Geb\u00e4ude immer dem Eigent\u00fcmer des Grundes, auf dem es steht. Nur ausnahmsweise k\u00f6nnen das Eigentum an einem Geb\u00e4ude und am Grund auseinanderfallen: bei einem Super\u00e4difikat. Was ist ein Super\u00e4difikat? Ein Super\u00e4difikat ist ein Geb\u00e4ude, das nicht dauerhaft auf dem Grundst\u00fcck verbleiben soll. Es entsteht dadurch, dass Bauherr und&hellip;<\/p>\n","protected":false},"author":3,"featured_media":0,"parent":255,"menu_order":12,"comment_status":"closed","ping_status":"closed","template":"","meta":{"inline_featured_image":false,"footnotes":""},"categories":[],"class_list":["post-297","page","type-page","status-publish","hentry","description-off"],"yoast_head":"<!-- This site is optimized with the Yoast SEO Premium plugin v26.7 (Yoast SEO v27.3) - https:\/\/yoast.com\/product\/yoast-seo-premium-wordpress\/ -->\n<title>Super\u00e4difikat &#8211; Notariat Sch\u00f6ffmann<\/title>\n<meta name=\"description\" content=\"Notariat Mag. Klaus Sch\u00f6ffmann: Ihr Notar in Klagenfurt am W\u00f6rthersee. Individuelle Rechtsberatung f\u00fcr Unternehmen und Privatpersonen. Unsere erste Rechtsauskunft ist f\u00fcr Sie kostenfrei!\" \/>\n<meta name=\"robots\" content=\"index, follow, max-snippet:-1, max-image-preview:large, max-video-preview:-1\" \/>\n<link rel=\"canonical\" href=\"https:\/\/www.notariat-schoeffmann.at\/de\/bauen-wohnen\/superaedifikat\/\" \/>\n<meta property=\"og:locale\" content=\"de_DE\" \/>\n<meta property=\"og:type\" content=\"article\" \/>\n<meta property=\"og:title\" content=\"Super\u00e4difikat - Notariat Sch\u00f6ffmann\" \/>\n<meta property=\"og:description\" content=\"Notariat Mag. Klaus Sch\u00f6ffmann: Ihr Notar in Klagenfurt am W\u00f6rthersee. Individuelle Rechtsberatung f\u00fcr Unternehmen und Privatpersonen. Unsere erste Rechtsauskunft ist f\u00fcr Sie kostenfrei!\" \/>\n<meta property=\"og:url\" content=\"https:\/\/www.notariat-schoeffmann.at\/de\/bauen-wohnen\/superaedifikat\/\" \/>\n<meta property=\"og:site_name\" content=\"Notariat Sch\u00f6ffmann\" \/>\n<meta property=\"article:publisher\" content=\"https:\/\/www.facebook.com\/NotarKlagenfurt\" \/>\n<meta property=\"article:modified_time\" content=\"2022-03-06T12:52:52+00:00\" \/>\n<meta property=\"og:image\" content=\"https:\/\/www.notariat-schoeffmann.at\/wp-content\/uploads\/2021\/11\/Juristen-1.jpg\" \/>\n\t<meta property=\"og:image:width\" content=\"1600\" \/>\n\t<meta property=\"og:image:height\" content=\"1067\" \/>\n\t<meta property=\"og:image:type\" content=\"image\/jpeg\" \/>\n<meta name=\"twitter:card\" content=\"summary_large_image\" \/>\n<script type=\"application\/ld+json\" class=\"yoast-schema-graph\">{\"@context\":\"https:\\\/\\\/schema.org\",\"@graph\":[{\"@type\":\"WebPage\",\"@id\":\"https:\\\/\\\/www.notariat-schoeffmann.at\\\/de\\\/bauen-wohnen\\\/superaedifikat\\\/\",\"url\":\"https:\\\/\\\/www.notariat-schoeffmann.at\\\/de\\\/bauen-wohnen\\\/superaedifikat\\\/\",\"name\":\"Super\u00e4difikat &#8211; Notariat Sch\u00f6ffmann\",\"isPartOf\":{\"@id\":\"https:\\\/\\\/www.notariat-schoeffmann.at\\\/de\\\/#website\"},\"datePublished\":\"2021-08-09T08:48:41+00:00\",\"dateModified\":\"2022-03-06T12:52:52+00:00\",\"description\":\"Notariat Mag. Klaus Sch\u00f6ffmann: Ihr Notar in Klagenfurt am W\u00f6rthersee. Individuelle Rechtsberatung f\u00fcr Unternehmen und Privatpersonen. Unsere erste Rechtsauskunft ist f\u00fcr Sie kostenfrei!\",\"breadcrumb\":{\"@id\":\"https:\\\/\\\/www.notariat-schoeffmann.at\\\/de\\\/bauen-wohnen\\\/superaedifikat\\\/#breadcrumb\"},\"inLanguage\":\"de\",\"potentialAction\":[{\"@type\":\"ReadAction\",\"target\":[\"https:\\\/\\\/www.notariat-schoeffmann.at\\\/de\\\/bauen-wohnen\\\/superaedifikat\\\/\"]}]},{\"@type\":\"BreadcrumbList\",\"@id\":\"https:\\\/\\\/www.notariat-schoeffmann.at\\\/de\\\/bauen-wohnen\\\/superaedifikat\\\/#breadcrumb\",\"itemListElement\":[{\"@type\":\"ListItem\",\"position\":1,\"name\":\"Startseite\",\"item\":\"https:\\\/\\\/www.notariat-schoeffmann.at\\\/de\\\/\"},{\"@type\":\"ListItem\",\"position\":2,\"name\":\"Bauen &#038; Wohnen\",\"item\":\"https:\\\/\\\/www.notariat-schoeffmann.at\\\/de\\\/bauen-wohnen\\\/\"},{\"@type\":\"ListItem\",\"position\":3,\"name\":\"Super\u00e4difikat\"}]},{\"@type\":\"WebSite\",\"@id\":\"https:\\\/\\\/www.notariat-schoeffmann.at\\\/de\\\/#website\",\"url\":\"https:\\\/\\\/www.notariat-schoeffmann.at\\\/de\\\/\",\"name\":\"Notariat Sch\u00f6ffmann\",\"description\":\"Mag. Klaus Sch\u00f6ffmann - Ihr Notar in Klagenfurt\",\"publisher\":{\"@id\":\"https:\\\/\\\/www.notariat-schoeffmann.at\\\/de\\\/#organization\"},\"potentialAction\":[{\"@type\":\"SearchAction\",\"target\":{\"@type\":\"EntryPoint\",\"urlTemplate\":\"https:\\\/\\\/www.notariat-schoeffmann.at\\\/de\\\/?s={search_term_string}\"},\"query-input\":{\"@type\":\"PropertyValueSpecification\",\"valueRequired\":true,\"valueName\":\"search_term_string\"}}],\"inLanguage\":\"de\"},{\"@type\":\"Organization\",\"@id\":\"https:\\\/\\\/www.notariat-schoeffmann.at\\\/de\\\/#organization\",\"name\":\"Notariat Mag. Klaus Sch\u00f6ffmann Klagenfurt\",\"url\":\"https:\\\/\\\/www.notariat-schoeffmann.at\\\/de\\\/\",\"logo\":{\"@type\":\"ImageObject\",\"inLanguage\":\"de\",\"@id\":\"https:\\\/\\\/www.notariat-schoeffmann.at\\\/de\\\/#\\\/schema\\\/logo\\\/image\\\/\",\"url\":\"https:\\\/\\\/www.notariat-schoeffmann.at\\\/wp-content\\\/uploads\\\/2022\\\/02\\\/logo-notariat-schoeffmann.jpg\",\"contentUrl\":\"https:\\\/\\\/www.notariat-schoeffmann.at\\\/wp-content\\\/uploads\\\/2022\\\/02\\\/logo-notariat-schoeffmann.jpg\",\"width\":600,\"height\":600,\"caption\":\"Notariat Mag. Klaus Sch\u00f6ffmann Klagenfurt\"},\"image\":{\"@id\":\"https:\\\/\\\/www.notariat-schoeffmann.at\\\/de\\\/#\\\/schema\\\/logo\\\/image\\\/\"},\"sameAs\":[\"https:\\\/\\\/www.facebook.com\\\/NotarKlagenfurt\",\"https:\\\/\\\/www.youtube.com\\\/channel\\\/UCaITfbIQh6VIpzEonUsIhcg\"]}]}<\/script>\n<!-- \/ Yoast SEO Premium plugin. -->","yoast_head_json":{"title":"Super\u00e4difikat &#8211; Notariat Sch\u00f6ffmann","description":"Notariat Mag. Klaus Sch\u00f6ffmann: Ihr Notar in Klagenfurt am W\u00f6rthersee. Individuelle Rechtsberatung f\u00fcr Unternehmen und Privatpersonen. Unsere erste Rechtsauskunft ist f\u00fcr Sie kostenfrei!","robots":{"index":"index","follow":"follow","max-snippet":"max-snippet:-1","max-image-preview":"max-image-preview:large","max-video-preview":"max-video-preview:-1"},"canonical":"https:\/\/www.notariat-schoeffmann.at\/de\/bauen-wohnen\/superaedifikat\/","og_locale":"de_DE","og_type":"article","og_title":"Super\u00e4difikat - Notariat Sch\u00f6ffmann","og_description":"Notariat Mag. Klaus Sch\u00f6ffmann: Ihr Notar in Klagenfurt am W\u00f6rthersee. Individuelle Rechtsberatung f\u00fcr Unternehmen und Privatpersonen. Unsere erste Rechtsauskunft ist f\u00fcr Sie kostenfrei!","og_url":"https:\/\/www.notariat-schoeffmann.at\/de\/bauen-wohnen\/superaedifikat\/","og_site_name":"Notariat Sch\u00f6ffmann","article_publisher":"https:\/\/www.facebook.com\/NotarKlagenfurt","article_modified_time":"2022-03-06T12:52:52+00:00","og_image":[{"width":1600,"height":1067,"url":"https:\/\/www.notariat-schoeffmann.at\/wp-content\/uploads\/2021\/11\/Juristen-1.jpg","type":"image\/jpeg"}],"twitter_card":"summary_large_image","schema":{"@context":"https:\/\/schema.org","@graph":[{"@type":"WebPage","@id":"https:\/\/www.notariat-schoeffmann.at\/de\/bauen-wohnen\/superaedifikat\/","url":"https:\/\/www.notariat-schoeffmann.at\/de\/bauen-wohnen\/superaedifikat\/","name":"Super\u00e4difikat &#8211; Notariat Sch\u00f6ffmann","isPartOf":{"@id":"https:\/\/www.notariat-schoeffmann.at\/de\/#website"},"datePublished":"2021-08-09T08:48:41+00:00","dateModified":"2022-03-06T12:52:52+00:00","description":"Notariat Mag. Klaus Sch\u00f6ffmann: Ihr Notar in Klagenfurt am W\u00f6rthersee. Individuelle Rechtsberatung f\u00fcr Unternehmen und Privatpersonen. Unsere erste Rechtsauskunft ist f\u00fcr Sie kostenfrei!","breadcrumb":{"@id":"https:\/\/www.notariat-schoeffmann.at\/de\/bauen-wohnen\/superaedifikat\/#breadcrumb"},"inLanguage":"de","potentialAction":[{"@type":"ReadAction","target":["https:\/\/www.notariat-schoeffmann.at\/de\/bauen-wohnen\/superaedifikat\/"]}]},{"@type":"BreadcrumbList","@id":"https:\/\/www.notariat-schoeffmann.at\/de\/bauen-wohnen\/superaedifikat\/#breadcrumb","itemListElement":[{"@type":"ListItem","position":1,"name":"Startseite","item":"https:\/\/www.notariat-schoeffmann.at\/de\/"},{"@type":"ListItem","position":2,"name":"Bauen &#038; Wohnen","item":"https:\/\/www.notariat-schoeffmann.at\/de\/bauen-wohnen\/"},{"@type":"ListItem","position":3,"name":"Super\u00e4difikat"}]},{"@type":"WebSite","@id":"https:\/\/www.notariat-schoeffmann.at\/de\/#website","url":"https:\/\/www.notariat-schoeffmann.at\/de\/","name":"Notariat Sch\u00f6ffmann","description":"Mag. Klaus Sch\u00f6ffmann - Ihr Notar in Klagenfurt","publisher":{"@id":"https:\/\/www.notariat-schoeffmann.at\/de\/#organization"},"potentialAction":[{"@type":"SearchAction","target":{"@type":"EntryPoint","urlTemplate":"https:\/\/www.notariat-schoeffmann.at\/de\/?s={search_term_string}"},"query-input":{"@type":"PropertyValueSpecification","valueRequired":true,"valueName":"search_term_string"}}],"inLanguage":"de"},{"@type":"Organization","@id":"https:\/\/www.notariat-schoeffmann.at\/de\/#organization","name":"Notariat Mag. Klaus Sch\u00f6ffmann Klagenfurt","url":"https:\/\/www.notariat-schoeffmann.at\/de\/","logo":{"@type":"ImageObject","inLanguage":"de","@id":"https:\/\/www.notariat-schoeffmann.at\/de\/#\/schema\/logo\/image\/","url":"https:\/\/www.notariat-schoeffmann.at\/wp-content\/uploads\/2022\/02\/logo-notariat-schoeffmann.jpg","contentUrl":"https:\/\/www.notariat-schoeffmann.at\/wp-content\/uploads\/2022\/02\/logo-notariat-schoeffmann.jpg","width":600,"height":600,"caption":"Notariat Mag. Klaus Sch\u00f6ffmann Klagenfurt"},"image":{"@id":"https:\/\/www.notariat-schoeffmann.at\/de\/#\/schema\/logo\/image\/"},"sameAs":["https:\/\/www.facebook.com\/NotarKlagenfurt","https:\/\/www.youtube.com\/channel\/UCaITfbIQh6VIpzEonUsIhcg"]}]}},"_links":{"self":[{"href":"https:\/\/www.notariat-schoeffmann.at\/de\/wp-json\/wp\/v2\/pages\/297","targetHints":{"allow":["GET"]}}],"collection":[{"href":"https:\/\/www.notariat-schoeffmann.at\/de\/wp-json\/wp\/v2\/pages"}],"about":[{"href":"https:\/\/www.notariat-schoeffmann.at\/de\/wp-json\/wp\/v2\/types\/page"}],"author":[{"embeddable":true,"href":"https:\/\/www.notariat-schoeffmann.at\/de\/wp-json\/wp\/v2\/users\/3"}],"replies":[{"embeddable":true,"href":"https:\/\/www.notariat-schoeffmann.at\/de\/wp-json\/wp\/v2\/comments?post=297"}],"version-history":[{"count":5,"href":"https:\/\/www.notariat-schoeffmann.at\/de\/wp-json\/wp\/v2\/pages\/297\/revisions"}],"predecessor-version":[{"id":2480,"href":"https:\/\/www.notariat-schoeffmann.at\/de\/wp-json\/wp\/v2\/pages\/297\/revisions\/2480"}],"up":[{"embeddable":true,"href":"https:\/\/www.notariat-schoeffmann.at\/de\/wp-json\/wp\/v2\/pages\/255"}],"wp:attachment":[{"href":"https:\/\/www.notariat-schoeffmann.at\/de\/wp-json\/wp\/v2\/media?parent=297"}],"wp:term":[{"taxonomy":"category","embeddable":true,"href":"https:\/\/www.notariat-schoeffmann.at\/de\/wp-json\/wp\/v2\/categories?post=297"}],"curies":[{"name":"wp","href":"https:\/\/api.w.org\/{rel}","templated":true}]}}