{"id":29,"date":"2021-09-12T16:32:25","date_gmt":"2021-08-05T18:53:35","guid":{"rendered":"https:\/\/www.notariat-schoeffmann.at\/?page_id=29"},"modified":"2026-02-02T12:51:07","modified_gmt":"2026-02-02T11:51:07","slug":"unser-team","status":"publish","type":"page","link":"https:\/\/www.notariat-schoeffmann.at\/de\/unser-team\/","title":{"rendered":"Unser Team"},"content":{"rendered":"<div class=\"wpb-content-wrapper\"><p>[vc_row el_id=&#8220;extra_team_headline_wrapper&#8220;][vc_column][vc_column_text css_animation=&#8220;fadeIn&#8220; el_class=&#8220;san_serif_headline&#8220; el_id=&#8220;extra_team_headline&#8220;]<\/p>\n<h1 style=\"text-align: center;\">Gemeinsam L\u00f6sungen finden!<\/h1>\n<p>[\/vc_column_text][vc_single_image image=&#8220;3526&#8243; img_size=&#8220;full&#8220; css=&#8220;&#8220;][vc_row_inner el_class=&#8220;extra_team_buttons&#8220;][vc_column_inner width=&#8220;1\/2&#8243;]<style type=\"text\/css\" data-type=\"the7_shortcodes-inline-css\">#default-btn-817046af2669e016adab3687cb763ce7.ico-right-side > i {\n  margin-right: 0px;\n  margin-left: 8px;\n}\n#default-btn-817046af2669e016adab3687cb763ce7 > i {\n  margin-right: 8px;\n}<\/style><div class=\"btn-align-center\"><a href=\"#scroll_juristen\" class=\"default-btn-shortcode dt-btn dt-btn-m link-hover-off anchor-link full-width-btn \" id=\"default-btn-817046af2669e016adab3687cb763ce7\"><span>Unsere Juristen<\/span><\/a><\/div>[\/vc_column_inner][vc_column_inner width=&#8220;1\/2&#8243;]<style type=\"text\/css\" data-type=\"the7_shortcodes-inline-css\">#default-btn-52e72cd0064f8938c8585a4bf6e7499f.ico-right-side > i {\n  margin-right: 0px;\n  margin-left: 8px;\n}\n#default-btn-52e72cd0064f8938c8585a4bf6e7499f > i {\n  margin-right: 8px;\n}<\/style><div class=\"btn-align-center\"><a href=\"#scroll_team\" class=\"default-btn-shortcode dt-btn dt-btn-m link-hover-off anchor-link full-width-btn \" id=\"default-btn-52e72cd0064f8938c8585a4bf6e7499f\"><span>Unser Team<\/span><\/a><\/div>[\/vc_column_inner][\/vc_row_inner][\/vc_column][\/vc_row][vc_row bg_type=&#8220;image&#8220; parallax_style=&#8220;vcpb-default&#8220; bg_image_new=&#8220;id^750|url^https:\/\/www.notariat-schoeffmann.at\/wp-content\/uploads\/2021\/09\/adler-mobile-nav-3.png|caption^null|alt^null|title^adler-mobile-nav-3|description^null&#8220; bg_image_repeat=&#8220;no-repeat&#8220; bg_image_size=&#8220;contain&#8220; bg_image_posiiton=&#8220;center center&#8220;][vc_column width=&#8220;1\/4&#8243;][\/vc_column][vc_column width=&#8220;1\/2&#8243;][vc_column_text]<\/p>\n<p style=\"text-align: center;\"><strong>Wir stehen f\u00fcr Freundlichkeit, Genauigkeit, Vertrauensw\u00fcrdigkeit und das individuelle Finden von L\u00f6sungen. Der respektvolle und wertsch\u00e4tzende Umgang miteinander und mit unseren Klienten ist uns wichtig.<\/strong><\/p>\n<p>[\/vc_column_text][\/vc_column][vc_column width=&#8220;1\/4&#8243;][\/vc_column][\/vc_row][vc_row el_id=&#8220;scroll_juristen&#8220;][vc_column][vc_empty_space height=&#8220;64px&#8220;][vc_column_text el_class=&#8220;overline_headline&#8220;]<\/p>\n<h2>Unsere Juristen<\/h2>\n<p>[\/vc_column_text][\/vc_column][\/vc_row][vc_row gap=&#8220;35&#8243; el_class=&#8220;juristen_team&#8220;][vc_column width=&#8220;1\/3&#8243;]<div class=\"video_team\" id=\"video_9c1185a5c5e9fc54612808977ee8f548b2258d31\"><a class=\"team_vcard\" href=\"\/wp-content\/themes\/dt-the7-child\/assets\/vcards\/KlausSch%C3%B6ffmann.vcf\"><img decoding=\"async\" src=\"\/wp-content\/uploads\/2022\/02\/icon_vcf.svg\"><\/a><img decoding=\"async\" src=\"\/wp-content\/uploads\/2022\/02\/icon_vcf.svg\"><\/a><a href=\"https:\/\/www.notariat-schoeffmann.at\/team\/mag-klaus-schoeffmann-mbl\/\"><video id=\"9c1185a5c5e9fc54612808977ee8f548b2258d31\" class=\"video_team_element\" src=\"\" muted  autoplay playsinline  poster=\"https:\/\/www.notariat-schoeffmann.at\/wp-content\/uploads\/Herr-Schoeffmann.png\">Error<\/video><\/a><\/div>[vc_column_text]<\/p>\n<h2>Mag. Klaus<br \/>\nSch\u00f6ffmann MBL LL.M.<\/h2>\n<h3>Notar<\/h3>\n<p>[\/vc_column_text]<style type=\"text\/css\" data-type=\"the7_shortcodes-inline-css\">#default-btn-aac4395b4777647313d257f538ba5850.ico-right-side > i {\n  margin-right: 0px;\n  margin-left: 8px;\n}\n#default-btn-aac4395b4777647313d257f538ba5850 > i {\n  margin-right: 8px;\n}<\/style><div class=\"btn-align-center\"><a href=\"https:\/\/www.notariat-schoeffmann.at\/team\/mag-klaus-schoeffmann-mbl\/\" class=\"default-btn-shortcode dt-btn dt-btn-m link-hover-off \" id=\"default-btn-aac4395b4777647313d257f538ba5850\"><span>MEHR &gt;<\/span><\/a><\/div>[\/vc_column][vc_column width=&#8220;1\/3&#8243;]<div class=\"video_team\" id=\"video_9c1185a5c5e9fc54612808977ee8f548b2258d31\"><a class=\"team_vcard\" href=\"\/wp-content\/themes\/dt-the7-child\/assets\/vcards\/HannesPlieschnegger.vcf\"><img decoding=\"async\" src=\"\/wp-content\/uploads\/2022\/02\/icon_vcf.svg\"><\/a><img decoding=\"async\" src=\"\/wp-content\/uploads\/2022\/02\/icon_vcf.svg\"><\/a><a href=\"https:\/\/www.notariat-schoeffmann.at\/team\/mag-hannes-plieschenegger\/\"><video id=\"9c1185a5c5e9fc54612808977ee8f548b2258d31\" class=\"video_team_element\" src=\"\" muted  autoplay playsinline  poster=\"https:\/\/www.notariat-schoeffmann.at\/wp-content\/uploads\/Hannes-Plieschnegger.jpg\">Error<\/video><\/a><\/div>[vc_column_text css=&#8220;&#8220;]<\/p>\n<h2>Mag. Hannes<br \/>\nPlieschnegger LL.M.<\/h2>\n<h3>Notarsubstitut<\/h3>\n<p>[\/vc_column_text]<style type=\"text\/css\" data-type=\"the7_shortcodes-inline-css\">#default-btn-95a967211eba164bdb5294165dc7a66b.ico-right-side > i {\n  margin-right: 0px;\n  margin-left: 8px;\n}\n#default-btn-95a967211eba164bdb5294165dc7a66b > i {\n  margin-right: 8px;\n}<\/style><div class=\"btn-align-center\"><a href=\"https:\/\/www.notariat-schoeffmann.at\/team\/mag-hannes-plieschenegger\/\" class=\"default-btn-shortcode dt-btn dt-btn-m link-hover-off \" id=\"default-btn-95a967211eba164bdb5294165dc7a66b\"><span>MEHR &gt;<\/span><\/a><\/div>[\/vc_column][\/vc_row][vc_row el_id=&#8220;scroll_team&#8220;][vc_column][vc_empty_space height=&#8220;64px&#8220;][vc_column_text el_class=&#8220;overline_headline&#8220;]<\/p>\n<h2>Das Team<\/h2>\n<p>[\/vc_column_text][\/vc_column][\/vc_row][vc_row][vc_column][vc_column_text]<ul class=\"team_box_shc\"><li><div class=\"team_box_shc_inner\"><div class=\"video_team\" id=\"video_9c1185a5c5e9fc54612808977ee8f548b2258d31\"><video id=\"9c1185a5c5e9fc54612808977ee8f548b2258d31\" class=\"video_team_element\" src=\"\" muted  autoplay playsinline  poster=\"https:\/\/www.notariat-schoeffmann.at\/wp-content\/uploads\/Jennifer-Schuetz.jpg\">Error<\/video><\/div><h2>Jennifer Sch\u00fctz<\/h2><h3><\/h3><div class=\"team_phone\"><a href=\"tel:+4346350950817\">+43 463 509 508 - 17<\/a><\/div><div class=\"team_email\"><a href=\"mailto:office@notariat-schoeffmann.at\">office@notariat-schoeffmann.at<\/a><\/div><\/div><\/li><li><div class=\"team_box_shc_inner\"><div class=\"video_team\" id=\"video_9c1185a5c5e9fc54612808977ee8f548b2258d31\"><video id=\"9c1185a5c5e9fc54612808977ee8f548b2258d31\" class=\"video_team_element\" src=\"\" muted  autoplay playsinline  poster=\"https:\/\/www.notariat-schoeffmann.at\/wp-content\/uploads\/Vanessa-Griesser.jpg\">Error<\/video><\/div><h2>Vanessa Griesser<\/h2><h3><\/h3><div class=\"team_phone\"><a href=\"tel:+4346350950818\">+43 463 509 508 - 18<\/a><\/div><div class=\"team_email\"><a href=\"mailto:office@notariat-schoeffmann.at\">office@notariat-schoeffmann.at<\/a><\/div><\/div><\/li><li><div class=\"team_box_shc_inner\"><div class=\"video_team\" id=\"video_9c1185a5c5e9fc54612808977ee8f548b2258d31\"><video id=\"9c1185a5c5e9fc54612808977ee8f548b2258d31\" class=\"video_team_element\" src=\"\" muted  autoplay playsinline  poster=\"https:\/\/www.notariat-schoeffmann.at\/wp-content\/uploads\/Florian-Knees.jpg\">Error<\/video><\/div><h2>Florian Knees<\/h2><h3><\/h3><div class=\"team_phone\"><a href=\"tel:+4346350950824\">+43 463 509 508 - 24<\/a><\/div><div class=\"team_email\"><a href=\"mailto:office@notariat-schoeffmann.at\">office@notariat-schoeffmann.at<\/a><\/div><\/div><\/li><li><div class=\"team_box_shc_inner\"><div class=\"video_team\" id=\"video_9c1185a5c5e9fc54612808977ee8f548b2258d31\"><video id=\"9c1185a5c5e9fc54612808977ee8f548b2258d31\" class=\"video_team_element\" src=\"\" muted  autoplay playsinline  poster=\"https:\/\/www.notariat-schoeffmann.at\/wp-content\/uploads\/Alexsandra-Simic.jpg\">Error<\/video><\/div><h2>Aleksandra Simic<\/h2><h3><\/h3><div class=\"team_phone\"><a href=\"tel:+4346350950814\">+43 463 509 508 - 14<\/a><\/div><div class=\"team_email\"><a href=\"mailto:office@notariat-schoeffmann.at\">office@notariat-schoeffmann.at<\/a><\/div><\/div><\/li><li><div class=\"team_box_shc_inner\"><div class=\"video_team\" id=\"video_9c1185a5c5e9fc54612808977ee8f548b2258d31\"><video id=\"9c1185a5c5e9fc54612808977ee8f548b2258d31\" class=\"video_team_element\" src=\"\" muted  autoplay playsinline  poster=\"https:\/\/www.notariat-schoeffmann.at\/wp-content\/uploads\/Lea-Kogoj-1.jpg\">Error<\/video><\/div><h2>Lea Kogoj<\/h2><h3><\/h3><div class=\"team_phone\"><a href=\"tel:+4346350950819\">+43 463 509 508 - 19<\/a><\/div><div class=\"team_email\"><a href=\"mailto:office@notariat-schoeffmann.at\">office@notariat-schoeffmann.at<\/a><\/div><\/div><\/li><li><div class=\"team_box_shc_inner\"><div class=\"video_team\" id=\"video_9c1185a5c5e9fc54612808977ee8f548b2258d31\"><video id=\"9c1185a5c5e9fc54612808977ee8f548b2258d31\" class=\"video_team_element\" src=\"\" muted  autoplay playsinline  poster=\"https:\/\/www.notariat-schoeffmann.at\/wp-content\/uploads\/Anita-Warmuth-1.jpg\">Error<\/video><\/div><h2>Anita Warmuth<\/h2><h3>Buchhaltung<\/h3><div class=\"team_phone\"><a href=\"tel:+4346350950821\">+43 463 509 508 - 21<\/a><\/div><div class=\"team_email\"><a href=\"mailto:office@notariat-schoeffmann.at\">office@notariat-schoeffmann.at<\/a><\/div><\/div><\/li><li><div class=\"team_box_shc_inner\"><div class=\"video_team\" id=\"video_9c1185a5c5e9fc54612808977ee8f548b2258d31\"><video id=\"9c1185a5c5e9fc54612808977ee8f548b2258d31\" class=\"video_team_element\" src=\"\" muted  autoplay playsinline  poster=\"https:\/\/www.notariat-schoeffmann.at\/wp-content\/uploads\/Frau-Schoeffmann.jpg\">Error<\/video><\/div><h2>Karin Sch\u00f6ffmann-Watzin<\/h2><h3><\/h3><div class=\"team_phone\"><a href=\"tel:+4346350950821\">+43 463 509 508<\/a><\/div><div class=\"team_email\"><a href=\"mailto:office@notariat-schoeffmann.at\">office@notariat-schoeffmann.at<\/a><\/div><\/div><\/li><li><div class=\"team_box_shc_inner\"><div class=\"video_team\" id=\"video_9c1185a5c5e9fc54612808977ee8f548b2258d31\"><video id=\"9c1185a5c5e9fc54612808977ee8f548b2258d31\" class=\"video_team_element\" src=\"\" muted  autoplay playsinline  poster=\"https:\/\/www.notariat-schoeffmann.at\/wp-content\/uploads\/Vanessa-Tripolt-scaled.jpg\">Error<\/video><\/div><h2>Vanessa Tripolt<\/h2><h3><\/h3><div class=\"team_phone\"><a href=\"tel:+4346350950821\">+43 463 509 508<\/a><\/div><div class=\"team_email\"><a href=\"mailto:office@notariat-schoeffmann.at\">office@notariat-schoeffmann.at<\/a><\/div><\/div><\/li><li><div class=\"team_box_shc_inner\"><div class=\"video_team\" id=\"video_9c1185a5c5e9fc54612808977ee8f548b2258d31\"><video id=\"9c1185a5c5e9fc54612808977ee8f548b2258d31\" class=\"video_team_element\" src=\"\" muted  autoplay playsinline  poster=\"https:\/\/www.notariat-schoeffmann.at\/wp-content\/uploads\/DWP_3291.jpg\">Error<\/video><\/div><h2>Petra Adam<\/h2><h3><\/h3><div class=\"team_phone\"><a href=\"tel:+4346350950821\">+43 463 509 508<\/a><\/div><div class=\"team_email\"><a href=\"mailto:office@notariat-schoeffmann.at\">office@notariat-schoeffmann.at<\/a><\/div><\/div><\/li><ul>[\/vc_column_text][vc_empty_space][\/vc_column][\/vc_row][vc_row gap=&#8220;35&#8243; el_class=&#8220;overlay_box&#8220;][vc_column width=&#8220;1\/2&#8243;]<div class=\"querverweis_wrapper blue_bg_box\"><h2>So finden Sie uns!<\/h2><h3>So gelangen Sie zum Notar Ihres Vertrauens!<\/h3><a href=\"https:\/\/www.notariat-schoeffmann.at\/notariat\/so-finden-sie-uns\/\" class=\"default-btn-shortcode dt-btn link-hover-off btn-inline-left btn-flat \" title=\"So finden Sie uns!\"><span>MEHR &gt;<\/span><\/a><\/div>[\/vc_column][vc_column width=&#8220;1\/2&#8243;]<div class=\"querverweis_wrapper blue_bg_box\"><h2>Unser Leitbild!<\/h2><h3>Lernen Sie uns kennen<\/h3><a href=\"https:\/\/www.notariat-schoeffmann.at\/notariat\/leitbild\/\" class=\"default-btn-shortcode dt-btn link-hover-off btn-inline-left btn-flat \" title=\"Unser Leitbild!\"><span>MEHR &gt;<\/span><\/a><\/div>[\/vc_column][\/vc_row][vc_row full_width=&#8220;stretch_row_content_no_spaces&#8220; full_height=&#8220;yes&#8220; css_animation=&#8220;fadeIn&#8220; bg_type=&#8220;video&#8220; video_url=&#8220;https:\/\/www.notariat-schoeffmann.at\/wp-content\/uploads\/2021\/11\/trenner-startseite.mp4&#8243; video_opts=&#8220;loop,muted&#8220; video_poster=&#8220;id^527|url^https:\/\/www.notariat-schoeffmann.at\/wp-content\/uploads\/2021\/08\/schoeffmann-trenner-2.jpg|caption^Notariat Scho\u0308ffmann 2018-04-02|alt^null|title^Notariat Scho\u0308ffmann 2018-04-02|description^null&#8220;][vc_column width=&#8220;1\/4&#8243;][\/vc_column][vc_column width=&#8220;1\/2&#8243;][vc_empty_space height=&#8220;80px&#8220;][vc_column_text el_class=&#8220;teiler_headline&#8220;]<\/p>\n<h2 style=\"text-align: center;\">Wir arbeiten f\u00fcr Sie!<br \/>\nLaufende Weiterbildung sichert die<br \/>\nQualit\u00e4t unserer Arbeit!<\/h2>\n<p>[\/vc_column_text][vc_empty_space height=&#8220;80px&#8220;][\/vc_column][vc_column width=&#8220;1\/4&#8243;][\/vc_column][\/vc_row]<\/p>\n<\/div>","protected":false},"excerpt":{"rendered":"<p>[vc_row el_id=&#8220;extra_team_headline_wrapper&#8220;][vc_column][vc_column_text css_animation=&#8220;fadeIn&#8220; el_class=&#8220;san_serif_headline&#8220; el_id=&#8220;extra_team_headline&#8220;] Gemeinsam L\u00f6sungen finden! [\/vc_column_text][vc_single_image image=&#8220;3526&#8243; img_size=&#8220;full&#8220; css=&#8220;&#8220;][vc_row_inner el_class=&#8220;extra_team_buttons&#8220;][vc_column_inner width=&#8220;1\/2&#8243;][\/vc_column_inner][vc_column_inner width=&#8220;1\/2&#8243;][\/vc_column_inner][\/vc_row_inner][\/vc_column][\/vc_row][vc_row bg_type=&#8220;image&#8220; parallax_style=&#8220;vcpb-default&#8220; bg_image_new=&#8220;id^750|url^https:\/\/www.notariat-schoeffmann.at\/wp-content\/uploads\/2021\/09\/adler-mobile-nav-3.png|caption^null|alt^null|title^adler-mobile-nav-3|description^null&#8220; bg_image_repeat=&#8220;no-repeat&#8220; bg_image_size=&#8220;contain&#8220; bg_image_posiiton=&#8220;center center&#8220;][vc_column width=&#8220;1\/4&#8243;][\/vc_column][vc_column width=&#8220;1\/2&#8243;][vc_column_text] Wir stehen f\u00fcr Freundlichkeit, Genauigkeit, Vertrauensw\u00fcrdigkeit und das individuelle Finden von L\u00f6sungen. Der respektvolle und wertsch\u00e4tzende Umgang miteinander und mit unseren Klienten ist uns wichtig. [\/vc_column_text][\/vc_column][vc_column width=&#8220;1\/4&#8243;][\/vc_column][\/vc_row][vc_row el_id=&#8220;scroll_juristen&#8220;][vc_column][vc_empty_space height=&#8220;64px&#8220;][vc_column_text el_class=&#8220;overline_headline&#8220;] Unsere&hellip;<\/p>\n","protected":false},"author":2,"featured_media":0,"parent":0,"menu_order":9,"comment_status":"closed","ping_status":"closed","template":"","meta":{"inline_featured_image":false,"footnotes":""},"categories":[1],"class_list":["post-29","page","type-page","status-publish","hentry","category-unkategorisiert","description-off"],"yoast_head":"<!-- This site is optimized with the Yoast SEO Premium plugin v26.7 (Yoast SEO v27.4) - https:\/\/yoast.com\/product\/yoast-seo-premium-wordpress\/ -->\n<title>Das Team der Notariatskanzlei stellt sich vor &#8211; Notariat Sch\u00f6ffmann<\/title>\n<meta name=\"description\" content=\"Notariat Mag. Klaus Sch\u00f6ffmann: Ihr Notar in Klagenfurt am W\u00f6rthersee. Individuelle Rechtsberatung f\u00fcr Unternehmen und Privatpersonen. Unsere erste Rechtsauskunft ist f\u00fcr Sie kostenfrei!\" \/>\n<meta name=\"robots\" content=\"index, follow, max-snippet:-1, max-image-preview:large, max-video-preview:-1\" \/>\n<link rel=\"canonical\" href=\"https:\/\/www.notariat-schoeffmann.at\/de\/unser-team\/\" \/>\n<meta property=\"og:locale\" content=\"de_DE\" \/>\n<meta property=\"og:type\" content=\"article\" \/>\n<meta property=\"og:title\" content=\"Unser Team - Notariat Sch\u00f6ffmann\" \/>\n<meta property=\"og:description\" content=\"Notariat Mag. Klaus Sch\u00f6ffmann: Ihr Notar in Klagenfurt am W\u00f6rthersee. Individuelle Rechtsberatung f\u00fcr Unternehmen und Privatpersonen. Unsere erste Rechtsauskunft ist f\u00fcr Sie kostenfrei!\" \/>\n<meta property=\"og:url\" content=\"https:\/\/www.notariat-schoeffmann.at\/de\/unser-team\/\" \/>\n<meta property=\"og:site_name\" content=\"Notariat Sch\u00f6ffmann\" \/>\n<meta property=\"article:publisher\" content=\"https:\/\/www.facebook.com\/NotarKlagenfurt\" \/>\n<meta property=\"article:modified_time\" content=\"2026-02-02T11:51:07+00:00\" \/>\n<meta property=\"og:image\" content=\"https:\/\/www.notariat-schoeffmann.at\/wp-content\/uploads\/2021\/11\/Juristen-1.jpg\" \/>\n\t<meta property=\"og:image:width\" content=\"1600\" \/>\n\t<meta property=\"og:image:height\" content=\"1067\" \/>\n\t<meta property=\"og:image:type\" content=\"image\/jpeg\" \/>\n<meta name=\"twitter:card\" content=\"summary_large_image\" \/>\n<script type=\"application\/ld+json\" class=\"yoast-schema-graph\">{\"@context\":\"https:\\\/\\\/schema.org\",\"@graph\":[{\"@type\":\"WebPage\",\"@id\":\"https:\\\/\\\/www.notariat-schoeffmann.at\\\/de\\\/unser-team\\\/\",\"url\":\"https:\\\/\\\/www.notariat-schoeffmann.at\\\/de\\\/unser-team\\\/\",\"name\":\"Das Team der Notariatskanzlei stellt sich vor &#8211; Notariat Sch\u00f6ffmann\",\"isPartOf\":{\"@id\":\"https:\\\/\\\/www.notariat-schoeffmann.at\\\/de\\\/#website\"},\"datePublished\":\"2021-08-05T18:53:35+00:00\",\"dateModified\":\"2026-02-02T11:51:07+00:00\",\"description\":\"Notariat Mag. Klaus Sch\u00f6ffmann: Ihr Notar in Klagenfurt am W\u00f6rthersee. Individuelle Rechtsberatung f\u00fcr Unternehmen und Privatpersonen. Unsere erste Rechtsauskunft ist f\u00fcr Sie kostenfrei!\",\"breadcrumb\":{\"@id\":\"https:\\\/\\\/www.notariat-schoeffmann.at\\\/de\\\/unser-team\\\/#breadcrumb\"},\"inLanguage\":\"de\",\"potentialAction\":[{\"@type\":\"ReadAction\",\"target\":[\"https:\\\/\\\/www.notariat-schoeffmann.at\\\/de\\\/unser-team\\\/\"]}]},{\"@type\":\"BreadcrumbList\",\"@id\":\"https:\\\/\\\/www.notariat-schoeffmann.at\\\/de\\\/unser-team\\\/#breadcrumb\",\"itemListElement\":[{\"@type\":\"ListItem\",\"position\":1,\"name\":\"Startseite\",\"item\":\"https:\\\/\\\/www.notariat-schoeffmann.at\\\/de\\\/\"},{\"@type\":\"ListItem\",\"position\":2,\"name\":\"Unser Team\"}]},{\"@type\":\"WebSite\",\"@id\":\"https:\\\/\\\/www.notariat-schoeffmann.at\\\/de\\\/#website\",\"url\":\"https:\\\/\\\/www.notariat-schoeffmann.at\\\/de\\\/\",\"name\":\"Notariat Sch\u00f6ffmann\",\"description\":\"Mag. Klaus Sch\u00f6ffmann - Ihr Notar in Klagenfurt\",\"publisher\":{\"@id\":\"https:\\\/\\\/www.notariat-schoeffmann.at\\\/de\\\/#organization\"},\"potentialAction\":[{\"@type\":\"SearchAction\",\"target\":{\"@type\":\"EntryPoint\",\"urlTemplate\":\"https:\\\/\\\/www.notariat-schoeffmann.at\\\/de\\\/?s={search_term_string}\"},\"query-input\":{\"@type\":\"PropertyValueSpecification\",\"valueRequired\":true,\"valueName\":\"search_term_string\"}}],\"inLanguage\":\"de\"},{\"@type\":\"Organization\",\"@id\":\"https:\\\/\\\/www.notariat-schoeffmann.at\\\/de\\\/#organization\",\"name\":\"Notariat Mag. Klaus Sch\u00f6ffmann Klagenfurt\",\"url\":\"https:\\\/\\\/www.notariat-schoeffmann.at\\\/de\\\/\",\"logo\":{\"@type\":\"ImageObject\",\"inLanguage\":\"de\",\"@id\":\"https:\\\/\\\/www.notariat-schoeffmann.at\\\/de\\\/#\\\/schema\\\/logo\\\/image\\\/\",\"url\":\"https:\\\/\\\/www.notariat-schoeffmann.at\\\/wp-content\\\/uploads\\\/2022\\\/02\\\/logo-notariat-schoeffmann.jpg\",\"contentUrl\":\"https:\\\/\\\/www.notariat-schoeffmann.at\\\/wp-content\\\/uploads\\\/2022\\\/02\\\/logo-notariat-schoeffmann.jpg\",\"width\":600,\"height\":600,\"caption\":\"Notariat Mag. Klaus Sch\u00f6ffmann Klagenfurt\"},\"image\":{\"@id\":\"https:\\\/\\\/www.notariat-schoeffmann.at\\\/de\\\/#\\\/schema\\\/logo\\\/image\\\/\"},\"sameAs\":[\"https:\\\/\\\/www.facebook.com\\\/NotarKlagenfurt\",\"https:\\\/\\\/www.youtube.com\\\/channel\\\/UCaITfbIQh6VIpzEonUsIhcg\"]}]}<\/script>\n<!-- \/ Yoast SEO Premium plugin. -->","yoast_head_json":{"title":"Das Team der Notariatskanzlei stellt sich vor &#8211; Notariat Sch\u00f6ffmann","description":"Notariat Mag. Klaus Sch\u00f6ffmann: Ihr Notar in Klagenfurt am W\u00f6rthersee. Individuelle Rechtsberatung f\u00fcr Unternehmen und Privatpersonen. Unsere erste Rechtsauskunft ist f\u00fcr Sie kostenfrei!","robots":{"index":"index","follow":"follow","max-snippet":"max-snippet:-1","max-image-preview":"max-image-preview:large","max-video-preview":"max-video-preview:-1"},"canonical":"https:\/\/www.notariat-schoeffmann.at\/de\/unser-team\/","og_locale":"de_DE","og_type":"article","og_title":"Unser Team - Notariat Sch\u00f6ffmann","og_description":"Notariat Mag. Klaus Sch\u00f6ffmann: Ihr Notar in Klagenfurt am W\u00f6rthersee. Individuelle Rechtsberatung f\u00fcr Unternehmen und Privatpersonen. Unsere erste Rechtsauskunft ist f\u00fcr Sie kostenfrei!","og_url":"https:\/\/www.notariat-schoeffmann.at\/de\/unser-team\/","og_site_name":"Notariat Sch\u00f6ffmann","article_publisher":"https:\/\/www.facebook.com\/NotarKlagenfurt","article_modified_time":"2026-02-02T11:51:07+00:00","og_image":[{"width":1600,"height":1067,"url":"https:\/\/www.notariat-schoeffmann.at\/wp-content\/uploads\/2021\/11\/Juristen-1.jpg","type":"image\/jpeg"}],"twitter_card":"summary_large_image","schema":{"@context":"https:\/\/schema.org","@graph":[{"@type":"WebPage","@id":"https:\/\/www.notariat-schoeffmann.at\/de\/unser-team\/","url":"https:\/\/www.notariat-schoeffmann.at\/de\/unser-team\/","name":"Das Team der Notariatskanzlei stellt sich vor &#8211; Notariat Sch\u00f6ffmann","isPartOf":{"@id":"https:\/\/www.notariat-schoeffmann.at\/de\/#website"},"datePublished":"2021-08-05T18:53:35+00:00","dateModified":"2026-02-02T11:51:07+00:00","description":"Notariat Mag. Klaus Sch\u00f6ffmann: Ihr Notar in Klagenfurt am W\u00f6rthersee. Individuelle Rechtsberatung f\u00fcr Unternehmen und Privatpersonen. Unsere erste Rechtsauskunft ist f\u00fcr Sie kostenfrei!","breadcrumb":{"@id":"https:\/\/www.notariat-schoeffmann.at\/de\/unser-team\/#breadcrumb"},"inLanguage":"de","potentialAction":[{"@type":"ReadAction","target":["https:\/\/www.notariat-schoeffmann.at\/de\/unser-team\/"]}]},{"@type":"BreadcrumbList","@id":"https:\/\/www.notariat-schoeffmann.at\/de\/unser-team\/#breadcrumb","itemListElement":[{"@type":"ListItem","position":1,"name":"Startseite","item":"https:\/\/www.notariat-schoeffmann.at\/de\/"},{"@type":"ListItem","position":2,"name":"Unser Team"}]},{"@type":"WebSite","@id":"https:\/\/www.notariat-schoeffmann.at\/de\/#website","url":"https:\/\/www.notariat-schoeffmann.at\/de\/","name":"Notariat Sch\u00f6ffmann","description":"Mag. Klaus Sch\u00f6ffmann - Ihr Notar in Klagenfurt","publisher":{"@id":"https:\/\/www.notariat-schoeffmann.at\/de\/#organization"},"potentialAction":[{"@type":"SearchAction","target":{"@type":"EntryPoint","urlTemplate":"https:\/\/www.notariat-schoeffmann.at\/de\/?s={search_term_string}"},"query-input":{"@type":"PropertyValueSpecification","valueRequired":true,"valueName":"search_term_string"}}],"inLanguage":"de"},{"@type":"Organization","@id":"https:\/\/www.notariat-schoeffmann.at\/de\/#organization","name":"Notariat Mag. Klaus Sch\u00f6ffmann Klagenfurt","url":"https:\/\/www.notariat-schoeffmann.at\/de\/","logo":{"@type":"ImageObject","inLanguage":"de","@id":"https:\/\/www.notariat-schoeffmann.at\/de\/#\/schema\/logo\/image\/","url":"https:\/\/www.notariat-schoeffmann.at\/wp-content\/uploads\/2022\/02\/logo-notariat-schoeffmann.jpg","contentUrl":"https:\/\/www.notariat-schoeffmann.at\/wp-content\/uploads\/2022\/02\/logo-notariat-schoeffmann.jpg","width":600,"height":600,"caption":"Notariat Mag. Klaus Sch\u00f6ffmann Klagenfurt"},"image":{"@id":"https:\/\/www.notariat-schoeffmann.at\/de\/#\/schema\/logo\/image\/"},"sameAs":["https:\/\/www.facebook.com\/NotarKlagenfurt","https:\/\/www.youtube.com\/channel\/UCaITfbIQh6VIpzEonUsIhcg"]}]}},"_links":{"self":[{"href":"https:\/\/www.notariat-schoeffmann.at\/de\/wp-json\/wp\/v2\/pages\/29","targetHints":{"allow":["GET"]}}],"collection":[{"href":"https:\/\/www.notariat-schoeffmann.at\/de\/wp-json\/wp\/v2\/pages"}],"about":[{"href":"https:\/\/www.notariat-schoeffmann.at\/de\/wp-json\/wp\/v2\/types\/page"}],"author":[{"embeddable":true,"href":"https:\/\/www.notariat-schoeffmann.at\/de\/wp-json\/wp\/v2\/users\/2"}],"replies":[{"embeddable":true,"href":"https:\/\/www.notariat-schoeffmann.at\/de\/wp-json\/wp\/v2\/comments?post=29"}],"version-history":[{"count":10,"href":"https:\/\/www.notariat-schoeffmann.at\/de\/wp-json\/wp\/v2\/pages\/29\/revisions"}],"predecessor-version":[{"id":3968,"href":"https:\/\/www.notariat-schoeffmann.at\/de\/wp-json\/wp\/v2\/pages\/29\/revisions\/3968"}],"wp:attachment":[{"href":"https:\/\/www.notariat-schoeffmann.at\/de\/wp-json\/wp\/v2\/media?parent=29"}],"wp:term":[{"taxonomy":"category","embeddable":true,"href":"https:\/\/www.notariat-schoeffmann.at\/de\/wp-json\/wp\/v2\/categories?post=29"}],"curies":[{"name":"wp","href":"https:\/\/api.w.org\/{rel}","templated":true}]}}