{"id":278,"date":"2021-08-09T10:41:51","date_gmt":"2021-08-09T08:41:51","guid":{"rendered":"https:\/\/www.notariat-schoeffmann.at\/?page_id=278"},"modified":"2022-03-06T13:56:06","modified_gmt":"2022-03-06T12:56:06","slug":"veraeusserungsrangordnung","status":"publish","type":"page","link":"https:\/\/www.notariat-schoeffmann.at\/de\/bauen-wohnen\/veraeusserungsrangordnung\/","title":{"rendered":"Ver\u00e4u\u00dferungsrangordnung"},"content":{"rendered":"\n<h2 class=\"wp-block-heading\">Sicherheit ist bei notariellen Vertr\u00e4gen selbstverst\u00e4ndlich!<\/h2>\n\n\n\n<p>Aus Anlass jedes Liegenschaftskaufes wird der Notar als Vertragserrichter den Verk\u00e4ufer auffordern, ein Gesuch um Ranganmerkung der beabsichtigten Ver\u00e4u\u00dferung zu unterfertigen.<\/p>\n\n\n\n<h3 class=\"wp-block-heading\">Wozu ist das notwendig?<\/h3>\n\n\n\n<p>In der Regel kann ein Kaufvertrag, nachdem er durch die Parteien unterfertigt wurde, nicht sofort beim Grundbuch zur Durchf\u00fchrung gebracht werden. Zum einen deshalb, weil Lastenfreistellungen erforderlich sind und die notwendigen Urkunden erst beigeschafft werden m\u00fcssen, zum anderen auch weil zun\u00e4chst die Grunderwerbsteuer eingezahlt werden mu\u00df oder beh\u00f6rdliche Genehmigungen (Grundverkehr, ev. Vormundschaftsgericht) eingeholt werden m\u00fcssen.<\/p>\n\n\n\n<p>Daraus ergibt sich eine Unsicherheitsphase bei der Ver\u00e4u\u00dferung: Der Ver\u00e4u\u00dferer kann einen zweiten Kaufvertrag unterfertigen und versuchen die Liegenschaft noch einmal zu verkaufen (Doppelverkauf). Es k\u00f6nnen gewollte oder ungewollte Pfandrechte eingetragen werden: so k\u00f6nnen Abgabenverbindlichkeiten des Verk\u00e4ufers mit einem durch das Finanzamt veranla\u00dften exekutiven Pfandrecht abgesichert werden. Ebenso k\u00f6nnen &#8211; sofern Rechtsstreitigkeiten anh\u00e4ngig sind &#8211; zum Beispiel richterliche Belastungs- und Ver\u00e4u\u00dferungsverbote angeordnet werden.<\/p>\n\n\n\n<p>Nicht zuletzt kann der Verk\u00e4ufer in (Privat-) Konkurs gehen und der Masseverwalter daraufhin vom Vertrag zur\u00fccktreten.<\/p>\n\n\n\n<p>Gegen all diese Unsicherheiten kann sich der K\u00e4ufer durch die Anmerkung der beabsichtigten Ver\u00e4usserung im Grundbuch sch\u00fctzen.<\/p>\n\n\n\n<p>Da in der Regel die Kosten der Errichtung und Durchf\u00fchrung des Kaufvertrages den K\u00e4ufer treffen, wird er auch die entstehenden Kosten zu tragen haben. Diese sind jedoch &#8211; ruft man sich die oben angef\u00fchrten Risiken in Erinnerung &#8211; jedenfalls gut investiert.<\/p>\n\n\n\n<p>Jeder sorgf\u00e4ltige Vertragserrichter wird Sie daher auf diese Gefahren aufmerksam machen und Ihnen zur Besicherung des Ver\u00e4u\u00dferungsgesch\u00e4ftes durch eine Ranganmerkung der beabsichtigten Ver\u00e4u\u00dferung dringend raten.<\/p>\n","protected":false},"excerpt":{"rendered":"<p>Sicherheit ist bei notariellen Vertr\u00e4gen selbstverst\u00e4ndlich! Aus Anlass jedes Liegenschaftskaufes wird der Notar als Vertragserrichter den Verk\u00e4ufer auffordern, ein Gesuch um Ranganmerkung der beabsichtigten Ver\u00e4u\u00dferung zu unterfertigen. Wozu ist das notwendig? In der Regel kann ein Kaufvertrag, nachdem er durch die Parteien unterfertigt wurde, nicht sofort beim Grundbuch zur Durchf\u00fchrung gebracht werden. Zum einen deshalb,&hellip;<\/p>\n","protected":false},"author":3,"featured_media":0,"parent":255,"menu_order":7,"comment_status":"closed","ping_status":"closed","template":"","meta":{"inline_featured_image":false,"footnotes":""},"categories":[],"class_list":["post-278","page","type-page","status-publish","hentry","description-off"],"yoast_head":"<!-- This site is optimized with the Yoast SEO Premium plugin v26.7 (Yoast SEO v27.3) - https:\/\/yoast.com\/product\/yoast-seo-premium-wordpress\/ -->\n<title>Ver\u00e4u\u00dferungsrangordnung &#8211; Notariat Sch\u00f6ffmann<\/title>\n<meta name=\"description\" content=\"Notariat Mag. Klaus Sch\u00f6ffmann: Ihr Notar in Klagenfurt am W\u00f6rthersee. Individuelle Rechtsberatung f\u00fcr Unternehmen und Privatpersonen. Unsere erste Rechtsauskunft ist f\u00fcr Sie kostenfrei!\" \/>\n<meta name=\"robots\" content=\"index, follow, max-snippet:-1, max-image-preview:large, max-video-preview:-1\" \/>\n<link rel=\"canonical\" href=\"https:\/\/www.notariat-schoeffmann.at\/de\/bauen-wohnen\/veraeusserungsrangordnung\/\" \/>\n<meta property=\"og:locale\" content=\"de_DE\" \/>\n<meta property=\"og:type\" content=\"article\" \/>\n<meta property=\"og:title\" content=\"Ver\u00e4u\u00dferungsrangordnung - Notariat Sch\u00f6ffmann\" \/>\n<meta property=\"og:description\" content=\"Notariat Mag. Klaus Sch\u00f6ffmann: Ihr Notar in Klagenfurt am W\u00f6rthersee. Individuelle Rechtsberatung f\u00fcr Unternehmen und Privatpersonen. Unsere erste Rechtsauskunft ist f\u00fcr Sie kostenfrei!\" \/>\n<meta property=\"og:url\" content=\"https:\/\/www.notariat-schoeffmann.at\/de\/bauen-wohnen\/veraeusserungsrangordnung\/\" \/>\n<meta property=\"og:site_name\" content=\"Notariat Sch\u00f6ffmann\" \/>\n<meta property=\"article:publisher\" content=\"https:\/\/www.facebook.com\/NotarKlagenfurt\" \/>\n<meta property=\"article:modified_time\" content=\"2022-03-06T12:56:06+00:00\" \/>\n<meta property=\"og:image\" content=\"https:\/\/www.notariat-schoeffmann.at\/wp-content\/uploads\/2021\/11\/Juristen-1.jpg\" \/>\n\t<meta property=\"og:image:width\" content=\"1600\" \/>\n\t<meta property=\"og:image:height\" content=\"1067\" \/>\n\t<meta property=\"og:image:type\" content=\"image\/jpeg\" \/>\n<meta name=\"twitter:card\" content=\"summary_large_image\" \/>\n<script type=\"application\/ld+json\" class=\"yoast-schema-graph\">{\"@context\":\"https:\\\/\\\/schema.org\",\"@graph\":[{\"@type\":\"WebPage\",\"@id\":\"https:\\\/\\\/www.notariat-schoeffmann.at\\\/de\\\/bauen-wohnen\\\/veraeusserungsrangordnung\\\/\",\"url\":\"https:\\\/\\\/www.notariat-schoeffmann.at\\\/de\\\/bauen-wohnen\\\/veraeusserungsrangordnung\\\/\",\"name\":\"Ver\u00e4u\u00dferungsrangordnung &#8211; Notariat Sch\u00f6ffmann\",\"isPartOf\":{\"@id\":\"https:\\\/\\\/www.notariat-schoeffmann.at\\\/de\\\/#website\"},\"datePublished\":\"2021-08-09T08:41:51+00:00\",\"dateModified\":\"2022-03-06T12:56:06+00:00\",\"description\":\"Notariat Mag. Klaus Sch\u00f6ffmann: Ihr Notar in Klagenfurt am W\u00f6rthersee. Individuelle Rechtsberatung f\u00fcr Unternehmen und Privatpersonen. Unsere erste Rechtsauskunft ist f\u00fcr Sie kostenfrei!\",\"breadcrumb\":{\"@id\":\"https:\\\/\\\/www.notariat-schoeffmann.at\\\/de\\\/bauen-wohnen\\\/veraeusserungsrangordnung\\\/#breadcrumb\"},\"inLanguage\":\"de\",\"potentialAction\":[{\"@type\":\"ReadAction\",\"target\":[\"https:\\\/\\\/www.notariat-schoeffmann.at\\\/de\\\/bauen-wohnen\\\/veraeusserungsrangordnung\\\/\"]}]},{\"@type\":\"BreadcrumbList\",\"@id\":\"https:\\\/\\\/www.notariat-schoeffmann.at\\\/de\\\/bauen-wohnen\\\/veraeusserungsrangordnung\\\/#breadcrumb\",\"itemListElement\":[{\"@type\":\"ListItem\",\"position\":1,\"name\":\"Startseite\",\"item\":\"https:\\\/\\\/www.notariat-schoeffmann.at\\\/de\\\/\"},{\"@type\":\"ListItem\",\"position\":2,\"name\":\"Bauen &#038; Wohnen\",\"item\":\"https:\\\/\\\/www.notariat-schoeffmann.at\\\/de\\\/bauen-wohnen\\\/\"},{\"@type\":\"ListItem\",\"position\":3,\"name\":\"Ver\u00e4u\u00dferungsrangordnung\"}]},{\"@type\":\"WebSite\",\"@id\":\"https:\\\/\\\/www.notariat-schoeffmann.at\\\/de\\\/#website\",\"url\":\"https:\\\/\\\/www.notariat-schoeffmann.at\\\/de\\\/\",\"name\":\"Notariat Sch\u00f6ffmann\",\"description\":\"Mag. Klaus Sch\u00f6ffmann - Ihr Notar in Klagenfurt\",\"publisher\":{\"@id\":\"https:\\\/\\\/www.notariat-schoeffmann.at\\\/de\\\/#organization\"},\"potentialAction\":[{\"@type\":\"SearchAction\",\"target\":{\"@type\":\"EntryPoint\",\"urlTemplate\":\"https:\\\/\\\/www.notariat-schoeffmann.at\\\/de\\\/?s={search_term_string}\"},\"query-input\":{\"@type\":\"PropertyValueSpecification\",\"valueRequired\":true,\"valueName\":\"search_term_string\"}}],\"inLanguage\":\"de\"},{\"@type\":\"Organization\",\"@id\":\"https:\\\/\\\/www.notariat-schoeffmann.at\\\/de\\\/#organization\",\"name\":\"Notariat Mag. Klaus Sch\u00f6ffmann Klagenfurt\",\"url\":\"https:\\\/\\\/www.notariat-schoeffmann.at\\\/de\\\/\",\"logo\":{\"@type\":\"ImageObject\",\"inLanguage\":\"de\",\"@id\":\"https:\\\/\\\/www.notariat-schoeffmann.at\\\/de\\\/#\\\/schema\\\/logo\\\/image\\\/\",\"url\":\"https:\\\/\\\/www.notariat-schoeffmann.at\\\/wp-content\\\/uploads\\\/2022\\\/02\\\/logo-notariat-schoeffmann.jpg\",\"contentUrl\":\"https:\\\/\\\/www.notariat-schoeffmann.at\\\/wp-content\\\/uploads\\\/2022\\\/02\\\/logo-notariat-schoeffmann.jpg\",\"width\":600,\"height\":600,\"caption\":\"Notariat Mag. Klaus Sch\u00f6ffmann Klagenfurt\"},\"image\":{\"@id\":\"https:\\\/\\\/www.notariat-schoeffmann.at\\\/de\\\/#\\\/schema\\\/logo\\\/image\\\/\"},\"sameAs\":[\"https:\\\/\\\/www.facebook.com\\\/NotarKlagenfurt\",\"https:\\\/\\\/www.youtube.com\\\/channel\\\/UCaITfbIQh6VIpzEonUsIhcg\"]}]}<\/script>\n<!-- \/ Yoast SEO Premium plugin. -->","yoast_head_json":{"title":"Ver\u00e4u\u00dferungsrangordnung &#8211; Notariat Sch\u00f6ffmann","description":"Notariat Mag. Klaus Sch\u00f6ffmann: Ihr Notar in Klagenfurt am W\u00f6rthersee. Individuelle Rechtsberatung f\u00fcr Unternehmen und Privatpersonen. Unsere erste Rechtsauskunft ist f\u00fcr Sie kostenfrei!","robots":{"index":"index","follow":"follow","max-snippet":"max-snippet:-1","max-image-preview":"max-image-preview:large","max-video-preview":"max-video-preview:-1"},"canonical":"https:\/\/www.notariat-schoeffmann.at\/de\/bauen-wohnen\/veraeusserungsrangordnung\/","og_locale":"de_DE","og_type":"article","og_title":"Ver\u00e4u\u00dferungsrangordnung - Notariat Sch\u00f6ffmann","og_description":"Notariat Mag. Klaus Sch\u00f6ffmann: Ihr Notar in Klagenfurt am W\u00f6rthersee. Individuelle Rechtsberatung f\u00fcr Unternehmen und Privatpersonen. Unsere erste Rechtsauskunft ist f\u00fcr Sie kostenfrei!","og_url":"https:\/\/www.notariat-schoeffmann.at\/de\/bauen-wohnen\/veraeusserungsrangordnung\/","og_site_name":"Notariat Sch\u00f6ffmann","article_publisher":"https:\/\/www.facebook.com\/NotarKlagenfurt","article_modified_time":"2022-03-06T12:56:06+00:00","og_image":[{"width":1600,"height":1067,"url":"https:\/\/www.notariat-schoeffmann.at\/wp-content\/uploads\/2021\/11\/Juristen-1.jpg","type":"image\/jpeg"}],"twitter_card":"summary_large_image","schema":{"@context":"https:\/\/schema.org","@graph":[{"@type":"WebPage","@id":"https:\/\/www.notariat-schoeffmann.at\/de\/bauen-wohnen\/veraeusserungsrangordnung\/","url":"https:\/\/www.notariat-schoeffmann.at\/de\/bauen-wohnen\/veraeusserungsrangordnung\/","name":"Ver\u00e4u\u00dferungsrangordnung &#8211; Notariat Sch\u00f6ffmann","isPartOf":{"@id":"https:\/\/www.notariat-schoeffmann.at\/de\/#website"},"datePublished":"2021-08-09T08:41:51+00:00","dateModified":"2022-03-06T12:56:06+00:00","description":"Notariat Mag. Klaus Sch\u00f6ffmann: Ihr Notar in Klagenfurt am W\u00f6rthersee. Individuelle Rechtsberatung f\u00fcr Unternehmen und Privatpersonen. Unsere erste Rechtsauskunft ist f\u00fcr Sie kostenfrei!","breadcrumb":{"@id":"https:\/\/www.notariat-schoeffmann.at\/de\/bauen-wohnen\/veraeusserungsrangordnung\/#breadcrumb"},"inLanguage":"de","potentialAction":[{"@type":"ReadAction","target":["https:\/\/www.notariat-schoeffmann.at\/de\/bauen-wohnen\/veraeusserungsrangordnung\/"]}]},{"@type":"BreadcrumbList","@id":"https:\/\/www.notariat-schoeffmann.at\/de\/bauen-wohnen\/veraeusserungsrangordnung\/#breadcrumb","itemListElement":[{"@type":"ListItem","position":1,"name":"Startseite","item":"https:\/\/www.notariat-schoeffmann.at\/de\/"},{"@type":"ListItem","position":2,"name":"Bauen &#038; Wohnen","item":"https:\/\/www.notariat-schoeffmann.at\/de\/bauen-wohnen\/"},{"@type":"ListItem","position":3,"name":"Ver\u00e4u\u00dferungsrangordnung"}]},{"@type":"WebSite","@id":"https:\/\/www.notariat-schoeffmann.at\/de\/#website","url":"https:\/\/www.notariat-schoeffmann.at\/de\/","name":"Notariat Sch\u00f6ffmann","description":"Mag. Klaus Sch\u00f6ffmann - Ihr Notar in Klagenfurt","publisher":{"@id":"https:\/\/www.notariat-schoeffmann.at\/de\/#organization"},"potentialAction":[{"@type":"SearchAction","target":{"@type":"EntryPoint","urlTemplate":"https:\/\/www.notariat-schoeffmann.at\/de\/?s={search_term_string}"},"query-input":{"@type":"PropertyValueSpecification","valueRequired":true,"valueName":"search_term_string"}}],"inLanguage":"de"},{"@type":"Organization","@id":"https:\/\/www.notariat-schoeffmann.at\/de\/#organization","name":"Notariat Mag. Klaus Sch\u00f6ffmann Klagenfurt","url":"https:\/\/www.notariat-schoeffmann.at\/de\/","logo":{"@type":"ImageObject","inLanguage":"de","@id":"https:\/\/www.notariat-schoeffmann.at\/de\/#\/schema\/logo\/image\/","url":"https:\/\/www.notariat-schoeffmann.at\/wp-content\/uploads\/2022\/02\/logo-notariat-schoeffmann.jpg","contentUrl":"https:\/\/www.notariat-schoeffmann.at\/wp-content\/uploads\/2022\/02\/logo-notariat-schoeffmann.jpg","width":600,"height":600,"caption":"Notariat Mag. Klaus Sch\u00f6ffmann Klagenfurt"},"image":{"@id":"https:\/\/www.notariat-schoeffmann.at\/de\/#\/schema\/logo\/image\/"},"sameAs":["https:\/\/www.facebook.com\/NotarKlagenfurt","https:\/\/www.youtube.com\/channel\/UCaITfbIQh6VIpzEonUsIhcg"]}]}},"_links":{"self":[{"href":"https:\/\/www.notariat-schoeffmann.at\/de\/wp-json\/wp\/v2\/pages\/278","targetHints":{"allow":["GET"]}}],"collection":[{"href":"https:\/\/www.notariat-schoeffmann.at\/de\/wp-json\/wp\/v2\/pages"}],"about":[{"href":"https:\/\/www.notariat-schoeffmann.at\/de\/wp-json\/wp\/v2\/types\/page"}],"author":[{"embeddable":true,"href":"https:\/\/www.notariat-schoeffmann.at\/de\/wp-json\/wp\/v2\/users\/3"}],"replies":[{"embeddable":true,"href":"https:\/\/www.notariat-schoeffmann.at\/de\/wp-json\/wp\/v2\/comments?post=278"}],"version-history":[{"count":3,"href":"https:\/\/www.notariat-schoeffmann.at\/de\/wp-json\/wp\/v2\/pages\/278\/revisions"}],"predecessor-version":[{"id":2483,"href":"https:\/\/www.notariat-schoeffmann.at\/de\/wp-json\/wp\/v2\/pages\/278\/revisions\/2483"}],"up":[{"embeddable":true,"href":"https:\/\/www.notariat-schoeffmann.at\/de\/wp-json\/wp\/v2\/pages\/255"}],"wp:attachment":[{"href":"https:\/\/www.notariat-schoeffmann.at\/de\/wp-json\/wp\/v2\/media?parent=278"}],"wp:term":[{"taxonomy":"category","embeddable":true,"href":"https:\/\/www.notariat-schoeffmann.at\/de\/wp-json\/wp\/v2\/categories?post=278"}],"curies":[{"name":"wp","href":"https:\/\/api.w.org\/{rel}","templated":true}]}}