{"id":257,"date":"2021-08-09T10:32:13","date_gmt":"2021-08-09T08:32:13","guid":{"rendered":"https:\/\/www.notariat-schoeffmann.at\/?page_id=257"},"modified":"2022-02-04T10:13:48","modified_gmt":"2022-02-04T09:13:48","slug":"ablauf-eines-immobilienkaufes","status":"publish","type":"page","link":"https:\/\/www.notariat-schoeffmann.at\/de\/bauen-wohnen\/ablauf-eines-immobilienkaufes\/","title":{"rendered":"Ablauf eines Immobilienkaufes"},"content":{"rendered":"<div class=\"standard typo3-neos-nodetypes-text\">\n<div>\n<p>Hat man die Wunschimmobilie gefunden, so gilt es, sich mit dem Verk\u00e4ufer \u00fcber den Kaufpreis zu einigen. Der Verk\u00e4ufer wird dabei ber\u00fccksichtigen, dass er wahrscheinlich einen Prozentsatz vom Verkaufserl\u00f6s an Immobilienertragsteuer abzuf\u00fchren haben wird. Der K\u00e4ufer hat sich sp\u00e4testens in diesem Stadium mit der Finanzierung auseinander zu setzen.\u00a0Zumindest 10 % des Kaufpreises sollten als\u00a0Kaufnebenkosten berechnet werden.<\/p>\n<p>Beim <strong>ersten Termin<\/strong> beim Notar m\u00fcssen nicht unbedingt beide Parteien anwesend sein. Er dient der Vorbesprechung, nach der der Notar die ersten Entw\u00fcrfe erstellt. Allerdings ist es sehr hilfreich, wenn beide Seiten beim Notar erscheinen. So k\u00f6nnen die W\u00fcnsche beider Seiten in den Entwurf einflie\u00dfen, wodurch verhindert wird, dass sp\u00e4ter zahlreiche \u00c4nderungen vorgenommen werden m\u00fcssen.<\/p>\n<p>Beim <strong>zweiten Termin<\/strong> kommt es zur Unterzeichnung der Vertr\u00e4ge. In der Regel wird der Notar auch als Treuh\u00e4nder fungieren. Das bedeutet, dass der Kaufpreis an den Notar bezahlt wird, der diesen erst an den Verk\u00e4ufer weiterleitet, wenn der K\u00e4ufer auch als neuer Eigent\u00fcmer im Grundbuch eingetragen ist. Auf der anderen Seite wird er den K\u00e4ufer aber nur dann im Grundbuch eintragen, wenn er vorher den Kaufpreis bezahlt hat. So sind K\u00e4ufer und Verk\u00e4ufer optimal gesch\u00fctzt!<\/p>\n<p><strong>Nun hat der Notar einiges zu tun:\u00a0<\/strong><\/p>\n<p>Als erstes erwirkt er die Anmerkung der Rangordnung.\u00a0Dies ist eine Sicherung f\u00fcr den K\u00e4ufer, dass der Verk\u00e4ufer nicht noch einmal an einen anderen verkaufen kann.<\/p>\n<p>Sind auf der Liegenschaft Pfandrechte eingetragen, so wird von den jeweiligen Banken eine Lastenfreistellung eingeholt. Daf\u00fcr muss sich der Notar meist verpflichten die ausst\u00e4ndigen Schulden aus dem Kaufpreis zu bezahlen<\/p>\n<p>Auch sonstige Lasten (zB Belastungs- und Ver\u00e4u\u00dferungsverbote, Wegerechte, Gebrauchsrechte) wird der K\u00e4ufer zumeist nicht \u00fcbernehmen wollen und m\u00fcssen hier entsprechende Erkl\u00e4rungen der Beg\u00fcnstigten eingeholt werden.<\/p>\n<p>Liegenschaftsk\u00e4ufe unterliegen der Grunderwerbsteuer f\u00fcr den K\u00e4ufer und der Immobilienertragssteuer f\u00fcr den Verk\u00e4ufer. Beides wird durch den Notar berechnet, eingehoben und abgef\u00fchrt.<\/p>\n<p>Liegen alle Bewilligungen vor und hat auch die Grundverkehrskommission ihre Einwilligung erteilt, dann steht der Verb\u00fccherung des Eigentums im Grundbuch nichts mehr im Wege!<\/p>\n<\/div>\n<\/div>\n","protected":false},"excerpt":{"rendered":"<p>Hat man die Wunschimmobilie gefunden, so gilt es, sich mit dem Verk\u00e4ufer \u00fcber den Kaufpreis zu einigen. Der Verk\u00e4ufer wird dabei ber\u00fccksichtigen, dass er wahrscheinlich einen Prozentsatz vom Verkaufserl\u00f6s an Immobilienertragsteuer abzuf\u00fchren haben wird. Der K\u00e4ufer hat sich sp\u00e4testens in diesem Stadium mit der Finanzierung auseinander zu setzen.\u00a0Zumindest 10 % des Kaufpreises sollten als\u00a0Kaufnebenkosten berechnet&hellip;<\/p>\n","protected":false},"author":3,"featured_media":0,"parent":255,"menu_order":0,"comment_status":"closed","ping_status":"closed","template":"","meta":{"inline_featured_image":false,"footnotes":""},"categories":[],"class_list":["post-257","page","type-page","status-publish","hentry","description-off"],"yoast_head":"<!-- This site is optimized with the Yoast SEO Premium plugin v26.7 (Yoast SEO v27.3) - https:\/\/yoast.com\/product\/yoast-seo-premium-wordpress\/ -->\n<title>Ablauf eines Immobilienkaufes &#8211; Notariat Sch\u00f6ffmann<\/title>\n<meta name=\"description\" content=\"Notariat Mag. Klaus Sch\u00f6ffmann: Ihr Notar in Klagenfurt am W\u00f6rthersee. Individuelle Rechtsberatung f\u00fcr Unternehmen und Privatpersonen. Unsere erste Rechtsauskunft ist f\u00fcr Sie kostenfrei!\" \/>\n<meta name=\"robots\" content=\"index, follow, max-snippet:-1, max-image-preview:large, max-video-preview:-1\" \/>\n<link rel=\"canonical\" href=\"https:\/\/www.notariat-schoeffmann.at\/de\/bauen-wohnen\/ablauf-eines-immobilienkaufes\/\" \/>\n<meta property=\"og:locale\" content=\"de_DE\" \/>\n<meta property=\"og:type\" content=\"article\" \/>\n<meta property=\"og:title\" content=\"Ablauf eines Immobilienkaufes - Notariat Sch\u00f6ffmann\" \/>\n<meta property=\"og:description\" content=\"Notariat Mag. Klaus Sch\u00f6ffmann: Ihr Notar in Klagenfurt am W\u00f6rthersee. Individuelle Rechtsberatung f\u00fcr Unternehmen und Privatpersonen. Unsere erste Rechtsauskunft ist f\u00fcr Sie kostenfrei!\" \/>\n<meta property=\"og:url\" content=\"https:\/\/www.notariat-schoeffmann.at\/de\/bauen-wohnen\/ablauf-eines-immobilienkaufes\/\" \/>\n<meta property=\"og:site_name\" content=\"Notariat Sch\u00f6ffmann\" \/>\n<meta property=\"article:publisher\" content=\"https:\/\/www.facebook.com\/NotarKlagenfurt\" \/>\n<meta property=\"article:modified_time\" content=\"2022-02-04T09:13:48+00:00\" \/>\n<meta property=\"og:image\" content=\"https:\/\/www.notariat-schoeffmann.at\/wp-content\/uploads\/2021\/11\/Juristen-1.jpg\" \/>\n\t<meta property=\"og:image:width\" content=\"1600\" \/>\n\t<meta property=\"og:image:height\" content=\"1067\" \/>\n\t<meta property=\"og:image:type\" content=\"image\/jpeg\" \/>\n<meta name=\"twitter:card\" content=\"summary_large_image\" \/>\n<script type=\"application\/ld+json\" class=\"yoast-schema-graph\">{\"@context\":\"https:\\\/\\\/schema.org\",\"@graph\":[{\"@type\":\"WebPage\",\"@id\":\"https:\\\/\\\/www.notariat-schoeffmann.at\\\/de\\\/bauen-wohnen\\\/ablauf-eines-immobilienkaufes\\\/\",\"url\":\"https:\\\/\\\/www.notariat-schoeffmann.at\\\/de\\\/bauen-wohnen\\\/ablauf-eines-immobilienkaufes\\\/\",\"name\":\"Ablauf eines Immobilienkaufes &#8211; Notariat Sch\u00f6ffmann\",\"isPartOf\":{\"@id\":\"https:\\\/\\\/www.notariat-schoeffmann.at\\\/de\\\/#website\"},\"datePublished\":\"2021-08-09T08:32:13+00:00\",\"dateModified\":\"2022-02-04T09:13:48+00:00\",\"description\":\"Notariat Mag. Klaus Sch\u00f6ffmann: Ihr Notar in Klagenfurt am W\u00f6rthersee. Individuelle Rechtsberatung f\u00fcr Unternehmen und Privatpersonen. Unsere erste Rechtsauskunft ist f\u00fcr Sie kostenfrei!\",\"breadcrumb\":{\"@id\":\"https:\\\/\\\/www.notariat-schoeffmann.at\\\/de\\\/bauen-wohnen\\\/ablauf-eines-immobilienkaufes\\\/#breadcrumb\"},\"inLanguage\":\"de\",\"potentialAction\":[{\"@type\":\"ReadAction\",\"target\":[\"https:\\\/\\\/www.notariat-schoeffmann.at\\\/de\\\/bauen-wohnen\\\/ablauf-eines-immobilienkaufes\\\/\"]}]},{\"@type\":\"BreadcrumbList\",\"@id\":\"https:\\\/\\\/www.notariat-schoeffmann.at\\\/de\\\/bauen-wohnen\\\/ablauf-eines-immobilienkaufes\\\/#breadcrumb\",\"itemListElement\":[{\"@type\":\"ListItem\",\"position\":1,\"name\":\"Startseite\",\"item\":\"https:\\\/\\\/www.notariat-schoeffmann.at\\\/de\\\/\"},{\"@type\":\"ListItem\",\"position\":2,\"name\":\"Bauen &#038; Wohnen\",\"item\":\"https:\\\/\\\/www.notariat-schoeffmann.at\\\/de\\\/bauen-wohnen\\\/\"},{\"@type\":\"ListItem\",\"position\":3,\"name\":\"Ablauf eines Immobilienkaufes\"}]},{\"@type\":\"WebSite\",\"@id\":\"https:\\\/\\\/www.notariat-schoeffmann.at\\\/de\\\/#website\",\"url\":\"https:\\\/\\\/www.notariat-schoeffmann.at\\\/de\\\/\",\"name\":\"Notariat Sch\u00f6ffmann\",\"description\":\"Mag. Klaus Sch\u00f6ffmann - Ihr Notar in Klagenfurt\",\"publisher\":{\"@id\":\"https:\\\/\\\/www.notariat-schoeffmann.at\\\/de\\\/#organization\"},\"potentialAction\":[{\"@type\":\"SearchAction\",\"target\":{\"@type\":\"EntryPoint\",\"urlTemplate\":\"https:\\\/\\\/www.notariat-schoeffmann.at\\\/de\\\/?s={search_term_string}\"},\"query-input\":{\"@type\":\"PropertyValueSpecification\",\"valueRequired\":true,\"valueName\":\"search_term_string\"}}],\"inLanguage\":\"de\"},{\"@type\":\"Organization\",\"@id\":\"https:\\\/\\\/www.notariat-schoeffmann.at\\\/de\\\/#organization\",\"name\":\"Notariat Mag. Klaus Sch\u00f6ffmann Klagenfurt\",\"url\":\"https:\\\/\\\/www.notariat-schoeffmann.at\\\/de\\\/\",\"logo\":{\"@type\":\"ImageObject\",\"inLanguage\":\"de\",\"@id\":\"https:\\\/\\\/www.notariat-schoeffmann.at\\\/de\\\/#\\\/schema\\\/logo\\\/image\\\/\",\"url\":\"https:\\\/\\\/www.notariat-schoeffmann.at\\\/wp-content\\\/uploads\\\/2022\\\/02\\\/logo-notariat-schoeffmann.jpg\",\"contentUrl\":\"https:\\\/\\\/www.notariat-schoeffmann.at\\\/wp-content\\\/uploads\\\/2022\\\/02\\\/logo-notariat-schoeffmann.jpg\",\"width\":600,\"height\":600,\"caption\":\"Notariat Mag. Klaus Sch\u00f6ffmann Klagenfurt\"},\"image\":{\"@id\":\"https:\\\/\\\/www.notariat-schoeffmann.at\\\/de\\\/#\\\/schema\\\/logo\\\/image\\\/\"},\"sameAs\":[\"https:\\\/\\\/www.facebook.com\\\/NotarKlagenfurt\",\"https:\\\/\\\/www.youtube.com\\\/channel\\\/UCaITfbIQh6VIpzEonUsIhcg\"]}]}<\/script>\n<!-- \/ Yoast SEO Premium plugin. -->","yoast_head_json":{"title":"Ablauf eines Immobilienkaufes &#8211; Notariat Sch\u00f6ffmann","description":"Notariat Mag. Klaus Sch\u00f6ffmann: Ihr Notar in Klagenfurt am W\u00f6rthersee. Individuelle Rechtsberatung f\u00fcr Unternehmen und Privatpersonen. Unsere erste Rechtsauskunft ist f\u00fcr Sie kostenfrei!","robots":{"index":"index","follow":"follow","max-snippet":"max-snippet:-1","max-image-preview":"max-image-preview:large","max-video-preview":"max-video-preview:-1"},"canonical":"https:\/\/www.notariat-schoeffmann.at\/de\/bauen-wohnen\/ablauf-eines-immobilienkaufes\/","og_locale":"de_DE","og_type":"article","og_title":"Ablauf eines Immobilienkaufes - Notariat Sch\u00f6ffmann","og_description":"Notariat Mag. Klaus Sch\u00f6ffmann: Ihr Notar in Klagenfurt am W\u00f6rthersee. Individuelle Rechtsberatung f\u00fcr Unternehmen und Privatpersonen. Unsere erste Rechtsauskunft ist f\u00fcr Sie kostenfrei!","og_url":"https:\/\/www.notariat-schoeffmann.at\/de\/bauen-wohnen\/ablauf-eines-immobilienkaufes\/","og_site_name":"Notariat Sch\u00f6ffmann","article_publisher":"https:\/\/www.facebook.com\/NotarKlagenfurt","article_modified_time":"2022-02-04T09:13:48+00:00","og_image":[{"width":1600,"height":1067,"url":"https:\/\/www.notariat-schoeffmann.at\/wp-content\/uploads\/2021\/11\/Juristen-1.jpg","type":"image\/jpeg"}],"twitter_card":"summary_large_image","schema":{"@context":"https:\/\/schema.org","@graph":[{"@type":"WebPage","@id":"https:\/\/www.notariat-schoeffmann.at\/de\/bauen-wohnen\/ablauf-eines-immobilienkaufes\/","url":"https:\/\/www.notariat-schoeffmann.at\/de\/bauen-wohnen\/ablauf-eines-immobilienkaufes\/","name":"Ablauf eines Immobilienkaufes &#8211; Notariat Sch\u00f6ffmann","isPartOf":{"@id":"https:\/\/www.notariat-schoeffmann.at\/de\/#website"},"datePublished":"2021-08-09T08:32:13+00:00","dateModified":"2022-02-04T09:13:48+00:00","description":"Notariat Mag. Klaus Sch\u00f6ffmann: Ihr Notar in Klagenfurt am W\u00f6rthersee. Individuelle Rechtsberatung f\u00fcr Unternehmen und Privatpersonen. Unsere erste Rechtsauskunft ist f\u00fcr Sie kostenfrei!","breadcrumb":{"@id":"https:\/\/www.notariat-schoeffmann.at\/de\/bauen-wohnen\/ablauf-eines-immobilienkaufes\/#breadcrumb"},"inLanguage":"de","potentialAction":[{"@type":"ReadAction","target":["https:\/\/www.notariat-schoeffmann.at\/de\/bauen-wohnen\/ablauf-eines-immobilienkaufes\/"]}]},{"@type":"BreadcrumbList","@id":"https:\/\/www.notariat-schoeffmann.at\/de\/bauen-wohnen\/ablauf-eines-immobilienkaufes\/#breadcrumb","itemListElement":[{"@type":"ListItem","position":1,"name":"Startseite","item":"https:\/\/www.notariat-schoeffmann.at\/de\/"},{"@type":"ListItem","position":2,"name":"Bauen &#038; Wohnen","item":"https:\/\/www.notariat-schoeffmann.at\/de\/bauen-wohnen\/"},{"@type":"ListItem","position":3,"name":"Ablauf eines Immobilienkaufes"}]},{"@type":"WebSite","@id":"https:\/\/www.notariat-schoeffmann.at\/de\/#website","url":"https:\/\/www.notariat-schoeffmann.at\/de\/","name":"Notariat Sch\u00f6ffmann","description":"Mag. Klaus Sch\u00f6ffmann - Ihr Notar in Klagenfurt","publisher":{"@id":"https:\/\/www.notariat-schoeffmann.at\/de\/#organization"},"potentialAction":[{"@type":"SearchAction","target":{"@type":"EntryPoint","urlTemplate":"https:\/\/www.notariat-schoeffmann.at\/de\/?s={search_term_string}"},"query-input":{"@type":"PropertyValueSpecification","valueRequired":true,"valueName":"search_term_string"}}],"inLanguage":"de"},{"@type":"Organization","@id":"https:\/\/www.notariat-schoeffmann.at\/de\/#organization","name":"Notariat Mag. Klaus Sch\u00f6ffmann Klagenfurt","url":"https:\/\/www.notariat-schoeffmann.at\/de\/","logo":{"@type":"ImageObject","inLanguage":"de","@id":"https:\/\/www.notariat-schoeffmann.at\/de\/#\/schema\/logo\/image\/","url":"https:\/\/www.notariat-schoeffmann.at\/wp-content\/uploads\/2022\/02\/logo-notariat-schoeffmann.jpg","contentUrl":"https:\/\/www.notariat-schoeffmann.at\/wp-content\/uploads\/2022\/02\/logo-notariat-schoeffmann.jpg","width":600,"height":600,"caption":"Notariat Mag. Klaus Sch\u00f6ffmann Klagenfurt"},"image":{"@id":"https:\/\/www.notariat-schoeffmann.at\/de\/#\/schema\/logo\/image\/"},"sameAs":["https:\/\/www.facebook.com\/NotarKlagenfurt","https:\/\/www.youtube.com\/channel\/UCaITfbIQh6VIpzEonUsIhcg"]}]}},"_links":{"self":[{"href":"https:\/\/www.notariat-schoeffmann.at\/de\/wp-json\/wp\/v2\/pages\/257","targetHints":{"allow":["GET"]}}],"collection":[{"href":"https:\/\/www.notariat-schoeffmann.at\/de\/wp-json\/wp\/v2\/pages"}],"about":[{"href":"https:\/\/www.notariat-schoeffmann.at\/de\/wp-json\/wp\/v2\/types\/page"}],"author":[{"embeddable":true,"href":"https:\/\/www.notariat-schoeffmann.at\/de\/wp-json\/wp\/v2\/users\/3"}],"replies":[{"embeddable":true,"href":"https:\/\/www.notariat-schoeffmann.at\/de\/wp-json\/wp\/v2\/comments?post=257"}],"version-history":[{"count":4,"href":"https:\/\/www.notariat-schoeffmann.at\/de\/wp-json\/wp\/v2\/pages\/257\/revisions"}],"predecessor-version":[{"id":1571,"href":"https:\/\/www.notariat-schoeffmann.at\/de\/wp-json\/wp\/v2\/pages\/257\/revisions\/1571"}],"up":[{"embeddable":true,"href":"https:\/\/www.notariat-schoeffmann.at\/de\/wp-json\/wp\/v2\/pages\/255"}],"wp:attachment":[{"href":"https:\/\/www.notariat-schoeffmann.at\/de\/wp-json\/wp\/v2\/media?parent=257"}],"wp:term":[{"taxonomy":"category","embeddable":true,"href":"https:\/\/www.notariat-schoeffmann.at\/de\/wp-json\/wp\/v2\/categories?post=257"}],"curies":[{"name":"wp","href":"https:\/\/api.w.org\/{rel}","templated":true}]}}