{"id":249,"date":"2021-08-09T10:27:24","date_gmt":"2021-08-09T08:27:24","guid":{"rendered":"https:\/\/www.notariat-schoeffmann.at\/?page_id=249"},"modified":"2022-03-05T17:21:31","modified_gmt":"2022-03-05T16:21:31","slug":"spaltung","status":"publish","type":"page","link":"https:\/\/www.notariat-schoeffmann.at\/de\/unternehmen\/umgruendungen\/spaltung\/","title":{"rendered":"Spaltung"},"content":{"rendered":"\n<p>Die Spaltung ist die\u00a0<a href=\"https:\/\/www.notariat-schoeffmann.at\/unternehmen\/umgruendungen\/realteilung\/\">Realteilung<\/a>\u00a0der Kapitalgesellschaft, es handelt sich um die Teilung des Verm\u00f6gens einer K\u00f6rperschaft. Auch hier kennen wir &#8211; analog zur Realteilung &#8211;\u00a0<b>Abspaltung<\/b>\u00a0und\u00a0<b>Aufspaltung<\/b>.<\/p>\n\n\n\n<p>Bei der&nbsp;<b>Abspaltung<\/b>&nbsp;wird Verm\u00f6gen unter Weiterbestand der zu spaltenden K\u00f6rperschaft auf eine oder mehrere K\u00f6rperschaften \u00fcbertragen, bei der&nbsp;<b>Aufspaltung<\/b>&nbsp;wird das gesamte Verm\u00f6gen \u00fcbertragen (&#8222;Aufspaltung&#8220;, &#8222;Liquidationsspaltung&#8220;).<\/p>\n\n\n\n<p>Unterschieden wird auch zwischen Steuerspaltung und Handelsspaltung.<\/p>\n\n\n\n<ul class=\"wp-block-list\"><li>Bei der&nbsp;<b>Steuerspaltung<\/b>&nbsp;handelt es sich um Auf- und Abspaltungen aufgrund des UmgrStG<\/li><li>Bei der&nbsp;<b>Handelsspaltung<\/b>&nbsp;wird Verm\u00f6gen aufgrund eines Spaltungsvertrages auf Basis des Spaltungsgesetzes auf die neuen Gesellschaften \u00fcbertragen.<\/li><\/ul>\n\n\n\n<p>Die handels- und zivilrechtlichen Fragen sind im Spaltungsgesetz geregelt.<\/p>\n","protected":false},"excerpt":{"rendered":"<p>Die Spaltung ist die\u00a0Realteilung\u00a0der Kapitalgesellschaft, es handelt sich um die Teilung des Verm\u00f6gens einer K\u00f6rperschaft. Auch hier kennen wir &#8211; analog zur Realteilung &#8211;\u00a0Abspaltung\u00a0und\u00a0Aufspaltung. Bei der&nbsp;Abspaltung&nbsp;wird Verm\u00f6gen unter Weiterbestand der zu spaltenden K\u00f6rperschaft auf eine oder mehrere K\u00f6rperschaften \u00fcbertragen, bei der&nbsp;Aufspaltung&nbsp;wird das gesamte Verm\u00f6gen \u00fcbertragen (&#8222;Aufspaltung&#8220;, &#8222;Liquidationsspaltung&#8220;). Unterschieden wird auch zwischen Steuerspaltung und Handelsspaltung. Bei&hellip;<\/p>\n","protected":false},"author":3,"featured_media":0,"parent":236,"menu_order":5,"comment_status":"closed","ping_status":"closed","template":"","meta":{"inline_featured_image":false,"footnotes":""},"categories":[],"class_list":["post-249","page","type-page","status-publish","hentry","description-off"],"yoast_head":"<!-- This site is optimized with the Yoast SEO Premium plugin v26.7 (Yoast SEO v27.4) - https:\/\/yoast.com\/product\/yoast-seo-premium-wordpress\/ -->\n<title>Spaltung &#8211; Notariat Sch\u00f6ffmann<\/title>\n<meta name=\"description\" content=\"Die Spaltung ist die Realteilung der Kapitalgesellschaft. Es wird das Verm\u00f6gen einer K\u00f6rperschaft geteilt und auf Nachfolgenunternehmen \u00fcbertragen.\" \/>\n<meta name=\"robots\" content=\"index, follow, max-snippet:-1, max-image-preview:large, max-video-preview:-1\" \/>\n<link rel=\"canonical\" href=\"https:\/\/www.notariat-schoeffmann.at\/de\/unternehmen\/umgruendungen\/spaltung\/\" \/>\n<meta property=\"og:locale\" content=\"de_DE\" \/>\n<meta property=\"og:type\" content=\"article\" \/>\n<meta property=\"og:title\" content=\"Spaltung - Notariat Sch\u00f6ffmann\" \/>\n<meta property=\"og:description\" content=\"Die Spaltung ist die Realteilung der Kapitalgesellschaft. Es wird das Verm\u00f6gen einer K\u00f6rperschaft geteilt und auf Nachfolgenunternehmen \u00fcbertragen.\" \/>\n<meta property=\"og:url\" content=\"https:\/\/www.notariat-schoeffmann.at\/de\/unternehmen\/umgruendungen\/spaltung\/\" \/>\n<meta property=\"og:site_name\" content=\"Notariat Sch\u00f6ffmann\" \/>\n<meta property=\"article:publisher\" content=\"https:\/\/www.facebook.com\/NotarKlagenfurt\" \/>\n<meta property=\"article:modified_time\" content=\"2022-03-05T16:21:31+00:00\" \/>\n<meta property=\"og:image\" content=\"https:\/\/www.notariat-schoeffmann.at\/wp-content\/uploads\/2021\/11\/Juristen-1.jpg\" \/>\n\t<meta property=\"og:image:width\" content=\"1600\" \/>\n\t<meta property=\"og:image:height\" content=\"1067\" \/>\n\t<meta property=\"og:image:type\" content=\"image\/jpeg\" \/>\n<meta name=\"twitter:card\" content=\"summary_large_image\" \/>\n<script type=\"application\/ld+json\" class=\"yoast-schema-graph\">{\"@context\":\"https:\\\/\\\/schema.org\",\"@graph\":[{\"@type\":\"WebPage\",\"@id\":\"https:\\\/\\\/www.notariat-schoeffmann.at\\\/de\\\/unternehmen\\\/umgruendungen\\\/spaltung\\\/\",\"url\":\"https:\\\/\\\/www.notariat-schoeffmann.at\\\/de\\\/unternehmen\\\/umgruendungen\\\/spaltung\\\/\",\"name\":\"Spaltung &#8211; Notariat Sch\u00f6ffmann\",\"isPartOf\":{\"@id\":\"https:\\\/\\\/www.notariat-schoeffmann.at\\\/de\\\/#website\"},\"datePublished\":\"2021-08-09T08:27:24+00:00\",\"dateModified\":\"2022-03-05T16:21:31+00:00\",\"description\":\"Die Spaltung ist die Realteilung der Kapitalgesellschaft. Es wird das Verm\u00f6gen einer K\u00f6rperschaft geteilt und auf Nachfolgenunternehmen \u00fcbertragen.\",\"breadcrumb\":{\"@id\":\"https:\\\/\\\/www.notariat-schoeffmann.at\\\/de\\\/unternehmen\\\/umgruendungen\\\/spaltung\\\/#breadcrumb\"},\"inLanguage\":\"de\",\"potentialAction\":[{\"@type\":\"ReadAction\",\"target\":[\"https:\\\/\\\/www.notariat-schoeffmann.at\\\/de\\\/unternehmen\\\/umgruendungen\\\/spaltung\\\/\"]}]},{\"@type\":\"BreadcrumbList\",\"@id\":\"https:\\\/\\\/www.notariat-schoeffmann.at\\\/de\\\/unternehmen\\\/umgruendungen\\\/spaltung\\\/#breadcrumb\",\"itemListElement\":[{\"@type\":\"ListItem\",\"position\":1,\"name\":\"Startseite\",\"item\":\"https:\\\/\\\/www.notariat-schoeffmann.at\\\/de\\\/\"},{\"@type\":\"ListItem\",\"position\":2,\"name\":\"Unternehmen\",\"item\":\"https:\\\/\\\/www.notariat-schoeffmann.at\\\/de\\\/unternehmen\\\/\"},{\"@type\":\"ListItem\",\"position\":3,\"name\":\"Umgr\u00fcndungen\",\"item\":\"https:\\\/\\\/www.notariat-schoeffmann.at\\\/de\\\/unternehmen\\\/umgruendungen\\\/\"},{\"@type\":\"ListItem\",\"position\":4,\"name\":\"Spaltung\"}]},{\"@type\":\"WebSite\",\"@id\":\"https:\\\/\\\/www.notariat-schoeffmann.at\\\/de\\\/#website\",\"url\":\"https:\\\/\\\/www.notariat-schoeffmann.at\\\/de\\\/\",\"name\":\"Notariat Sch\u00f6ffmann\",\"description\":\"Mag. Klaus Sch\u00f6ffmann - Ihr Notar in Klagenfurt\",\"publisher\":{\"@id\":\"https:\\\/\\\/www.notariat-schoeffmann.at\\\/de\\\/#organization\"},\"potentialAction\":[{\"@type\":\"SearchAction\",\"target\":{\"@type\":\"EntryPoint\",\"urlTemplate\":\"https:\\\/\\\/www.notariat-schoeffmann.at\\\/de\\\/?s={search_term_string}\"},\"query-input\":{\"@type\":\"PropertyValueSpecification\",\"valueRequired\":true,\"valueName\":\"search_term_string\"}}],\"inLanguage\":\"de\"},{\"@type\":\"Organization\",\"@id\":\"https:\\\/\\\/www.notariat-schoeffmann.at\\\/de\\\/#organization\",\"name\":\"Notariat Mag. Klaus Sch\u00f6ffmann Klagenfurt\",\"url\":\"https:\\\/\\\/www.notariat-schoeffmann.at\\\/de\\\/\",\"logo\":{\"@type\":\"ImageObject\",\"inLanguage\":\"de\",\"@id\":\"https:\\\/\\\/www.notariat-schoeffmann.at\\\/de\\\/#\\\/schema\\\/logo\\\/image\\\/\",\"url\":\"https:\\\/\\\/www.notariat-schoeffmann.at\\\/wp-content\\\/uploads\\\/2022\\\/02\\\/logo-notariat-schoeffmann.jpg\",\"contentUrl\":\"https:\\\/\\\/www.notariat-schoeffmann.at\\\/wp-content\\\/uploads\\\/2022\\\/02\\\/logo-notariat-schoeffmann.jpg\",\"width\":600,\"height\":600,\"caption\":\"Notariat Mag. Klaus Sch\u00f6ffmann Klagenfurt\"},\"image\":{\"@id\":\"https:\\\/\\\/www.notariat-schoeffmann.at\\\/de\\\/#\\\/schema\\\/logo\\\/image\\\/\"},\"sameAs\":[\"https:\\\/\\\/www.facebook.com\\\/NotarKlagenfurt\",\"https:\\\/\\\/www.youtube.com\\\/channel\\\/UCaITfbIQh6VIpzEonUsIhcg\"]}]}<\/script>\n<!-- \/ Yoast SEO Premium plugin. -->","yoast_head_json":{"title":"Spaltung &#8211; Notariat Sch\u00f6ffmann","description":"Die Spaltung ist die Realteilung der Kapitalgesellschaft. Es wird das Verm\u00f6gen einer K\u00f6rperschaft geteilt und auf Nachfolgenunternehmen \u00fcbertragen.","robots":{"index":"index","follow":"follow","max-snippet":"max-snippet:-1","max-image-preview":"max-image-preview:large","max-video-preview":"max-video-preview:-1"},"canonical":"https:\/\/www.notariat-schoeffmann.at\/de\/unternehmen\/umgruendungen\/spaltung\/","og_locale":"de_DE","og_type":"article","og_title":"Spaltung - Notariat Sch\u00f6ffmann","og_description":"Die Spaltung ist die Realteilung der Kapitalgesellschaft. Es wird das Verm\u00f6gen einer K\u00f6rperschaft geteilt und auf Nachfolgenunternehmen \u00fcbertragen.","og_url":"https:\/\/www.notariat-schoeffmann.at\/de\/unternehmen\/umgruendungen\/spaltung\/","og_site_name":"Notariat Sch\u00f6ffmann","article_publisher":"https:\/\/www.facebook.com\/NotarKlagenfurt","article_modified_time":"2022-03-05T16:21:31+00:00","og_image":[{"width":1600,"height":1067,"url":"https:\/\/www.notariat-schoeffmann.at\/wp-content\/uploads\/2021\/11\/Juristen-1.jpg","type":"image\/jpeg"}],"twitter_card":"summary_large_image","schema":{"@context":"https:\/\/schema.org","@graph":[{"@type":"WebPage","@id":"https:\/\/www.notariat-schoeffmann.at\/de\/unternehmen\/umgruendungen\/spaltung\/","url":"https:\/\/www.notariat-schoeffmann.at\/de\/unternehmen\/umgruendungen\/spaltung\/","name":"Spaltung &#8211; Notariat Sch\u00f6ffmann","isPartOf":{"@id":"https:\/\/www.notariat-schoeffmann.at\/de\/#website"},"datePublished":"2021-08-09T08:27:24+00:00","dateModified":"2022-03-05T16:21:31+00:00","description":"Die Spaltung ist die Realteilung der Kapitalgesellschaft. Es wird das Verm\u00f6gen einer K\u00f6rperschaft geteilt und auf Nachfolgenunternehmen \u00fcbertragen.","breadcrumb":{"@id":"https:\/\/www.notariat-schoeffmann.at\/de\/unternehmen\/umgruendungen\/spaltung\/#breadcrumb"},"inLanguage":"de","potentialAction":[{"@type":"ReadAction","target":["https:\/\/www.notariat-schoeffmann.at\/de\/unternehmen\/umgruendungen\/spaltung\/"]}]},{"@type":"BreadcrumbList","@id":"https:\/\/www.notariat-schoeffmann.at\/de\/unternehmen\/umgruendungen\/spaltung\/#breadcrumb","itemListElement":[{"@type":"ListItem","position":1,"name":"Startseite","item":"https:\/\/www.notariat-schoeffmann.at\/de\/"},{"@type":"ListItem","position":2,"name":"Unternehmen","item":"https:\/\/www.notariat-schoeffmann.at\/de\/unternehmen\/"},{"@type":"ListItem","position":3,"name":"Umgr\u00fcndungen","item":"https:\/\/www.notariat-schoeffmann.at\/de\/unternehmen\/umgruendungen\/"},{"@type":"ListItem","position":4,"name":"Spaltung"}]},{"@type":"WebSite","@id":"https:\/\/www.notariat-schoeffmann.at\/de\/#website","url":"https:\/\/www.notariat-schoeffmann.at\/de\/","name":"Notariat Sch\u00f6ffmann","description":"Mag. Klaus Sch\u00f6ffmann - Ihr Notar in Klagenfurt","publisher":{"@id":"https:\/\/www.notariat-schoeffmann.at\/de\/#organization"},"potentialAction":[{"@type":"SearchAction","target":{"@type":"EntryPoint","urlTemplate":"https:\/\/www.notariat-schoeffmann.at\/de\/?s={search_term_string}"},"query-input":{"@type":"PropertyValueSpecification","valueRequired":true,"valueName":"search_term_string"}}],"inLanguage":"de"},{"@type":"Organization","@id":"https:\/\/www.notariat-schoeffmann.at\/de\/#organization","name":"Notariat Mag. Klaus Sch\u00f6ffmann Klagenfurt","url":"https:\/\/www.notariat-schoeffmann.at\/de\/","logo":{"@type":"ImageObject","inLanguage":"de","@id":"https:\/\/www.notariat-schoeffmann.at\/de\/#\/schema\/logo\/image\/","url":"https:\/\/www.notariat-schoeffmann.at\/wp-content\/uploads\/2022\/02\/logo-notariat-schoeffmann.jpg","contentUrl":"https:\/\/www.notariat-schoeffmann.at\/wp-content\/uploads\/2022\/02\/logo-notariat-schoeffmann.jpg","width":600,"height":600,"caption":"Notariat Mag. Klaus Sch\u00f6ffmann Klagenfurt"},"image":{"@id":"https:\/\/www.notariat-schoeffmann.at\/de\/#\/schema\/logo\/image\/"},"sameAs":["https:\/\/www.facebook.com\/NotarKlagenfurt","https:\/\/www.youtube.com\/channel\/UCaITfbIQh6VIpzEonUsIhcg"]}]}},"_links":{"self":[{"href":"https:\/\/www.notariat-schoeffmann.at\/de\/wp-json\/wp\/v2\/pages\/249","targetHints":{"allow":["GET"]}}],"collection":[{"href":"https:\/\/www.notariat-schoeffmann.at\/de\/wp-json\/wp\/v2\/pages"}],"about":[{"href":"https:\/\/www.notariat-schoeffmann.at\/de\/wp-json\/wp\/v2\/types\/page"}],"author":[{"embeddable":true,"href":"https:\/\/www.notariat-schoeffmann.at\/de\/wp-json\/wp\/v2\/users\/3"}],"replies":[{"embeddable":true,"href":"https:\/\/www.notariat-schoeffmann.at\/de\/wp-json\/wp\/v2\/comments?post=249"}],"version-history":[{"count":4,"href":"https:\/\/www.notariat-schoeffmann.at\/de\/wp-json\/wp\/v2\/pages\/249\/revisions"}],"predecessor-version":[{"id":2387,"href":"https:\/\/www.notariat-schoeffmann.at\/de\/wp-json\/wp\/v2\/pages\/249\/revisions\/2387"}],"up":[{"embeddable":true,"href":"https:\/\/www.notariat-schoeffmann.at\/de\/wp-json\/wp\/v2\/pages\/236"}],"wp:attachment":[{"href":"https:\/\/www.notariat-schoeffmann.at\/de\/wp-json\/wp\/v2\/media?parent=249"}],"wp:term":[{"taxonomy":"category","embeddable":true,"href":"https:\/\/www.notariat-schoeffmann.at\/de\/wp-json\/wp\/v2\/categories?post=249"}],"curies":[{"name":"wp","href":"https:\/\/api.w.org\/{rel}","templated":true}]}}