{"id":241,"date":"2021-08-09T10:24:58","date_gmt":"2021-08-09T08:24:58","guid":{"rendered":"https:\/\/www.notariat-schoeffmann.at\/?page_id=241"},"modified":"2022-03-05T17:23:01","modified_gmt":"2022-03-05T16:23:01","slug":"umwandlung","status":"publish","type":"page","link":"https:\/\/www.notariat-schoeffmann.at\/de\/unternehmen\/umgruendungen\/umwandlung\/","title":{"rendered":"Umwandlung"},"content":{"rendered":"\n<p>Umwandlung ist die \u00dcberf\u00fchrung von Kapitalgesellschaften (die mindestens 2 Jahre existieren) in die Rechtsform von Personengesellschaften oder Einzelunternehmen. Sie kann entweder eine<\/p>\n\n\n\n<ul class=\"wp-block-list\"><li>errichtende Umwandlung oder eine<\/li><li>verschmelzende Umwandlung<\/li><\/ul>\n\n\n\n<p>sein.<\/p>\n\n\n\n<p>Bei der&nbsp;<b>errichtenden Umwandlung<\/b>&nbsp;wird das Verm\u00f6gen der umzuwandelnden Kapitalgesellschaft an eine f\u00fcr diesen Zweck neu errichtete Personengesellschaft \u00fcbertragen.<\/p>\n\n\n\n<p>Bei der&nbsp;<b>verschmelzenden Umwandlung<\/b>&nbsp;erfolgt die \u00dcbertragung des Verm\u00f6gens auf den bisherigen Hauptgesellschafter. Die verschmelzende Umwandlung setzt jedoch voraus, dass dem Hauptgesellschafter mindestens 90% der Anteilsrechte geh\u00f6ren.<\/p>\n\n\n\n<p>Minderheitsgesellschafter mit h\u00f6chstens 10 % k\u00f6nnen gegen Abfindung ausgeschlossen werden. Wie die\u00a0<a href=\"https:\/\/www.notariat-schoeffmann.at\/unternehmen\/umgruendungen\/verschmelzung\/\">Verschmelzung<\/a>\u00a0(Art I) liegt auch bei der Umwandlung (Art II) eine\u00a0Gesamtrechtsnachfolge vor, sodass Wirtschaftsg\u00fcter nicht einzeln in das Verm\u00f6gen der neuen Gesellschaft \u00fcberf\u00fchrt werden m\u00fcssen.<\/p>\n\n\n\n<p>Der Umwandlung ist eine Bilanz zugrundezulegen, deren Stichtag nicht mehr als neun Monate vor der Anmeldung zum Firmenbuch liegen darf. Auch dabei muss es sich nicht um die Regelbilanz handeln. Mit der Eintragung der Umwandlung erlischt die Kapitalgesellschaft.<\/p>\n","protected":false},"excerpt":{"rendered":"<p>Umwandlung ist die \u00dcberf\u00fchrung von Kapitalgesellschaften (die mindestens 2 Jahre existieren) in die Rechtsform von Personengesellschaften oder Einzelunternehmen. Sie kann entweder eine errichtende Umwandlung oder eine verschmelzende Umwandlung sein. Bei der&nbsp;errichtenden Umwandlung&nbsp;wird das Verm\u00f6gen der umzuwandelnden Kapitalgesellschaft an eine f\u00fcr diesen Zweck neu errichtete Personengesellschaft \u00fcbertragen. Bei der&nbsp;verschmelzenden Umwandlung&nbsp;erfolgt die \u00dcbertragung des Verm\u00f6gens auf den&hellip;<\/p>\n","protected":false},"author":3,"featured_media":0,"parent":236,"menu_order":1,"comment_status":"closed","ping_status":"closed","template":"","meta":{"inline_featured_image":false,"footnotes":""},"categories":[],"class_list":["post-241","page","type-page","status-publish","hentry","description-off"],"yoast_head":"<!-- This site is optimized with the Yoast SEO Premium plugin v26.7 (Yoast SEO v27.4) - https:\/\/yoast.com\/product\/yoast-seo-premium-wordpress\/ -->\n<title>Umwandlung &#8211; Notariat Sch\u00f6ffmann<\/title>\n<meta name=\"description\" content=\"Umwandlung ist die \u00dcberf\u00fchrung von Kapitalgesellschaften (die mindestens 2 Jahre existieren) in die Rechtsform von Personengesellschaften oder Einzelunternehmen.\" \/>\n<meta name=\"robots\" content=\"index, follow, max-snippet:-1, max-image-preview:large, max-video-preview:-1\" \/>\n<link rel=\"canonical\" href=\"https:\/\/www.notariat-schoeffmann.at\/de\/unternehmen\/umgruendungen\/umwandlung\/\" \/>\n<meta property=\"og:locale\" content=\"de_DE\" \/>\n<meta property=\"og:type\" content=\"article\" \/>\n<meta property=\"og:title\" content=\"Umwandlung - Notariat Sch\u00f6ffmann\" \/>\n<meta property=\"og:description\" content=\"Umwandlung ist die \u00dcberf\u00fchrung von Kapitalgesellschaften (die mindestens 2 Jahre existieren) in die Rechtsform von Personengesellschaften oder Einzelunternehmen.\" \/>\n<meta property=\"og:url\" content=\"https:\/\/www.notariat-schoeffmann.at\/de\/unternehmen\/umgruendungen\/umwandlung\/\" \/>\n<meta property=\"og:site_name\" content=\"Notariat Sch\u00f6ffmann\" \/>\n<meta property=\"article:publisher\" content=\"https:\/\/www.facebook.com\/NotarKlagenfurt\" \/>\n<meta property=\"article:modified_time\" content=\"2022-03-05T16:23:01+00:00\" \/>\n<meta property=\"og:image\" content=\"https:\/\/www.notariat-schoeffmann.at\/wp-content\/uploads\/2021\/11\/Juristen-1.jpg\" \/>\n\t<meta property=\"og:image:width\" content=\"1600\" \/>\n\t<meta property=\"og:image:height\" content=\"1067\" \/>\n\t<meta property=\"og:image:type\" content=\"image\/jpeg\" \/>\n<meta name=\"twitter:card\" content=\"summary_large_image\" \/>\n<script type=\"application\/ld+json\" class=\"yoast-schema-graph\">{\"@context\":\"https:\\\/\\\/schema.org\",\"@graph\":[{\"@type\":\"WebPage\",\"@id\":\"https:\\\/\\\/www.notariat-schoeffmann.at\\\/de\\\/unternehmen\\\/umgruendungen\\\/umwandlung\\\/\",\"url\":\"https:\\\/\\\/www.notariat-schoeffmann.at\\\/de\\\/unternehmen\\\/umgruendungen\\\/umwandlung\\\/\",\"name\":\"Umwandlung &#8211; Notariat Sch\u00f6ffmann\",\"isPartOf\":{\"@id\":\"https:\\\/\\\/www.notariat-schoeffmann.at\\\/de\\\/#website\"},\"datePublished\":\"2021-08-09T08:24:58+00:00\",\"dateModified\":\"2022-03-05T16:23:01+00:00\",\"description\":\"Umwandlung ist die \u00dcberf\u00fchrung von Kapitalgesellschaften (die mindestens 2 Jahre existieren) in die Rechtsform von Personengesellschaften oder Einzelunternehmen.\",\"breadcrumb\":{\"@id\":\"https:\\\/\\\/www.notariat-schoeffmann.at\\\/de\\\/unternehmen\\\/umgruendungen\\\/umwandlung\\\/#breadcrumb\"},\"inLanguage\":\"de\",\"potentialAction\":[{\"@type\":\"ReadAction\",\"target\":[\"https:\\\/\\\/www.notariat-schoeffmann.at\\\/de\\\/unternehmen\\\/umgruendungen\\\/umwandlung\\\/\"]}]},{\"@type\":\"BreadcrumbList\",\"@id\":\"https:\\\/\\\/www.notariat-schoeffmann.at\\\/de\\\/unternehmen\\\/umgruendungen\\\/umwandlung\\\/#breadcrumb\",\"itemListElement\":[{\"@type\":\"ListItem\",\"position\":1,\"name\":\"Startseite\",\"item\":\"https:\\\/\\\/www.notariat-schoeffmann.at\\\/de\\\/\"},{\"@type\":\"ListItem\",\"position\":2,\"name\":\"Unternehmen\",\"item\":\"https:\\\/\\\/www.notariat-schoeffmann.at\\\/de\\\/unternehmen\\\/\"},{\"@type\":\"ListItem\",\"position\":3,\"name\":\"Umgr\u00fcndungen\",\"item\":\"https:\\\/\\\/www.notariat-schoeffmann.at\\\/de\\\/unternehmen\\\/umgruendungen\\\/\"},{\"@type\":\"ListItem\",\"position\":4,\"name\":\"Umwandlung\"}]},{\"@type\":\"WebSite\",\"@id\":\"https:\\\/\\\/www.notariat-schoeffmann.at\\\/de\\\/#website\",\"url\":\"https:\\\/\\\/www.notariat-schoeffmann.at\\\/de\\\/\",\"name\":\"Notariat Sch\u00f6ffmann\",\"description\":\"Mag. Klaus Sch\u00f6ffmann - Ihr Notar in Klagenfurt\",\"publisher\":{\"@id\":\"https:\\\/\\\/www.notariat-schoeffmann.at\\\/de\\\/#organization\"},\"potentialAction\":[{\"@type\":\"SearchAction\",\"target\":{\"@type\":\"EntryPoint\",\"urlTemplate\":\"https:\\\/\\\/www.notariat-schoeffmann.at\\\/de\\\/?s={search_term_string}\"},\"query-input\":{\"@type\":\"PropertyValueSpecification\",\"valueRequired\":true,\"valueName\":\"search_term_string\"}}],\"inLanguage\":\"de\"},{\"@type\":\"Organization\",\"@id\":\"https:\\\/\\\/www.notariat-schoeffmann.at\\\/de\\\/#organization\",\"name\":\"Notariat Mag. Klaus Sch\u00f6ffmann Klagenfurt\",\"url\":\"https:\\\/\\\/www.notariat-schoeffmann.at\\\/de\\\/\",\"logo\":{\"@type\":\"ImageObject\",\"inLanguage\":\"de\",\"@id\":\"https:\\\/\\\/www.notariat-schoeffmann.at\\\/de\\\/#\\\/schema\\\/logo\\\/image\\\/\",\"url\":\"https:\\\/\\\/www.notariat-schoeffmann.at\\\/wp-content\\\/uploads\\\/2022\\\/02\\\/logo-notariat-schoeffmann.jpg\",\"contentUrl\":\"https:\\\/\\\/www.notariat-schoeffmann.at\\\/wp-content\\\/uploads\\\/2022\\\/02\\\/logo-notariat-schoeffmann.jpg\",\"width\":600,\"height\":600,\"caption\":\"Notariat Mag. Klaus Sch\u00f6ffmann Klagenfurt\"},\"image\":{\"@id\":\"https:\\\/\\\/www.notariat-schoeffmann.at\\\/de\\\/#\\\/schema\\\/logo\\\/image\\\/\"},\"sameAs\":[\"https:\\\/\\\/www.facebook.com\\\/NotarKlagenfurt\",\"https:\\\/\\\/www.youtube.com\\\/channel\\\/UCaITfbIQh6VIpzEonUsIhcg\"]}]}<\/script>\n<!-- \/ Yoast SEO Premium plugin. -->","yoast_head_json":{"title":"Umwandlung &#8211; Notariat Sch\u00f6ffmann","description":"Umwandlung ist die \u00dcberf\u00fchrung von Kapitalgesellschaften (die mindestens 2 Jahre existieren) in die Rechtsform von Personengesellschaften oder Einzelunternehmen.","robots":{"index":"index","follow":"follow","max-snippet":"max-snippet:-1","max-image-preview":"max-image-preview:large","max-video-preview":"max-video-preview:-1"},"canonical":"https:\/\/www.notariat-schoeffmann.at\/de\/unternehmen\/umgruendungen\/umwandlung\/","og_locale":"de_DE","og_type":"article","og_title":"Umwandlung - Notariat Sch\u00f6ffmann","og_description":"Umwandlung ist die \u00dcberf\u00fchrung von Kapitalgesellschaften (die mindestens 2 Jahre existieren) in die Rechtsform von Personengesellschaften oder Einzelunternehmen.","og_url":"https:\/\/www.notariat-schoeffmann.at\/de\/unternehmen\/umgruendungen\/umwandlung\/","og_site_name":"Notariat Sch\u00f6ffmann","article_publisher":"https:\/\/www.facebook.com\/NotarKlagenfurt","article_modified_time":"2022-03-05T16:23:01+00:00","og_image":[{"width":1600,"height":1067,"url":"https:\/\/www.notariat-schoeffmann.at\/wp-content\/uploads\/2021\/11\/Juristen-1.jpg","type":"image\/jpeg"}],"twitter_card":"summary_large_image","schema":{"@context":"https:\/\/schema.org","@graph":[{"@type":"WebPage","@id":"https:\/\/www.notariat-schoeffmann.at\/de\/unternehmen\/umgruendungen\/umwandlung\/","url":"https:\/\/www.notariat-schoeffmann.at\/de\/unternehmen\/umgruendungen\/umwandlung\/","name":"Umwandlung &#8211; Notariat Sch\u00f6ffmann","isPartOf":{"@id":"https:\/\/www.notariat-schoeffmann.at\/de\/#website"},"datePublished":"2021-08-09T08:24:58+00:00","dateModified":"2022-03-05T16:23:01+00:00","description":"Umwandlung ist die \u00dcberf\u00fchrung von Kapitalgesellschaften (die mindestens 2 Jahre existieren) in die Rechtsform von Personengesellschaften oder Einzelunternehmen.","breadcrumb":{"@id":"https:\/\/www.notariat-schoeffmann.at\/de\/unternehmen\/umgruendungen\/umwandlung\/#breadcrumb"},"inLanguage":"de","potentialAction":[{"@type":"ReadAction","target":["https:\/\/www.notariat-schoeffmann.at\/de\/unternehmen\/umgruendungen\/umwandlung\/"]}]},{"@type":"BreadcrumbList","@id":"https:\/\/www.notariat-schoeffmann.at\/de\/unternehmen\/umgruendungen\/umwandlung\/#breadcrumb","itemListElement":[{"@type":"ListItem","position":1,"name":"Startseite","item":"https:\/\/www.notariat-schoeffmann.at\/de\/"},{"@type":"ListItem","position":2,"name":"Unternehmen","item":"https:\/\/www.notariat-schoeffmann.at\/de\/unternehmen\/"},{"@type":"ListItem","position":3,"name":"Umgr\u00fcndungen","item":"https:\/\/www.notariat-schoeffmann.at\/de\/unternehmen\/umgruendungen\/"},{"@type":"ListItem","position":4,"name":"Umwandlung"}]},{"@type":"WebSite","@id":"https:\/\/www.notariat-schoeffmann.at\/de\/#website","url":"https:\/\/www.notariat-schoeffmann.at\/de\/","name":"Notariat Sch\u00f6ffmann","description":"Mag. Klaus Sch\u00f6ffmann - Ihr Notar in Klagenfurt","publisher":{"@id":"https:\/\/www.notariat-schoeffmann.at\/de\/#organization"},"potentialAction":[{"@type":"SearchAction","target":{"@type":"EntryPoint","urlTemplate":"https:\/\/www.notariat-schoeffmann.at\/de\/?s={search_term_string}"},"query-input":{"@type":"PropertyValueSpecification","valueRequired":true,"valueName":"search_term_string"}}],"inLanguage":"de"},{"@type":"Organization","@id":"https:\/\/www.notariat-schoeffmann.at\/de\/#organization","name":"Notariat Mag. Klaus Sch\u00f6ffmann Klagenfurt","url":"https:\/\/www.notariat-schoeffmann.at\/de\/","logo":{"@type":"ImageObject","inLanguage":"de","@id":"https:\/\/www.notariat-schoeffmann.at\/de\/#\/schema\/logo\/image\/","url":"https:\/\/www.notariat-schoeffmann.at\/wp-content\/uploads\/2022\/02\/logo-notariat-schoeffmann.jpg","contentUrl":"https:\/\/www.notariat-schoeffmann.at\/wp-content\/uploads\/2022\/02\/logo-notariat-schoeffmann.jpg","width":600,"height":600,"caption":"Notariat Mag. Klaus Sch\u00f6ffmann Klagenfurt"},"image":{"@id":"https:\/\/www.notariat-schoeffmann.at\/de\/#\/schema\/logo\/image\/"},"sameAs":["https:\/\/www.facebook.com\/NotarKlagenfurt","https:\/\/www.youtube.com\/channel\/UCaITfbIQh6VIpzEonUsIhcg"]}]}},"_links":{"self":[{"href":"https:\/\/www.notariat-schoeffmann.at\/de\/wp-json\/wp\/v2\/pages\/241","targetHints":{"allow":["GET"]}}],"collection":[{"href":"https:\/\/www.notariat-schoeffmann.at\/de\/wp-json\/wp\/v2\/pages"}],"about":[{"href":"https:\/\/www.notariat-schoeffmann.at\/de\/wp-json\/wp\/v2\/types\/page"}],"author":[{"embeddable":true,"href":"https:\/\/www.notariat-schoeffmann.at\/de\/wp-json\/wp\/v2\/users\/3"}],"replies":[{"embeddable":true,"href":"https:\/\/www.notariat-schoeffmann.at\/de\/wp-json\/wp\/v2\/comments?post=241"}],"version-history":[{"count":4,"href":"https:\/\/www.notariat-schoeffmann.at\/de\/wp-json\/wp\/v2\/pages\/241\/revisions"}],"predecessor-version":[{"id":2388,"href":"https:\/\/www.notariat-schoeffmann.at\/de\/wp-json\/wp\/v2\/pages\/241\/revisions\/2388"}],"up":[{"embeddable":true,"href":"https:\/\/www.notariat-schoeffmann.at\/de\/wp-json\/wp\/v2\/pages\/236"}],"wp:attachment":[{"href":"https:\/\/www.notariat-schoeffmann.at\/de\/wp-json\/wp\/v2\/media?parent=241"}],"wp:term":[{"taxonomy":"category","embeddable":true,"href":"https:\/\/www.notariat-schoeffmann.at\/de\/wp-json\/wp\/v2\/categories?post=241"}],"curies":[{"name":"wp","href":"https:\/\/api.w.org\/{rel}","templated":true}]}}