{"id":238,"date":"2021-08-09T10:24:10","date_gmt":"2021-08-09T08:24:10","guid":{"rendered":"https:\/\/www.notariat-schoeffmann.at\/?page_id=238"},"modified":"2022-02-26T23:02:31","modified_gmt":"2022-02-26T22:02:31","slug":"verschmelzung","status":"publish","type":"page","link":"https:\/\/www.notariat-schoeffmann.at\/de\/unternehmen\/umgruendungen\/verschmelzung\/","title":{"rendered":"Verschmelzung"},"content":{"rendered":"<p>Unter Verschmelzung (Artikel I) versteht das Umgr\u00fcndungssteuergesetz (UmgrStG) die Vereinigung von K\u00f6rperschaften mit eigener Rechtspers\u00f6nlichkeit (insbesondere auch Kapitalgesellschaften) unter Ausschluss der Liquidation im Wege der Gesamtrechtsnachfolge. Das hei\u00dft, es m\u00fcssen nicht die einzelnen Verm\u00f6gensgegenst\u00e4nde der neuen Gesellschaft ins Eigentum \u00fcbertragen werden, sondern das gesamte Verm\u00f6gen geht in einen einheitlichen Akt \u00fcber.<\/p>\n<p>Unterschieden werden zwei Formen der Verschmelzung:<\/p>\n<ol>\n<li>Verschmelzung durch Aufnahme<\/li>\n<li>Verschmelzung durch Neubildung<\/li>\n<\/ol>\n<p>Bei der&nbsp;<b>Verschmelzung durch Aufnahme<\/b>&nbsp;erwirbt die \u00fcbernehmende Gesellschaft das Verm\u00f6gen der \u00fcbertragenden Gesellschaft. Den Gesellschaftern der letzteren werden Anteile an der \u00fcbernehmenden Gesellschaft gew\u00e4hrt.<\/p>\n<p>Bei der&nbsp;<b>Verschmelzung durch Neubildung<\/b>&nbsp;erwirbt eine neu gegr\u00fcndete Gesellschaft das Verm\u00f6gen der verschmelzenden Gesellschaften. Bei den untergehenden Gesellschaften unterbleibt eine Liquidationsbesteuerung.<\/p>\n<p>Als Zeitpunkt der Verschmelzung kommt jeder Stichtag, zu dem ein Jahresabschluss aufgestellt wird, in Frage. Es muss sich dabei nicht um den Regelbilanzstichtag handeln.&nbsp; Innerhalb von neun Monaten ab diesem Stichtag muss die Verschmelzung zum Firmenbuch angemeldet werden. Verschmelzungsstichtag ist der Tag, zu dem die Bilanz aufgestellt ist, die der Verschmelzung zugrundeliegt.<\/p>\n","protected":false},"excerpt":{"rendered":"<p>Unter Verschmelzung (Artikel I) versteht das Umgr\u00fcndungssteuergesetz (UmgrStG) die Vereinigung von K\u00f6rperschaften mit eigener Rechtspers\u00f6nlichkeit (insbesondere auch Kapitalgesellschaften) unter Ausschluss der Liquidation im Wege der Gesamtrechtsnachfolge. Das hei\u00dft, es m\u00fcssen nicht die einzelnen Verm\u00f6gensgegenst\u00e4nde der neuen Gesellschaft ins Eigentum \u00fcbertragen werden, sondern das gesamte Verm\u00f6gen geht in einen einheitlichen Akt \u00fcber. Unterschieden werden zwei Formen&hellip;<\/p>\n","protected":false},"author":3,"featured_media":0,"parent":236,"menu_order":0,"comment_status":"closed","ping_status":"closed","template":"","meta":{"inline_featured_image":false,"footnotes":""},"categories":[],"class_list":["post-238","page","type-page","status-publish","hentry","description-off"],"yoast_head":"<!-- This site is optimized with the Yoast SEO Premium plugin v26.7 (Yoast SEO v27.4) - https:\/\/yoast.com\/product\/yoast-seo-premium-wordpress\/ -->\n<title>Verschmelzung &#8211; Notariat Sch\u00f6ffmann<\/title>\n<meta name=\"description\" content=\"Eine Form der Umgr\u00fcndung ist die Verschmelzung. Dabei werde zwei K\u00f6rperschaften mit eigener Rechtspers\u00f6nlichkeit vereinigt.\" \/>\n<meta name=\"robots\" content=\"index, follow, max-snippet:-1, max-image-preview:large, max-video-preview:-1\" \/>\n<link rel=\"canonical\" href=\"https:\/\/www.notariat-schoeffmann.at\/de\/unternehmen\/umgruendungen\/verschmelzung\/\" \/>\n<meta property=\"og:locale\" content=\"de_DE\" \/>\n<meta property=\"og:type\" content=\"article\" \/>\n<meta property=\"og:title\" content=\"Verschmelzung - Notariat Sch\u00f6ffmann\" \/>\n<meta property=\"og:description\" content=\"Eine Form der Umgr\u00fcndung ist die Verschmelzung. Dabei werde zwei K\u00f6rperschaften mit eigener Rechtspers\u00f6nlichkeit vereinigt.\" \/>\n<meta property=\"og:url\" content=\"https:\/\/www.notariat-schoeffmann.at\/de\/unternehmen\/umgruendungen\/verschmelzung\/\" \/>\n<meta property=\"og:site_name\" content=\"Notariat Sch\u00f6ffmann\" \/>\n<meta property=\"article:publisher\" content=\"https:\/\/www.facebook.com\/NotarKlagenfurt\" \/>\n<meta property=\"article:modified_time\" content=\"2022-02-26T22:02:31+00:00\" \/>\n<meta property=\"og:image\" content=\"https:\/\/www.notariat-schoeffmann.at\/wp-content\/uploads\/2021\/11\/Juristen-1.jpg\" \/>\n\t<meta property=\"og:image:width\" content=\"1600\" \/>\n\t<meta property=\"og:image:height\" content=\"1067\" \/>\n\t<meta property=\"og:image:type\" content=\"image\/jpeg\" \/>\n<meta name=\"twitter:card\" content=\"summary_large_image\" \/>\n<script type=\"application\/ld+json\" class=\"yoast-schema-graph\">{\"@context\":\"https:\\\/\\\/schema.org\",\"@graph\":[{\"@type\":\"WebPage\",\"@id\":\"https:\\\/\\\/www.notariat-schoeffmann.at\\\/de\\\/unternehmen\\\/umgruendungen\\\/verschmelzung\\\/\",\"url\":\"https:\\\/\\\/www.notariat-schoeffmann.at\\\/de\\\/unternehmen\\\/umgruendungen\\\/verschmelzung\\\/\",\"name\":\"Verschmelzung &#8211; Notariat Sch\u00f6ffmann\",\"isPartOf\":{\"@id\":\"https:\\\/\\\/www.notariat-schoeffmann.at\\\/de\\\/#website\"},\"datePublished\":\"2021-08-09T08:24:10+00:00\",\"dateModified\":\"2022-02-26T22:02:31+00:00\",\"description\":\"Eine Form der Umgr\u00fcndung ist die Verschmelzung. Dabei werde zwei K\u00f6rperschaften mit eigener Rechtspers\u00f6nlichkeit vereinigt.\",\"breadcrumb\":{\"@id\":\"https:\\\/\\\/www.notariat-schoeffmann.at\\\/de\\\/unternehmen\\\/umgruendungen\\\/verschmelzung\\\/#breadcrumb\"},\"inLanguage\":\"de\",\"potentialAction\":[{\"@type\":\"ReadAction\",\"target\":[\"https:\\\/\\\/www.notariat-schoeffmann.at\\\/de\\\/unternehmen\\\/umgruendungen\\\/verschmelzung\\\/\"]}]},{\"@type\":\"BreadcrumbList\",\"@id\":\"https:\\\/\\\/www.notariat-schoeffmann.at\\\/de\\\/unternehmen\\\/umgruendungen\\\/verschmelzung\\\/#breadcrumb\",\"itemListElement\":[{\"@type\":\"ListItem\",\"position\":1,\"name\":\"Startseite\",\"item\":\"https:\\\/\\\/www.notariat-schoeffmann.at\\\/de\\\/\"},{\"@type\":\"ListItem\",\"position\":2,\"name\":\"Unternehmen\",\"item\":\"https:\\\/\\\/www.notariat-schoeffmann.at\\\/de\\\/unternehmen\\\/\"},{\"@type\":\"ListItem\",\"position\":3,\"name\":\"Umgr\u00fcndungen\",\"item\":\"https:\\\/\\\/www.notariat-schoeffmann.at\\\/de\\\/unternehmen\\\/umgruendungen\\\/\"},{\"@type\":\"ListItem\",\"position\":4,\"name\":\"Verschmelzung\"}]},{\"@type\":\"WebSite\",\"@id\":\"https:\\\/\\\/www.notariat-schoeffmann.at\\\/de\\\/#website\",\"url\":\"https:\\\/\\\/www.notariat-schoeffmann.at\\\/de\\\/\",\"name\":\"Notariat Sch\u00f6ffmann\",\"description\":\"Mag. Klaus Sch\u00f6ffmann - Ihr Notar in Klagenfurt\",\"publisher\":{\"@id\":\"https:\\\/\\\/www.notariat-schoeffmann.at\\\/de\\\/#organization\"},\"potentialAction\":[{\"@type\":\"SearchAction\",\"target\":{\"@type\":\"EntryPoint\",\"urlTemplate\":\"https:\\\/\\\/www.notariat-schoeffmann.at\\\/de\\\/?s={search_term_string}\"},\"query-input\":{\"@type\":\"PropertyValueSpecification\",\"valueRequired\":true,\"valueName\":\"search_term_string\"}}],\"inLanguage\":\"de\"},{\"@type\":\"Organization\",\"@id\":\"https:\\\/\\\/www.notariat-schoeffmann.at\\\/de\\\/#organization\",\"name\":\"Notariat Mag. Klaus Sch\u00f6ffmann Klagenfurt\",\"url\":\"https:\\\/\\\/www.notariat-schoeffmann.at\\\/de\\\/\",\"logo\":{\"@type\":\"ImageObject\",\"inLanguage\":\"de\",\"@id\":\"https:\\\/\\\/www.notariat-schoeffmann.at\\\/de\\\/#\\\/schema\\\/logo\\\/image\\\/\",\"url\":\"https:\\\/\\\/www.notariat-schoeffmann.at\\\/wp-content\\\/uploads\\\/2022\\\/02\\\/logo-notariat-schoeffmann.jpg\",\"contentUrl\":\"https:\\\/\\\/www.notariat-schoeffmann.at\\\/wp-content\\\/uploads\\\/2022\\\/02\\\/logo-notariat-schoeffmann.jpg\",\"width\":600,\"height\":600,\"caption\":\"Notariat Mag. Klaus Sch\u00f6ffmann Klagenfurt\"},\"image\":{\"@id\":\"https:\\\/\\\/www.notariat-schoeffmann.at\\\/de\\\/#\\\/schema\\\/logo\\\/image\\\/\"},\"sameAs\":[\"https:\\\/\\\/www.facebook.com\\\/NotarKlagenfurt\",\"https:\\\/\\\/www.youtube.com\\\/channel\\\/UCaITfbIQh6VIpzEonUsIhcg\"]}]}<\/script>\n<!-- \/ Yoast SEO Premium plugin. -->","yoast_head_json":{"title":"Verschmelzung &#8211; Notariat Sch\u00f6ffmann","description":"Eine Form der Umgr\u00fcndung ist die Verschmelzung. Dabei werde zwei K\u00f6rperschaften mit eigener Rechtspers\u00f6nlichkeit vereinigt.","robots":{"index":"index","follow":"follow","max-snippet":"max-snippet:-1","max-image-preview":"max-image-preview:large","max-video-preview":"max-video-preview:-1"},"canonical":"https:\/\/www.notariat-schoeffmann.at\/de\/unternehmen\/umgruendungen\/verschmelzung\/","og_locale":"de_DE","og_type":"article","og_title":"Verschmelzung - Notariat Sch\u00f6ffmann","og_description":"Eine Form der Umgr\u00fcndung ist die Verschmelzung. Dabei werde zwei K\u00f6rperschaften mit eigener Rechtspers\u00f6nlichkeit vereinigt.","og_url":"https:\/\/www.notariat-schoeffmann.at\/de\/unternehmen\/umgruendungen\/verschmelzung\/","og_site_name":"Notariat Sch\u00f6ffmann","article_publisher":"https:\/\/www.facebook.com\/NotarKlagenfurt","article_modified_time":"2022-02-26T22:02:31+00:00","og_image":[{"width":1600,"height":1067,"url":"https:\/\/www.notariat-schoeffmann.at\/wp-content\/uploads\/2021\/11\/Juristen-1.jpg","type":"image\/jpeg"}],"twitter_card":"summary_large_image","schema":{"@context":"https:\/\/schema.org","@graph":[{"@type":"WebPage","@id":"https:\/\/www.notariat-schoeffmann.at\/de\/unternehmen\/umgruendungen\/verschmelzung\/","url":"https:\/\/www.notariat-schoeffmann.at\/de\/unternehmen\/umgruendungen\/verschmelzung\/","name":"Verschmelzung &#8211; Notariat Sch\u00f6ffmann","isPartOf":{"@id":"https:\/\/www.notariat-schoeffmann.at\/de\/#website"},"datePublished":"2021-08-09T08:24:10+00:00","dateModified":"2022-02-26T22:02:31+00:00","description":"Eine Form der Umgr\u00fcndung ist die Verschmelzung. Dabei werde zwei K\u00f6rperschaften mit eigener Rechtspers\u00f6nlichkeit vereinigt.","breadcrumb":{"@id":"https:\/\/www.notariat-schoeffmann.at\/de\/unternehmen\/umgruendungen\/verschmelzung\/#breadcrumb"},"inLanguage":"de","potentialAction":[{"@type":"ReadAction","target":["https:\/\/www.notariat-schoeffmann.at\/de\/unternehmen\/umgruendungen\/verschmelzung\/"]}]},{"@type":"BreadcrumbList","@id":"https:\/\/www.notariat-schoeffmann.at\/de\/unternehmen\/umgruendungen\/verschmelzung\/#breadcrumb","itemListElement":[{"@type":"ListItem","position":1,"name":"Startseite","item":"https:\/\/www.notariat-schoeffmann.at\/de\/"},{"@type":"ListItem","position":2,"name":"Unternehmen","item":"https:\/\/www.notariat-schoeffmann.at\/de\/unternehmen\/"},{"@type":"ListItem","position":3,"name":"Umgr\u00fcndungen","item":"https:\/\/www.notariat-schoeffmann.at\/de\/unternehmen\/umgruendungen\/"},{"@type":"ListItem","position":4,"name":"Verschmelzung"}]},{"@type":"WebSite","@id":"https:\/\/www.notariat-schoeffmann.at\/de\/#website","url":"https:\/\/www.notariat-schoeffmann.at\/de\/","name":"Notariat Sch\u00f6ffmann","description":"Mag. Klaus Sch\u00f6ffmann - Ihr Notar in Klagenfurt","publisher":{"@id":"https:\/\/www.notariat-schoeffmann.at\/de\/#organization"},"potentialAction":[{"@type":"SearchAction","target":{"@type":"EntryPoint","urlTemplate":"https:\/\/www.notariat-schoeffmann.at\/de\/?s={search_term_string}"},"query-input":{"@type":"PropertyValueSpecification","valueRequired":true,"valueName":"search_term_string"}}],"inLanguage":"de"},{"@type":"Organization","@id":"https:\/\/www.notariat-schoeffmann.at\/de\/#organization","name":"Notariat Mag. Klaus Sch\u00f6ffmann Klagenfurt","url":"https:\/\/www.notariat-schoeffmann.at\/de\/","logo":{"@type":"ImageObject","inLanguage":"de","@id":"https:\/\/www.notariat-schoeffmann.at\/de\/#\/schema\/logo\/image\/","url":"https:\/\/www.notariat-schoeffmann.at\/wp-content\/uploads\/2022\/02\/logo-notariat-schoeffmann.jpg","contentUrl":"https:\/\/www.notariat-schoeffmann.at\/wp-content\/uploads\/2022\/02\/logo-notariat-schoeffmann.jpg","width":600,"height":600,"caption":"Notariat Mag. Klaus Sch\u00f6ffmann Klagenfurt"},"image":{"@id":"https:\/\/www.notariat-schoeffmann.at\/de\/#\/schema\/logo\/image\/"},"sameAs":["https:\/\/www.facebook.com\/NotarKlagenfurt","https:\/\/www.youtube.com\/channel\/UCaITfbIQh6VIpzEonUsIhcg"]}]}},"_links":{"self":[{"href":"https:\/\/www.notariat-schoeffmann.at\/de\/wp-json\/wp\/v2\/pages\/238","targetHints":{"allow":["GET"]}}],"collection":[{"href":"https:\/\/www.notariat-schoeffmann.at\/de\/wp-json\/wp\/v2\/pages"}],"about":[{"href":"https:\/\/www.notariat-schoeffmann.at\/de\/wp-json\/wp\/v2\/types\/page"}],"author":[{"embeddable":true,"href":"https:\/\/www.notariat-schoeffmann.at\/de\/wp-json\/wp\/v2\/users\/3"}],"replies":[{"embeddable":true,"href":"https:\/\/www.notariat-schoeffmann.at\/de\/wp-json\/wp\/v2\/comments?post=238"}],"version-history":[{"count":3,"href":"https:\/\/www.notariat-schoeffmann.at\/de\/wp-json\/wp\/v2\/pages\/238\/revisions"}],"predecessor-version":[{"id":2137,"href":"https:\/\/www.notariat-schoeffmann.at\/de\/wp-json\/wp\/v2\/pages\/238\/revisions\/2137"}],"up":[{"embeddable":true,"href":"https:\/\/www.notariat-schoeffmann.at\/de\/wp-json\/wp\/v2\/pages\/236"}],"wp:attachment":[{"href":"https:\/\/www.notariat-schoeffmann.at\/de\/wp-json\/wp\/v2\/media?parent=238"}],"wp:term":[{"taxonomy":"category","embeddable":true,"href":"https:\/\/www.notariat-schoeffmann.at\/de\/wp-json\/wp\/v2\/categories?post=238"}],"curies":[{"name":"wp","href":"https:\/\/api.w.org\/{rel}","templated":true}]}}