{"id":234,"date":"2021-08-09T10:22:22","date_gmt":"2021-08-09T08:22:22","guid":{"rendered":"https:\/\/www.notariat-schoeffmann.at\/?page_id=234"},"modified":"2022-03-05T09:33:40","modified_gmt":"2022-03-05T08:33:40","slug":"einzelunternehmen","status":"publish","type":"page","link":"https:\/\/www.notariat-schoeffmann.at\/de\/unternehmen\/einzelunternehmen\/","title":{"rendered":"Einzelunternehmen"},"content":{"rendered":"<div class=\"lazyblock-infobox-20aXWK wp-block-lazyblock-infobox\"><div class=\"notar_einleitung\">\n\n  <div class=\"notar_einleitung_wrapper\"><p>In \u00d6sterreich ist das Einzelunternehmen die am h\u00e4ufigsten gew\u00e4hlte Rechtsform.<\/p><\/div>\n<\/div>\n<\/div>\n\n\n<p><\/p>\n\n\n\n<p>Inhaber des Unternehmens ist eine einzige nat\u00fcrliche Person. Auch wenn der Name der Rechtsform dies vermuten l\u00e4sst, ist der Einzelunternehmer nicht auf sich selbst gestellt. Er kann nat\u00fcrlich Arbeitnehmer anstellen und Erf\u00fcllungsgehilfen zur Ausf\u00fchrung von Auftr\u00e4gen heranziehen.<\/p>\n\n\n\n<h2 class=\"wp-block-heading\">Gr\u00fcndung<\/h2>\n\n\n\n<p>Anders als bei den Personen- und Kapitalgesellschaften braucht es f\u00fcr die Gr\u00fcndung eines Einzelunternehmens keine Eintragung im Firmenbuch. Die Eintragung kann aber freiwillig erfolgen.<\/p>\n\n\n\n<p>Das Einzelunternehmen entsteht mit der Gewerbeanmeldung bzw. mit Rechtskraft des Feststellungsbescheids. Das Gewerbe ist beim Magistrat oder der Bezirkshauptmannschaft des Standortes anzumelden.<\/p>\n\n\n\n<p>Will der Einzelunternehmer ein reglementiertes Gewerbe aus\u00fcben, muss er bei der Anmeldung nachweisen, dass er \u00fcber die notwendigen F\u00e4higkeiten dazu verf\u00fcgt. Erf\u00fcllt er die vorgeschriebenen Voraussetzungen nicht, kann er das Gewerbe trotzdem aus\u00fcben, wenn er einen gewerberechtlichen Gesch\u00e4ftsf\u00fchrer bestellt, der \u00fcber die erforderliche Bef\u00e4higung verf\u00fcgt.<\/p>\n\n\n\n<p>Eine Eintragung im Firmenbuch ist zwingend, wenn der Einzelunternehmer die Schwellenwerte f\u00fcr die Rechnungslegungspflicht (mehr als \u20ac 1 Mio. Jahresumsatz in einem Jahr oder mehr als jeweils \u20ac 700.000,- in zwei aufeinanderfolgenden Jahren) \u00fcberschreitet. Man spricht dann vom protokollierten Einzelunternehmer.<\/p>\n\n\n\n<h2 class=\"wp-block-heading\">Firma<\/h2>\n\n\n\n<p>Ist der Einzelunternehmer nicht im Firmenbuch eingetragen, so muss er zur \u00e4u\u00dferen Bezeichnung der Betriebsst\u00e4tte und auf den Gesch\u00e4ftsurkunden seinen Familiennamen in Verbindung mit mindestens einem ausgeschriebenen Vornamen verwenden.<\/p>\n\n\n\n<p>Protokollierte Einzelunternehmer k\u00f6nnen eine Namens-, Sach- oder Fantasiefirma w\u00e4hlen und m\u00fcssen den Zusatz \u201eeingetragene(r) Unternehmer(in)\u201c oder \u201ee.U.\u201c f\u00fchren.<\/p>\n\n\n\n<h2 class=\"wp-block-heading\">Haftung<\/h2>\n\n\n\n<p>Der Einzelunternehmer betreibt das Unternehmen auf eigenen Namen und eigene Rechnung. Er ist nicht nur f\u00fcr die Aufbringung des Kapitals selbst zust\u00e4ndig, sondern tr\u00e4gt das volle Risiko f\u00fcr etwaige Verluste. F\u00fcr Schulden haftet er&nbsp;<b>unbeschr\u00e4nkt mit dem Betriebs- und seinem Privatverm\u00f6gen<\/b>.<\/p>\n\n\n\n<h2 class=\"wp-block-heading\">Steuerliche Aspekte<\/h2>\n\n\n\n<p>Der Einzelunternehmer wird zur Einkommenssteuer veranlagt. Innerhalb eines Monats ab Beginn der T\u00e4tigkeit hat er dem Finanzamt die Er\u00f6ffnung des Gewerbebetriebes sowie den Standort bekannt zu geben.<\/p>\n\n\n\n<p>F\u00fcr seine Leistungen hat der Einzelunternehmer Umsatzsteuer zu entrichten. F\u00fcr kleinere Einzelunternehmer gibt es die Kleinunternehmerregelung. Liegen die Jahresums\u00e4tze unter \u20ac 30.000,- (exklusive USt.), ist keine Umsatzsteuer zu entrichten. Im Gegenzug dazu kann kein Vorsteuerabzug geltend gemacht werden.<\/p>\n\n\n\n<h2 class=\"wp-block-heading\">Vorteile dieser Rechtsform<\/h2>\n\n\n\n<ul class=\"wp-block-list\"><li>einfache Gr\u00fcndung<\/li><li>Einzelunternehmer trifft Entscheidungen \u00fcber die Entwicklung des Unternehmens allein<\/li><li>alleinige Entscheidung des Einzelunternehmers, was mit dem Gewinn geschieht<\/li><li>unkomplizierte Buchhaltung (Einnahmen-Ausgaben-Rechnung)<\/li><li>hohe Kreditw\u00fcrdigkeit dank pers\u00f6nlich unbeschr\u00e4nkter Haftung<\/li><\/ul>\n","protected":false},"excerpt":{"rendered":"<p>Inhaber des Unternehmens ist eine einzige nat\u00fcrliche Person. Auch wenn der Name der Rechtsform dies vermuten l\u00e4sst, ist der Einzelunternehmer nicht auf sich selbst gestellt. Er kann nat\u00fcrlich Arbeitnehmer anstellen und Erf\u00fcllungsgehilfen zur Ausf\u00fchrung von Auftr\u00e4gen heranziehen. Gr\u00fcndung Anders als bei den Personen- und Kapitalgesellschaften braucht es f\u00fcr die Gr\u00fcndung eines Einzelunternehmens keine Eintragung im&hellip;<\/p>\n","protected":false},"author":3,"featured_media":0,"parent":151,"menu_order":1,"comment_status":"closed","ping_status":"closed","template":"","meta":{"inline_featured_image":false,"footnotes":""},"categories":[],"class_list":["post-234","page","type-page","status-publish","hentry","description-off"],"yoast_head":"<!-- This site is optimized with the Yoast SEO Premium plugin v26.7 (Yoast SEO v27.4) - https:\/\/yoast.com\/product\/yoast-seo-premium-wordpress\/ -->\n<title>Einzelunternehmen &#8211; Notariat Sch\u00f6ffmann<\/title>\n<meta name=\"description\" content=\"In \u00d6sterreich ist das Einzelunternehmen die am h\u00e4ufigsten gew\u00e4hlte Rechtsform. Alle Informationen dazu finden Sie auf unserer Webseite.\" \/>\n<meta name=\"robots\" content=\"index, follow, max-snippet:-1, max-image-preview:large, max-video-preview:-1\" \/>\n<link rel=\"canonical\" href=\"https:\/\/www.notariat-schoeffmann.at\/de\/unternehmen\/einzelunternehmen\/\" \/>\n<meta property=\"og:locale\" content=\"de_DE\" \/>\n<meta property=\"og:type\" content=\"article\" \/>\n<meta property=\"og:title\" content=\"Einzelunternehmen - Notariat Sch\u00f6ffmann\" \/>\n<meta property=\"og:description\" content=\"In \u00d6sterreich ist das Einzelunternehmen die am h\u00e4ufigsten gew\u00e4hlte Rechtsform. Alle Informationen dazu finden Sie auf unserer Webseite.\" \/>\n<meta property=\"og:url\" content=\"https:\/\/www.notariat-schoeffmann.at\/de\/unternehmen\/einzelunternehmen\/\" \/>\n<meta property=\"og:site_name\" content=\"Notariat Sch\u00f6ffmann\" \/>\n<meta property=\"article:publisher\" content=\"https:\/\/www.facebook.com\/NotarKlagenfurt\" \/>\n<meta property=\"article:modified_time\" content=\"2022-03-05T08:33:40+00:00\" \/>\n<meta property=\"og:image\" content=\"https:\/\/www.notariat-schoeffmann.at\/wp-content\/uploads\/2021\/11\/Juristen-1.jpg\" \/>\n\t<meta property=\"og:image:width\" content=\"1600\" \/>\n\t<meta property=\"og:image:height\" content=\"1067\" \/>\n\t<meta property=\"og:image:type\" content=\"image\/jpeg\" \/>\n<meta name=\"twitter:card\" content=\"summary_large_image\" \/>\n<script type=\"application\/ld+json\" class=\"yoast-schema-graph\">{\"@context\":\"https:\\\/\\\/schema.org\",\"@graph\":[{\"@type\":\"WebPage\",\"@id\":\"https:\\\/\\\/www.notariat-schoeffmann.at\\\/de\\\/unternehmen\\\/einzelunternehmen\\\/\",\"url\":\"https:\\\/\\\/www.notariat-schoeffmann.at\\\/de\\\/unternehmen\\\/einzelunternehmen\\\/\",\"name\":\"Einzelunternehmen &#8211; Notariat Sch\u00f6ffmann\",\"isPartOf\":{\"@id\":\"https:\\\/\\\/www.notariat-schoeffmann.at\\\/de\\\/#website\"},\"datePublished\":\"2021-08-09T08:22:22+00:00\",\"dateModified\":\"2022-03-05T08:33:40+00:00\",\"description\":\"In \u00d6sterreich ist das Einzelunternehmen die am h\u00e4ufigsten gew\u00e4hlte Rechtsform. Alle Informationen dazu finden Sie auf unserer Webseite.\",\"breadcrumb\":{\"@id\":\"https:\\\/\\\/www.notariat-schoeffmann.at\\\/de\\\/unternehmen\\\/einzelunternehmen\\\/#breadcrumb\"},\"inLanguage\":\"de\",\"potentialAction\":[{\"@type\":\"ReadAction\",\"target\":[\"https:\\\/\\\/www.notariat-schoeffmann.at\\\/de\\\/unternehmen\\\/einzelunternehmen\\\/\"]}]},{\"@type\":\"BreadcrumbList\",\"@id\":\"https:\\\/\\\/www.notariat-schoeffmann.at\\\/de\\\/unternehmen\\\/einzelunternehmen\\\/#breadcrumb\",\"itemListElement\":[{\"@type\":\"ListItem\",\"position\":1,\"name\":\"Startseite\",\"item\":\"https:\\\/\\\/www.notariat-schoeffmann.at\\\/de\\\/\"},{\"@type\":\"ListItem\",\"position\":2,\"name\":\"Unternehmen\",\"item\":\"https:\\\/\\\/www.notariat-schoeffmann.at\\\/de\\\/unternehmen\\\/\"},{\"@type\":\"ListItem\",\"position\":3,\"name\":\"Einzelunternehmen\"}]},{\"@type\":\"WebSite\",\"@id\":\"https:\\\/\\\/www.notariat-schoeffmann.at\\\/de\\\/#website\",\"url\":\"https:\\\/\\\/www.notariat-schoeffmann.at\\\/de\\\/\",\"name\":\"Notariat Sch\u00f6ffmann\",\"description\":\"Mag. Klaus Sch\u00f6ffmann - Ihr Notar in Klagenfurt\",\"publisher\":{\"@id\":\"https:\\\/\\\/www.notariat-schoeffmann.at\\\/de\\\/#organization\"},\"potentialAction\":[{\"@type\":\"SearchAction\",\"target\":{\"@type\":\"EntryPoint\",\"urlTemplate\":\"https:\\\/\\\/www.notariat-schoeffmann.at\\\/de\\\/?s={search_term_string}\"},\"query-input\":{\"@type\":\"PropertyValueSpecification\",\"valueRequired\":true,\"valueName\":\"search_term_string\"}}],\"inLanguage\":\"de\"},{\"@type\":\"Organization\",\"@id\":\"https:\\\/\\\/www.notariat-schoeffmann.at\\\/de\\\/#organization\",\"name\":\"Notariat Mag. Klaus Sch\u00f6ffmann Klagenfurt\",\"url\":\"https:\\\/\\\/www.notariat-schoeffmann.at\\\/de\\\/\",\"logo\":{\"@type\":\"ImageObject\",\"inLanguage\":\"de\",\"@id\":\"https:\\\/\\\/www.notariat-schoeffmann.at\\\/de\\\/#\\\/schema\\\/logo\\\/image\\\/\",\"url\":\"https:\\\/\\\/www.notariat-schoeffmann.at\\\/wp-content\\\/uploads\\\/2022\\\/02\\\/logo-notariat-schoeffmann.jpg\",\"contentUrl\":\"https:\\\/\\\/www.notariat-schoeffmann.at\\\/wp-content\\\/uploads\\\/2022\\\/02\\\/logo-notariat-schoeffmann.jpg\",\"width\":600,\"height\":600,\"caption\":\"Notariat Mag. Klaus Sch\u00f6ffmann Klagenfurt\"},\"image\":{\"@id\":\"https:\\\/\\\/www.notariat-schoeffmann.at\\\/de\\\/#\\\/schema\\\/logo\\\/image\\\/\"},\"sameAs\":[\"https:\\\/\\\/www.facebook.com\\\/NotarKlagenfurt\",\"https:\\\/\\\/www.youtube.com\\\/channel\\\/UCaITfbIQh6VIpzEonUsIhcg\"]}]}<\/script>\n<!-- \/ Yoast SEO Premium plugin. -->","yoast_head_json":{"title":"Einzelunternehmen &#8211; Notariat Sch\u00f6ffmann","description":"In \u00d6sterreich ist das Einzelunternehmen die am h\u00e4ufigsten gew\u00e4hlte Rechtsform. Alle Informationen dazu finden Sie auf unserer Webseite.","robots":{"index":"index","follow":"follow","max-snippet":"max-snippet:-1","max-image-preview":"max-image-preview:large","max-video-preview":"max-video-preview:-1"},"canonical":"https:\/\/www.notariat-schoeffmann.at\/de\/unternehmen\/einzelunternehmen\/","og_locale":"de_DE","og_type":"article","og_title":"Einzelunternehmen - Notariat Sch\u00f6ffmann","og_description":"In \u00d6sterreich ist das Einzelunternehmen die am h\u00e4ufigsten gew\u00e4hlte Rechtsform. Alle Informationen dazu finden Sie auf unserer Webseite.","og_url":"https:\/\/www.notariat-schoeffmann.at\/de\/unternehmen\/einzelunternehmen\/","og_site_name":"Notariat Sch\u00f6ffmann","article_publisher":"https:\/\/www.facebook.com\/NotarKlagenfurt","article_modified_time":"2022-03-05T08:33:40+00:00","og_image":[{"width":1600,"height":1067,"url":"https:\/\/www.notariat-schoeffmann.at\/wp-content\/uploads\/2021\/11\/Juristen-1.jpg","type":"image\/jpeg"}],"twitter_card":"summary_large_image","schema":{"@context":"https:\/\/schema.org","@graph":[{"@type":"WebPage","@id":"https:\/\/www.notariat-schoeffmann.at\/de\/unternehmen\/einzelunternehmen\/","url":"https:\/\/www.notariat-schoeffmann.at\/de\/unternehmen\/einzelunternehmen\/","name":"Einzelunternehmen &#8211; Notariat Sch\u00f6ffmann","isPartOf":{"@id":"https:\/\/www.notariat-schoeffmann.at\/de\/#website"},"datePublished":"2021-08-09T08:22:22+00:00","dateModified":"2022-03-05T08:33:40+00:00","description":"In \u00d6sterreich ist das Einzelunternehmen die am h\u00e4ufigsten gew\u00e4hlte Rechtsform. Alle Informationen dazu finden Sie auf unserer Webseite.","breadcrumb":{"@id":"https:\/\/www.notariat-schoeffmann.at\/de\/unternehmen\/einzelunternehmen\/#breadcrumb"},"inLanguage":"de","potentialAction":[{"@type":"ReadAction","target":["https:\/\/www.notariat-schoeffmann.at\/de\/unternehmen\/einzelunternehmen\/"]}]},{"@type":"BreadcrumbList","@id":"https:\/\/www.notariat-schoeffmann.at\/de\/unternehmen\/einzelunternehmen\/#breadcrumb","itemListElement":[{"@type":"ListItem","position":1,"name":"Startseite","item":"https:\/\/www.notariat-schoeffmann.at\/de\/"},{"@type":"ListItem","position":2,"name":"Unternehmen","item":"https:\/\/www.notariat-schoeffmann.at\/de\/unternehmen\/"},{"@type":"ListItem","position":3,"name":"Einzelunternehmen"}]},{"@type":"WebSite","@id":"https:\/\/www.notariat-schoeffmann.at\/de\/#website","url":"https:\/\/www.notariat-schoeffmann.at\/de\/","name":"Notariat Sch\u00f6ffmann","description":"Mag. Klaus Sch\u00f6ffmann - Ihr Notar in Klagenfurt","publisher":{"@id":"https:\/\/www.notariat-schoeffmann.at\/de\/#organization"},"potentialAction":[{"@type":"SearchAction","target":{"@type":"EntryPoint","urlTemplate":"https:\/\/www.notariat-schoeffmann.at\/de\/?s={search_term_string}"},"query-input":{"@type":"PropertyValueSpecification","valueRequired":true,"valueName":"search_term_string"}}],"inLanguage":"de"},{"@type":"Organization","@id":"https:\/\/www.notariat-schoeffmann.at\/de\/#organization","name":"Notariat Mag. Klaus Sch\u00f6ffmann Klagenfurt","url":"https:\/\/www.notariat-schoeffmann.at\/de\/","logo":{"@type":"ImageObject","inLanguage":"de","@id":"https:\/\/www.notariat-schoeffmann.at\/de\/#\/schema\/logo\/image\/","url":"https:\/\/www.notariat-schoeffmann.at\/wp-content\/uploads\/2022\/02\/logo-notariat-schoeffmann.jpg","contentUrl":"https:\/\/www.notariat-schoeffmann.at\/wp-content\/uploads\/2022\/02\/logo-notariat-schoeffmann.jpg","width":600,"height":600,"caption":"Notariat Mag. Klaus Sch\u00f6ffmann Klagenfurt"},"image":{"@id":"https:\/\/www.notariat-schoeffmann.at\/de\/#\/schema\/logo\/image\/"},"sameAs":["https:\/\/www.facebook.com\/NotarKlagenfurt","https:\/\/www.youtube.com\/channel\/UCaITfbIQh6VIpzEonUsIhcg"]}]}},"_links":{"self":[{"href":"https:\/\/www.notariat-schoeffmann.at\/de\/wp-json\/wp\/v2\/pages\/234","targetHints":{"allow":["GET"]}}],"collection":[{"href":"https:\/\/www.notariat-schoeffmann.at\/de\/wp-json\/wp\/v2\/pages"}],"about":[{"href":"https:\/\/www.notariat-schoeffmann.at\/de\/wp-json\/wp\/v2\/types\/page"}],"author":[{"embeddable":true,"href":"https:\/\/www.notariat-schoeffmann.at\/de\/wp-json\/wp\/v2\/users\/3"}],"replies":[{"embeddable":true,"href":"https:\/\/www.notariat-schoeffmann.at\/de\/wp-json\/wp\/v2\/comments?post=234"}],"version-history":[{"count":5,"href":"https:\/\/www.notariat-schoeffmann.at\/de\/wp-json\/wp\/v2\/pages\/234\/revisions"}],"predecessor-version":[{"id":2521,"href":"https:\/\/www.notariat-schoeffmann.at\/de\/wp-json\/wp\/v2\/pages\/234\/revisions\/2521"}],"up":[{"embeddable":true,"href":"https:\/\/www.notariat-schoeffmann.at\/de\/wp-json\/wp\/v2\/pages\/151"}],"wp:attachment":[{"href":"https:\/\/www.notariat-schoeffmann.at\/de\/wp-json\/wp\/v2\/media?parent=234"}],"wp:term":[{"taxonomy":"category","embeddable":true,"href":"https:\/\/www.notariat-schoeffmann.at\/de\/wp-json\/wp\/v2\/categories?post=234"}],"curies":[{"name":"wp","href":"https:\/\/api.w.org\/{rel}","templated":true}]}}