{"id":230,"date":"2021-08-09T10:19:34","date_gmt":"2021-08-09T08:19:34","guid":{"rendered":"https:\/\/www.notariat-schoeffmann.at\/?page_id=230"},"modified":"2022-03-05T09:46:45","modified_gmt":"2022-03-05T08:46:45","slug":"eigenkapitalersatzrecht","status":"publish","type":"page","link":"https:\/\/www.notariat-schoeffmann.at\/de\/unternehmen\/eigenkapitalersatzrecht\/","title":{"rendered":"Eigenkapitalersatzrecht"},"content":{"rendered":"<div class=\"lazyblock-infobox-8cxDM wp-block-lazyblock-infobox\"><div class=\"notar_einleitung\">\n\n  <div class=\"notar_einleitung_wrapper\"><p>Befindet sich eine Gesellschaft in der Krise, ist es eine beliebte Praxis, dass Gesellschafter ihrem Unternehmen ein Darlehen gew\u00e4hren, um die Gesellschaft dadurch am Leben zu erhalten.<\/p><\/div>\n<\/div>\n<\/div>\n\n\n<p><\/p>\n\n\n\n<p>Nun ist dabei aber folgendes zu beachten: Das Eigenkapitalersatzgesetz (EKEG) qualifiziert Darlehen, die Gesellschafter ihrer Gesellschaft in der Krise gew\u00e4hren, als&nbsp;<strong>eigenkapitalersetzend<\/strong>. Diese sind im Insolvenzverfahren anderen Forderungen gegen\u00fcber nachrangig.<\/p>\n\n\n\n<p>Beim Eigenkapitalersatzgesetz handelt es sich nicht blo\u00df um eine insolvenzrechtliche Vorschrift, sondern um eine grunds\u00e4tzliche rechtsform\u00fcbergreifende, gesellschaftsrechtliche Normierung.<\/p>\n\n\n\n<p>Nach dem EKEG befindet sich eine Gesellschaft in der Krise, wenn sie<\/p>\n\n\n\n<ul class=\"wp-block-list\"><li>zahlungsunf\u00e4hig oder<\/li><li>\u00fcberschuldet ist oder wenn<\/li><li>die Eigenmittelquote der Gesellschaft weniger als acht Prozent und die fiktive Schuldentilgungsdauer mehr als f\u00fcnfzehn Jahre betr\u00e4gt.<\/li><\/ul>\n\n\n\n<p>Ein solches Darlehen ist im Insolvenzverfahren<strong>&nbsp;den anderen Forderungen der Insolvenzgl\u00e4ubiger nachrangig<\/strong>. Das bedeutet, dass der Gesellschafter die R\u00fcckzahlung des Darlehens erst verlangen kann, wenn alle Insolvenzgl\u00e4ubiger quotenm\u00e4\u00dfig zur G\u00e4nze befriedigt wurden. Ist die Sanierung der Gesellschaft m\u00f6glich, darf das Darlehen bis zur nachhaltigen Sanierung der Gesellschaft weder unmittelbar noch mittelbar zur\u00fcckgezahlt werden.<\/p>\n","protected":false},"excerpt":{"rendered":"<p>Nun ist dabei aber folgendes zu beachten: Das Eigenkapitalersatzgesetz (EKEG) qualifiziert Darlehen, die Gesellschafter ihrer Gesellschaft in der Krise gew\u00e4hren, als&nbsp;eigenkapitalersetzend. Diese sind im Insolvenzverfahren anderen Forderungen gegen\u00fcber nachrangig. Beim Eigenkapitalersatzgesetz handelt es sich nicht blo\u00df um eine insolvenzrechtliche Vorschrift, sondern um eine grunds\u00e4tzliche rechtsform\u00fcbergreifende, gesellschaftsrechtliche Normierung. Nach dem EKEG befindet sich eine Gesellschaft in&hellip;<\/p>\n","protected":false},"author":3,"featured_media":0,"parent":151,"menu_order":12,"comment_status":"closed","ping_status":"closed","template":"","meta":{"inline_featured_image":false,"footnotes":""},"categories":[],"class_list":["post-230","page","type-page","status-publish","hentry","description-off"],"yoast_head":"<!-- This site is optimized with the Yoast SEO Premium plugin v26.7 (Yoast SEO v27.4) - https:\/\/yoast.com\/product\/yoast-seo-premium-wordpress\/ -->\n<title>Eigenkapitalersatzrecht &#8211; Notariat Sch\u00f6ffmann<\/title>\n<meta name=\"description\" content=\"Das Eigenkapitalersatzgesetz qualifiziert Gesellschafterdarlehen in der Krise als eigenkapitalersetzend. Diese sind im Insolvenzverfahren anderen Forderungen gegen\u00fcber nachrangig.\" \/>\n<meta name=\"robots\" content=\"index, follow, max-snippet:-1, max-image-preview:large, max-video-preview:-1\" \/>\n<link rel=\"canonical\" href=\"https:\/\/www.notariat-schoeffmann.at\/de\/unternehmen\/eigenkapitalersatzrecht\/\" \/>\n<meta property=\"og:locale\" content=\"de_DE\" \/>\n<meta property=\"og:type\" content=\"article\" \/>\n<meta property=\"og:title\" content=\"Eigenkapitalersatzrecht - Notariat Sch\u00f6ffmann\" \/>\n<meta property=\"og:description\" content=\"Das Eigenkapitalersatzgesetz qualifiziert Gesellschafterdarlehen in der Krise als eigenkapitalersetzend. Diese sind im Insolvenzverfahren anderen Forderungen gegen\u00fcber nachrangig.\" \/>\n<meta property=\"og:url\" content=\"https:\/\/www.notariat-schoeffmann.at\/de\/unternehmen\/eigenkapitalersatzrecht\/\" \/>\n<meta property=\"og:site_name\" content=\"Notariat Sch\u00f6ffmann\" \/>\n<meta property=\"article:publisher\" content=\"https:\/\/www.facebook.com\/NotarKlagenfurt\" \/>\n<meta property=\"article:modified_time\" content=\"2022-03-05T08:46:45+00:00\" \/>\n<meta property=\"og:image\" content=\"https:\/\/www.notariat-schoeffmann.at\/wp-content\/uploads\/2021\/11\/Juristen-1.jpg\" \/>\n\t<meta property=\"og:image:width\" content=\"1600\" \/>\n\t<meta property=\"og:image:height\" content=\"1067\" \/>\n\t<meta property=\"og:image:type\" content=\"image\/jpeg\" \/>\n<meta name=\"twitter:card\" content=\"summary_large_image\" \/>\n<script type=\"application\/ld+json\" class=\"yoast-schema-graph\">{\"@context\":\"https:\\\/\\\/schema.org\",\"@graph\":[{\"@type\":\"WebPage\",\"@id\":\"https:\\\/\\\/www.notariat-schoeffmann.at\\\/de\\\/unternehmen\\\/eigenkapitalersatzrecht\\\/\",\"url\":\"https:\\\/\\\/www.notariat-schoeffmann.at\\\/de\\\/unternehmen\\\/eigenkapitalersatzrecht\\\/\",\"name\":\"Eigenkapitalersatzrecht &#8211; Notariat Sch\u00f6ffmann\",\"isPartOf\":{\"@id\":\"https:\\\/\\\/www.notariat-schoeffmann.at\\\/de\\\/#website\"},\"datePublished\":\"2021-08-09T08:19:34+00:00\",\"dateModified\":\"2022-03-05T08:46:45+00:00\",\"description\":\"Das Eigenkapitalersatzgesetz qualifiziert Gesellschafterdarlehen in der Krise als eigenkapitalersetzend. Diese sind im Insolvenzverfahren anderen Forderungen gegen\u00fcber nachrangig.\",\"breadcrumb\":{\"@id\":\"https:\\\/\\\/www.notariat-schoeffmann.at\\\/de\\\/unternehmen\\\/eigenkapitalersatzrecht\\\/#breadcrumb\"},\"inLanguage\":\"de\",\"potentialAction\":[{\"@type\":\"ReadAction\",\"target\":[\"https:\\\/\\\/www.notariat-schoeffmann.at\\\/de\\\/unternehmen\\\/eigenkapitalersatzrecht\\\/\"]}]},{\"@type\":\"BreadcrumbList\",\"@id\":\"https:\\\/\\\/www.notariat-schoeffmann.at\\\/de\\\/unternehmen\\\/eigenkapitalersatzrecht\\\/#breadcrumb\",\"itemListElement\":[{\"@type\":\"ListItem\",\"position\":1,\"name\":\"Startseite\",\"item\":\"https:\\\/\\\/www.notariat-schoeffmann.at\\\/de\\\/\"},{\"@type\":\"ListItem\",\"position\":2,\"name\":\"Unternehmen\",\"item\":\"https:\\\/\\\/www.notariat-schoeffmann.at\\\/de\\\/unternehmen\\\/\"},{\"@type\":\"ListItem\",\"position\":3,\"name\":\"Eigenkapitalersatzrecht\"}]},{\"@type\":\"WebSite\",\"@id\":\"https:\\\/\\\/www.notariat-schoeffmann.at\\\/de\\\/#website\",\"url\":\"https:\\\/\\\/www.notariat-schoeffmann.at\\\/de\\\/\",\"name\":\"Notariat Sch\u00f6ffmann\",\"description\":\"Mag. Klaus Sch\u00f6ffmann - Ihr Notar in Klagenfurt\",\"publisher\":{\"@id\":\"https:\\\/\\\/www.notariat-schoeffmann.at\\\/de\\\/#organization\"},\"potentialAction\":[{\"@type\":\"SearchAction\",\"target\":{\"@type\":\"EntryPoint\",\"urlTemplate\":\"https:\\\/\\\/www.notariat-schoeffmann.at\\\/de\\\/?s={search_term_string}\"},\"query-input\":{\"@type\":\"PropertyValueSpecification\",\"valueRequired\":true,\"valueName\":\"search_term_string\"}}],\"inLanguage\":\"de\"},{\"@type\":\"Organization\",\"@id\":\"https:\\\/\\\/www.notariat-schoeffmann.at\\\/de\\\/#organization\",\"name\":\"Notariat Mag. Klaus Sch\u00f6ffmann Klagenfurt\",\"url\":\"https:\\\/\\\/www.notariat-schoeffmann.at\\\/de\\\/\",\"logo\":{\"@type\":\"ImageObject\",\"inLanguage\":\"de\",\"@id\":\"https:\\\/\\\/www.notariat-schoeffmann.at\\\/de\\\/#\\\/schema\\\/logo\\\/image\\\/\",\"url\":\"https:\\\/\\\/www.notariat-schoeffmann.at\\\/wp-content\\\/uploads\\\/2022\\\/02\\\/logo-notariat-schoeffmann.jpg\",\"contentUrl\":\"https:\\\/\\\/www.notariat-schoeffmann.at\\\/wp-content\\\/uploads\\\/2022\\\/02\\\/logo-notariat-schoeffmann.jpg\",\"width\":600,\"height\":600,\"caption\":\"Notariat Mag. Klaus Sch\u00f6ffmann Klagenfurt\"},\"image\":{\"@id\":\"https:\\\/\\\/www.notariat-schoeffmann.at\\\/de\\\/#\\\/schema\\\/logo\\\/image\\\/\"},\"sameAs\":[\"https:\\\/\\\/www.facebook.com\\\/NotarKlagenfurt\",\"https:\\\/\\\/www.youtube.com\\\/channel\\\/UCaITfbIQh6VIpzEonUsIhcg\"]}]}<\/script>\n<!-- \/ Yoast SEO Premium plugin. -->","yoast_head_json":{"title":"Eigenkapitalersatzrecht &#8211; Notariat Sch\u00f6ffmann","description":"Das Eigenkapitalersatzgesetz qualifiziert Gesellschafterdarlehen in der Krise als eigenkapitalersetzend. Diese sind im Insolvenzverfahren anderen Forderungen gegen\u00fcber nachrangig.","robots":{"index":"index","follow":"follow","max-snippet":"max-snippet:-1","max-image-preview":"max-image-preview:large","max-video-preview":"max-video-preview:-1"},"canonical":"https:\/\/www.notariat-schoeffmann.at\/de\/unternehmen\/eigenkapitalersatzrecht\/","og_locale":"de_DE","og_type":"article","og_title":"Eigenkapitalersatzrecht - Notariat Sch\u00f6ffmann","og_description":"Das Eigenkapitalersatzgesetz qualifiziert Gesellschafterdarlehen in der Krise als eigenkapitalersetzend. Diese sind im Insolvenzverfahren anderen Forderungen gegen\u00fcber nachrangig.","og_url":"https:\/\/www.notariat-schoeffmann.at\/de\/unternehmen\/eigenkapitalersatzrecht\/","og_site_name":"Notariat Sch\u00f6ffmann","article_publisher":"https:\/\/www.facebook.com\/NotarKlagenfurt","article_modified_time":"2022-03-05T08:46:45+00:00","og_image":[{"width":1600,"height":1067,"url":"https:\/\/www.notariat-schoeffmann.at\/wp-content\/uploads\/2021\/11\/Juristen-1.jpg","type":"image\/jpeg"}],"twitter_card":"summary_large_image","schema":{"@context":"https:\/\/schema.org","@graph":[{"@type":"WebPage","@id":"https:\/\/www.notariat-schoeffmann.at\/de\/unternehmen\/eigenkapitalersatzrecht\/","url":"https:\/\/www.notariat-schoeffmann.at\/de\/unternehmen\/eigenkapitalersatzrecht\/","name":"Eigenkapitalersatzrecht &#8211; Notariat Sch\u00f6ffmann","isPartOf":{"@id":"https:\/\/www.notariat-schoeffmann.at\/de\/#website"},"datePublished":"2021-08-09T08:19:34+00:00","dateModified":"2022-03-05T08:46:45+00:00","description":"Das Eigenkapitalersatzgesetz qualifiziert Gesellschafterdarlehen in der Krise als eigenkapitalersetzend. Diese sind im Insolvenzverfahren anderen Forderungen gegen\u00fcber nachrangig.","breadcrumb":{"@id":"https:\/\/www.notariat-schoeffmann.at\/de\/unternehmen\/eigenkapitalersatzrecht\/#breadcrumb"},"inLanguage":"de","potentialAction":[{"@type":"ReadAction","target":["https:\/\/www.notariat-schoeffmann.at\/de\/unternehmen\/eigenkapitalersatzrecht\/"]}]},{"@type":"BreadcrumbList","@id":"https:\/\/www.notariat-schoeffmann.at\/de\/unternehmen\/eigenkapitalersatzrecht\/#breadcrumb","itemListElement":[{"@type":"ListItem","position":1,"name":"Startseite","item":"https:\/\/www.notariat-schoeffmann.at\/de\/"},{"@type":"ListItem","position":2,"name":"Unternehmen","item":"https:\/\/www.notariat-schoeffmann.at\/de\/unternehmen\/"},{"@type":"ListItem","position":3,"name":"Eigenkapitalersatzrecht"}]},{"@type":"WebSite","@id":"https:\/\/www.notariat-schoeffmann.at\/de\/#website","url":"https:\/\/www.notariat-schoeffmann.at\/de\/","name":"Notariat Sch\u00f6ffmann","description":"Mag. Klaus Sch\u00f6ffmann - Ihr Notar in Klagenfurt","publisher":{"@id":"https:\/\/www.notariat-schoeffmann.at\/de\/#organization"},"potentialAction":[{"@type":"SearchAction","target":{"@type":"EntryPoint","urlTemplate":"https:\/\/www.notariat-schoeffmann.at\/de\/?s={search_term_string}"},"query-input":{"@type":"PropertyValueSpecification","valueRequired":true,"valueName":"search_term_string"}}],"inLanguage":"de"},{"@type":"Organization","@id":"https:\/\/www.notariat-schoeffmann.at\/de\/#organization","name":"Notariat Mag. Klaus Sch\u00f6ffmann Klagenfurt","url":"https:\/\/www.notariat-schoeffmann.at\/de\/","logo":{"@type":"ImageObject","inLanguage":"de","@id":"https:\/\/www.notariat-schoeffmann.at\/de\/#\/schema\/logo\/image\/","url":"https:\/\/www.notariat-schoeffmann.at\/wp-content\/uploads\/2022\/02\/logo-notariat-schoeffmann.jpg","contentUrl":"https:\/\/www.notariat-schoeffmann.at\/wp-content\/uploads\/2022\/02\/logo-notariat-schoeffmann.jpg","width":600,"height":600,"caption":"Notariat Mag. Klaus Sch\u00f6ffmann Klagenfurt"},"image":{"@id":"https:\/\/www.notariat-schoeffmann.at\/de\/#\/schema\/logo\/image\/"},"sameAs":["https:\/\/www.facebook.com\/NotarKlagenfurt","https:\/\/www.youtube.com\/channel\/UCaITfbIQh6VIpzEonUsIhcg"]}]}},"_links":{"self":[{"href":"https:\/\/www.notariat-schoeffmann.at\/de\/wp-json\/wp\/v2\/pages\/230","targetHints":{"allow":["GET"]}}],"collection":[{"href":"https:\/\/www.notariat-schoeffmann.at\/de\/wp-json\/wp\/v2\/pages"}],"about":[{"href":"https:\/\/www.notariat-schoeffmann.at\/de\/wp-json\/wp\/v2\/types\/page"}],"author":[{"embeddable":true,"href":"https:\/\/www.notariat-schoeffmann.at\/de\/wp-json\/wp\/v2\/users\/3"}],"replies":[{"embeddable":true,"href":"https:\/\/www.notariat-schoeffmann.at\/de\/wp-json\/wp\/v2\/comments?post=230"}],"version-history":[{"count":4,"href":"https:\/\/www.notariat-schoeffmann.at\/de\/wp-json\/wp\/v2\/pages\/230\/revisions"}],"predecessor-version":[{"id":2347,"href":"https:\/\/www.notariat-schoeffmann.at\/de\/wp-json\/wp\/v2\/pages\/230\/revisions\/2347"}],"up":[{"embeddable":true,"href":"https:\/\/www.notariat-schoeffmann.at\/de\/wp-json\/wp\/v2\/pages\/151"}],"wp:attachment":[{"href":"https:\/\/www.notariat-schoeffmann.at\/de\/wp-json\/wp\/v2\/media?parent=230"}],"wp:term":[{"taxonomy":"category","embeddable":true,"href":"https:\/\/www.notariat-schoeffmann.at\/de\/wp-json\/wp\/v2\/categories?post=230"}],"curies":[{"name":"wp","href":"https:\/\/api.w.org\/{rel}","templated":true}]}}