{"id":224,"date":"2021-08-09T10:17:25","date_gmt":"2021-08-09T08:17:25","guid":{"rendered":"https:\/\/www.notariat-schoeffmann.at\/?page_id=224"},"modified":"2022-03-05T09:43:32","modified_gmt":"2022-03-05T08:43:32","slug":"haftung-des-betriebsuebernehmers","status":"publish","type":"page","link":"https:\/\/www.notariat-schoeffmann.at\/de\/unternehmen\/haftung-des-betriebsuebernehmers\/","title":{"rendered":"Haftung des Betriebs\u00fcbernehmers"},"content":{"rendered":"\n<h2 class=\"wp-block-heading\">Welche Haftungen oder Belastungen k\u00f6nnen mich treffen?<\/h2>\n\n\n\n<p>Wer ein Unternehmen \u00fcbernimmt und weiterf\u00fchrt, muss auch f\u00fcr Verbindlichkeiten einstehen!<\/p>\n\n\n\n<p><i>Daher ist die Analyse der Haftungsfolgen ein wesentlicher Baustein bei der Vorbereitung einer \u00dcbergabe.<\/i><\/p>\n\n\n\n<p>Die wichtigsten Haftungs- und Gew\u00e4hrleistungsbestimmungen (ohne Anspruch auf Vollst\u00e4ndigkeit) finden sich im Zivilrecht (ABGB, MRG), dem Unternehmensrecht (UGB), dem Steuerrecht (BAO), dem Sozialversicherungsrecht (ASVG) und dem Verwaltungsrecht (GewO).<\/p>\n\n\n\n<h3 class=\"wp-block-heading\">Haftung aus Verm\u00f6gens\u00fcbernahme<\/h3>\n\n\n\n<p>Wer ein Verm\u00f6gen als Ganzes \u00fcbernimmt, haftet neben dem \u00dcbergeber, Gl\u00e4ubigern gegen\u00fcber bis zum Wert des \u00fcbernommenen Verm\u00f6gens (\u00a7 1409 Abs 1 ABGB) f\u00fcr Verbindlichkeiten, die er bei der \u00dcbernahme kannte oder kennen musste. \u00dcbernimmt ein naher Angeh\u00f6riger ein Verm\u00f6gen, muss er beweisen, dass er die Verbindlichkeiten nicht kannte oder kennen musste (Beweislastumkehr). Diese Haftung kann vertraglich nicht abbedungen werden.<\/p>\n\n\n<div class=\"lazyblock-infobox-1Tel3i wp-block-lazyblock-infobox\"><div class=\"notar_standard\">\n  <h2>Tipp<\/h2>\n  <div class=\"notar_infobox_content\"><p>Diese Erwerberhaftung trifft den \u00dcbernehmer nicht bei \u00dcbernahme aus Zwangsvollstreckung oder Insolvenz zufolge der Sonderregel des \u00a7 1409a ABGB.<\/p><p>Daher ist die Betriebs\u00fcbernahme aus einer Insolvenz heraus zuweilen eine interessante Variante.<\/p><\/div>\n<\/div>\n\n<\/div>\n\n\n<h3 class=\"wp-block-heading\" id=\"unternehmensrechtliche-haftung\">Unternehmensrechtliche Haftung<\/h3>\n\n\n\n<p>Wer ein unter Lebenden erworbenes Unternehmen fortf\u00fchrt, \u00fcbernimmt mit dem \u00dcbergang alle unternehmensbezogenen Rechtsverh\u00e4ltnisse (\u00a7 38 UGB). Neben dem \u00dcbernehmer haftet der \u00dcbergeber weiterhin f\u00fcr jene Verbindlichkeiten, die binnen f\u00fcnf Jahren nach dem \u00dcbergang f\u00e4llig werden.<\/p>\n\n\n\n<p>Es kann eine abweichende Vereinbarung getroffen werden. Diese ist Dritten gegen\u00fcber nur dann wirksam, wenn sie im Firmenbuch eingetragen, auf verkehrs\u00fcbliche Weise bekannt gemacht oder dem Dritten mitgeteilt wurde.<\/p>\n\n\n\n<p>\u00a7 38 UGB l\u00e4sst eine durch andere Bestimmungen begr\u00fcndete Haftung unber\u00fchrt. Deshalb ist auch \u00a7 1409 ABGB zu beachten.<\/p>\n\n\n\n<p><strong>Konkret bedeutet dies, dass gem\u00e4\u00df den unternehmensrechtlichen Bestimmungen die Haftung zwischen \u00dcbernehmer und \u00dcbergeber durch Vereinbarung ausgeschlossen werden kann. Dieser Haftungsausschluss gilt allerdings nur im Innenverh\u00e4ltnis zwischen den beiden. Gegen\u00fcber den Gl\u00e4ubigern des Unternehmens haftet der \u00dcbernehmer aber aufgrund \u00a7 1409 ABGB immer bis zum Wert des \u00fcbernommenen Verm\u00f6gens.<\/strong><\/p>\n\n\n\n<h3 class=\"wp-block-heading\" id=\"haftung-nach-bundesabgabenordnung\">Haftung nach Bundesabgabenordnung<\/h3>\n\n\n\n<p>Den Erwerber treffen Haftungen f\u00fcr betriebsbezogene Abgaben und betriebsbezogene Abzugssteuern f\u00fcr das letzte Kalenderjahr (vgl. \u00a7 14 BAO). Dies gilt insoweit, als der Erwerber die in Betracht kommenden Schulden kannte oder kennen musste und er nicht schon so viel entrichtet hat, wie dem Wert des \u00fcbertragenen Verm\u00f6gens ohne Abzug der Schulden entspricht.<\/p>\n\n\n\n<p>Diese Haftung greift nicht beim Erwerb im Zuge eines Vollstreckungsverfahrens und Insolvenz.<\/p>\n\n\n\n<h3 class=\"wp-block-heading\" id=\"haftung-aus-sozialversicherung\">Haftung aus Sozialversicherung<\/h3>\n\n\n\n<p>Der Erwerber haftet f\u00fcr nicht abgef\u00fchrte Sozialversicherungsbeitr\u00e4ge f\u00fcr 12 Monate vor dem Erwerb (\u00a7 67 Abs. 4 ASVG). Der Erwerber sollte daher auf jeden Fall beim Sozialversicherungstr\u00e4ger anfragen, ob Beitragsr\u00fcckst\u00e4nde bestehen, da er im Fall einer Beauskunftung nur f\u00fcr die Betr\u00e4ge haftet, die ihm von der Sozialversicherung als ausstehend mitgeteilt wurden. Auch diese Haftung greift nicht beim Erwerb aus der Insolvenz.<\/p>\n\n\n\n<h3 class=\"wp-block-heading\" id=\"arbeitsvertrage\">Arbeitsvertr\u00e4ge<\/h3>\n\n\n\n<p>Alle Arbeitsverh\u00e4ltnisse gehen kraft gesetzlicher Bestimmung (Arbeitsvertragsrechtsanpassungsgesetz, AVRAG) auf den Erwerber \u00fcber. Dieser ist daher an alle arbeitsrechtlichen Verpflichtungen seines Vorg\u00e4ngers gebunden. Daher ist ein Verzeichnis aller Arbeitnehmer zu besorgen und alle Sondervereinbarungen (z.B. Pensionszusagen) sind zu hinterfragen. Sollen (bestimmte) Arbeitsverh\u00e4ltnisse nicht \u00fcbernommen werden, hat der \u00dcbergeber diese Arbeitsverh\u00e4ltnisse rechtzeitig und formrichtig aufzuk\u00fcndigen.<\/p>\n\n\n\n<h3 class=\"wp-block-heading\" id=\"gewerberechtliche-haftungen-gewerbeberechtigung\">Gewerberechtliche Haftungen, Gewerbeberechtigung<\/h3>\n\n\n\n<p>Die Gewerbeordnung erlegt den Betrieben ebenfalls Pflichten auf. Die Betriebs\u00fcbernahme sollte zum Anlass genommen werden zu \u00fcberpr\u00fcfen, ob die erforderlichen gewerberechtlichen Voraussetzungen erf\u00fcllt sind, insbesondere also alle erforderlichen Gewerbescheine vorliegen und alle Betriebsanlagengenehmigungen vorhanden sind und darin ausgesprochene Auflagen eingehalten werden.<\/p>\n\n\n\n<p>Tritt ein Wechsel in der Person des gewerberechtlichen Gesch\u00e4ftsf\u00fchrers ein, ist f\u00fcr Ersatz zu sorgen. Dies kann ein Grund sein, den \u00dcbergeber noch im Betrieb zu halten, bis der Erwerber die erforderlichen gewerberechtlichen Voraussetzungen selbst erbringt und die auch die Funktion des gewerberechtlichen Gesch\u00e4ftsf\u00fchrers \u00fcbernehmen kann.<\/p>\n\n\n\n<p>Besonderes gilt bei Umgr\u00fcndungen, da hier die Gewerbeordnung einen automatischen \u00dcbergang der Gewerbeberechtigung vorsieht (beachte jedoch die Meldepflicht nach \u00a7 11 GewO). Im Fall der Verpachtung eines Betriebes kann die Gewerbeberechtigung der Aus\u00fcbung nach \u00fcbertragen werden.<\/p>\n\n\n\n<h3 class=\"wp-block-heading\" id=\"mietrechtsubergang\">Mietrechts\u00fcbergang<\/h3>\n\n\n\n<p>Bei Ver\u00e4u\u00dferung des Betriebes tritt der Erwerber anstelle des \u00dcbergebers in bestehende Hauptmietverh\u00e4ltnisse ein, wenn der Betrieb im Mietobjekt betrieben wurde. Zu beachten ist, dass bei der Betriebs\u00fcbernahme der Vermieter unter bestimmten Umst\u00e4nden das Recht hat, den Mietzins auf den mietrechtlich angemessenen Mietzins anzuheben (\u00a7\u00a7 12a, 16 MRG). Erwerber und \u00dcbergeber sind verpflichtet, die Betriebs\u00fcbergabe dem Vermieter anzuzeigen. Diese Bestimmung greift auch, wenn sich die Beteiligungsverh\u00e4ltnisse am Rechtstr\u00e4ger entscheidend \u00e4ndern (z.B. durch Anteilskauf).<\/p>\n\n\n\n<p>Besteht einer der Vorteile des zu \u00fcbernehmenden Betriebes also in einem besonders g\u00fcnstigen Mietrecht, so ist vorweg abzukl\u00e4ren, ob der Vermieter die Betriebs\u00fcbernahme nicht zum Anlass nimmt, den Mietzins anzuheben.<\/p>\n\n\n\n<h3 class=\"wp-block-heading\" id=\"versicherungsvertrage\">Versicherungsvertr\u00e4ge<\/h3>\n\n\n\n<p>Alle Versicherungsvertr\u00e4ge sind anzupassen. Der Erwerber &#8211; wie auch der Versicherer &#8211; kann Versicherungsvertr\u00e4ge binnen Monatsfrist nach \u00dcbernahme k\u00fcndigen (\u00a7\u00a7 69 f. Versicherungsvertragsgesetz).<\/p>\n\n\n\n<h3 class=\"wp-block-heading\" id=\"garantiezusagen-gewahrleistungsabreden\">Garantiezusagen, Gew\u00e4hrleistungsabreden<\/h3>\n\n\n\n<p>Der Erwerber kann sich besondere Eigenschaften des Betriebes ausdr\u00fccklich zusichern lassen, der \u00dcbergeber kann die Gew\u00e4hrleistung f\u00fcr bestimmte Verm\u00f6genswerte oder Eigenschaften ausdr\u00fccklich ausschlie\u00dfen wollen. Auch kann im Zuge der \u00dcbergabe vereinbart werden, welche Folgen die Nichteinhaltung bestimmter Zusagen haben soll. So kann die Konsequenz in einer Konventionalstrafe (pauschalierter Schadenersatz), Kaufpreisminderung oder g\u00e4nzlicher Aufhebung des Kaufvertrages bestehen.<\/p>\n","protected":false},"excerpt":{"rendered":"<p>Welche Haftungen oder Belastungen k\u00f6nnen mich treffen? Wer ein Unternehmen \u00fcbernimmt und weiterf\u00fchrt, muss auch f\u00fcr Verbindlichkeiten einstehen! Daher ist die Analyse der Haftungsfolgen ein wesentlicher Baustein bei der Vorbereitung einer \u00dcbergabe. Die wichtigsten Haftungs- und Gew\u00e4hrleistungsbestimmungen (ohne Anspruch auf Vollst\u00e4ndigkeit) finden sich im Zivilrecht (ABGB, MRG), dem Unternehmensrecht (UGB), dem Steuerrecht (BAO), dem Sozialversicherungsrecht&hellip;<\/p>\n","protected":false},"author":3,"featured_media":0,"parent":151,"menu_order":11,"comment_status":"closed","ping_status":"closed","template":"","meta":{"inline_featured_image":false,"footnotes":""},"categories":[],"class_list":["post-224","page","type-page","status-publish","hentry","description-off"],"yoast_head":"<!-- This site is optimized with the Yoast SEO Premium plugin v26.7 (Yoast SEO v27.4) - https:\/\/yoast.com\/product\/yoast-seo-premium-wordpress\/ -->\n<title>Haftung des Betriebs\u00fcbernehmers &#8211; Notariat Sch\u00f6ffmann<\/title>\n<meta name=\"description\" content=\"Wer ein Unternehmen \u00fcbernimmt und weiterf\u00fchrt, muss auch f\u00fcr Verbindlichkeiten einstehen! Eine \u00dcbersicht der Haftung des Betriebs\u00fcbernehmers.\" \/>\n<meta name=\"robots\" content=\"index, follow, max-snippet:-1, max-image-preview:large, max-video-preview:-1\" \/>\n<link rel=\"canonical\" href=\"https:\/\/www.notariat-schoeffmann.at\/de\/unternehmen\/haftung-des-betriebsuebernehmers\/\" \/>\n<meta property=\"og:locale\" content=\"de_DE\" \/>\n<meta property=\"og:type\" content=\"article\" \/>\n<meta property=\"og:title\" content=\"Haftung des Betriebs\u00fcbernehmers - Notariat Sch\u00f6ffmann\" \/>\n<meta property=\"og:description\" content=\"Wer ein Unternehmen \u00fcbernimmt und weiterf\u00fchrt, muss auch f\u00fcr Verbindlichkeiten einstehen! Eine \u00dcbersicht der Haftung des Betriebs\u00fcbernehmers.\" \/>\n<meta property=\"og:url\" content=\"https:\/\/www.notariat-schoeffmann.at\/de\/unternehmen\/haftung-des-betriebsuebernehmers\/\" \/>\n<meta property=\"og:site_name\" content=\"Notariat Sch\u00f6ffmann\" \/>\n<meta property=\"article:publisher\" content=\"https:\/\/www.facebook.com\/NotarKlagenfurt\" \/>\n<meta property=\"article:modified_time\" content=\"2022-03-05T08:43:32+00:00\" \/>\n<meta property=\"og:image\" content=\"https:\/\/www.notariat-schoeffmann.at\/wp-content\/uploads\/2021\/11\/Juristen-1.jpg\" \/>\n\t<meta property=\"og:image:width\" content=\"1600\" \/>\n\t<meta property=\"og:image:height\" content=\"1067\" \/>\n\t<meta property=\"og:image:type\" content=\"image\/jpeg\" \/>\n<meta name=\"twitter:card\" content=\"summary_large_image\" \/>\n<script type=\"application\/ld+json\" class=\"yoast-schema-graph\">{\"@context\":\"https:\\\/\\\/schema.org\",\"@graph\":[{\"@type\":\"WebPage\",\"@id\":\"https:\\\/\\\/www.notariat-schoeffmann.at\\\/de\\\/unternehmen\\\/haftung-des-betriebsuebernehmers\\\/\",\"url\":\"https:\\\/\\\/www.notariat-schoeffmann.at\\\/de\\\/unternehmen\\\/haftung-des-betriebsuebernehmers\\\/\",\"name\":\"Haftung des Betriebs\u00fcbernehmers &#8211; Notariat Sch\u00f6ffmann\",\"isPartOf\":{\"@id\":\"https:\\\/\\\/www.notariat-schoeffmann.at\\\/de\\\/#website\"},\"datePublished\":\"2021-08-09T08:17:25+00:00\",\"dateModified\":\"2022-03-05T08:43:32+00:00\",\"description\":\"Wer ein Unternehmen \u00fcbernimmt und weiterf\u00fchrt, muss auch f\u00fcr Verbindlichkeiten einstehen! Eine \u00dcbersicht der Haftung des Betriebs\u00fcbernehmers.\",\"breadcrumb\":{\"@id\":\"https:\\\/\\\/www.notariat-schoeffmann.at\\\/de\\\/unternehmen\\\/haftung-des-betriebsuebernehmers\\\/#breadcrumb\"},\"inLanguage\":\"de\",\"potentialAction\":[{\"@type\":\"ReadAction\",\"target\":[\"https:\\\/\\\/www.notariat-schoeffmann.at\\\/de\\\/unternehmen\\\/haftung-des-betriebsuebernehmers\\\/\"]}]},{\"@type\":\"BreadcrumbList\",\"@id\":\"https:\\\/\\\/www.notariat-schoeffmann.at\\\/de\\\/unternehmen\\\/haftung-des-betriebsuebernehmers\\\/#breadcrumb\",\"itemListElement\":[{\"@type\":\"ListItem\",\"position\":1,\"name\":\"Startseite\",\"item\":\"https:\\\/\\\/www.notariat-schoeffmann.at\\\/de\\\/\"},{\"@type\":\"ListItem\",\"position\":2,\"name\":\"Unternehmen\",\"item\":\"https:\\\/\\\/www.notariat-schoeffmann.at\\\/de\\\/unternehmen\\\/\"},{\"@type\":\"ListItem\",\"position\":3,\"name\":\"Haftung des Betriebs\u00fcbernehmers\"}]},{\"@type\":\"WebSite\",\"@id\":\"https:\\\/\\\/www.notariat-schoeffmann.at\\\/de\\\/#website\",\"url\":\"https:\\\/\\\/www.notariat-schoeffmann.at\\\/de\\\/\",\"name\":\"Notariat Sch\u00f6ffmann\",\"description\":\"Mag. Klaus Sch\u00f6ffmann - Ihr Notar in Klagenfurt\",\"publisher\":{\"@id\":\"https:\\\/\\\/www.notariat-schoeffmann.at\\\/de\\\/#organization\"},\"potentialAction\":[{\"@type\":\"SearchAction\",\"target\":{\"@type\":\"EntryPoint\",\"urlTemplate\":\"https:\\\/\\\/www.notariat-schoeffmann.at\\\/de\\\/?s={search_term_string}\"},\"query-input\":{\"@type\":\"PropertyValueSpecification\",\"valueRequired\":true,\"valueName\":\"search_term_string\"}}],\"inLanguage\":\"de\"},{\"@type\":\"Organization\",\"@id\":\"https:\\\/\\\/www.notariat-schoeffmann.at\\\/de\\\/#organization\",\"name\":\"Notariat Mag. Klaus Sch\u00f6ffmann Klagenfurt\",\"url\":\"https:\\\/\\\/www.notariat-schoeffmann.at\\\/de\\\/\",\"logo\":{\"@type\":\"ImageObject\",\"inLanguage\":\"de\",\"@id\":\"https:\\\/\\\/www.notariat-schoeffmann.at\\\/de\\\/#\\\/schema\\\/logo\\\/image\\\/\",\"url\":\"https:\\\/\\\/www.notariat-schoeffmann.at\\\/wp-content\\\/uploads\\\/2022\\\/02\\\/logo-notariat-schoeffmann.jpg\",\"contentUrl\":\"https:\\\/\\\/www.notariat-schoeffmann.at\\\/wp-content\\\/uploads\\\/2022\\\/02\\\/logo-notariat-schoeffmann.jpg\",\"width\":600,\"height\":600,\"caption\":\"Notariat Mag. Klaus Sch\u00f6ffmann Klagenfurt\"},\"image\":{\"@id\":\"https:\\\/\\\/www.notariat-schoeffmann.at\\\/de\\\/#\\\/schema\\\/logo\\\/image\\\/\"},\"sameAs\":[\"https:\\\/\\\/www.facebook.com\\\/NotarKlagenfurt\",\"https:\\\/\\\/www.youtube.com\\\/channel\\\/UCaITfbIQh6VIpzEonUsIhcg\"]}]}<\/script>\n<!-- \/ Yoast SEO Premium plugin. -->","yoast_head_json":{"title":"Haftung des Betriebs\u00fcbernehmers &#8211; Notariat Sch\u00f6ffmann","description":"Wer ein Unternehmen \u00fcbernimmt und weiterf\u00fchrt, muss auch f\u00fcr Verbindlichkeiten einstehen! Eine \u00dcbersicht der Haftung des Betriebs\u00fcbernehmers.","robots":{"index":"index","follow":"follow","max-snippet":"max-snippet:-1","max-image-preview":"max-image-preview:large","max-video-preview":"max-video-preview:-1"},"canonical":"https:\/\/www.notariat-schoeffmann.at\/de\/unternehmen\/haftung-des-betriebsuebernehmers\/","og_locale":"de_DE","og_type":"article","og_title":"Haftung des Betriebs\u00fcbernehmers - Notariat Sch\u00f6ffmann","og_description":"Wer ein Unternehmen \u00fcbernimmt und weiterf\u00fchrt, muss auch f\u00fcr Verbindlichkeiten einstehen! Eine \u00dcbersicht der Haftung des Betriebs\u00fcbernehmers.","og_url":"https:\/\/www.notariat-schoeffmann.at\/de\/unternehmen\/haftung-des-betriebsuebernehmers\/","og_site_name":"Notariat Sch\u00f6ffmann","article_publisher":"https:\/\/www.facebook.com\/NotarKlagenfurt","article_modified_time":"2022-03-05T08:43:32+00:00","og_image":[{"width":1600,"height":1067,"url":"https:\/\/www.notariat-schoeffmann.at\/wp-content\/uploads\/2021\/11\/Juristen-1.jpg","type":"image\/jpeg"}],"twitter_card":"summary_large_image","schema":{"@context":"https:\/\/schema.org","@graph":[{"@type":"WebPage","@id":"https:\/\/www.notariat-schoeffmann.at\/de\/unternehmen\/haftung-des-betriebsuebernehmers\/","url":"https:\/\/www.notariat-schoeffmann.at\/de\/unternehmen\/haftung-des-betriebsuebernehmers\/","name":"Haftung des Betriebs\u00fcbernehmers &#8211; Notariat Sch\u00f6ffmann","isPartOf":{"@id":"https:\/\/www.notariat-schoeffmann.at\/de\/#website"},"datePublished":"2021-08-09T08:17:25+00:00","dateModified":"2022-03-05T08:43:32+00:00","description":"Wer ein Unternehmen \u00fcbernimmt und weiterf\u00fchrt, muss auch f\u00fcr Verbindlichkeiten einstehen! Eine \u00dcbersicht der Haftung des Betriebs\u00fcbernehmers.","breadcrumb":{"@id":"https:\/\/www.notariat-schoeffmann.at\/de\/unternehmen\/haftung-des-betriebsuebernehmers\/#breadcrumb"},"inLanguage":"de","potentialAction":[{"@type":"ReadAction","target":["https:\/\/www.notariat-schoeffmann.at\/de\/unternehmen\/haftung-des-betriebsuebernehmers\/"]}]},{"@type":"BreadcrumbList","@id":"https:\/\/www.notariat-schoeffmann.at\/de\/unternehmen\/haftung-des-betriebsuebernehmers\/#breadcrumb","itemListElement":[{"@type":"ListItem","position":1,"name":"Startseite","item":"https:\/\/www.notariat-schoeffmann.at\/de\/"},{"@type":"ListItem","position":2,"name":"Unternehmen","item":"https:\/\/www.notariat-schoeffmann.at\/de\/unternehmen\/"},{"@type":"ListItem","position":3,"name":"Haftung des Betriebs\u00fcbernehmers"}]},{"@type":"WebSite","@id":"https:\/\/www.notariat-schoeffmann.at\/de\/#website","url":"https:\/\/www.notariat-schoeffmann.at\/de\/","name":"Notariat Sch\u00f6ffmann","description":"Mag. Klaus Sch\u00f6ffmann - Ihr Notar in Klagenfurt","publisher":{"@id":"https:\/\/www.notariat-schoeffmann.at\/de\/#organization"},"potentialAction":[{"@type":"SearchAction","target":{"@type":"EntryPoint","urlTemplate":"https:\/\/www.notariat-schoeffmann.at\/de\/?s={search_term_string}"},"query-input":{"@type":"PropertyValueSpecification","valueRequired":true,"valueName":"search_term_string"}}],"inLanguage":"de"},{"@type":"Organization","@id":"https:\/\/www.notariat-schoeffmann.at\/de\/#organization","name":"Notariat Mag. Klaus Sch\u00f6ffmann Klagenfurt","url":"https:\/\/www.notariat-schoeffmann.at\/de\/","logo":{"@type":"ImageObject","inLanguage":"de","@id":"https:\/\/www.notariat-schoeffmann.at\/de\/#\/schema\/logo\/image\/","url":"https:\/\/www.notariat-schoeffmann.at\/wp-content\/uploads\/2022\/02\/logo-notariat-schoeffmann.jpg","contentUrl":"https:\/\/www.notariat-schoeffmann.at\/wp-content\/uploads\/2022\/02\/logo-notariat-schoeffmann.jpg","width":600,"height":600,"caption":"Notariat Mag. Klaus Sch\u00f6ffmann Klagenfurt"},"image":{"@id":"https:\/\/www.notariat-schoeffmann.at\/de\/#\/schema\/logo\/image\/"},"sameAs":["https:\/\/www.facebook.com\/NotarKlagenfurt","https:\/\/www.youtube.com\/channel\/UCaITfbIQh6VIpzEonUsIhcg"]}]}},"_links":{"self":[{"href":"https:\/\/www.notariat-schoeffmann.at\/de\/wp-json\/wp\/v2\/pages\/224","targetHints":{"allow":["GET"]}}],"collection":[{"href":"https:\/\/www.notariat-schoeffmann.at\/de\/wp-json\/wp\/v2\/pages"}],"about":[{"href":"https:\/\/www.notariat-schoeffmann.at\/de\/wp-json\/wp\/v2\/types\/page"}],"author":[{"embeddable":true,"href":"https:\/\/www.notariat-schoeffmann.at\/de\/wp-json\/wp\/v2\/users\/3"}],"replies":[{"embeddable":true,"href":"https:\/\/www.notariat-schoeffmann.at\/de\/wp-json\/wp\/v2\/comments?post=224"}],"version-history":[{"count":6,"href":"https:\/\/www.notariat-schoeffmann.at\/de\/wp-json\/wp\/v2\/pages\/224\/revisions"}],"predecessor-version":[{"id":2345,"href":"https:\/\/www.notariat-schoeffmann.at\/de\/wp-json\/wp\/v2\/pages\/224\/revisions\/2345"}],"up":[{"embeddable":true,"href":"https:\/\/www.notariat-schoeffmann.at\/de\/wp-json\/wp\/v2\/pages\/151"}],"wp:attachment":[{"href":"https:\/\/www.notariat-schoeffmann.at\/de\/wp-json\/wp\/v2\/media?parent=224"}],"wp:term":[{"taxonomy":"category","embeddable":true,"href":"https:\/\/www.notariat-schoeffmann.at\/de\/wp-json\/wp\/v2\/categories?post=224"}],"curies":[{"name":"wp","href":"https:\/\/api.w.org\/{rel}","templated":true}]}}