{"id":221,"date":"2021-08-09T10:15:54","date_gmt":"2021-08-09T08:15:54","guid":{"rendered":"https:\/\/www.notariat-schoeffmann.at\/?page_id=221"},"modified":"2022-03-05T09:42:29","modified_gmt":"2022-03-05T08:42:29","slug":"betriebsuebergabe","status":"publish","type":"page","link":"https:\/\/www.notariat-schoeffmann.at\/de\/unternehmen\/betriebsuebergabe\/","title":{"rendered":"Betriebs\u00fcbergabe"},"content":{"rendered":"<div class=\"lazyblock-infobox-17d0vu wp-block-lazyblock-infobox\"><div class=\"notar_einleitung\">\n\n  <div class=\"notar_einleitung_wrapper\"><p>Bei der Betriebs\u00fcbergabe stellen sich zun\u00e4chst folgende zwei Fragen:<\/p><\/div>\n<\/div>\n<\/div>\n\n\n<h2 class=\"wp-block-heading\">Was ist ein Betrieb und was geh\u00f6rt zu einem Betrieb?<\/h2>\n\n\n\n<p>Rechtlich ist ein Betrieb eine&nbsp;<b>Gesamtsache<\/b>. Er besteht aus der Summe aller Rechte und Pflichten.<\/p>\n\n\n\n<p><strong>Was zum Betrieb geh\u00f6rt<\/strong>&nbsp;wird am besten in der&nbsp;<b>Bilanz<\/b>&nbsp;beschrieben (Anlageverm\u00f6gen &amp; Umlaufverm\u00f6gen).<\/p>\n\n\n\n<p>Es geh\u00f6ren jedoch auch immaterielle Werte wie Mietrechte, Firmenwert (good will), Marken, Muster und Patente zum Betrieb. Ebenso sind aber auch Haftungen, Garantie- und Gew\u00e4hrleistungsanspr\u00fcche von Kunden wie auch Pensionszusagen gegen\u00fcber Mitarbeitern zum Betrieb geh\u00f6rig und zu \u00fcbernehmen.<\/p>\n\n\n\n<p>Manchmal sollen bestimmte Verm\u00f6genswerte bewusst nicht \u00fcbergeben werden, etwa weil sie zu einem anderen Teilbetrieb geh\u00f6ren oder aus anderen Gr\u00fcnden in der Hand des \u00dcbergebers verbleiben sollen. Auch dar\u00fcber muss sich der Erwerber Klarheit verschaffen.<\/p>\n\n\n\n<p>Da &#8211; wie erw\u00e4hnt &#8211; die Bilanz die beste Beschreibung des betrieblichen Verm\u00f6gens beinhaltet, sollten auf jeden Fall die Bilanzen der letzten drei Jahre sorgf\u00e4ltig studiert und gemeinsam mit dem Steuerberater des Betriebes besprochen werden.<\/p>\n\n\n\n<p>In der Bilanz sind auch Bewertungen beinhaltet, die erst im Vergleich mehrerer Jahre richtig beurteilt werden k\u00f6nnen. \u00dcberdies ist so der Gesch\u00e4ftsgang der letzten Jahre nachzuvollziehen, was auch f\u00fcr die Ertragsprognose wichtige Anhaltspunkte liefert.<\/p>\n\n\n\n<h2 class=\"wp-block-heading\">Betrieb oder Rechtstr\u00e4ger&nbsp; &#8211; was kann ich kaufen?<\/h2>\n\n\n\n<p>Rechtstr\u00e4ger eines Betriebes kann eine nat\u00fcrliche Person, eine Personengruppe oder eine juristische Person sein. Wichtig ist, sich klarzumachen, dass der Rechtstr\u00e4ger (Gesellschaft) und der Betrieb zwei getrennte Rechtssubjekte sind, \u00fcber die getrennt verf\u00fcgt werden kann.<\/p>\n\n\n\n<p>Daher ist eine der \u00dcberlegungen im Zuge der Betriebs\u00fcbernahme, ob der Betrieb oder der Rechtstr\u00e4ger \u00fcbernommen werden soll (share deal oder asset deal).<\/p>\n\n\n\n<p><a href=\"https:\/\/www.notariat-schoeffmann.at\/unternehmen\/betriebsuebergabe\/\"><strong>Was der \u00dcbernehmer bei der Betriebs\u00fcbernahme bedenken muss, finden Sie hier.<\/strong><\/a><\/p>\n\n\n\n<h3 class=\"wp-block-heading\">Firmen\u00fcbergaben scheitern zu oft<\/h3>\n\n\n\n<p>10.000 klein- und mittelst\u00e4ndische Unternehmen stehen \u00f6sterreichweit Jahr f\u00fcr Jahr vor der Betriebs\u00fcbergabe. Beinahe jede f\u00fcnfte kommt nicht zu Stande, mehr als 15.000 Jobs sind davon betroffen. Doch nicht nur unzureichende oder fehlende Planung l\u00e4sst eine \u00dcbergabe scheitern.<\/p>\n\n\n\n<p>Daher sind bei geplanten \u00dcbergaben von Beginn an Steuerberater und Notar eng miteinzubeziehen. Wir setzen bei der Beratung auch mediative Elemente ein, was zu noch besser akzeptierten L\u00f6sungen beitr\u00e4gt.<\/p>\n","protected":false},"excerpt":{"rendered":"<p>Was ist ein Betrieb und was geh\u00f6rt zu einem Betrieb? Rechtlich ist ein Betrieb eine&nbsp;Gesamtsache. Er besteht aus der Summe aller Rechte und Pflichten. Was zum Betrieb geh\u00f6rt&nbsp;wird am besten in der&nbsp;Bilanz&nbsp;beschrieben (Anlageverm\u00f6gen &amp; Umlaufverm\u00f6gen). Es geh\u00f6ren jedoch auch immaterielle Werte wie Mietrechte, Firmenwert (good will), Marken, Muster und Patente zum Betrieb. Ebenso sind aber&hellip;<\/p>\n","protected":false},"author":3,"featured_media":0,"parent":151,"menu_order":10,"comment_status":"closed","ping_status":"closed","template":"","meta":{"inline_featured_image":false,"footnotes":""},"categories":[],"class_list":["post-221","page","type-page","status-publish","hentry","description-off"],"yoast_head":"<!-- This site is optimized with the Yoast SEO Premium plugin v26.7 (Yoast SEO v27.4) - https:\/\/yoast.com\/product\/yoast-seo-premium-wordpress\/ -->\n<title>Betriebs\u00fcbergabe &#8211; Notariat Sch\u00f6ffmann<\/title>\n<meta name=\"description\" content=\"Bei der Betriebs\u00fcbergabe gibt es einiges zu beachten: Was geh\u00f6rt zu einem Betrieb? Was wird \u00fcbergeben? Wie erfolgt die \u00dcbergabe? Die Antworten finden Sie hier.\" \/>\n<meta name=\"robots\" content=\"index, follow, max-snippet:-1, max-image-preview:large, max-video-preview:-1\" \/>\n<link rel=\"canonical\" href=\"https:\/\/www.notariat-schoeffmann.at\/de\/unternehmen\/betriebsuebergabe\/\" \/>\n<meta property=\"og:locale\" content=\"de_DE\" \/>\n<meta property=\"og:type\" content=\"article\" \/>\n<meta property=\"og:title\" content=\"Betriebs\u00fcbergabe - Notariat Sch\u00f6ffmann\" \/>\n<meta property=\"og:description\" content=\"Bei der Betriebs\u00fcbergabe gibt es einiges zu beachten: Was geh\u00f6rt zu einem Betrieb? Was wird \u00fcbergeben? Wie erfolgt die \u00dcbergabe? Die Antworten finden Sie hier.\" \/>\n<meta property=\"og:url\" content=\"https:\/\/www.notariat-schoeffmann.at\/de\/unternehmen\/betriebsuebergabe\/\" \/>\n<meta property=\"og:site_name\" content=\"Notariat Sch\u00f6ffmann\" \/>\n<meta property=\"article:publisher\" content=\"https:\/\/www.facebook.com\/NotarKlagenfurt\" \/>\n<meta property=\"article:modified_time\" content=\"2022-03-05T08:42:29+00:00\" \/>\n<meta property=\"og:image\" content=\"https:\/\/www.notariat-schoeffmann.at\/wp-content\/uploads\/2021\/11\/Juristen-1.jpg\" \/>\n\t<meta property=\"og:image:width\" content=\"1600\" \/>\n\t<meta property=\"og:image:height\" content=\"1067\" \/>\n\t<meta property=\"og:image:type\" content=\"image\/jpeg\" \/>\n<meta name=\"twitter:card\" content=\"summary_large_image\" \/>\n<script type=\"application\/ld+json\" class=\"yoast-schema-graph\">{\"@context\":\"https:\\\/\\\/schema.org\",\"@graph\":[{\"@type\":\"WebPage\",\"@id\":\"https:\\\/\\\/www.notariat-schoeffmann.at\\\/de\\\/unternehmen\\\/betriebsuebergabe\\\/\",\"url\":\"https:\\\/\\\/www.notariat-schoeffmann.at\\\/de\\\/unternehmen\\\/betriebsuebergabe\\\/\",\"name\":\"Betriebs\u00fcbergabe &#8211; Notariat Sch\u00f6ffmann\",\"isPartOf\":{\"@id\":\"https:\\\/\\\/www.notariat-schoeffmann.at\\\/de\\\/#website\"},\"datePublished\":\"2021-08-09T08:15:54+00:00\",\"dateModified\":\"2022-03-05T08:42:29+00:00\",\"description\":\"Bei der Betriebs\u00fcbergabe gibt es einiges zu beachten: Was geh\u00f6rt zu einem Betrieb? Was wird \u00fcbergeben? Wie erfolgt die \u00dcbergabe? Die Antworten finden Sie hier.\",\"breadcrumb\":{\"@id\":\"https:\\\/\\\/www.notariat-schoeffmann.at\\\/de\\\/unternehmen\\\/betriebsuebergabe\\\/#breadcrumb\"},\"inLanguage\":\"de\",\"potentialAction\":[{\"@type\":\"ReadAction\",\"target\":[\"https:\\\/\\\/www.notariat-schoeffmann.at\\\/de\\\/unternehmen\\\/betriebsuebergabe\\\/\"]}]},{\"@type\":\"BreadcrumbList\",\"@id\":\"https:\\\/\\\/www.notariat-schoeffmann.at\\\/de\\\/unternehmen\\\/betriebsuebergabe\\\/#breadcrumb\",\"itemListElement\":[{\"@type\":\"ListItem\",\"position\":1,\"name\":\"Startseite\",\"item\":\"https:\\\/\\\/www.notariat-schoeffmann.at\\\/de\\\/\"},{\"@type\":\"ListItem\",\"position\":2,\"name\":\"Unternehmen\",\"item\":\"https:\\\/\\\/www.notariat-schoeffmann.at\\\/de\\\/unternehmen\\\/\"},{\"@type\":\"ListItem\",\"position\":3,\"name\":\"Betriebs\u00fcbergabe\"}]},{\"@type\":\"WebSite\",\"@id\":\"https:\\\/\\\/www.notariat-schoeffmann.at\\\/de\\\/#website\",\"url\":\"https:\\\/\\\/www.notariat-schoeffmann.at\\\/de\\\/\",\"name\":\"Notariat Sch\u00f6ffmann\",\"description\":\"Mag. Klaus Sch\u00f6ffmann - Ihr Notar in Klagenfurt\",\"publisher\":{\"@id\":\"https:\\\/\\\/www.notariat-schoeffmann.at\\\/de\\\/#organization\"},\"potentialAction\":[{\"@type\":\"SearchAction\",\"target\":{\"@type\":\"EntryPoint\",\"urlTemplate\":\"https:\\\/\\\/www.notariat-schoeffmann.at\\\/de\\\/?s={search_term_string}\"},\"query-input\":{\"@type\":\"PropertyValueSpecification\",\"valueRequired\":true,\"valueName\":\"search_term_string\"}}],\"inLanguage\":\"de\"},{\"@type\":\"Organization\",\"@id\":\"https:\\\/\\\/www.notariat-schoeffmann.at\\\/de\\\/#organization\",\"name\":\"Notariat Mag. Klaus Sch\u00f6ffmann Klagenfurt\",\"url\":\"https:\\\/\\\/www.notariat-schoeffmann.at\\\/de\\\/\",\"logo\":{\"@type\":\"ImageObject\",\"inLanguage\":\"de\",\"@id\":\"https:\\\/\\\/www.notariat-schoeffmann.at\\\/de\\\/#\\\/schema\\\/logo\\\/image\\\/\",\"url\":\"https:\\\/\\\/www.notariat-schoeffmann.at\\\/wp-content\\\/uploads\\\/2022\\\/02\\\/logo-notariat-schoeffmann.jpg\",\"contentUrl\":\"https:\\\/\\\/www.notariat-schoeffmann.at\\\/wp-content\\\/uploads\\\/2022\\\/02\\\/logo-notariat-schoeffmann.jpg\",\"width\":600,\"height\":600,\"caption\":\"Notariat Mag. Klaus Sch\u00f6ffmann Klagenfurt\"},\"image\":{\"@id\":\"https:\\\/\\\/www.notariat-schoeffmann.at\\\/de\\\/#\\\/schema\\\/logo\\\/image\\\/\"},\"sameAs\":[\"https:\\\/\\\/www.facebook.com\\\/NotarKlagenfurt\",\"https:\\\/\\\/www.youtube.com\\\/channel\\\/UCaITfbIQh6VIpzEonUsIhcg\"]}]}<\/script>\n<!-- \/ Yoast SEO Premium plugin. -->","yoast_head_json":{"title":"Betriebs\u00fcbergabe &#8211; Notariat Sch\u00f6ffmann","description":"Bei der Betriebs\u00fcbergabe gibt es einiges zu beachten: Was geh\u00f6rt zu einem Betrieb? Was wird \u00fcbergeben? Wie erfolgt die \u00dcbergabe? Die Antworten finden Sie hier.","robots":{"index":"index","follow":"follow","max-snippet":"max-snippet:-1","max-image-preview":"max-image-preview:large","max-video-preview":"max-video-preview:-1"},"canonical":"https:\/\/www.notariat-schoeffmann.at\/de\/unternehmen\/betriebsuebergabe\/","og_locale":"de_DE","og_type":"article","og_title":"Betriebs\u00fcbergabe - Notariat Sch\u00f6ffmann","og_description":"Bei der Betriebs\u00fcbergabe gibt es einiges zu beachten: Was geh\u00f6rt zu einem Betrieb? Was wird \u00fcbergeben? Wie erfolgt die \u00dcbergabe? Die Antworten finden Sie hier.","og_url":"https:\/\/www.notariat-schoeffmann.at\/de\/unternehmen\/betriebsuebergabe\/","og_site_name":"Notariat Sch\u00f6ffmann","article_publisher":"https:\/\/www.facebook.com\/NotarKlagenfurt","article_modified_time":"2022-03-05T08:42:29+00:00","og_image":[{"width":1600,"height":1067,"url":"https:\/\/www.notariat-schoeffmann.at\/wp-content\/uploads\/2021\/11\/Juristen-1.jpg","type":"image\/jpeg"}],"twitter_card":"summary_large_image","schema":{"@context":"https:\/\/schema.org","@graph":[{"@type":"WebPage","@id":"https:\/\/www.notariat-schoeffmann.at\/de\/unternehmen\/betriebsuebergabe\/","url":"https:\/\/www.notariat-schoeffmann.at\/de\/unternehmen\/betriebsuebergabe\/","name":"Betriebs\u00fcbergabe &#8211; Notariat Sch\u00f6ffmann","isPartOf":{"@id":"https:\/\/www.notariat-schoeffmann.at\/de\/#website"},"datePublished":"2021-08-09T08:15:54+00:00","dateModified":"2022-03-05T08:42:29+00:00","description":"Bei der Betriebs\u00fcbergabe gibt es einiges zu beachten: Was geh\u00f6rt zu einem Betrieb? Was wird \u00fcbergeben? Wie erfolgt die \u00dcbergabe? Die Antworten finden Sie hier.","breadcrumb":{"@id":"https:\/\/www.notariat-schoeffmann.at\/de\/unternehmen\/betriebsuebergabe\/#breadcrumb"},"inLanguage":"de","potentialAction":[{"@type":"ReadAction","target":["https:\/\/www.notariat-schoeffmann.at\/de\/unternehmen\/betriebsuebergabe\/"]}]},{"@type":"BreadcrumbList","@id":"https:\/\/www.notariat-schoeffmann.at\/de\/unternehmen\/betriebsuebergabe\/#breadcrumb","itemListElement":[{"@type":"ListItem","position":1,"name":"Startseite","item":"https:\/\/www.notariat-schoeffmann.at\/de\/"},{"@type":"ListItem","position":2,"name":"Unternehmen","item":"https:\/\/www.notariat-schoeffmann.at\/de\/unternehmen\/"},{"@type":"ListItem","position":3,"name":"Betriebs\u00fcbergabe"}]},{"@type":"WebSite","@id":"https:\/\/www.notariat-schoeffmann.at\/de\/#website","url":"https:\/\/www.notariat-schoeffmann.at\/de\/","name":"Notariat Sch\u00f6ffmann","description":"Mag. Klaus Sch\u00f6ffmann - Ihr Notar in Klagenfurt","publisher":{"@id":"https:\/\/www.notariat-schoeffmann.at\/de\/#organization"},"potentialAction":[{"@type":"SearchAction","target":{"@type":"EntryPoint","urlTemplate":"https:\/\/www.notariat-schoeffmann.at\/de\/?s={search_term_string}"},"query-input":{"@type":"PropertyValueSpecification","valueRequired":true,"valueName":"search_term_string"}}],"inLanguage":"de"},{"@type":"Organization","@id":"https:\/\/www.notariat-schoeffmann.at\/de\/#organization","name":"Notariat Mag. Klaus Sch\u00f6ffmann Klagenfurt","url":"https:\/\/www.notariat-schoeffmann.at\/de\/","logo":{"@type":"ImageObject","inLanguage":"de","@id":"https:\/\/www.notariat-schoeffmann.at\/de\/#\/schema\/logo\/image\/","url":"https:\/\/www.notariat-schoeffmann.at\/wp-content\/uploads\/2022\/02\/logo-notariat-schoeffmann.jpg","contentUrl":"https:\/\/www.notariat-schoeffmann.at\/wp-content\/uploads\/2022\/02\/logo-notariat-schoeffmann.jpg","width":600,"height":600,"caption":"Notariat Mag. Klaus Sch\u00f6ffmann Klagenfurt"},"image":{"@id":"https:\/\/www.notariat-schoeffmann.at\/de\/#\/schema\/logo\/image\/"},"sameAs":["https:\/\/www.facebook.com\/NotarKlagenfurt","https:\/\/www.youtube.com\/channel\/UCaITfbIQh6VIpzEonUsIhcg"]}]}},"_links":{"self":[{"href":"https:\/\/www.notariat-schoeffmann.at\/de\/wp-json\/wp\/v2\/pages\/221","targetHints":{"allow":["GET"]}}],"collection":[{"href":"https:\/\/www.notariat-schoeffmann.at\/de\/wp-json\/wp\/v2\/pages"}],"about":[{"href":"https:\/\/www.notariat-schoeffmann.at\/de\/wp-json\/wp\/v2\/types\/page"}],"author":[{"embeddable":true,"href":"https:\/\/www.notariat-schoeffmann.at\/de\/wp-json\/wp\/v2\/users\/3"}],"replies":[{"embeddable":true,"href":"https:\/\/www.notariat-schoeffmann.at\/de\/wp-json\/wp\/v2\/comments?post=221"}],"version-history":[{"count":6,"href":"https:\/\/www.notariat-schoeffmann.at\/de\/wp-json\/wp\/v2\/pages\/221\/revisions"}],"predecessor-version":[{"id":2344,"href":"https:\/\/www.notariat-schoeffmann.at\/de\/wp-json\/wp\/v2\/pages\/221\/revisions\/2344"}],"up":[{"embeddable":true,"href":"https:\/\/www.notariat-schoeffmann.at\/de\/wp-json\/wp\/v2\/pages\/151"}],"wp:attachment":[{"href":"https:\/\/www.notariat-schoeffmann.at\/de\/wp-json\/wp\/v2\/media?parent=221"}],"wp:term":[{"taxonomy":"category","embeddable":true,"href":"https:\/\/www.notariat-schoeffmann.at\/de\/wp-json\/wp\/v2\/categories?post=221"}],"curies":[{"name":"wp","href":"https:\/\/api.w.org\/{rel}","templated":true}]}}