{"id":215,"date":"2021-08-09T10:12:44","date_gmt":"2021-08-09T08:12:44","guid":{"rendered":"https:\/\/www.notariat-schoeffmann.at\/?page_id=215"},"modified":"2022-03-19T10:20:14","modified_gmt":"2022-03-19T09:20:14","slug":"europaeische-aktiengesellschaft","status":"publish","type":"page","link":"https:\/\/www.notariat-schoeffmann.at\/de\/unternehmen\/kapitalgesellschaften\/aktiengesellschaft\/europaeische-aktiengesellschaft\/","title":{"rendered":"Europ\u00e4ische Aktiengesellschaft (SE)"},"content":{"rendered":"\n<p>Die Europ\u00e4ische Aktiengesellschaft oder auch &#8222;Societas europaea&#8220; &#8211; SE ist eine europaweit einheitliche Rechtsform.<\/p>\n\n\n\n<p>Die Rechtsform setzt als Gesellschafter mindestens zwei Gesellschaften in mindestens zwei Mitgliedsstaaten der EU voraus, die zum Beispiel miteinander verschmelzen. Somit erleichtert die SE grenz\u00fcberschreitende Verschmelzungen oder Sitzverlegungen, da f\u00fcr letztere keine Aufl\u00f6sung der bisherigen Gesellschaft und anschlie\u00dfende Neugr\u00fcndung mehr n\u00f6tig ist.<\/p>\n\n\n\n<p>Ihr Mindestkapital betr\u00e4gt \u20ac 120.000,-. Eine weitere Besonderheit der SE ist ihre Organisationsstruktur: Statt der bisher in der\u00a0<a href=\"https:\/\/www.notariat-schoeffmann.at\/unternehmen\/kapitalgesellschaften\/aktiengesellschaft\/\">AG<\/a>\u00a0\u00fcblichen Organisation, die einen Vorstand und einen Aufsichtsrat vorsieht, kann die SE auch nur mit einem Verwaltungsrat ausgestattet werden.\u00a0Dieser besteht aus Arbeitnehmer- und Kapitalvertretern und ihm obliegen sowohl gesch\u00e4ftsf\u00fchrende als auch \u00fcberwachende Aufgaben.<\/p>\n\n\n\n<p>Hinsichtlich der Arbeitnehmermitbestimmung wird ein Verhandlungsmodell angestrebt, wonach eine Verminderung der Arbeitnehmermitbestimmungsrechte nur mit deren Zustimmung m\u00f6glich ist. Die weitere Ausgestaltung der Mitbestimmung soll zwischen den Organen der Gesellschaften und einem Verhandlungsgremium, das die Arbeitnehmer vertritt, vereinbart werden.<\/p>\n","protected":false},"excerpt":{"rendered":"<p>Die Europ\u00e4ische Aktiengesellschaft oder auch &#8222;Societas europaea&#8220; &#8211; SE ist eine europaweit einheitliche Rechtsform. Die Rechtsform setzt als Gesellschafter mindestens zwei Gesellschaften in mindestens zwei Mitgliedsstaaten der EU voraus, die zum Beispiel miteinander verschmelzen. Somit erleichtert die SE grenz\u00fcberschreitende Verschmelzungen oder Sitzverlegungen, da f\u00fcr letztere keine Aufl\u00f6sung der bisherigen Gesellschaft und anschlie\u00dfende Neugr\u00fcndung mehr n\u00f6tig&hellip;<\/p>\n","protected":false},"author":3,"featured_media":0,"parent":210,"menu_order":1,"comment_status":"closed","ping_status":"closed","template":"","meta":{"inline_featured_image":false,"footnotes":""},"categories":[],"class_list":["post-215","page","type-page","status-publish","hentry","description-off"],"yoast_head":"<!-- This site is optimized with the Yoast SEO Premium plugin v26.7 (Yoast SEO v27.4) - https:\/\/yoast.com\/product\/yoast-seo-premium-wordpress\/ -->\n<title>Europ\u00e4ische Aktiengesellschaft (SE) &#8211; Notariat Sch\u00f6ffmann<\/title>\n<meta name=\"description\" content=\"Die Europ\u00e4ische Aktiengesellschaft oder auch &quot;Societas europaea&quot; - SE ist eine europaweit einheitliche Rechtsform. Lesen Sie hier mehr dazu!\" \/>\n<meta name=\"robots\" content=\"index, follow, max-snippet:-1, max-image-preview:large, max-video-preview:-1\" \/>\n<link rel=\"canonical\" href=\"https:\/\/www.notariat-schoeffmann.at\/de\/unternehmen\/kapitalgesellschaften\/aktiengesellschaft\/europaeische-aktiengesellschaft\/\" \/>\n<meta property=\"og:locale\" content=\"de_DE\" \/>\n<meta property=\"og:type\" content=\"article\" \/>\n<meta property=\"og:title\" content=\"Europ\u00e4ische Aktiengesellschaft (SE) - Notariat Sch\u00f6ffmann\" \/>\n<meta property=\"og:description\" content=\"Die Europ\u00e4ische Aktiengesellschaft oder auch &quot;Societas europaea&quot; - SE ist eine europaweit einheitliche Rechtsform. Lesen Sie hier mehr dazu!\" \/>\n<meta property=\"og:url\" content=\"https:\/\/www.notariat-schoeffmann.at\/de\/unternehmen\/kapitalgesellschaften\/aktiengesellschaft\/europaeische-aktiengesellschaft\/\" \/>\n<meta property=\"og:site_name\" content=\"Notariat Sch\u00f6ffmann\" \/>\n<meta property=\"article:publisher\" content=\"https:\/\/www.facebook.com\/NotarKlagenfurt\" \/>\n<meta property=\"article:modified_time\" content=\"2022-03-19T09:20:14+00:00\" \/>\n<meta property=\"og:image\" content=\"https:\/\/www.notariat-schoeffmann.at\/wp-content\/uploads\/2021\/11\/Juristen-1.jpg\" \/>\n\t<meta property=\"og:image:width\" content=\"1600\" \/>\n\t<meta property=\"og:image:height\" content=\"1067\" \/>\n\t<meta property=\"og:image:type\" content=\"image\/jpeg\" \/>\n<meta name=\"twitter:card\" content=\"summary_large_image\" \/>\n<script type=\"application\/ld+json\" class=\"yoast-schema-graph\">{\"@context\":\"https:\\\/\\\/schema.org\",\"@graph\":[{\"@type\":\"WebPage\",\"@id\":\"https:\\\/\\\/www.notariat-schoeffmann.at\\\/de\\\/unternehmen\\\/kapitalgesellschaften\\\/aktiengesellschaft\\\/europaeische-aktiengesellschaft\\\/\",\"url\":\"https:\\\/\\\/www.notariat-schoeffmann.at\\\/de\\\/unternehmen\\\/kapitalgesellschaften\\\/aktiengesellschaft\\\/europaeische-aktiengesellschaft\\\/\",\"name\":\"Europ\u00e4ische Aktiengesellschaft (SE) &#8211; Notariat Sch\u00f6ffmann\",\"isPartOf\":{\"@id\":\"https:\\\/\\\/www.notariat-schoeffmann.at\\\/de\\\/#website\"},\"datePublished\":\"2021-08-09T08:12:44+00:00\",\"dateModified\":\"2022-03-19T09:20:14+00:00\",\"description\":\"Die Europ\u00e4ische Aktiengesellschaft oder auch \\\"Societas europaea\\\" - SE ist eine europaweit einheitliche Rechtsform. Lesen Sie hier mehr dazu!\",\"breadcrumb\":{\"@id\":\"https:\\\/\\\/www.notariat-schoeffmann.at\\\/de\\\/unternehmen\\\/kapitalgesellschaften\\\/aktiengesellschaft\\\/europaeische-aktiengesellschaft\\\/#breadcrumb\"},\"inLanguage\":\"de\",\"potentialAction\":[{\"@type\":\"ReadAction\",\"target\":[\"https:\\\/\\\/www.notariat-schoeffmann.at\\\/de\\\/unternehmen\\\/kapitalgesellschaften\\\/aktiengesellschaft\\\/europaeische-aktiengesellschaft\\\/\"]}]},{\"@type\":\"BreadcrumbList\",\"@id\":\"https:\\\/\\\/www.notariat-schoeffmann.at\\\/de\\\/unternehmen\\\/kapitalgesellschaften\\\/aktiengesellschaft\\\/europaeische-aktiengesellschaft\\\/#breadcrumb\",\"itemListElement\":[{\"@type\":\"ListItem\",\"position\":1,\"name\":\"Startseite\",\"item\":\"https:\\\/\\\/www.notariat-schoeffmann.at\\\/de\\\/\"},{\"@type\":\"ListItem\",\"position\":2,\"name\":\"Unternehmen\",\"item\":\"https:\\\/\\\/www.notariat-schoeffmann.at\\\/de\\\/unternehmen\\\/\"},{\"@type\":\"ListItem\",\"position\":3,\"name\":\"Kapitalgesellschaften\",\"item\":\"https:\\\/\\\/www.notariat-schoeffmann.at\\\/de\\\/unternehmen\\\/kapitalgesellschaften\\\/\"},{\"@type\":\"ListItem\",\"position\":4,\"name\":\"Aktiengesellschaft (AG)\",\"item\":\"https:\\\/\\\/www.notariat-schoeffmann.at\\\/de\\\/unternehmen\\\/kapitalgesellschaften\\\/aktiengesellschaft\\\/\"},{\"@type\":\"ListItem\",\"position\":5,\"name\":\"Europ\u00e4ische Aktiengesellschaft (SE)\"}]},{\"@type\":\"WebSite\",\"@id\":\"https:\\\/\\\/www.notariat-schoeffmann.at\\\/de\\\/#website\",\"url\":\"https:\\\/\\\/www.notariat-schoeffmann.at\\\/de\\\/\",\"name\":\"Notariat Sch\u00f6ffmann\",\"description\":\"Mag. Klaus Sch\u00f6ffmann - Ihr Notar in Klagenfurt\",\"publisher\":{\"@id\":\"https:\\\/\\\/www.notariat-schoeffmann.at\\\/de\\\/#organization\"},\"potentialAction\":[{\"@type\":\"SearchAction\",\"target\":{\"@type\":\"EntryPoint\",\"urlTemplate\":\"https:\\\/\\\/www.notariat-schoeffmann.at\\\/de\\\/?s={search_term_string}\"},\"query-input\":{\"@type\":\"PropertyValueSpecification\",\"valueRequired\":true,\"valueName\":\"search_term_string\"}}],\"inLanguage\":\"de\"},{\"@type\":\"Organization\",\"@id\":\"https:\\\/\\\/www.notariat-schoeffmann.at\\\/de\\\/#organization\",\"name\":\"Notariat Mag. Klaus Sch\u00f6ffmann Klagenfurt\",\"url\":\"https:\\\/\\\/www.notariat-schoeffmann.at\\\/de\\\/\",\"logo\":{\"@type\":\"ImageObject\",\"inLanguage\":\"de\",\"@id\":\"https:\\\/\\\/www.notariat-schoeffmann.at\\\/de\\\/#\\\/schema\\\/logo\\\/image\\\/\",\"url\":\"https:\\\/\\\/www.notariat-schoeffmann.at\\\/wp-content\\\/uploads\\\/2022\\\/02\\\/logo-notariat-schoeffmann.jpg\",\"contentUrl\":\"https:\\\/\\\/www.notariat-schoeffmann.at\\\/wp-content\\\/uploads\\\/2022\\\/02\\\/logo-notariat-schoeffmann.jpg\",\"width\":600,\"height\":600,\"caption\":\"Notariat Mag. Klaus Sch\u00f6ffmann Klagenfurt\"},\"image\":{\"@id\":\"https:\\\/\\\/www.notariat-schoeffmann.at\\\/de\\\/#\\\/schema\\\/logo\\\/image\\\/\"},\"sameAs\":[\"https:\\\/\\\/www.facebook.com\\\/NotarKlagenfurt\",\"https:\\\/\\\/www.youtube.com\\\/channel\\\/UCaITfbIQh6VIpzEonUsIhcg\"]}]}<\/script>\n<!-- \/ Yoast SEO Premium plugin. -->","yoast_head_json":{"title":"Europ\u00e4ische Aktiengesellschaft (SE) &#8211; Notariat Sch\u00f6ffmann","description":"Die Europ\u00e4ische Aktiengesellschaft oder auch \"Societas europaea\" - SE ist eine europaweit einheitliche Rechtsform. Lesen Sie hier mehr dazu!","robots":{"index":"index","follow":"follow","max-snippet":"max-snippet:-1","max-image-preview":"max-image-preview:large","max-video-preview":"max-video-preview:-1"},"canonical":"https:\/\/www.notariat-schoeffmann.at\/de\/unternehmen\/kapitalgesellschaften\/aktiengesellschaft\/europaeische-aktiengesellschaft\/","og_locale":"de_DE","og_type":"article","og_title":"Europ\u00e4ische Aktiengesellschaft (SE) - Notariat Sch\u00f6ffmann","og_description":"Die Europ\u00e4ische Aktiengesellschaft oder auch \"Societas europaea\" - SE ist eine europaweit einheitliche Rechtsform. Lesen Sie hier mehr dazu!","og_url":"https:\/\/www.notariat-schoeffmann.at\/de\/unternehmen\/kapitalgesellschaften\/aktiengesellschaft\/europaeische-aktiengesellschaft\/","og_site_name":"Notariat Sch\u00f6ffmann","article_publisher":"https:\/\/www.facebook.com\/NotarKlagenfurt","article_modified_time":"2022-03-19T09:20:14+00:00","og_image":[{"width":1600,"height":1067,"url":"https:\/\/www.notariat-schoeffmann.at\/wp-content\/uploads\/2021\/11\/Juristen-1.jpg","type":"image\/jpeg"}],"twitter_card":"summary_large_image","schema":{"@context":"https:\/\/schema.org","@graph":[{"@type":"WebPage","@id":"https:\/\/www.notariat-schoeffmann.at\/de\/unternehmen\/kapitalgesellschaften\/aktiengesellschaft\/europaeische-aktiengesellschaft\/","url":"https:\/\/www.notariat-schoeffmann.at\/de\/unternehmen\/kapitalgesellschaften\/aktiengesellschaft\/europaeische-aktiengesellschaft\/","name":"Europ\u00e4ische Aktiengesellschaft (SE) &#8211; Notariat Sch\u00f6ffmann","isPartOf":{"@id":"https:\/\/www.notariat-schoeffmann.at\/de\/#website"},"datePublished":"2021-08-09T08:12:44+00:00","dateModified":"2022-03-19T09:20:14+00:00","description":"Die Europ\u00e4ische Aktiengesellschaft oder auch \"Societas europaea\" - SE ist eine europaweit einheitliche Rechtsform. Lesen Sie hier mehr dazu!","breadcrumb":{"@id":"https:\/\/www.notariat-schoeffmann.at\/de\/unternehmen\/kapitalgesellschaften\/aktiengesellschaft\/europaeische-aktiengesellschaft\/#breadcrumb"},"inLanguage":"de","potentialAction":[{"@type":"ReadAction","target":["https:\/\/www.notariat-schoeffmann.at\/de\/unternehmen\/kapitalgesellschaften\/aktiengesellschaft\/europaeische-aktiengesellschaft\/"]}]},{"@type":"BreadcrumbList","@id":"https:\/\/www.notariat-schoeffmann.at\/de\/unternehmen\/kapitalgesellschaften\/aktiengesellschaft\/europaeische-aktiengesellschaft\/#breadcrumb","itemListElement":[{"@type":"ListItem","position":1,"name":"Startseite","item":"https:\/\/www.notariat-schoeffmann.at\/de\/"},{"@type":"ListItem","position":2,"name":"Unternehmen","item":"https:\/\/www.notariat-schoeffmann.at\/de\/unternehmen\/"},{"@type":"ListItem","position":3,"name":"Kapitalgesellschaften","item":"https:\/\/www.notariat-schoeffmann.at\/de\/unternehmen\/kapitalgesellschaften\/"},{"@type":"ListItem","position":4,"name":"Aktiengesellschaft (AG)","item":"https:\/\/www.notariat-schoeffmann.at\/de\/unternehmen\/kapitalgesellschaften\/aktiengesellschaft\/"},{"@type":"ListItem","position":5,"name":"Europ\u00e4ische Aktiengesellschaft (SE)"}]},{"@type":"WebSite","@id":"https:\/\/www.notariat-schoeffmann.at\/de\/#website","url":"https:\/\/www.notariat-schoeffmann.at\/de\/","name":"Notariat Sch\u00f6ffmann","description":"Mag. Klaus Sch\u00f6ffmann - Ihr Notar in Klagenfurt","publisher":{"@id":"https:\/\/www.notariat-schoeffmann.at\/de\/#organization"},"potentialAction":[{"@type":"SearchAction","target":{"@type":"EntryPoint","urlTemplate":"https:\/\/www.notariat-schoeffmann.at\/de\/?s={search_term_string}"},"query-input":{"@type":"PropertyValueSpecification","valueRequired":true,"valueName":"search_term_string"}}],"inLanguage":"de"},{"@type":"Organization","@id":"https:\/\/www.notariat-schoeffmann.at\/de\/#organization","name":"Notariat Mag. Klaus Sch\u00f6ffmann Klagenfurt","url":"https:\/\/www.notariat-schoeffmann.at\/de\/","logo":{"@type":"ImageObject","inLanguage":"de","@id":"https:\/\/www.notariat-schoeffmann.at\/de\/#\/schema\/logo\/image\/","url":"https:\/\/www.notariat-schoeffmann.at\/wp-content\/uploads\/2022\/02\/logo-notariat-schoeffmann.jpg","contentUrl":"https:\/\/www.notariat-schoeffmann.at\/wp-content\/uploads\/2022\/02\/logo-notariat-schoeffmann.jpg","width":600,"height":600,"caption":"Notariat Mag. Klaus Sch\u00f6ffmann Klagenfurt"},"image":{"@id":"https:\/\/www.notariat-schoeffmann.at\/de\/#\/schema\/logo\/image\/"},"sameAs":["https:\/\/www.facebook.com\/NotarKlagenfurt","https:\/\/www.youtube.com\/channel\/UCaITfbIQh6VIpzEonUsIhcg"]}]}},"_links":{"self":[{"href":"https:\/\/www.notariat-schoeffmann.at\/de\/wp-json\/wp\/v2\/pages\/215","targetHints":{"allow":["GET"]}}],"collection":[{"href":"https:\/\/www.notariat-schoeffmann.at\/de\/wp-json\/wp\/v2\/pages"}],"about":[{"href":"https:\/\/www.notariat-schoeffmann.at\/de\/wp-json\/wp\/v2\/types\/page"}],"author":[{"embeddable":true,"href":"https:\/\/www.notariat-schoeffmann.at\/de\/wp-json\/wp\/v2\/users\/3"}],"replies":[{"embeddable":true,"href":"https:\/\/www.notariat-schoeffmann.at\/de\/wp-json\/wp\/v2\/comments?post=215"}],"version-history":[{"count":4,"href":"https:\/\/www.notariat-schoeffmann.at\/de\/wp-json\/wp\/v2\/pages\/215\/revisions"}],"predecessor-version":[{"id":2645,"href":"https:\/\/www.notariat-schoeffmann.at\/de\/wp-json\/wp\/v2\/pages\/215\/revisions\/2645"}],"up":[{"embeddable":true,"href":"https:\/\/www.notariat-schoeffmann.at\/de\/wp-json\/wp\/v2\/pages\/210"}],"wp:attachment":[{"href":"https:\/\/www.notariat-schoeffmann.at\/de\/wp-json\/wp\/v2\/media?parent=215"}],"wp:term":[{"taxonomy":"category","embeddable":true,"href":"https:\/\/www.notariat-schoeffmann.at\/de\/wp-json\/wp\/v2\/categories?post=215"}],"curies":[{"name":"wp","href":"https:\/\/api.w.org\/{rel}","templated":true}]}}