{"id":210,"date":"2021-08-09T10:10:16","date_gmt":"2021-08-09T08:10:16","guid":{"rendered":"https:\/\/www.notariat-schoeffmann.at\/?page_id=210"},"modified":"2022-02-26T22:35:38","modified_gmt":"2022-02-26T21:35:38","slug":"aktiengesellschaft","status":"publish","type":"page","link":"https:\/\/www.notariat-schoeffmann.at\/de\/unternehmen\/kapitalgesellschaften\/aktiengesellschaft\/","title":{"rendered":"Aktiengesellschaft (AG)"},"content":{"rendered":"<p>Die Aktiengesellschaft ist besonders bei gro\u00dfen Unternehmen eine beliebte Rechtsform. Gleich wie die GmbH ist sie eine juristische Person, an der die Gesellschafter (Aktion\u00e4re) mit Einlagen am Grundkapital in Form von Aktien beteiligt sind. F\u00fcr ihre Verbindlichkeiten haftet die AG mit ihrem Gesellschaftsverm\u00f6gen, die Aktion\u00e4re trifft daf\u00fcr\u00a0<b>keine pers\u00f6nliche Haftung<\/b>.<\/p>\n<p>F\u00fcr die\u00a0<b>Gr\u00fcndung<\/b>\u00a0sind folgende Schritte notwendig:<\/p>\n<ol>\n<li>Errichtung der Satzung in Form eines Notariatsakts<\/li>\n<li>Die Gesellschafter bestellen den ersten Aufsichtsrat, der wiederum den ersten Vorstand bestellt<\/li>\n<li>Die Gesellschafter verfassen einen Bericht \u00fcber den Gr\u00fcndungshergang, der vom Vorstand und dem Aufsichtsrat gepr\u00fcft wird<\/li>\n<li>Die Gesellschafter zahlen ihre Einlage zumindest im gesetzlich vorgesehenen Ausma\u00df ein<\/li>\n<li>Die Bank best\u00e4tigt die Einzahlung der Einlagen. Diese Bankbest\u00e4tigung ist dem Firmenbuchgesuch beizulegen<\/li>\n<li>Anmeldung zum Firmenbuch durch Gesellschafter, Vorstand und Aufsichtsrat<\/li>\n<\/ol>\n<p>Die\u00a0<b>Firma<\/b>\u00a0muss den Rechtsformzusatz\u00a0 \u201eAktiengesellschaft\u201c oder \u201eAG\u201c enthalten.<\/p>\n<h2>Grundkapital und Aktien<\/h2>\n<p>Das Grundkapital betr\u00e4gt\u00a0<b>mindestens \u20ac 70.000,-<\/b>. Es wird in Aktien aufgeteilt und diese werden an die Gesellschafter ausgegeben.<\/p>\n<p>Die Aktien k\u00f6nnen entweder als<\/p>\n<ul>\n<li>Nennbetragsaktien (hier wird der Anteil am Grundkapital durch den Nennwert ausgedr\u00fcckt) oder<\/li>\n<li>St\u00fcckaktien (der Nennwert der einzelnen Aktie ergibt sich erst aus der Teilung des Grundkapitals durch die Gesamtanzahl der Aktien; jede St\u00fcckaktie ist im gleichen Umfang am Grundkapital beteiligt<\/li>\n<\/ul>\n<p>ausgestaltet sein.<\/p>\n<p>Die Aktien sind Wertpapiere. Nicht b\u00f6rsenotierte Aktiengesellschaften m\u00fcssen Namensaktien ausstellen. In diesen F\u00e4llen tragen die Aktien den Namen des jeweiligen Inhabers. B\u00f6rsenotierte AGs k\u00f6nnen wahlweise auch Inhaberaktien ausstellen, welche auf den Inhaber lauten und somit anonym \u00fcbertragen werden k\u00f6nnen.<\/p>\n<p>Ob die Gesellschaft Nennbetrags- oder St\u00fcckaktien und Namens- oder Inhaberaktien ausstellt, ist in der Satzung festzulegen.<\/p>\n<p>Die\u00a0<b>Gesch\u00e4ftsf\u00fchrung und Vertretung<\/b>\u00a0ist Aufgabe des\u00a0<b>Vorstandes<\/b>.\u00a0 Der Vorstand wird vom\u00a0<b>Aufsichtsrat<\/b>\u00a0bestimmt und in seiner T\u00e4tigkeit von diesem \u00fcberwacht.\u00a0 Der Aufsichtsrat besteht aus drei bzw f\u00fcnf bis 20 Personen und\u00a0 wird von der\u00a0<b>Hauptversammlung<\/b>\u00a0(=Versammlung der Aktion\u00e4re) gew\u00e4hlt.<\/p>\n<p>Liegt ein wichtiger Grund vor, kann der Aufsichtsrat die Bestellung eines Vorstandsmitglieds einer AG widerrufen. Dieses kann den Widerruf vor Gericht anfechten. Obwohl das Aktiengesetz keine Frist f\u00fcr die Klagseinbringung vorsieht, hat der Oberste Gerichtshof entschieden, dass die Anfechtungsklage &#8222;ohne schuldhafte Verz\u00f6gerung&#8220;, also m\u00f6glichst rasch, eingebracht werden muss. Verhandlungen des Vorstandsmitglieds mit dem Aufsichtsrat verl\u00e4ngern die Frist &#8211; aber nur, wenn klar ist, dass bei Scheitern der Gespr\u00e4che die Klage \u00fcberreicht wird.<\/p>\n<p>Die Hauptversammlung muss j\u00e4hrlich in den ersten acht Monaten des Gesch\u00e4ftsjahres stattfinden. Sie wird vom Vorstand einberufen. In der Hauptversammlung wird den Aktion\u00e4ren der Jahresabschluss vorgelegt. Au\u00dferdem entscheiden die Aktion\u00e4re \u00fcber die Gewinnverteilung und die Entlastung von Vorstand und Aufsichtsrat.<\/p>\n<h2>Steuerliche Aspekte<\/h2>\n<p>Die Gewinne der AG unterliegen der K\u00f6rperschaftsteuer (K\u00f6St), die derzeit 25% betr\u00e4gt. Bei Aussch\u00fcttung der Gewinne an die Aktion\u00e4re (Dividende) f\u00e4llt Kapitalertragsteuer (KESt) in H\u00f6he von 27,5% an, welche die AG einzubehalten und an das Finanzamt abzuf\u00fchren hat.<\/p>\n<p>Diese Rechtsform eignet sich haupts\u00e4chlich f\u00fcr gr\u00f6\u00dfere Unternehmen, da das Grundkapital mindestens \u20ac 70.000,- betragen muss. Au\u00dferdem k\u00f6nnen hier die Aktion\u00e4re nicht direkt in Gesch\u00e4ftsf\u00fchrung eingreifen \u2013 der Vorstand wird n\u00e4mlich vom Aufsichtsrat gew\u00e4hlt und \u00fcberwacht. Daf\u00fcr ist der Gesellschafterwechsel im Vergleich zu anderen Rechtsformen am einfachsten ausgestaltet, da f\u00fcr die \u00dcbertragung der Aktien kein Notariatsakt (anders bei der GmbH) n\u00f6tig ist.<\/p>\n","protected":false},"excerpt":{"rendered":"<p>Die Aktiengesellschaft ist besonders bei gro\u00dfen Unternehmen eine beliebte Rechtsform. Gleich wie die GmbH ist sie eine juristische Person, an der die Gesellschafter (Aktion\u00e4re) mit Einlagen am Grundkapital in Form von Aktien beteiligt sind. F\u00fcr ihre Verbindlichkeiten haftet die AG mit ihrem Gesellschaftsverm\u00f6gen, die Aktion\u00e4re trifft daf\u00fcr\u00a0keine pers\u00f6nliche Haftung. F\u00fcr die\u00a0Gr\u00fcndung\u00a0sind folgende Schritte notwendig: Errichtung&hellip;<\/p>\n","protected":false},"author":3,"featured_media":0,"parent":188,"menu_order":1,"comment_status":"closed","ping_status":"closed","template":"","meta":{"inline_featured_image":false,"footnotes":""},"categories":[],"class_list":["post-210","page","type-page","status-publish","hentry","description-off"],"yoast_head":"<!-- This site is optimized with the Yoast SEO Premium plugin v26.7 (Yoast SEO v27.4) - https:\/\/yoast.com\/product\/yoast-seo-premium-wordpress\/ -->\n<title>Aktiengesellschaft &#8211; Notariat Sch\u00f6ffmann<\/title>\n<meta name=\"description\" content=\"Die Aktiengesellschaft ist besonders bei gro\u00dfen Unternehmen eine beliebte Rechtsform. N\u00e4here Informationen zu Gr\u00fcndung, Haftung und Stammkapital...\" \/>\n<meta name=\"robots\" content=\"index, follow, max-snippet:-1, max-image-preview:large, max-video-preview:-1\" \/>\n<link rel=\"canonical\" href=\"https:\/\/www.notariat-schoeffmann.at\/de\/unternehmen\/kapitalgesellschaften\/aktiengesellschaft\/\" \/>\n<meta property=\"og:locale\" content=\"de_DE\" \/>\n<meta property=\"og:type\" content=\"article\" \/>\n<meta property=\"og:title\" content=\"Aktiengesellschaft (AG) - Notariat Sch\u00f6ffmann\" \/>\n<meta property=\"og:description\" content=\"Die Aktiengesellschaft ist besonders bei gro\u00dfen Unternehmen eine beliebte Rechtsform. N\u00e4here Informationen zu Gr\u00fcndung, Haftung und Stammkapital...\" \/>\n<meta property=\"og:url\" content=\"https:\/\/www.notariat-schoeffmann.at\/de\/unternehmen\/kapitalgesellschaften\/aktiengesellschaft\/\" \/>\n<meta property=\"og:site_name\" content=\"Notariat Sch\u00f6ffmann\" \/>\n<meta property=\"article:publisher\" content=\"https:\/\/www.facebook.com\/NotarKlagenfurt\" \/>\n<meta property=\"article:modified_time\" content=\"2022-02-26T21:35:38+00:00\" \/>\n<meta property=\"og:image\" content=\"https:\/\/www.notariat-schoeffmann.at\/wp-content\/uploads\/2021\/11\/Juristen-1.jpg\" \/>\n\t<meta property=\"og:image:width\" content=\"1600\" \/>\n\t<meta property=\"og:image:height\" content=\"1067\" \/>\n\t<meta property=\"og:image:type\" content=\"image\/jpeg\" \/>\n<meta name=\"twitter:card\" content=\"summary_large_image\" \/>\n<script type=\"application\/ld+json\" class=\"yoast-schema-graph\">{\"@context\":\"https:\\\/\\\/schema.org\",\"@graph\":[{\"@type\":\"WebPage\",\"@id\":\"https:\\\/\\\/www.notariat-schoeffmann.at\\\/de\\\/unternehmen\\\/kapitalgesellschaften\\\/aktiengesellschaft\\\/\",\"url\":\"https:\\\/\\\/www.notariat-schoeffmann.at\\\/de\\\/unternehmen\\\/kapitalgesellschaften\\\/aktiengesellschaft\\\/\",\"name\":\"Aktiengesellschaft &#8211; Notariat Sch\u00f6ffmann\",\"isPartOf\":{\"@id\":\"https:\\\/\\\/www.notariat-schoeffmann.at\\\/de\\\/#website\"},\"datePublished\":\"2021-08-09T08:10:16+00:00\",\"dateModified\":\"2022-02-26T21:35:38+00:00\",\"description\":\"Die Aktiengesellschaft ist besonders bei gro\u00dfen Unternehmen eine beliebte Rechtsform. N\u00e4here Informationen zu Gr\u00fcndung, Haftung und Stammkapital...\",\"breadcrumb\":{\"@id\":\"https:\\\/\\\/www.notariat-schoeffmann.at\\\/de\\\/unternehmen\\\/kapitalgesellschaften\\\/aktiengesellschaft\\\/#breadcrumb\"},\"inLanguage\":\"de\",\"potentialAction\":[{\"@type\":\"ReadAction\",\"target\":[\"https:\\\/\\\/www.notariat-schoeffmann.at\\\/de\\\/unternehmen\\\/kapitalgesellschaften\\\/aktiengesellschaft\\\/\"]}]},{\"@type\":\"BreadcrumbList\",\"@id\":\"https:\\\/\\\/www.notariat-schoeffmann.at\\\/de\\\/unternehmen\\\/kapitalgesellschaften\\\/aktiengesellschaft\\\/#breadcrumb\",\"itemListElement\":[{\"@type\":\"ListItem\",\"position\":1,\"name\":\"Startseite\",\"item\":\"https:\\\/\\\/www.notariat-schoeffmann.at\\\/de\\\/\"},{\"@type\":\"ListItem\",\"position\":2,\"name\":\"Unternehmen\",\"item\":\"https:\\\/\\\/www.notariat-schoeffmann.at\\\/de\\\/unternehmen\\\/\"},{\"@type\":\"ListItem\",\"position\":3,\"name\":\"Kapitalgesellschaften\",\"item\":\"https:\\\/\\\/www.notariat-schoeffmann.at\\\/de\\\/unternehmen\\\/kapitalgesellschaften\\\/\"},{\"@type\":\"ListItem\",\"position\":4,\"name\":\"Aktiengesellschaft (AG)\"}]},{\"@type\":\"WebSite\",\"@id\":\"https:\\\/\\\/www.notariat-schoeffmann.at\\\/de\\\/#website\",\"url\":\"https:\\\/\\\/www.notariat-schoeffmann.at\\\/de\\\/\",\"name\":\"Notariat Sch\u00f6ffmann\",\"description\":\"Mag. Klaus Sch\u00f6ffmann - Ihr Notar in Klagenfurt\",\"publisher\":{\"@id\":\"https:\\\/\\\/www.notariat-schoeffmann.at\\\/de\\\/#organization\"},\"potentialAction\":[{\"@type\":\"SearchAction\",\"target\":{\"@type\":\"EntryPoint\",\"urlTemplate\":\"https:\\\/\\\/www.notariat-schoeffmann.at\\\/de\\\/?s={search_term_string}\"},\"query-input\":{\"@type\":\"PropertyValueSpecification\",\"valueRequired\":true,\"valueName\":\"search_term_string\"}}],\"inLanguage\":\"de\"},{\"@type\":\"Organization\",\"@id\":\"https:\\\/\\\/www.notariat-schoeffmann.at\\\/de\\\/#organization\",\"name\":\"Notariat Mag. Klaus Sch\u00f6ffmann Klagenfurt\",\"url\":\"https:\\\/\\\/www.notariat-schoeffmann.at\\\/de\\\/\",\"logo\":{\"@type\":\"ImageObject\",\"inLanguage\":\"de\",\"@id\":\"https:\\\/\\\/www.notariat-schoeffmann.at\\\/de\\\/#\\\/schema\\\/logo\\\/image\\\/\",\"url\":\"https:\\\/\\\/www.notariat-schoeffmann.at\\\/wp-content\\\/uploads\\\/2022\\\/02\\\/logo-notariat-schoeffmann.jpg\",\"contentUrl\":\"https:\\\/\\\/www.notariat-schoeffmann.at\\\/wp-content\\\/uploads\\\/2022\\\/02\\\/logo-notariat-schoeffmann.jpg\",\"width\":600,\"height\":600,\"caption\":\"Notariat Mag. Klaus Sch\u00f6ffmann Klagenfurt\"},\"image\":{\"@id\":\"https:\\\/\\\/www.notariat-schoeffmann.at\\\/de\\\/#\\\/schema\\\/logo\\\/image\\\/\"},\"sameAs\":[\"https:\\\/\\\/www.facebook.com\\\/NotarKlagenfurt\",\"https:\\\/\\\/www.youtube.com\\\/channel\\\/UCaITfbIQh6VIpzEonUsIhcg\"]}]}<\/script>\n<!-- \/ Yoast SEO Premium plugin. -->","yoast_head_json":{"title":"Aktiengesellschaft &#8211; Notariat Sch\u00f6ffmann","description":"Die Aktiengesellschaft ist besonders bei gro\u00dfen Unternehmen eine beliebte Rechtsform. N\u00e4here Informationen zu Gr\u00fcndung, Haftung und Stammkapital...","robots":{"index":"index","follow":"follow","max-snippet":"max-snippet:-1","max-image-preview":"max-image-preview:large","max-video-preview":"max-video-preview:-1"},"canonical":"https:\/\/www.notariat-schoeffmann.at\/de\/unternehmen\/kapitalgesellschaften\/aktiengesellschaft\/","og_locale":"de_DE","og_type":"article","og_title":"Aktiengesellschaft (AG) - Notariat Sch\u00f6ffmann","og_description":"Die Aktiengesellschaft ist besonders bei gro\u00dfen Unternehmen eine beliebte Rechtsform. N\u00e4here Informationen zu Gr\u00fcndung, Haftung und Stammkapital...","og_url":"https:\/\/www.notariat-schoeffmann.at\/de\/unternehmen\/kapitalgesellschaften\/aktiengesellschaft\/","og_site_name":"Notariat Sch\u00f6ffmann","article_publisher":"https:\/\/www.facebook.com\/NotarKlagenfurt","article_modified_time":"2022-02-26T21:35:38+00:00","og_image":[{"width":1600,"height":1067,"url":"https:\/\/www.notariat-schoeffmann.at\/wp-content\/uploads\/2021\/11\/Juristen-1.jpg","type":"image\/jpeg"}],"twitter_card":"summary_large_image","schema":{"@context":"https:\/\/schema.org","@graph":[{"@type":"WebPage","@id":"https:\/\/www.notariat-schoeffmann.at\/de\/unternehmen\/kapitalgesellschaften\/aktiengesellschaft\/","url":"https:\/\/www.notariat-schoeffmann.at\/de\/unternehmen\/kapitalgesellschaften\/aktiengesellschaft\/","name":"Aktiengesellschaft &#8211; Notariat Sch\u00f6ffmann","isPartOf":{"@id":"https:\/\/www.notariat-schoeffmann.at\/de\/#website"},"datePublished":"2021-08-09T08:10:16+00:00","dateModified":"2022-02-26T21:35:38+00:00","description":"Die Aktiengesellschaft ist besonders bei gro\u00dfen Unternehmen eine beliebte Rechtsform. N\u00e4here Informationen zu Gr\u00fcndung, Haftung und Stammkapital...","breadcrumb":{"@id":"https:\/\/www.notariat-schoeffmann.at\/de\/unternehmen\/kapitalgesellschaften\/aktiengesellschaft\/#breadcrumb"},"inLanguage":"de","potentialAction":[{"@type":"ReadAction","target":["https:\/\/www.notariat-schoeffmann.at\/de\/unternehmen\/kapitalgesellschaften\/aktiengesellschaft\/"]}]},{"@type":"BreadcrumbList","@id":"https:\/\/www.notariat-schoeffmann.at\/de\/unternehmen\/kapitalgesellschaften\/aktiengesellschaft\/#breadcrumb","itemListElement":[{"@type":"ListItem","position":1,"name":"Startseite","item":"https:\/\/www.notariat-schoeffmann.at\/de\/"},{"@type":"ListItem","position":2,"name":"Unternehmen","item":"https:\/\/www.notariat-schoeffmann.at\/de\/unternehmen\/"},{"@type":"ListItem","position":3,"name":"Kapitalgesellschaften","item":"https:\/\/www.notariat-schoeffmann.at\/de\/unternehmen\/kapitalgesellschaften\/"},{"@type":"ListItem","position":4,"name":"Aktiengesellschaft (AG)"}]},{"@type":"WebSite","@id":"https:\/\/www.notariat-schoeffmann.at\/de\/#website","url":"https:\/\/www.notariat-schoeffmann.at\/de\/","name":"Notariat Sch\u00f6ffmann","description":"Mag. Klaus Sch\u00f6ffmann - Ihr Notar in Klagenfurt","publisher":{"@id":"https:\/\/www.notariat-schoeffmann.at\/de\/#organization"},"potentialAction":[{"@type":"SearchAction","target":{"@type":"EntryPoint","urlTemplate":"https:\/\/www.notariat-schoeffmann.at\/de\/?s={search_term_string}"},"query-input":{"@type":"PropertyValueSpecification","valueRequired":true,"valueName":"search_term_string"}}],"inLanguage":"de"},{"@type":"Organization","@id":"https:\/\/www.notariat-schoeffmann.at\/de\/#organization","name":"Notariat Mag. Klaus Sch\u00f6ffmann Klagenfurt","url":"https:\/\/www.notariat-schoeffmann.at\/de\/","logo":{"@type":"ImageObject","inLanguage":"de","@id":"https:\/\/www.notariat-schoeffmann.at\/de\/#\/schema\/logo\/image\/","url":"https:\/\/www.notariat-schoeffmann.at\/wp-content\/uploads\/2022\/02\/logo-notariat-schoeffmann.jpg","contentUrl":"https:\/\/www.notariat-schoeffmann.at\/wp-content\/uploads\/2022\/02\/logo-notariat-schoeffmann.jpg","width":600,"height":600,"caption":"Notariat Mag. Klaus Sch\u00f6ffmann Klagenfurt"},"image":{"@id":"https:\/\/www.notariat-schoeffmann.at\/de\/#\/schema\/logo\/image\/"},"sameAs":["https:\/\/www.facebook.com\/NotarKlagenfurt","https:\/\/www.youtube.com\/channel\/UCaITfbIQh6VIpzEonUsIhcg"]}]}},"_links":{"self":[{"href":"https:\/\/www.notariat-schoeffmann.at\/de\/wp-json\/wp\/v2\/pages\/210","targetHints":{"allow":["GET"]}}],"collection":[{"href":"https:\/\/www.notariat-schoeffmann.at\/de\/wp-json\/wp\/v2\/pages"}],"about":[{"href":"https:\/\/www.notariat-schoeffmann.at\/de\/wp-json\/wp\/v2\/types\/page"}],"author":[{"embeddable":true,"href":"https:\/\/www.notariat-schoeffmann.at\/de\/wp-json\/wp\/v2\/users\/3"}],"replies":[{"embeddable":true,"href":"https:\/\/www.notariat-schoeffmann.at\/de\/wp-json\/wp\/v2\/comments?post=210"}],"version-history":[{"count":4,"href":"https:\/\/www.notariat-schoeffmann.at\/de\/wp-json\/wp\/v2\/pages\/210\/revisions"}],"predecessor-version":[{"id":2120,"href":"https:\/\/www.notariat-schoeffmann.at\/de\/wp-json\/wp\/v2\/pages\/210\/revisions\/2120"}],"up":[{"embeddable":true,"href":"https:\/\/www.notariat-schoeffmann.at\/de\/wp-json\/wp\/v2\/pages\/188"}],"wp:attachment":[{"href":"https:\/\/www.notariat-schoeffmann.at\/de\/wp-json\/wp\/v2\/media?parent=210"}],"wp:term":[{"taxonomy":"category","embeddable":true,"href":"https:\/\/www.notariat-schoeffmann.at\/de\/wp-json\/wp\/v2\/categories?post=210"}],"curies":[{"name":"wp","href":"https:\/\/api.w.org\/{rel}","templated":true}]}}