{"id":208,"date":"2021-08-09T10:09:06","date_gmt":"2021-08-09T08:09:06","guid":{"rendered":"https:\/\/www.notariat-schoeffmann.at\/?page_id=208"},"modified":"2022-02-26T22:33:40","modified_gmt":"2022-02-26T21:33:40","slug":"ruecktritt-und-abberufung-des-gmbh-geschaeftsfuehrers","status":"publish","type":"page","link":"https:\/\/www.notariat-schoeffmann.at\/de\/unternehmen\/kapitalgesellschaften\/gmbh\/geschaeftsfuehrer\/ruecktritt-und-abberufung-des-gmbh-geschaeftsfuehrers\/","title":{"rendered":"R\u00fccktritt und Abberufung des GmbH-Gesch\u00e4ftsf\u00fchrers"},"content":{"rendered":"<h2>Kann ich als Gesch\u00e4ftsf\u00fchrer zur\u00fccktreten?<\/h2>\n<p>Nat\u00fcrlich sind Sie berechtigt, gegen\u00fcber der Gesellschaft Ihren R\u00fccktritt als Gesch\u00e4ftsf\u00fchrer zu erkl\u00e4ren. Aus\u00a0<b>wichtigem Grund<\/b>\u00a0kann dieser R\u00fccktritt mit sofortiger Wirkung erfolgen, ansonsten wird der R\u00fccktritt nach Ablauf von 14 Tagen wirksam.<\/p>\n<p>Sie m\u00fcssen Ihren R\u00fccktritt gegen\u00fcber der Generalversammlung oder allen Gesellschaftern nachweislich erkl\u00e4ren und Mitgesch\u00e4ftsf\u00fchrer sowie einen eventuellen Aufsichtsrat verst\u00e4ndigen.<\/p>\n<h2>Abberufung durch die Gesellschafter<\/h2>\n<p>Die Gesellschafter der GmbH k\u00f6nnen den Beschluss, mit dem der Gesch\u00e4ftsf\u00fchrer bestellt wurde, jederzeit, ohne wichtigen Grund und ohne Einhaltung einer Frist widerrufen. Daf\u00fcr reicht die einfache Mehrheit der abgegebenen Stimmen aus.<\/p>\n<p>Sichern Sie sich als Gesch\u00e4ftsf\u00fchrer ab: Vereinbaren Sie beispielsweise die Weiterbesch\u00e4ftigung als Arbeitnehmer f\u00fcr den Fall der Abberufung oder lassen Sie sich Pensionsleistungen oder besondere Abfertigungsanspr\u00fcche zusichern.<\/p>\n<p>Sind Sie\u00a0<b>Gesellschafter-Gesch\u00e4ftsf\u00fchrer<\/b>\u00a0und wurden Sie im Gesellschaftsvertrag bestellt, hat dies den Vorteil, dass zu Ihrer Abberufung der Gesellschaftsvertrag ge\u00e4ndert werden muss, wozu eine Dreiviertel-Mehrheit der abgegebenen Stimmen notwendig ist. Au\u00dferdem\u00a0 kann die Zul\u00e4ssigkeit Ihrer Abberufung auf wichtige Gr\u00fcnde beschr\u00e4nkt werden.<\/p>\n<p>Endet die Funktionsdauer eines Gesch\u00e4ftsf\u00fchrers, so ist die L\u00f6schung des Gesch\u00e4ftsf\u00fchrers im Firmenbuch zu beantragen.<\/p>\n","protected":false},"excerpt":{"rendered":"<p>Kann ich als Gesch\u00e4ftsf\u00fchrer zur\u00fccktreten? Nat\u00fcrlich sind Sie berechtigt, gegen\u00fcber der Gesellschaft Ihren R\u00fccktritt als Gesch\u00e4ftsf\u00fchrer zu erkl\u00e4ren. Aus\u00a0wichtigem Grund\u00a0kann dieser R\u00fccktritt mit sofortiger Wirkung erfolgen, ansonsten wird der R\u00fccktritt nach Ablauf von 14 Tagen wirksam. Sie m\u00fcssen Ihren R\u00fccktritt gegen\u00fcber der Generalversammlung oder allen Gesellschaftern nachweislich erkl\u00e4ren und Mitgesch\u00e4ftsf\u00fchrer sowie einen eventuellen Aufsichtsrat verst\u00e4ndigen.&hellip;<\/p>\n","protected":false},"author":3,"featured_media":0,"parent":202,"menu_order":2,"comment_status":"closed","ping_status":"closed","template":"","meta":{"inline_featured_image":false,"footnotes":""},"categories":[],"class_list":["post-208","page","type-page","status-publish","hentry","description-off"],"yoast_head":"<!-- This site is optimized with the Yoast SEO Premium plugin v26.7 (Yoast SEO v27.3) - https:\/\/yoast.com\/product\/yoast-seo-premium-wordpress\/ -->\n<title>R\u00fccktritt und Abberufung des GmbH-Gesch\u00e4ftsf\u00fchrers &#8211; Notariat Sch\u00f6ffmann<\/title>\n<meta name=\"description\" content=\"Jeder Gesch\u00e4ftsf\u00fchrer einer GmbH kann seinen R\u00fccktritt erkl\u00e4ren, wenn er sein organschaftliches Amt niederlegen will. Gesellschafter einer GmbH k\u00f6nnen den Bestellungsbeschluss widerrufen.\" \/>\n<meta name=\"robots\" content=\"index, follow, max-snippet:-1, max-image-preview:large, max-video-preview:-1\" \/>\n<link rel=\"canonical\" href=\"https:\/\/www.notariat-schoeffmann.at\/de\/unternehmen\/kapitalgesellschaften\/gmbh\/geschaeftsfuehrer\/ruecktritt-und-abberufung-des-gmbh-geschaeftsfuehrers\/\" \/>\n<meta property=\"og:locale\" content=\"de_DE\" \/>\n<meta property=\"og:type\" content=\"article\" \/>\n<meta property=\"og:title\" content=\"R\u00fccktritt und Abberufung des GmbH-Gesch\u00e4ftsf\u00fchrers - Notariat Sch\u00f6ffmann\" \/>\n<meta property=\"og:description\" content=\"Jeder Gesch\u00e4ftsf\u00fchrer einer GmbH kann seinen R\u00fccktritt erkl\u00e4ren, wenn er sein organschaftliches Amt niederlegen will. Gesellschafter einer GmbH k\u00f6nnen den Bestellungsbeschluss widerrufen.\" \/>\n<meta property=\"og:url\" content=\"https:\/\/www.notariat-schoeffmann.at\/de\/unternehmen\/kapitalgesellschaften\/gmbh\/geschaeftsfuehrer\/ruecktritt-und-abberufung-des-gmbh-geschaeftsfuehrers\/\" \/>\n<meta property=\"og:site_name\" content=\"Notariat Sch\u00f6ffmann\" \/>\n<meta property=\"article:publisher\" content=\"https:\/\/www.facebook.com\/NotarKlagenfurt\" \/>\n<meta property=\"article:modified_time\" content=\"2022-02-26T21:33:40+00:00\" \/>\n<meta property=\"og:image\" content=\"https:\/\/www.notariat-schoeffmann.at\/wp-content\/uploads\/2021\/11\/Juristen-1.jpg\" \/>\n\t<meta property=\"og:image:width\" content=\"1600\" \/>\n\t<meta property=\"og:image:height\" content=\"1067\" \/>\n\t<meta property=\"og:image:type\" content=\"image\/jpeg\" \/>\n<meta name=\"twitter:card\" content=\"summary_large_image\" \/>\n<script type=\"application\/ld+json\" class=\"yoast-schema-graph\">{\"@context\":\"https:\\\/\\\/schema.org\",\"@graph\":[{\"@type\":\"WebPage\",\"@id\":\"https:\\\/\\\/www.notariat-schoeffmann.at\\\/de\\\/unternehmen\\\/kapitalgesellschaften\\\/gmbh\\\/geschaeftsfuehrer\\\/ruecktritt-und-abberufung-des-gmbh-geschaeftsfuehrers\\\/\",\"url\":\"https:\\\/\\\/www.notariat-schoeffmann.at\\\/de\\\/unternehmen\\\/kapitalgesellschaften\\\/gmbh\\\/geschaeftsfuehrer\\\/ruecktritt-und-abberufung-des-gmbh-geschaeftsfuehrers\\\/\",\"name\":\"R\u00fccktritt und Abberufung des GmbH-Gesch\u00e4ftsf\u00fchrers &#8211; Notariat Sch\u00f6ffmann\",\"isPartOf\":{\"@id\":\"https:\\\/\\\/www.notariat-schoeffmann.at\\\/de\\\/#website\"},\"datePublished\":\"2021-08-09T08:09:06+00:00\",\"dateModified\":\"2022-02-26T21:33:40+00:00\",\"description\":\"Jeder Gesch\u00e4ftsf\u00fchrer einer GmbH kann seinen R\u00fccktritt erkl\u00e4ren, wenn er sein organschaftliches Amt niederlegen will. Gesellschafter einer GmbH k\u00f6nnen den Bestellungsbeschluss widerrufen.\",\"breadcrumb\":{\"@id\":\"https:\\\/\\\/www.notariat-schoeffmann.at\\\/de\\\/unternehmen\\\/kapitalgesellschaften\\\/gmbh\\\/geschaeftsfuehrer\\\/ruecktritt-und-abberufung-des-gmbh-geschaeftsfuehrers\\\/#breadcrumb\"},\"inLanguage\":\"de\",\"potentialAction\":[{\"@type\":\"ReadAction\",\"target\":[\"https:\\\/\\\/www.notariat-schoeffmann.at\\\/de\\\/unternehmen\\\/kapitalgesellschaften\\\/gmbh\\\/geschaeftsfuehrer\\\/ruecktritt-und-abberufung-des-gmbh-geschaeftsfuehrers\\\/\"]}]},{\"@type\":\"BreadcrumbList\",\"@id\":\"https:\\\/\\\/www.notariat-schoeffmann.at\\\/de\\\/unternehmen\\\/kapitalgesellschaften\\\/gmbh\\\/geschaeftsfuehrer\\\/ruecktritt-und-abberufung-des-gmbh-geschaeftsfuehrers\\\/#breadcrumb\",\"itemListElement\":[{\"@type\":\"ListItem\",\"position\":1,\"name\":\"Startseite\",\"item\":\"https:\\\/\\\/www.notariat-schoeffmann.at\\\/de\\\/\"},{\"@type\":\"ListItem\",\"position\":2,\"name\":\"Unternehmen\",\"item\":\"https:\\\/\\\/www.notariat-schoeffmann.at\\\/de\\\/unternehmen\\\/\"},{\"@type\":\"ListItem\",\"position\":3,\"name\":\"Kapitalgesellschaften\",\"item\":\"https:\\\/\\\/www.notariat-schoeffmann.at\\\/de\\\/unternehmen\\\/kapitalgesellschaften\\\/\"},{\"@type\":\"ListItem\",\"position\":4,\"name\":\"Gesellschaft mit beschr\u00e4nkter Haftung (GmbH)\",\"item\":\"https:\\\/\\\/www.notariat-schoeffmann.at\\\/de\\\/unternehmen\\\/kapitalgesellschaften\\\/gmbh\\\/\"},{\"@type\":\"ListItem\",\"position\":5,\"name\":\"Gesch\u00e4ftsf\u00fchrer\",\"item\":\"https:\\\/\\\/www.notariat-schoeffmann.at\\\/de\\\/unternehmen\\\/kapitalgesellschaften\\\/gmbh\\\/geschaeftsfuehrer\\\/\"},{\"@type\":\"ListItem\",\"position\":6,\"name\":\"R\u00fccktritt und Abberufung des GmbH-Gesch\u00e4ftsf\u00fchrers\"}]},{\"@type\":\"WebSite\",\"@id\":\"https:\\\/\\\/www.notariat-schoeffmann.at\\\/de\\\/#website\",\"url\":\"https:\\\/\\\/www.notariat-schoeffmann.at\\\/de\\\/\",\"name\":\"Notariat Sch\u00f6ffmann\",\"description\":\"Mag. Klaus Sch\u00f6ffmann - Ihr Notar in Klagenfurt\",\"publisher\":{\"@id\":\"https:\\\/\\\/www.notariat-schoeffmann.at\\\/de\\\/#organization\"},\"potentialAction\":[{\"@type\":\"SearchAction\",\"target\":{\"@type\":\"EntryPoint\",\"urlTemplate\":\"https:\\\/\\\/www.notariat-schoeffmann.at\\\/de\\\/?s={search_term_string}\"},\"query-input\":{\"@type\":\"PropertyValueSpecification\",\"valueRequired\":true,\"valueName\":\"search_term_string\"}}],\"inLanguage\":\"de\"},{\"@type\":\"Organization\",\"@id\":\"https:\\\/\\\/www.notariat-schoeffmann.at\\\/de\\\/#organization\",\"name\":\"Notariat Mag. Klaus Sch\u00f6ffmann Klagenfurt\",\"url\":\"https:\\\/\\\/www.notariat-schoeffmann.at\\\/de\\\/\",\"logo\":{\"@type\":\"ImageObject\",\"inLanguage\":\"de\",\"@id\":\"https:\\\/\\\/www.notariat-schoeffmann.at\\\/de\\\/#\\\/schema\\\/logo\\\/image\\\/\",\"url\":\"https:\\\/\\\/www.notariat-schoeffmann.at\\\/wp-content\\\/uploads\\\/2022\\\/02\\\/logo-notariat-schoeffmann.jpg\",\"contentUrl\":\"https:\\\/\\\/www.notariat-schoeffmann.at\\\/wp-content\\\/uploads\\\/2022\\\/02\\\/logo-notariat-schoeffmann.jpg\",\"width\":600,\"height\":600,\"caption\":\"Notariat Mag. Klaus Sch\u00f6ffmann Klagenfurt\"},\"image\":{\"@id\":\"https:\\\/\\\/www.notariat-schoeffmann.at\\\/de\\\/#\\\/schema\\\/logo\\\/image\\\/\"},\"sameAs\":[\"https:\\\/\\\/www.facebook.com\\\/NotarKlagenfurt\",\"https:\\\/\\\/www.youtube.com\\\/channel\\\/UCaITfbIQh6VIpzEonUsIhcg\"]}]}<\/script>\n<!-- \/ Yoast SEO Premium plugin. -->","yoast_head_json":{"title":"R\u00fccktritt und Abberufung des GmbH-Gesch\u00e4ftsf\u00fchrers &#8211; Notariat Sch\u00f6ffmann","description":"Jeder Gesch\u00e4ftsf\u00fchrer einer GmbH kann seinen R\u00fccktritt erkl\u00e4ren, wenn er sein organschaftliches Amt niederlegen will. Gesellschafter einer GmbH k\u00f6nnen den Bestellungsbeschluss widerrufen.","robots":{"index":"index","follow":"follow","max-snippet":"max-snippet:-1","max-image-preview":"max-image-preview:large","max-video-preview":"max-video-preview:-1"},"canonical":"https:\/\/www.notariat-schoeffmann.at\/de\/unternehmen\/kapitalgesellschaften\/gmbh\/geschaeftsfuehrer\/ruecktritt-und-abberufung-des-gmbh-geschaeftsfuehrers\/","og_locale":"de_DE","og_type":"article","og_title":"R\u00fccktritt und Abberufung des GmbH-Gesch\u00e4ftsf\u00fchrers - Notariat Sch\u00f6ffmann","og_description":"Jeder Gesch\u00e4ftsf\u00fchrer einer GmbH kann seinen R\u00fccktritt erkl\u00e4ren, wenn er sein organschaftliches Amt niederlegen will. Gesellschafter einer GmbH k\u00f6nnen den Bestellungsbeschluss widerrufen.","og_url":"https:\/\/www.notariat-schoeffmann.at\/de\/unternehmen\/kapitalgesellschaften\/gmbh\/geschaeftsfuehrer\/ruecktritt-und-abberufung-des-gmbh-geschaeftsfuehrers\/","og_site_name":"Notariat Sch\u00f6ffmann","article_publisher":"https:\/\/www.facebook.com\/NotarKlagenfurt","article_modified_time":"2022-02-26T21:33:40+00:00","og_image":[{"width":1600,"height":1067,"url":"https:\/\/www.notariat-schoeffmann.at\/wp-content\/uploads\/2021\/11\/Juristen-1.jpg","type":"image\/jpeg"}],"twitter_card":"summary_large_image","schema":{"@context":"https:\/\/schema.org","@graph":[{"@type":"WebPage","@id":"https:\/\/www.notariat-schoeffmann.at\/de\/unternehmen\/kapitalgesellschaften\/gmbh\/geschaeftsfuehrer\/ruecktritt-und-abberufung-des-gmbh-geschaeftsfuehrers\/","url":"https:\/\/www.notariat-schoeffmann.at\/de\/unternehmen\/kapitalgesellschaften\/gmbh\/geschaeftsfuehrer\/ruecktritt-und-abberufung-des-gmbh-geschaeftsfuehrers\/","name":"R\u00fccktritt und Abberufung des GmbH-Gesch\u00e4ftsf\u00fchrers &#8211; Notariat Sch\u00f6ffmann","isPartOf":{"@id":"https:\/\/www.notariat-schoeffmann.at\/de\/#website"},"datePublished":"2021-08-09T08:09:06+00:00","dateModified":"2022-02-26T21:33:40+00:00","description":"Jeder Gesch\u00e4ftsf\u00fchrer einer GmbH kann seinen R\u00fccktritt erkl\u00e4ren, wenn er sein organschaftliches Amt niederlegen will. Gesellschafter einer GmbH k\u00f6nnen den Bestellungsbeschluss widerrufen.","breadcrumb":{"@id":"https:\/\/www.notariat-schoeffmann.at\/de\/unternehmen\/kapitalgesellschaften\/gmbh\/geschaeftsfuehrer\/ruecktritt-und-abberufung-des-gmbh-geschaeftsfuehrers\/#breadcrumb"},"inLanguage":"de","potentialAction":[{"@type":"ReadAction","target":["https:\/\/www.notariat-schoeffmann.at\/de\/unternehmen\/kapitalgesellschaften\/gmbh\/geschaeftsfuehrer\/ruecktritt-und-abberufung-des-gmbh-geschaeftsfuehrers\/"]}]},{"@type":"BreadcrumbList","@id":"https:\/\/www.notariat-schoeffmann.at\/de\/unternehmen\/kapitalgesellschaften\/gmbh\/geschaeftsfuehrer\/ruecktritt-und-abberufung-des-gmbh-geschaeftsfuehrers\/#breadcrumb","itemListElement":[{"@type":"ListItem","position":1,"name":"Startseite","item":"https:\/\/www.notariat-schoeffmann.at\/de\/"},{"@type":"ListItem","position":2,"name":"Unternehmen","item":"https:\/\/www.notariat-schoeffmann.at\/de\/unternehmen\/"},{"@type":"ListItem","position":3,"name":"Kapitalgesellschaften","item":"https:\/\/www.notariat-schoeffmann.at\/de\/unternehmen\/kapitalgesellschaften\/"},{"@type":"ListItem","position":4,"name":"Gesellschaft mit beschr\u00e4nkter Haftung (GmbH)","item":"https:\/\/www.notariat-schoeffmann.at\/de\/unternehmen\/kapitalgesellschaften\/gmbh\/"},{"@type":"ListItem","position":5,"name":"Gesch\u00e4ftsf\u00fchrer","item":"https:\/\/www.notariat-schoeffmann.at\/de\/unternehmen\/kapitalgesellschaften\/gmbh\/geschaeftsfuehrer\/"},{"@type":"ListItem","position":6,"name":"R\u00fccktritt und Abberufung des GmbH-Gesch\u00e4ftsf\u00fchrers"}]},{"@type":"WebSite","@id":"https:\/\/www.notariat-schoeffmann.at\/de\/#website","url":"https:\/\/www.notariat-schoeffmann.at\/de\/","name":"Notariat Sch\u00f6ffmann","description":"Mag. Klaus Sch\u00f6ffmann - Ihr Notar in Klagenfurt","publisher":{"@id":"https:\/\/www.notariat-schoeffmann.at\/de\/#organization"},"potentialAction":[{"@type":"SearchAction","target":{"@type":"EntryPoint","urlTemplate":"https:\/\/www.notariat-schoeffmann.at\/de\/?s={search_term_string}"},"query-input":{"@type":"PropertyValueSpecification","valueRequired":true,"valueName":"search_term_string"}}],"inLanguage":"de"},{"@type":"Organization","@id":"https:\/\/www.notariat-schoeffmann.at\/de\/#organization","name":"Notariat Mag. Klaus Sch\u00f6ffmann Klagenfurt","url":"https:\/\/www.notariat-schoeffmann.at\/de\/","logo":{"@type":"ImageObject","inLanguage":"de","@id":"https:\/\/www.notariat-schoeffmann.at\/de\/#\/schema\/logo\/image\/","url":"https:\/\/www.notariat-schoeffmann.at\/wp-content\/uploads\/2022\/02\/logo-notariat-schoeffmann.jpg","contentUrl":"https:\/\/www.notariat-schoeffmann.at\/wp-content\/uploads\/2022\/02\/logo-notariat-schoeffmann.jpg","width":600,"height":600,"caption":"Notariat Mag. Klaus Sch\u00f6ffmann Klagenfurt"},"image":{"@id":"https:\/\/www.notariat-schoeffmann.at\/de\/#\/schema\/logo\/image\/"},"sameAs":["https:\/\/www.facebook.com\/NotarKlagenfurt","https:\/\/www.youtube.com\/channel\/UCaITfbIQh6VIpzEonUsIhcg"]}]}},"_links":{"self":[{"href":"https:\/\/www.notariat-schoeffmann.at\/de\/wp-json\/wp\/v2\/pages\/208","targetHints":{"allow":["GET"]}}],"collection":[{"href":"https:\/\/www.notariat-schoeffmann.at\/de\/wp-json\/wp\/v2\/pages"}],"about":[{"href":"https:\/\/www.notariat-schoeffmann.at\/de\/wp-json\/wp\/v2\/types\/page"}],"author":[{"embeddable":true,"href":"https:\/\/www.notariat-schoeffmann.at\/de\/wp-json\/wp\/v2\/users\/3"}],"replies":[{"embeddable":true,"href":"https:\/\/www.notariat-schoeffmann.at\/de\/wp-json\/wp\/v2\/comments?post=208"}],"version-history":[{"count":5,"href":"https:\/\/www.notariat-schoeffmann.at\/de\/wp-json\/wp\/v2\/pages\/208\/revisions"}],"predecessor-version":[{"id":2119,"href":"https:\/\/www.notariat-schoeffmann.at\/de\/wp-json\/wp\/v2\/pages\/208\/revisions\/2119"}],"up":[{"embeddable":true,"href":"https:\/\/www.notariat-schoeffmann.at\/de\/wp-json\/wp\/v2\/pages\/202"}],"wp:attachment":[{"href":"https:\/\/www.notariat-schoeffmann.at\/de\/wp-json\/wp\/v2\/media?parent=208"}],"wp:term":[{"taxonomy":"category","embeddable":true,"href":"https:\/\/www.notariat-schoeffmann.at\/de\/wp-json\/wp\/v2\/categories?post=208"}],"curies":[{"name":"wp","href":"https:\/\/api.w.org\/{rel}","templated":true}]}}