{"id":206,"date":"2021-08-09T10:08:05","date_gmt":"2021-08-09T08:08:05","guid":{"rendered":"https:\/\/www.notariat-schoeffmann.at\/?page_id=206"},"modified":"2022-02-26T22:30:03","modified_gmt":"2022-02-26T21:30:03","slug":"haftungsbeschraenkungen-fuer-geschaeftsfuehrer","status":"publish","type":"page","link":"https:\/\/www.notariat-schoeffmann.at\/de\/unternehmen\/kapitalgesellschaften\/gmbh\/geschaeftsfuehrer\/haftungsbeschraenkungen-fuer-geschaeftsfuehrer\/","title":{"rendered":"Haftungsbeschr\u00e4nkungen f\u00fcr Gesch\u00e4ftsf\u00fchrer"},"content":{"rendered":"<h2>\u00dcbersicht \u00fcber M\u00f6glichkeiten zur Haftungsbeschr\u00e4nkung f\u00fcr Gesch\u00e4ftsf\u00fchrer<\/h2>\n<p>Bei schuldhafter Pflichtverletzung wird der Gesch\u00e4ftsf\u00fchrer der GmbH schadenersatzpflichtig.<\/p>\n<p>Im folgenden einige Ideen, wie Sie als Gesch\u00e4ftsf\u00fchrer Haftungen minimieren k\u00f6nnen. Diese Ideen dienen nur zur Bewusstseinsbildung und als Gedankenansto\u00df. Bitte kontaktieren Sie ihren Notar!<\/p>\n<p><b>Individuelle und umfassende Beratung kann Ihre Existenz sichern helfen!<\/b><\/p>\n<h2>In der Gesellschaft und gegen\u00fcber den Gesellschaftern<\/h2>\n<ul>\n<li>Nach Feststellung eines Jahresabschlusses: durch die Gesellschafter f\u00fcr das abgelaufene Gesch\u00e4ftsjahr entlasten lassen, berichten Sie \u00fcber alle kritischen Gesch\u00e4ftsf\u00e4lle! Die Entlastung wirkt nicht f\u00fcr Sachverhalte, die den Gesellschaftern gegen\u00fcber verschwiegen wurden.<\/li>\n<li>Bei Vorhandensein mehrerer Gesch\u00e4ftsf\u00fchrer: Gesch\u00e4ftsordnung f\u00fcr Gesch\u00e4ftsf\u00fchrer erstellen (und von den Gesellschaftern beschlie\u00dfen lassen). Durch Gesellschafter und Gesch\u00e4ftsf\u00fchrer unterfertigen lassen.<br \/>\nMit exakter Zuteilung von\u00a0Zust\u00e4ndigkeiten wird die Haftung eingeschr\u00e4nkt. Prim\u00e4r haftet der nach Gesch\u00e4ftsordnung zust\u00e4ndige Gesch\u00e4ftsf\u00fchrer, die \u00fcbrigen nur mehr eingeschr\u00e4nkt.<\/li>\n<li>Genaue Befolgung der (schriftlichen) Weisungen durch die Gesellschafter (jedoch Pr\u00fcfung ob Gesellschafterbeschluss nichtig sein k\u00f6nnte oder ob Sch\u00e4digung von Gl\u00e4ubigerrechten m\u00f6glich!).<\/li>\n<\/ul>\n<h2>Absicherung vor \u00dcbernahme einer Gesch\u00e4ftsf\u00fchrung<\/h2>\n<p>Was sollte ich vor \u00dcbernahme einer Gesch\u00e4ftsf\u00fchrungsfunktion jedenfalls tun?<\/p>\n<ul>\n<li>Einsicht in die Bilanzen der letzten Jahre<\/li>\n<li>Gespr\u00e4ch mit Steuerberater<\/li>\n<li>Gespr\u00e4ch mit dem Vorg\u00e4nger in der Gesch\u00e4ftsf\u00fchrung<\/li>\n<li>Gespr\u00e4ch mit den Gesellschaftern<\/li>\n<li>Bonit\u00e4t der Gesellschaft \u00fcberpr\u00fcfen (Banken, Lieferanten, Kunden)<\/li>\n<li>Grundbuchsrecherche<\/li>\n<li>Ausk\u00fcnfte von Gl\u00e4ubigerschutzverb\u00e4nden einholen<\/li>\n<li>Versicherung abschlie\u00dfen (Verm\u00f6gensschadenshaftpflicht, Privatverm\u00f6gen sichern)<\/li>\n<\/ul>\n<h2>M\u00f6glichkeiten zur pers\u00f6nlichen Verm\u00f6genssicherung nutzen:<\/h2>\n<ul>\n<li>Belastungs- und Ver\u00e4u\u00dferungsverbote bei Liegenschaften (je \u00e4lter desto besser!) (Achtung: Keine Wirkung, wenn Titel gegen Berechtigten und Verpflichteten gerichtet ist. Ein Belastungs- und Ver\u00e4u\u00dferungsverbot erst in der wirtschaftlichen Krise zu begr\u00fcnden kann eine strafbare Gl\u00e4ubigerbenachteiligung darstellen.)<\/li>\n<li>Fruchtgenuss-, Miet- oder Pachtrechte<\/li>\n<\/ul>\n","protected":false},"excerpt":{"rendered":"<p>\u00dcbersicht \u00fcber M\u00f6glichkeiten zur Haftungsbeschr\u00e4nkung f\u00fcr Gesch\u00e4ftsf\u00fchrer Bei schuldhafter Pflichtverletzung wird der Gesch\u00e4ftsf\u00fchrer der GmbH schadenersatzpflichtig. Im folgenden einige Ideen, wie Sie als Gesch\u00e4ftsf\u00fchrer Haftungen minimieren k\u00f6nnen. Diese Ideen dienen nur zur Bewusstseinsbildung und als Gedankenansto\u00df. Bitte kontaktieren Sie ihren Notar! Individuelle und umfassende Beratung kann Ihre Existenz sichern helfen! In der Gesellschaft und gegen\u00fcber&hellip;<\/p>\n","protected":false},"author":3,"featured_media":0,"parent":202,"menu_order":1,"comment_status":"closed","ping_status":"closed","template":"","meta":{"inline_featured_image":false,"footnotes":""},"categories":[],"class_list":["post-206","page","type-page","status-publish","hentry","description-off"],"yoast_head":"<!-- This site is optimized with the Yoast SEO Premium plugin v26.7 (Yoast SEO v27.3) - https:\/\/yoast.com\/product\/yoast-seo-premium-wordpress\/ -->\n<title>Haftungsbeschr\u00e4nkungen f\u00fcr Gesch\u00e4ftsf\u00fchrer &#8211; Notariat Sch\u00f6ffmann<\/title>\n<meta name=\"description\" content=\"Bei schuldhafter Pflichtverletzung wird der Gesch\u00e4ftsf\u00fchrer der GmbH schadenersatzpflichtig. Im folgenden einige Ideen zur Haftungsminimierung.\" \/>\n<meta name=\"robots\" content=\"index, follow, max-snippet:-1, max-image-preview:large, max-video-preview:-1\" \/>\n<link rel=\"canonical\" href=\"https:\/\/www.notariat-schoeffmann.at\/de\/unternehmen\/kapitalgesellschaften\/gmbh\/geschaeftsfuehrer\/haftungsbeschraenkungen-fuer-geschaeftsfuehrer\/\" \/>\n<meta property=\"og:locale\" content=\"de_DE\" \/>\n<meta property=\"og:type\" content=\"article\" \/>\n<meta property=\"og:title\" content=\"Haftungsbeschr\u00e4nkungen f\u00fcr Gesch\u00e4ftsf\u00fchrer - Notariat Sch\u00f6ffmann\" \/>\n<meta property=\"og:description\" content=\"Bei schuldhafter Pflichtverletzung wird der Gesch\u00e4ftsf\u00fchrer der GmbH schadenersatzpflichtig. Im folgenden einige Ideen zur Haftungsminimierung.\" \/>\n<meta property=\"og:url\" content=\"https:\/\/www.notariat-schoeffmann.at\/de\/unternehmen\/kapitalgesellschaften\/gmbh\/geschaeftsfuehrer\/haftungsbeschraenkungen-fuer-geschaeftsfuehrer\/\" \/>\n<meta property=\"og:site_name\" content=\"Notariat Sch\u00f6ffmann\" \/>\n<meta property=\"article:publisher\" content=\"https:\/\/www.facebook.com\/NotarKlagenfurt\" \/>\n<meta property=\"article:modified_time\" content=\"2022-02-26T21:30:03+00:00\" \/>\n<meta property=\"og:image\" content=\"https:\/\/www.notariat-schoeffmann.at\/wp-content\/uploads\/2021\/11\/Juristen-1.jpg\" \/>\n\t<meta property=\"og:image:width\" content=\"1600\" \/>\n\t<meta property=\"og:image:height\" content=\"1067\" \/>\n\t<meta property=\"og:image:type\" content=\"image\/jpeg\" \/>\n<meta name=\"twitter:card\" content=\"summary_large_image\" \/>\n<script type=\"application\/ld+json\" class=\"yoast-schema-graph\">{\"@context\":\"https:\\\/\\\/schema.org\",\"@graph\":[{\"@type\":\"WebPage\",\"@id\":\"https:\\\/\\\/www.notariat-schoeffmann.at\\\/de\\\/unternehmen\\\/kapitalgesellschaften\\\/gmbh\\\/geschaeftsfuehrer\\\/haftungsbeschraenkungen-fuer-geschaeftsfuehrer\\\/\",\"url\":\"https:\\\/\\\/www.notariat-schoeffmann.at\\\/de\\\/unternehmen\\\/kapitalgesellschaften\\\/gmbh\\\/geschaeftsfuehrer\\\/haftungsbeschraenkungen-fuer-geschaeftsfuehrer\\\/\",\"name\":\"Haftungsbeschr\u00e4nkungen f\u00fcr Gesch\u00e4ftsf\u00fchrer &#8211; Notariat Sch\u00f6ffmann\",\"isPartOf\":{\"@id\":\"https:\\\/\\\/www.notariat-schoeffmann.at\\\/de\\\/#website\"},\"datePublished\":\"2021-08-09T08:08:05+00:00\",\"dateModified\":\"2022-02-26T21:30:03+00:00\",\"description\":\"Bei schuldhafter Pflichtverletzung wird der Gesch\u00e4ftsf\u00fchrer der GmbH schadenersatzpflichtig. Im folgenden einige Ideen zur Haftungsminimierung.\",\"breadcrumb\":{\"@id\":\"https:\\\/\\\/www.notariat-schoeffmann.at\\\/de\\\/unternehmen\\\/kapitalgesellschaften\\\/gmbh\\\/geschaeftsfuehrer\\\/haftungsbeschraenkungen-fuer-geschaeftsfuehrer\\\/#breadcrumb\"},\"inLanguage\":\"de\",\"potentialAction\":[{\"@type\":\"ReadAction\",\"target\":[\"https:\\\/\\\/www.notariat-schoeffmann.at\\\/de\\\/unternehmen\\\/kapitalgesellschaften\\\/gmbh\\\/geschaeftsfuehrer\\\/haftungsbeschraenkungen-fuer-geschaeftsfuehrer\\\/\"]}]},{\"@type\":\"BreadcrumbList\",\"@id\":\"https:\\\/\\\/www.notariat-schoeffmann.at\\\/de\\\/unternehmen\\\/kapitalgesellschaften\\\/gmbh\\\/geschaeftsfuehrer\\\/haftungsbeschraenkungen-fuer-geschaeftsfuehrer\\\/#breadcrumb\",\"itemListElement\":[{\"@type\":\"ListItem\",\"position\":1,\"name\":\"Startseite\",\"item\":\"https:\\\/\\\/www.notariat-schoeffmann.at\\\/de\\\/\"},{\"@type\":\"ListItem\",\"position\":2,\"name\":\"Unternehmen\",\"item\":\"https:\\\/\\\/www.notariat-schoeffmann.at\\\/de\\\/unternehmen\\\/\"},{\"@type\":\"ListItem\",\"position\":3,\"name\":\"Kapitalgesellschaften\",\"item\":\"https:\\\/\\\/www.notariat-schoeffmann.at\\\/de\\\/unternehmen\\\/kapitalgesellschaften\\\/\"},{\"@type\":\"ListItem\",\"position\":4,\"name\":\"Gesellschaft mit beschr\u00e4nkter Haftung (GmbH)\",\"item\":\"https:\\\/\\\/www.notariat-schoeffmann.at\\\/de\\\/unternehmen\\\/kapitalgesellschaften\\\/gmbh\\\/\"},{\"@type\":\"ListItem\",\"position\":5,\"name\":\"Gesch\u00e4ftsf\u00fchrer\",\"item\":\"https:\\\/\\\/www.notariat-schoeffmann.at\\\/de\\\/unternehmen\\\/kapitalgesellschaften\\\/gmbh\\\/geschaeftsfuehrer\\\/\"},{\"@type\":\"ListItem\",\"position\":6,\"name\":\"Haftungsbeschr\u00e4nkungen f\u00fcr Gesch\u00e4ftsf\u00fchrer\"}]},{\"@type\":\"WebSite\",\"@id\":\"https:\\\/\\\/www.notariat-schoeffmann.at\\\/de\\\/#website\",\"url\":\"https:\\\/\\\/www.notariat-schoeffmann.at\\\/de\\\/\",\"name\":\"Notariat Sch\u00f6ffmann\",\"description\":\"Mag. Klaus Sch\u00f6ffmann - Ihr Notar in Klagenfurt\",\"publisher\":{\"@id\":\"https:\\\/\\\/www.notariat-schoeffmann.at\\\/de\\\/#organization\"},\"potentialAction\":[{\"@type\":\"SearchAction\",\"target\":{\"@type\":\"EntryPoint\",\"urlTemplate\":\"https:\\\/\\\/www.notariat-schoeffmann.at\\\/de\\\/?s={search_term_string}\"},\"query-input\":{\"@type\":\"PropertyValueSpecification\",\"valueRequired\":true,\"valueName\":\"search_term_string\"}}],\"inLanguage\":\"de\"},{\"@type\":\"Organization\",\"@id\":\"https:\\\/\\\/www.notariat-schoeffmann.at\\\/de\\\/#organization\",\"name\":\"Notariat Mag. Klaus Sch\u00f6ffmann Klagenfurt\",\"url\":\"https:\\\/\\\/www.notariat-schoeffmann.at\\\/de\\\/\",\"logo\":{\"@type\":\"ImageObject\",\"inLanguage\":\"de\",\"@id\":\"https:\\\/\\\/www.notariat-schoeffmann.at\\\/de\\\/#\\\/schema\\\/logo\\\/image\\\/\",\"url\":\"https:\\\/\\\/www.notariat-schoeffmann.at\\\/wp-content\\\/uploads\\\/2022\\\/02\\\/logo-notariat-schoeffmann.jpg\",\"contentUrl\":\"https:\\\/\\\/www.notariat-schoeffmann.at\\\/wp-content\\\/uploads\\\/2022\\\/02\\\/logo-notariat-schoeffmann.jpg\",\"width\":600,\"height\":600,\"caption\":\"Notariat Mag. Klaus Sch\u00f6ffmann Klagenfurt\"},\"image\":{\"@id\":\"https:\\\/\\\/www.notariat-schoeffmann.at\\\/de\\\/#\\\/schema\\\/logo\\\/image\\\/\"},\"sameAs\":[\"https:\\\/\\\/www.facebook.com\\\/NotarKlagenfurt\",\"https:\\\/\\\/www.youtube.com\\\/channel\\\/UCaITfbIQh6VIpzEonUsIhcg\"]}]}<\/script>\n<!-- \/ Yoast SEO Premium plugin. -->","yoast_head_json":{"title":"Haftungsbeschr\u00e4nkungen f\u00fcr Gesch\u00e4ftsf\u00fchrer &#8211; Notariat Sch\u00f6ffmann","description":"Bei schuldhafter Pflichtverletzung wird der Gesch\u00e4ftsf\u00fchrer der GmbH schadenersatzpflichtig. Im folgenden einige Ideen zur Haftungsminimierung.","robots":{"index":"index","follow":"follow","max-snippet":"max-snippet:-1","max-image-preview":"max-image-preview:large","max-video-preview":"max-video-preview:-1"},"canonical":"https:\/\/www.notariat-schoeffmann.at\/de\/unternehmen\/kapitalgesellschaften\/gmbh\/geschaeftsfuehrer\/haftungsbeschraenkungen-fuer-geschaeftsfuehrer\/","og_locale":"de_DE","og_type":"article","og_title":"Haftungsbeschr\u00e4nkungen f\u00fcr Gesch\u00e4ftsf\u00fchrer - Notariat Sch\u00f6ffmann","og_description":"Bei schuldhafter Pflichtverletzung wird der Gesch\u00e4ftsf\u00fchrer der GmbH schadenersatzpflichtig. Im folgenden einige Ideen zur Haftungsminimierung.","og_url":"https:\/\/www.notariat-schoeffmann.at\/de\/unternehmen\/kapitalgesellschaften\/gmbh\/geschaeftsfuehrer\/haftungsbeschraenkungen-fuer-geschaeftsfuehrer\/","og_site_name":"Notariat Sch\u00f6ffmann","article_publisher":"https:\/\/www.facebook.com\/NotarKlagenfurt","article_modified_time":"2022-02-26T21:30:03+00:00","og_image":[{"width":1600,"height":1067,"url":"https:\/\/www.notariat-schoeffmann.at\/wp-content\/uploads\/2021\/11\/Juristen-1.jpg","type":"image\/jpeg"}],"twitter_card":"summary_large_image","schema":{"@context":"https:\/\/schema.org","@graph":[{"@type":"WebPage","@id":"https:\/\/www.notariat-schoeffmann.at\/de\/unternehmen\/kapitalgesellschaften\/gmbh\/geschaeftsfuehrer\/haftungsbeschraenkungen-fuer-geschaeftsfuehrer\/","url":"https:\/\/www.notariat-schoeffmann.at\/de\/unternehmen\/kapitalgesellschaften\/gmbh\/geschaeftsfuehrer\/haftungsbeschraenkungen-fuer-geschaeftsfuehrer\/","name":"Haftungsbeschr\u00e4nkungen f\u00fcr Gesch\u00e4ftsf\u00fchrer &#8211; Notariat Sch\u00f6ffmann","isPartOf":{"@id":"https:\/\/www.notariat-schoeffmann.at\/de\/#website"},"datePublished":"2021-08-09T08:08:05+00:00","dateModified":"2022-02-26T21:30:03+00:00","description":"Bei schuldhafter Pflichtverletzung wird der Gesch\u00e4ftsf\u00fchrer der GmbH schadenersatzpflichtig. Im folgenden einige Ideen zur Haftungsminimierung.","breadcrumb":{"@id":"https:\/\/www.notariat-schoeffmann.at\/de\/unternehmen\/kapitalgesellschaften\/gmbh\/geschaeftsfuehrer\/haftungsbeschraenkungen-fuer-geschaeftsfuehrer\/#breadcrumb"},"inLanguage":"de","potentialAction":[{"@type":"ReadAction","target":["https:\/\/www.notariat-schoeffmann.at\/de\/unternehmen\/kapitalgesellschaften\/gmbh\/geschaeftsfuehrer\/haftungsbeschraenkungen-fuer-geschaeftsfuehrer\/"]}]},{"@type":"BreadcrumbList","@id":"https:\/\/www.notariat-schoeffmann.at\/de\/unternehmen\/kapitalgesellschaften\/gmbh\/geschaeftsfuehrer\/haftungsbeschraenkungen-fuer-geschaeftsfuehrer\/#breadcrumb","itemListElement":[{"@type":"ListItem","position":1,"name":"Startseite","item":"https:\/\/www.notariat-schoeffmann.at\/de\/"},{"@type":"ListItem","position":2,"name":"Unternehmen","item":"https:\/\/www.notariat-schoeffmann.at\/de\/unternehmen\/"},{"@type":"ListItem","position":3,"name":"Kapitalgesellschaften","item":"https:\/\/www.notariat-schoeffmann.at\/de\/unternehmen\/kapitalgesellschaften\/"},{"@type":"ListItem","position":4,"name":"Gesellschaft mit beschr\u00e4nkter Haftung (GmbH)","item":"https:\/\/www.notariat-schoeffmann.at\/de\/unternehmen\/kapitalgesellschaften\/gmbh\/"},{"@type":"ListItem","position":5,"name":"Gesch\u00e4ftsf\u00fchrer","item":"https:\/\/www.notariat-schoeffmann.at\/de\/unternehmen\/kapitalgesellschaften\/gmbh\/geschaeftsfuehrer\/"},{"@type":"ListItem","position":6,"name":"Haftungsbeschr\u00e4nkungen f\u00fcr Gesch\u00e4ftsf\u00fchrer"}]},{"@type":"WebSite","@id":"https:\/\/www.notariat-schoeffmann.at\/de\/#website","url":"https:\/\/www.notariat-schoeffmann.at\/de\/","name":"Notariat Sch\u00f6ffmann","description":"Mag. Klaus Sch\u00f6ffmann - Ihr Notar in Klagenfurt","publisher":{"@id":"https:\/\/www.notariat-schoeffmann.at\/de\/#organization"},"potentialAction":[{"@type":"SearchAction","target":{"@type":"EntryPoint","urlTemplate":"https:\/\/www.notariat-schoeffmann.at\/de\/?s={search_term_string}"},"query-input":{"@type":"PropertyValueSpecification","valueRequired":true,"valueName":"search_term_string"}}],"inLanguage":"de"},{"@type":"Organization","@id":"https:\/\/www.notariat-schoeffmann.at\/de\/#organization","name":"Notariat Mag. Klaus Sch\u00f6ffmann Klagenfurt","url":"https:\/\/www.notariat-schoeffmann.at\/de\/","logo":{"@type":"ImageObject","inLanguage":"de","@id":"https:\/\/www.notariat-schoeffmann.at\/de\/#\/schema\/logo\/image\/","url":"https:\/\/www.notariat-schoeffmann.at\/wp-content\/uploads\/2022\/02\/logo-notariat-schoeffmann.jpg","contentUrl":"https:\/\/www.notariat-schoeffmann.at\/wp-content\/uploads\/2022\/02\/logo-notariat-schoeffmann.jpg","width":600,"height":600,"caption":"Notariat Mag. Klaus Sch\u00f6ffmann Klagenfurt"},"image":{"@id":"https:\/\/www.notariat-schoeffmann.at\/de\/#\/schema\/logo\/image\/"},"sameAs":["https:\/\/www.facebook.com\/NotarKlagenfurt","https:\/\/www.youtube.com\/channel\/UCaITfbIQh6VIpzEonUsIhcg"]}]}},"_links":{"self":[{"href":"https:\/\/www.notariat-schoeffmann.at\/de\/wp-json\/wp\/v2\/pages\/206","targetHints":{"allow":["GET"]}}],"collection":[{"href":"https:\/\/www.notariat-schoeffmann.at\/de\/wp-json\/wp\/v2\/pages"}],"about":[{"href":"https:\/\/www.notariat-schoeffmann.at\/de\/wp-json\/wp\/v2\/types\/page"}],"author":[{"embeddable":true,"href":"https:\/\/www.notariat-schoeffmann.at\/de\/wp-json\/wp\/v2\/users\/3"}],"replies":[{"embeddable":true,"href":"https:\/\/www.notariat-schoeffmann.at\/de\/wp-json\/wp\/v2\/comments?post=206"}],"version-history":[{"count":3,"href":"https:\/\/www.notariat-schoeffmann.at\/de\/wp-json\/wp\/v2\/pages\/206\/revisions"}],"predecessor-version":[{"id":2115,"href":"https:\/\/www.notariat-schoeffmann.at\/de\/wp-json\/wp\/v2\/pages\/206\/revisions\/2115"}],"up":[{"embeddable":true,"href":"https:\/\/www.notariat-schoeffmann.at\/de\/wp-json\/wp\/v2\/pages\/202"}],"wp:attachment":[{"href":"https:\/\/www.notariat-schoeffmann.at\/de\/wp-json\/wp\/v2\/media?parent=206"}],"wp:term":[{"taxonomy":"category","embeddable":true,"href":"https:\/\/www.notariat-schoeffmann.at\/de\/wp-json\/wp\/v2\/categories?post=206"}],"curies":[{"name":"wp","href":"https:\/\/api.w.org\/{rel}","templated":true}]}}