{"id":204,"date":"2021-08-09T10:06:34","date_gmt":"2021-08-09T08:06:34","guid":{"rendered":"https:\/\/www.notariat-schoeffmann.at\/?page_id=204"},"modified":"2022-02-26T22:28:00","modified_gmt":"2022-02-26T21:28:00","slug":"pflichten-des-geschaeftsfuehrers","status":"publish","type":"page","link":"https:\/\/www.notariat-schoeffmann.at\/de\/unternehmen\/kapitalgesellschaften\/gmbh\/geschaeftsfuehrer\/pflichten-des-geschaeftsfuehrers\/","title":{"rendered":"Pflichten des Gesch\u00e4ftsf\u00fchrers"},"content":{"rendered":"<h2>Welche Aufgabe hat der Gesch\u00e4ftsf\u00fchrer?<\/h2>\n<p>Der Gesch\u00e4ftsf\u00fchrer hat daf\u00fcr Sorge zu tragen, dass ein Rechnungswesen und ein internes Kontrollsystem gef\u00fchrt wird, das den Anforderungen des Unternehmens entspricht. \u00a0Er ist f\u00fcr die Erstellung des Jahresabschlusses (Bilanz und Gewinn- und Verlustrechnung) zust\u00e4ndig.<\/p>\n<p>Beim Umfang der Vertretungsbefugnis ist zu beachten, dass eine Einschr\u00e4nkung gegen\u00fcber Dritten nicht wirksam ist. Der Gesch\u00e4ftsf\u00fchrer kann daher jedes gew\u00f6hnliche Rechtsgesch\u00e4ft f\u00fcr die GmbH abschlie\u00dfen. Ihm k\u00f6nnen nur im Innenverh\u00e4ltnis Beschr\u00e4nkungen auferlegt werden. Diese sind im Gesellschaftsvertrag oder in einem Gesellschafterbeschluss festzulegen. Verst\u00f6\u00dft der Gesch\u00e4ftsf\u00fchrer gegen solche Beschr\u00e4nkungen im Innenverh\u00e4ltnis, ist seine Handlung gegen\u00fcber Dritten wirksam, er wird aber der GmbH schadenersatzpflichtig. Ein Versto\u00df gegen die intern aufgestellten Schranken kann auch die Abberufung des Gesch\u00e4ftsf\u00fchrers rechtfertigen.<\/p>\n<p>Bei au\u00dfergew\u00f6hnlichen Gesch\u00e4ften (zB Verpachtung des Unternehmens, Erwerb von Beteiligungen an anderen Gesellschaften) muss der Gesch\u00e4ftsf\u00fchrer die Zustimmung der Gesellschafter einholen.<\/p>\n<h2>Mehrere Gesch\u00e4ftsf\u00fchrer<\/h2>\n<p>Wie mehrere Gesch\u00e4ftsf\u00fchrer vertreten d\u00fcrfen (jeder alleine, gemeinsam mit einem Prokuristen,\u2026) ist im Gesellschaftsvertrag festzusetzen. Ohne eine solche Regelung vertreten mehrere Gesch\u00e4ftsf\u00fchrer gemeinsam.<\/p>\n<h2>Pflichten gegen\u00fcber dem Aufsichtsrat<\/h2>\n<p>Sofern ein Aufsichtsrat besteht, haben die Gesch\u00e4ftsf\u00fchrer diesem nunmehr in schriftlichen Quartals- und Jahresberichten \u00fcber den laufenden Gang der Gesch\u00e4fte und grunds\u00e4tzliche Fragen der k\u00fcnftigen Gesch\u00e4ftspolitik Bericht zu erstatten.<\/p>\n<p>Bei wichtigen Umst\u00e4nden, die f\u00fcr die Rentabilit\u00e4t oder Liquidit\u00e4t der Gesellschaft von erheblicher Bedeutung sind, ist ein unverz\u00fcglicher Sonderbericht dem Aufsichtsrat zu erstatten.<\/p>\n<p>Das GmbHG und weitere Gesetzen sehen weitere Pflichten f\u00fcr Gesch\u00e4ftsf\u00fchrer vor.<\/p>\n","protected":false},"excerpt":{"rendered":"<p>Welche Aufgabe hat der Gesch\u00e4ftsf\u00fchrer? Der Gesch\u00e4ftsf\u00fchrer hat daf\u00fcr Sorge zu tragen, dass ein Rechnungswesen und ein internes Kontrollsystem gef\u00fchrt wird, das den Anforderungen des Unternehmens entspricht. \u00a0Er ist f\u00fcr die Erstellung des Jahresabschlusses (Bilanz und Gewinn- und Verlustrechnung) zust\u00e4ndig. Beim Umfang der Vertretungsbefugnis ist zu beachten, dass eine Einschr\u00e4nkung gegen\u00fcber Dritten nicht wirksam ist.&hellip;<\/p>\n","protected":false},"author":3,"featured_media":0,"parent":202,"menu_order":0,"comment_status":"closed","ping_status":"closed","template":"","meta":{"inline_featured_image":false,"footnotes":""},"categories":[],"class_list":["post-204","page","type-page","status-publish","hentry","description-off"],"yoast_head":"<!-- This site is optimized with the Yoast SEO Premium plugin v26.7 (Yoast SEO v27.3) - https:\/\/yoast.com\/product\/yoast-seo-premium-wordpress\/ -->\n<title>Pflichten des Gesch\u00e4ftsf\u00fchrers &#8211; Notariat Sch\u00f6ffmann<\/title>\n<meta name=\"description\" content=\"Die Gesch\u00e4ftsf\u00fchrer einer GmbH \u00fcbernehmen die Gesch\u00e4ftsf\u00fchrung und vertreten die Gesellschaft nach au\u00dfen. Informationen zu Aufgaben und Vertretungsbefugnis.\" \/>\n<meta name=\"robots\" content=\"index, follow, max-snippet:-1, max-image-preview:large, max-video-preview:-1\" \/>\n<link rel=\"canonical\" href=\"https:\/\/www.notariat-schoeffmann.at\/de\/unternehmen\/kapitalgesellschaften\/gmbh\/geschaeftsfuehrer\/pflichten-des-geschaeftsfuehrers\/\" \/>\n<meta property=\"og:locale\" content=\"de_DE\" \/>\n<meta property=\"og:type\" content=\"article\" \/>\n<meta property=\"og:title\" content=\"Pflichten des Gesch\u00e4ftsf\u00fchrers - Notariat Sch\u00f6ffmann\" \/>\n<meta property=\"og:description\" content=\"Die Gesch\u00e4ftsf\u00fchrer einer GmbH \u00fcbernehmen die Gesch\u00e4ftsf\u00fchrung und vertreten die Gesellschaft nach au\u00dfen. Informationen zu Aufgaben und Vertretungsbefugnis.\" \/>\n<meta property=\"og:url\" content=\"https:\/\/www.notariat-schoeffmann.at\/de\/unternehmen\/kapitalgesellschaften\/gmbh\/geschaeftsfuehrer\/pflichten-des-geschaeftsfuehrers\/\" \/>\n<meta property=\"og:site_name\" content=\"Notariat Sch\u00f6ffmann\" \/>\n<meta property=\"article:publisher\" content=\"https:\/\/www.facebook.com\/NotarKlagenfurt\" \/>\n<meta property=\"article:modified_time\" content=\"2022-02-26T21:28:00+00:00\" \/>\n<meta property=\"og:image\" content=\"https:\/\/www.notariat-schoeffmann.at\/wp-content\/uploads\/2021\/11\/Juristen-1.jpg\" \/>\n\t<meta property=\"og:image:width\" content=\"1600\" \/>\n\t<meta property=\"og:image:height\" content=\"1067\" \/>\n\t<meta property=\"og:image:type\" content=\"image\/jpeg\" \/>\n<meta name=\"twitter:card\" content=\"summary_large_image\" \/>\n<script type=\"application\/ld+json\" class=\"yoast-schema-graph\">{\"@context\":\"https:\\\/\\\/schema.org\",\"@graph\":[{\"@type\":\"WebPage\",\"@id\":\"https:\\\/\\\/www.notariat-schoeffmann.at\\\/de\\\/unternehmen\\\/kapitalgesellschaften\\\/gmbh\\\/geschaeftsfuehrer\\\/pflichten-des-geschaeftsfuehrers\\\/\",\"url\":\"https:\\\/\\\/www.notariat-schoeffmann.at\\\/de\\\/unternehmen\\\/kapitalgesellschaften\\\/gmbh\\\/geschaeftsfuehrer\\\/pflichten-des-geschaeftsfuehrers\\\/\",\"name\":\"Pflichten des Gesch\u00e4ftsf\u00fchrers &#8211; Notariat Sch\u00f6ffmann\",\"isPartOf\":{\"@id\":\"https:\\\/\\\/www.notariat-schoeffmann.at\\\/de\\\/#website\"},\"datePublished\":\"2021-08-09T08:06:34+00:00\",\"dateModified\":\"2022-02-26T21:28:00+00:00\",\"description\":\"Die Gesch\u00e4ftsf\u00fchrer einer GmbH \u00fcbernehmen die Gesch\u00e4ftsf\u00fchrung und vertreten die Gesellschaft nach au\u00dfen. Informationen zu Aufgaben und Vertretungsbefugnis.\",\"breadcrumb\":{\"@id\":\"https:\\\/\\\/www.notariat-schoeffmann.at\\\/de\\\/unternehmen\\\/kapitalgesellschaften\\\/gmbh\\\/geschaeftsfuehrer\\\/pflichten-des-geschaeftsfuehrers\\\/#breadcrumb\"},\"inLanguage\":\"de\",\"potentialAction\":[{\"@type\":\"ReadAction\",\"target\":[\"https:\\\/\\\/www.notariat-schoeffmann.at\\\/de\\\/unternehmen\\\/kapitalgesellschaften\\\/gmbh\\\/geschaeftsfuehrer\\\/pflichten-des-geschaeftsfuehrers\\\/\"]}]},{\"@type\":\"BreadcrumbList\",\"@id\":\"https:\\\/\\\/www.notariat-schoeffmann.at\\\/de\\\/unternehmen\\\/kapitalgesellschaften\\\/gmbh\\\/geschaeftsfuehrer\\\/pflichten-des-geschaeftsfuehrers\\\/#breadcrumb\",\"itemListElement\":[{\"@type\":\"ListItem\",\"position\":1,\"name\":\"Startseite\",\"item\":\"https:\\\/\\\/www.notariat-schoeffmann.at\\\/de\\\/\"},{\"@type\":\"ListItem\",\"position\":2,\"name\":\"Unternehmen\",\"item\":\"https:\\\/\\\/www.notariat-schoeffmann.at\\\/de\\\/unternehmen\\\/\"},{\"@type\":\"ListItem\",\"position\":3,\"name\":\"Kapitalgesellschaften\",\"item\":\"https:\\\/\\\/www.notariat-schoeffmann.at\\\/de\\\/unternehmen\\\/kapitalgesellschaften\\\/\"},{\"@type\":\"ListItem\",\"position\":4,\"name\":\"Gesellschaft mit beschr\u00e4nkter Haftung (GmbH)\",\"item\":\"https:\\\/\\\/www.notariat-schoeffmann.at\\\/de\\\/unternehmen\\\/kapitalgesellschaften\\\/gmbh\\\/\"},{\"@type\":\"ListItem\",\"position\":5,\"name\":\"Gesch\u00e4ftsf\u00fchrer\",\"item\":\"https:\\\/\\\/www.notariat-schoeffmann.at\\\/de\\\/unternehmen\\\/kapitalgesellschaften\\\/gmbh\\\/geschaeftsfuehrer\\\/\"},{\"@type\":\"ListItem\",\"position\":6,\"name\":\"Pflichten des Gesch\u00e4ftsf\u00fchrers\"}]},{\"@type\":\"WebSite\",\"@id\":\"https:\\\/\\\/www.notariat-schoeffmann.at\\\/de\\\/#website\",\"url\":\"https:\\\/\\\/www.notariat-schoeffmann.at\\\/de\\\/\",\"name\":\"Notariat Sch\u00f6ffmann\",\"description\":\"Mag. Klaus Sch\u00f6ffmann - Ihr Notar in Klagenfurt\",\"publisher\":{\"@id\":\"https:\\\/\\\/www.notariat-schoeffmann.at\\\/de\\\/#organization\"},\"potentialAction\":[{\"@type\":\"SearchAction\",\"target\":{\"@type\":\"EntryPoint\",\"urlTemplate\":\"https:\\\/\\\/www.notariat-schoeffmann.at\\\/de\\\/?s={search_term_string}\"},\"query-input\":{\"@type\":\"PropertyValueSpecification\",\"valueRequired\":true,\"valueName\":\"search_term_string\"}}],\"inLanguage\":\"de\"},{\"@type\":\"Organization\",\"@id\":\"https:\\\/\\\/www.notariat-schoeffmann.at\\\/de\\\/#organization\",\"name\":\"Notariat Mag. Klaus Sch\u00f6ffmann Klagenfurt\",\"url\":\"https:\\\/\\\/www.notariat-schoeffmann.at\\\/de\\\/\",\"logo\":{\"@type\":\"ImageObject\",\"inLanguage\":\"de\",\"@id\":\"https:\\\/\\\/www.notariat-schoeffmann.at\\\/de\\\/#\\\/schema\\\/logo\\\/image\\\/\",\"url\":\"https:\\\/\\\/www.notariat-schoeffmann.at\\\/wp-content\\\/uploads\\\/2022\\\/02\\\/logo-notariat-schoeffmann.jpg\",\"contentUrl\":\"https:\\\/\\\/www.notariat-schoeffmann.at\\\/wp-content\\\/uploads\\\/2022\\\/02\\\/logo-notariat-schoeffmann.jpg\",\"width\":600,\"height\":600,\"caption\":\"Notariat Mag. Klaus Sch\u00f6ffmann Klagenfurt\"},\"image\":{\"@id\":\"https:\\\/\\\/www.notariat-schoeffmann.at\\\/de\\\/#\\\/schema\\\/logo\\\/image\\\/\"},\"sameAs\":[\"https:\\\/\\\/www.facebook.com\\\/NotarKlagenfurt\",\"https:\\\/\\\/www.youtube.com\\\/channel\\\/UCaITfbIQh6VIpzEonUsIhcg\"]}]}<\/script>\n<!-- \/ Yoast SEO Premium plugin. -->","yoast_head_json":{"title":"Pflichten des Gesch\u00e4ftsf\u00fchrers &#8211; Notariat Sch\u00f6ffmann","description":"Die Gesch\u00e4ftsf\u00fchrer einer GmbH \u00fcbernehmen die Gesch\u00e4ftsf\u00fchrung und vertreten die Gesellschaft nach au\u00dfen. Informationen zu Aufgaben und Vertretungsbefugnis.","robots":{"index":"index","follow":"follow","max-snippet":"max-snippet:-1","max-image-preview":"max-image-preview:large","max-video-preview":"max-video-preview:-1"},"canonical":"https:\/\/www.notariat-schoeffmann.at\/de\/unternehmen\/kapitalgesellschaften\/gmbh\/geschaeftsfuehrer\/pflichten-des-geschaeftsfuehrers\/","og_locale":"de_DE","og_type":"article","og_title":"Pflichten des Gesch\u00e4ftsf\u00fchrers - Notariat Sch\u00f6ffmann","og_description":"Die Gesch\u00e4ftsf\u00fchrer einer GmbH \u00fcbernehmen die Gesch\u00e4ftsf\u00fchrung und vertreten die Gesellschaft nach au\u00dfen. Informationen zu Aufgaben und Vertretungsbefugnis.","og_url":"https:\/\/www.notariat-schoeffmann.at\/de\/unternehmen\/kapitalgesellschaften\/gmbh\/geschaeftsfuehrer\/pflichten-des-geschaeftsfuehrers\/","og_site_name":"Notariat Sch\u00f6ffmann","article_publisher":"https:\/\/www.facebook.com\/NotarKlagenfurt","article_modified_time":"2022-02-26T21:28:00+00:00","og_image":[{"width":1600,"height":1067,"url":"https:\/\/www.notariat-schoeffmann.at\/wp-content\/uploads\/2021\/11\/Juristen-1.jpg","type":"image\/jpeg"}],"twitter_card":"summary_large_image","schema":{"@context":"https:\/\/schema.org","@graph":[{"@type":"WebPage","@id":"https:\/\/www.notariat-schoeffmann.at\/de\/unternehmen\/kapitalgesellschaften\/gmbh\/geschaeftsfuehrer\/pflichten-des-geschaeftsfuehrers\/","url":"https:\/\/www.notariat-schoeffmann.at\/de\/unternehmen\/kapitalgesellschaften\/gmbh\/geschaeftsfuehrer\/pflichten-des-geschaeftsfuehrers\/","name":"Pflichten des Gesch\u00e4ftsf\u00fchrers &#8211; Notariat Sch\u00f6ffmann","isPartOf":{"@id":"https:\/\/www.notariat-schoeffmann.at\/de\/#website"},"datePublished":"2021-08-09T08:06:34+00:00","dateModified":"2022-02-26T21:28:00+00:00","description":"Die Gesch\u00e4ftsf\u00fchrer einer GmbH \u00fcbernehmen die Gesch\u00e4ftsf\u00fchrung und vertreten die Gesellschaft nach au\u00dfen. Informationen zu Aufgaben und Vertretungsbefugnis.","breadcrumb":{"@id":"https:\/\/www.notariat-schoeffmann.at\/de\/unternehmen\/kapitalgesellschaften\/gmbh\/geschaeftsfuehrer\/pflichten-des-geschaeftsfuehrers\/#breadcrumb"},"inLanguage":"de","potentialAction":[{"@type":"ReadAction","target":["https:\/\/www.notariat-schoeffmann.at\/de\/unternehmen\/kapitalgesellschaften\/gmbh\/geschaeftsfuehrer\/pflichten-des-geschaeftsfuehrers\/"]}]},{"@type":"BreadcrumbList","@id":"https:\/\/www.notariat-schoeffmann.at\/de\/unternehmen\/kapitalgesellschaften\/gmbh\/geschaeftsfuehrer\/pflichten-des-geschaeftsfuehrers\/#breadcrumb","itemListElement":[{"@type":"ListItem","position":1,"name":"Startseite","item":"https:\/\/www.notariat-schoeffmann.at\/de\/"},{"@type":"ListItem","position":2,"name":"Unternehmen","item":"https:\/\/www.notariat-schoeffmann.at\/de\/unternehmen\/"},{"@type":"ListItem","position":3,"name":"Kapitalgesellschaften","item":"https:\/\/www.notariat-schoeffmann.at\/de\/unternehmen\/kapitalgesellschaften\/"},{"@type":"ListItem","position":4,"name":"Gesellschaft mit beschr\u00e4nkter Haftung (GmbH)","item":"https:\/\/www.notariat-schoeffmann.at\/de\/unternehmen\/kapitalgesellschaften\/gmbh\/"},{"@type":"ListItem","position":5,"name":"Gesch\u00e4ftsf\u00fchrer","item":"https:\/\/www.notariat-schoeffmann.at\/de\/unternehmen\/kapitalgesellschaften\/gmbh\/geschaeftsfuehrer\/"},{"@type":"ListItem","position":6,"name":"Pflichten des Gesch\u00e4ftsf\u00fchrers"}]},{"@type":"WebSite","@id":"https:\/\/www.notariat-schoeffmann.at\/de\/#website","url":"https:\/\/www.notariat-schoeffmann.at\/de\/","name":"Notariat Sch\u00f6ffmann","description":"Mag. Klaus Sch\u00f6ffmann - Ihr Notar in Klagenfurt","publisher":{"@id":"https:\/\/www.notariat-schoeffmann.at\/de\/#organization"},"potentialAction":[{"@type":"SearchAction","target":{"@type":"EntryPoint","urlTemplate":"https:\/\/www.notariat-schoeffmann.at\/de\/?s={search_term_string}"},"query-input":{"@type":"PropertyValueSpecification","valueRequired":true,"valueName":"search_term_string"}}],"inLanguage":"de"},{"@type":"Organization","@id":"https:\/\/www.notariat-schoeffmann.at\/de\/#organization","name":"Notariat Mag. Klaus Sch\u00f6ffmann Klagenfurt","url":"https:\/\/www.notariat-schoeffmann.at\/de\/","logo":{"@type":"ImageObject","inLanguage":"de","@id":"https:\/\/www.notariat-schoeffmann.at\/de\/#\/schema\/logo\/image\/","url":"https:\/\/www.notariat-schoeffmann.at\/wp-content\/uploads\/2022\/02\/logo-notariat-schoeffmann.jpg","contentUrl":"https:\/\/www.notariat-schoeffmann.at\/wp-content\/uploads\/2022\/02\/logo-notariat-schoeffmann.jpg","width":600,"height":600,"caption":"Notariat Mag. Klaus Sch\u00f6ffmann Klagenfurt"},"image":{"@id":"https:\/\/www.notariat-schoeffmann.at\/de\/#\/schema\/logo\/image\/"},"sameAs":["https:\/\/www.facebook.com\/NotarKlagenfurt","https:\/\/www.youtube.com\/channel\/UCaITfbIQh6VIpzEonUsIhcg"]}]}},"_links":{"self":[{"href":"https:\/\/www.notariat-schoeffmann.at\/de\/wp-json\/wp\/v2\/pages\/204","targetHints":{"allow":["GET"]}}],"collection":[{"href":"https:\/\/www.notariat-schoeffmann.at\/de\/wp-json\/wp\/v2\/pages"}],"about":[{"href":"https:\/\/www.notariat-schoeffmann.at\/de\/wp-json\/wp\/v2\/types\/page"}],"author":[{"embeddable":true,"href":"https:\/\/www.notariat-schoeffmann.at\/de\/wp-json\/wp\/v2\/users\/3"}],"replies":[{"embeddable":true,"href":"https:\/\/www.notariat-schoeffmann.at\/de\/wp-json\/wp\/v2\/comments?post=204"}],"version-history":[{"count":4,"href":"https:\/\/www.notariat-schoeffmann.at\/de\/wp-json\/wp\/v2\/pages\/204\/revisions"}],"predecessor-version":[{"id":2114,"href":"https:\/\/www.notariat-schoeffmann.at\/de\/wp-json\/wp\/v2\/pages\/204\/revisions\/2114"}],"up":[{"embeddable":true,"href":"https:\/\/www.notariat-schoeffmann.at\/de\/wp-json\/wp\/v2\/pages\/202"}],"wp:attachment":[{"href":"https:\/\/www.notariat-schoeffmann.at\/de\/wp-json\/wp\/v2\/media?parent=204"}],"wp:term":[{"taxonomy":"category","embeddable":true,"href":"https:\/\/www.notariat-schoeffmann.at\/de\/wp-json\/wp\/v2\/categories?post=204"}],"curies":[{"name":"wp","href":"https:\/\/api.w.org\/{rel}","templated":true}]}}