{"id":202,"date":"2021-08-09T10:05:53","date_gmt":"2021-08-09T08:05:53","guid":{"rendered":"https:\/\/www.notariat-schoeffmann.at\/?page_id=202"},"modified":"2022-03-05T17:21:03","modified_gmt":"2022-03-05T16:21:03","slug":"geschaeftsfuehrer","status":"publish","type":"page","link":"https:\/\/www.notariat-schoeffmann.at\/de\/unternehmen\/kapitalgesellschaften\/gmbh\/geschaeftsfuehrer\/","title":{"rendered":"Gesch\u00e4ftsf\u00fchrer"},"content":{"rendered":"<div class=\"lazyblock-infobox-1raVGw wp-block-lazyblock-infobox\"><div class=\"notar_einleitung\">\n\n  <div class=\"notar_einleitung_wrapper\"><p>Aufgabe des Gesch\u00e4ftsf\u00fchrers oder der Gesch\u00e4ftsf\u00fchrer ist die Gesch\u00e4ftsf\u00fchrung im Innenverh\u00e4ltnis und die gerichtliche und au\u00dfergerichtliche Vertretung der GmbH nach au\u00dfen. Er darf beispielsweise f\u00fcr die Gesellschaft Rechtsgesch\u00e4fte abschlie\u00dfen und f\u00fcr sie vor Gericht handeln.<\/p><\/div>\n<\/div>\n<\/div>\n\n\n<h2 class=\"wp-block-heading\">Wer kann Gesch\u00e4ftsf\u00fchrer einer GmbH sein?<\/h2>\n\n\n\n<p>Sowohl Gesellschafter als auch gesellschaftsfremde Personen k\u00f6nnen Gesch\u00e4ftsf\u00fchrer sein. Die Gesch\u00e4ftsf\u00fchrer werden im Gesellschaftsvertrag oder mittels Gesellschafterbeschluss bestellt. Die Gesch\u00e4ftsf\u00fchrer m\u00fcssen zum Firmenbuch angemeldet werden.<\/p>\n\n\n\n<p>Im Gesellschaftsvertrag kann der Vertretungsbefugnis bei mehreren Gesch\u00e4ftsf\u00fchrern festgelegt werden (zB jeder darf allein vertreten, nur gemeinsam mit einem Prokuristen, \u2026). Ohne eine solche Regelung vertreten mehrere Gesch\u00e4ftsf\u00fchrer gemeinsam.<\/p>\n\n\n\n<p>Zu den\u00a0<a href=\"https:\/\/www.notariat-schoeffmann.at\/unternehmen\/kapitalgesellschaften\/gmbh\/geschaeftsfuehrer\/pflichten-des-geschaeftsfuehrers\/\">Pflichten des Gesch\u00e4ftsf\u00fchrers<\/a>.<\/p>\n","protected":false},"excerpt":{"rendered":"<p>Wer kann Gesch\u00e4ftsf\u00fchrer einer GmbH sein? Sowohl Gesellschafter als auch gesellschaftsfremde Personen k\u00f6nnen Gesch\u00e4ftsf\u00fchrer sein. Die Gesch\u00e4ftsf\u00fchrer werden im Gesellschaftsvertrag oder mittels Gesellschafterbeschluss bestellt. Die Gesch\u00e4ftsf\u00fchrer m\u00fcssen zum Firmenbuch angemeldet werden. Im Gesellschaftsvertrag kann der Vertretungsbefugnis bei mehreren Gesch\u00e4ftsf\u00fchrern festgelegt werden (zB jeder darf allein vertreten, nur gemeinsam mit einem Prokuristen, \u2026). Ohne eine solche&hellip;<\/p>\n","protected":false},"author":3,"featured_media":0,"parent":191,"menu_order":4,"comment_status":"closed","ping_status":"closed","template":"","meta":{"inline_featured_image":false,"footnotes":""},"categories":[],"class_list":["post-202","page","type-page","status-publish","hentry","description-off"],"yoast_head":"<!-- This site is optimized with the Yoast SEO Premium plugin v26.7 (Yoast SEO v27.3) - https:\/\/yoast.com\/product\/yoast-seo-premium-wordpress\/ -->\n<title>Gesch\u00e4ftsf\u00fchrer &#8211; Notariat Sch\u00f6ffmann<\/title>\n<meta name=\"description\" content=\"Die Gesch\u00e4ftsf\u00fchrer einer GmbH \u00fcbernehmen die Gesch\u00e4ftsf\u00fchrung im Innenverh\u00e4ltnis und vertreten die Gesellschaft nach au\u00dfen.\" \/>\n<meta name=\"robots\" content=\"index, follow, max-snippet:-1, max-image-preview:large, max-video-preview:-1\" \/>\n<link rel=\"canonical\" href=\"https:\/\/www.notariat-schoeffmann.at\/de\/unternehmen\/kapitalgesellschaften\/gmbh\/geschaeftsfuehrer\/\" \/>\n<meta property=\"og:locale\" content=\"de_DE\" \/>\n<meta property=\"og:type\" content=\"article\" \/>\n<meta property=\"og:title\" content=\"Gesch\u00e4ftsf\u00fchrer - Notariat Sch\u00f6ffmann\" \/>\n<meta property=\"og:description\" content=\"Die Gesch\u00e4ftsf\u00fchrer einer GmbH \u00fcbernehmen die Gesch\u00e4ftsf\u00fchrung im Innenverh\u00e4ltnis und vertreten die Gesellschaft nach au\u00dfen.\" \/>\n<meta property=\"og:url\" content=\"https:\/\/www.notariat-schoeffmann.at\/de\/unternehmen\/kapitalgesellschaften\/gmbh\/geschaeftsfuehrer\/\" \/>\n<meta property=\"og:site_name\" content=\"Notariat Sch\u00f6ffmann\" \/>\n<meta property=\"article:publisher\" content=\"https:\/\/www.facebook.com\/NotarKlagenfurt\" \/>\n<meta property=\"article:modified_time\" content=\"2022-03-05T16:21:03+00:00\" \/>\n<meta property=\"og:image\" content=\"https:\/\/www.notariat-schoeffmann.at\/wp-content\/uploads\/2021\/11\/Juristen-1.jpg\" \/>\n\t<meta property=\"og:image:width\" content=\"1600\" \/>\n\t<meta property=\"og:image:height\" content=\"1067\" \/>\n\t<meta property=\"og:image:type\" content=\"image\/jpeg\" \/>\n<meta name=\"twitter:card\" content=\"summary_large_image\" \/>\n<script type=\"application\/ld+json\" class=\"yoast-schema-graph\">{\"@context\":\"https:\\\/\\\/schema.org\",\"@graph\":[{\"@type\":\"WebPage\",\"@id\":\"https:\\\/\\\/www.notariat-schoeffmann.at\\\/de\\\/unternehmen\\\/kapitalgesellschaften\\\/gmbh\\\/geschaeftsfuehrer\\\/\",\"url\":\"https:\\\/\\\/www.notariat-schoeffmann.at\\\/de\\\/unternehmen\\\/kapitalgesellschaften\\\/gmbh\\\/geschaeftsfuehrer\\\/\",\"name\":\"Gesch\u00e4ftsf\u00fchrer &#8211; Notariat Sch\u00f6ffmann\",\"isPartOf\":{\"@id\":\"https:\\\/\\\/www.notariat-schoeffmann.at\\\/de\\\/#website\"},\"datePublished\":\"2021-08-09T08:05:53+00:00\",\"dateModified\":\"2022-03-05T16:21:03+00:00\",\"description\":\"Die Gesch\u00e4ftsf\u00fchrer einer GmbH \u00fcbernehmen die Gesch\u00e4ftsf\u00fchrung im Innenverh\u00e4ltnis und vertreten die Gesellschaft nach au\u00dfen.\",\"breadcrumb\":{\"@id\":\"https:\\\/\\\/www.notariat-schoeffmann.at\\\/de\\\/unternehmen\\\/kapitalgesellschaften\\\/gmbh\\\/geschaeftsfuehrer\\\/#breadcrumb\"},\"inLanguage\":\"de\",\"potentialAction\":[{\"@type\":\"ReadAction\",\"target\":[\"https:\\\/\\\/www.notariat-schoeffmann.at\\\/de\\\/unternehmen\\\/kapitalgesellschaften\\\/gmbh\\\/geschaeftsfuehrer\\\/\"]}]},{\"@type\":\"BreadcrumbList\",\"@id\":\"https:\\\/\\\/www.notariat-schoeffmann.at\\\/de\\\/unternehmen\\\/kapitalgesellschaften\\\/gmbh\\\/geschaeftsfuehrer\\\/#breadcrumb\",\"itemListElement\":[{\"@type\":\"ListItem\",\"position\":1,\"name\":\"Startseite\",\"item\":\"https:\\\/\\\/www.notariat-schoeffmann.at\\\/de\\\/\"},{\"@type\":\"ListItem\",\"position\":2,\"name\":\"Unternehmen\",\"item\":\"https:\\\/\\\/www.notariat-schoeffmann.at\\\/de\\\/unternehmen\\\/\"},{\"@type\":\"ListItem\",\"position\":3,\"name\":\"Kapitalgesellschaften\",\"item\":\"https:\\\/\\\/www.notariat-schoeffmann.at\\\/de\\\/unternehmen\\\/kapitalgesellschaften\\\/\"},{\"@type\":\"ListItem\",\"position\":4,\"name\":\"Gesellschaft mit beschr\u00e4nkter Haftung (GmbH)\",\"item\":\"https:\\\/\\\/www.notariat-schoeffmann.at\\\/de\\\/unternehmen\\\/kapitalgesellschaften\\\/gmbh\\\/\"},{\"@type\":\"ListItem\",\"position\":5,\"name\":\"Gesch\u00e4ftsf\u00fchrer\"}]},{\"@type\":\"WebSite\",\"@id\":\"https:\\\/\\\/www.notariat-schoeffmann.at\\\/de\\\/#website\",\"url\":\"https:\\\/\\\/www.notariat-schoeffmann.at\\\/de\\\/\",\"name\":\"Notariat Sch\u00f6ffmann\",\"description\":\"Mag. Klaus Sch\u00f6ffmann - Ihr Notar in Klagenfurt\",\"publisher\":{\"@id\":\"https:\\\/\\\/www.notariat-schoeffmann.at\\\/de\\\/#organization\"},\"potentialAction\":[{\"@type\":\"SearchAction\",\"target\":{\"@type\":\"EntryPoint\",\"urlTemplate\":\"https:\\\/\\\/www.notariat-schoeffmann.at\\\/de\\\/?s={search_term_string}\"},\"query-input\":{\"@type\":\"PropertyValueSpecification\",\"valueRequired\":true,\"valueName\":\"search_term_string\"}}],\"inLanguage\":\"de\"},{\"@type\":\"Organization\",\"@id\":\"https:\\\/\\\/www.notariat-schoeffmann.at\\\/de\\\/#organization\",\"name\":\"Notariat Mag. Klaus Sch\u00f6ffmann Klagenfurt\",\"url\":\"https:\\\/\\\/www.notariat-schoeffmann.at\\\/de\\\/\",\"logo\":{\"@type\":\"ImageObject\",\"inLanguage\":\"de\",\"@id\":\"https:\\\/\\\/www.notariat-schoeffmann.at\\\/de\\\/#\\\/schema\\\/logo\\\/image\\\/\",\"url\":\"https:\\\/\\\/www.notariat-schoeffmann.at\\\/wp-content\\\/uploads\\\/2022\\\/02\\\/logo-notariat-schoeffmann.jpg\",\"contentUrl\":\"https:\\\/\\\/www.notariat-schoeffmann.at\\\/wp-content\\\/uploads\\\/2022\\\/02\\\/logo-notariat-schoeffmann.jpg\",\"width\":600,\"height\":600,\"caption\":\"Notariat Mag. Klaus Sch\u00f6ffmann Klagenfurt\"},\"image\":{\"@id\":\"https:\\\/\\\/www.notariat-schoeffmann.at\\\/de\\\/#\\\/schema\\\/logo\\\/image\\\/\"},\"sameAs\":[\"https:\\\/\\\/www.facebook.com\\\/NotarKlagenfurt\",\"https:\\\/\\\/www.youtube.com\\\/channel\\\/UCaITfbIQh6VIpzEonUsIhcg\"]}]}<\/script>\n<!-- \/ Yoast SEO Premium plugin. -->","yoast_head_json":{"title":"Gesch\u00e4ftsf\u00fchrer &#8211; Notariat Sch\u00f6ffmann","description":"Die Gesch\u00e4ftsf\u00fchrer einer GmbH \u00fcbernehmen die Gesch\u00e4ftsf\u00fchrung im Innenverh\u00e4ltnis und vertreten die Gesellschaft nach au\u00dfen.","robots":{"index":"index","follow":"follow","max-snippet":"max-snippet:-1","max-image-preview":"max-image-preview:large","max-video-preview":"max-video-preview:-1"},"canonical":"https:\/\/www.notariat-schoeffmann.at\/de\/unternehmen\/kapitalgesellschaften\/gmbh\/geschaeftsfuehrer\/","og_locale":"de_DE","og_type":"article","og_title":"Gesch\u00e4ftsf\u00fchrer - Notariat Sch\u00f6ffmann","og_description":"Die Gesch\u00e4ftsf\u00fchrer einer GmbH \u00fcbernehmen die Gesch\u00e4ftsf\u00fchrung im Innenverh\u00e4ltnis und vertreten die Gesellschaft nach au\u00dfen.","og_url":"https:\/\/www.notariat-schoeffmann.at\/de\/unternehmen\/kapitalgesellschaften\/gmbh\/geschaeftsfuehrer\/","og_site_name":"Notariat Sch\u00f6ffmann","article_publisher":"https:\/\/www.facebook.com\/NotarKlagenfurt","article_modified_time":"2022-03-05T16:21:03+00:00","og_image":[{"width":1600,"height":1067,"url":"https:\/\/www.notariat-schoeffmann.at\/wp-content\/uploads\/2021\/11\/Juristen-1.jpg","type":"image\/jpeg"}],"twitter_card":"summary_large_image","schema":{"@context":"https:\/\/schema.org","@graph":[{"@type":"WebPage","@id":"https:\/\/www.notariat-schoeffmann.at\/de\/unternehmen\/kapitalgesellschaften\/gmbh\/geschaeftsfuehrer\/","url":"https:\/\/www.notariat-schoeffmann.at\/de\/unternehmen\/kapitalgesellschaften\/gmbh\/geschaeftsfuehrer\/","name":"Gesch\u00e4ftsf\u00fchrer &#8211; Notariat Sch\u00f6ffmann","isPartOf":{"@id":"https:\/\/www.notariat-schoeffmann.at\/de\/#website"},"datePublished":"2021-08-09T08:05:53+00:00","dateModified":"2022-03-05T16:21:03+00:00","description":"Die Gesch\u00e4ftsf\u00fchrer einer GmbH \u00fcbernehmen die Gesch\u00e4ftsf\u00fchrung im Innenverh\u00e4ltnis und vertreten die Gesellschaft nach au\u00dfen.","breadcrumb":{"@id":"https:\/\/www.notariat-schoeffmann.at\/de\/unternehmen\/kapitalgesellschaften\/gmbh\/geschaeftsfuehrer\/#breadcrumb"},"inLanguage":"de","potentialAction":[{"@type":"ReadAction","target":["https:\/\/www.notariat-schoeffmann.at\/de\/unternehmen\/kapitalgesellschaften\/gmbh\/geschaeftsfuehrer\/"]}]},{"@type":"BreadcrumbList","@id":"https:\/\/www.notariat-schoeffmann.at\/de\/unternehmen\/kapitalgesellschaften\/gmbh\/geschaeftsfuehrer\/#breadcrumb","itemListElement":[{"@type":"ListItem","position":1,"name":"Startseite","item":"https:\/\/www.notariat-schoeffmann.at\/de\/"},{"@type":"ListItem","position":2,"name":"Unternehmen","item":"https:\/\/www.notariat-schoeffmann.at\/de\/unternehmen\/"},{"@type":"ListItem","position":3,"name":"Kapitalgesellschaften","item":"https:\/\/www.notariat-schoeffmann.at\/de\/unternehmen\/kapitalgesellschaften\/"},{"@type":"ListItem","position":4,"name":"Gesellschaft mit beschr\u00e4nkter Haftung (GmbH)","item":"https:\/\/www.notariat-schoeffmann.at\/de\/unternehmen\/kapitalgesellschaften\/gmbh\/"},{"@type":"ListItem","position":5,"name":"Gesch\u00e4ftsf\u00fchrer"}]},{"@type":"WebSite","@id":"https:\/\/www.notariat-schoeffmann.at\/de\/#website","url":"https:\/\/www.notariat-schoeffmann.at\/de\/","name":"Notariat Sch\u00f6ffmann","description":"Mag. Klaus Sch\u00f6ffmann - Ihr Notar in Klagenfurt","publisher":{"@id":"https:\/\/www.notariat-schoeffmann.at\/de\/#organization"},"potentialAction":[{"@type":"SearchAction","target":{"@type":"EntryPoint","urlTemplate":"https:\/\/www.notariat-schoeffmann.at\/de\/?s={search_term_string}"},"query-input":{"@type":"PropertyValueSpecification","valueRequired":true,"valueName":"search_term_string"}}],"inLanguage":"de"},{"@type":"Organization","@id":"https:\/\/www.notariat-schoeffmann.at\/de\/#organization","name":"Notariat Mag. Klaus Sch\u00f6ffmann Klagenfurt","url":"https:\/\/www.notariat-schoeffmann.at\/de\/","logo":{"@type":"ImageObject","inLanguage":"de","@id":"https:\/\/www.notariat-schoeffmann.at\/de\/#\/schema\/logo\/image\/","url":"https:\/\/www.notariat-schoeffmann.at\/wp-content\/uploads\/2022\/02\/logo-notariat-schoeffmann.jpg","contentUrl":"https:\/\/www.notariat-schoeffmann.at\/wp-content\/uploads\/2022\/02\/logo-notariat-schoeffmann.jpg","width":600,"height":600,"caption":"Notariat Mag. Klaus Sch\u00f6ffmann Klagenfurt"},"image":{"@id":"https:\/\/www.notariat-schoeffmann.at\/de\/#\/schema\/logo\/image\/"},"sameAs":["https:\/\/www.facebook.com\/NotarKlagenfurt","https:\/\/www.youtube.com\/channel\/UCaITfbIQh6VIpzEonUsIhcg"]}]}},"_links":{"self":[{"href":"https:\/\/www.notariat-schoeffmann.at\/de\/wp-json\/wp\/v2\/pages\/202","targetHints":{"allow":["GET"]}}],"collection":[{"href":"https:\/\/www.notariat-schoeffmann.at\/de\/wp-json\/wp\/v2\/pages"}],"about":[{"href":"https:\/\/www.notariat-schoeffmann.at\/de\/wp-json\/wp\/v2\/types\/page"}],"author":[{"embeddable":true,"href":"https:\/\/www.notariat-schoeffmann.at\/de\/wp-json\/wp\/v2\/users\/3"}],"replies":[{"embeddable":true,"href":"https:\/\/www.notariat-schoeffmann.at\/de\/wp-json\/wp\/v2\/comments?post=202"}],"version-history":[{"count":4,"href":"https:\/\/www.notariat-schoeffmann.at\/de\/wp-json\/wp\/v2\/pages\/202\/revisions"}],"predecessor-version":[{"id":2386,"href":"https:\/\/www.notariat-schoeffmann.at\/de\/wp-json\/wp\/v2\/pages\/202\/revisions\/2386"}],"up":[{"embeddable":true,"href":"https:\/\/www.notariat-schoeffmann.at\/de\/wp-json\/wp\/v2\/pages\/191"}],"wp:attachment":[{"href":"https:\/\/www.notariat-schoeffmann.at\/de\/wp-json\/wp\/v2\/media?parent=202"}],"wp:term":[{"taxonomy":"category","embeddable":true,"href":"https:\/\/www.notariat-schoeffmann.at\/de\/wp-json\/wp\/v2\/categories?post=202"}],"curies":[{"name":"wp","href":"https:\/\/api.w.org\/{rel}","templated":true}]}}