{"id":199,"date":"2021-08-09T10:05:23","date_gmt":"2021-08-09T08:05:23","guid":{"rendered":"https:\/\/www.notariat-schoeffmann.at\/?page_id=199"},"modified":"2022-02-26T22:21:14","modified_gmt":"2022-02-26T21:21:14","slug":"gmbh-gruendung-per-videokonferenz","status":"publish","type":"page","link":"https:\/\/www.notariat-schoeffmann.at\/de\/unternehmen\/kapitalgesellschaften\/gmbh\/gmbh-gruendung-per-videokonferenz\/","title":{"rendered":"GmbH-Gr\u00fcndung per Videokonferenz"},"content":{"rendered":"<p>Seit 1. J\u00e4nner 2019 kann eine GmbH in \u00d6sterreich gegr\u00fcndet werden, ohne dass alle Gesellschafter gleichzeitig pers\u00f6nlich beim Notar anwesend sein m\u00fcssen.&nbsp;Nach wie vor ist ein vom Notar zu beurkundender Gesellschaftsvertrag erforderlich. Das \u201eElektronische Notariatsform-Gr\u00fcndungsgesetz\u201c (ENG) erf\u00fcllt eine lange Forderung der Wirtschaft und sorgt daf\u00fcr, dass \u00d6sterreich im Gesellschaftsrecht eine Vorreiterrolle einnimmt.<\/p>\n<p>Das Videoident-Verfahren, mit welchem die Identit\u00e4t der nicht anwesenden Gr\u00fcnder \u00fcberpr\u00fcft wird, kann seit Anfang 2017 bereits von Banken zur Kontoer\u00f6ffnung verwendet werden und kommt nun auch bei der digitalen GmbH-Gr\u00fcndung zum Einsatz.<\/p>\n<p>Die Rechtsbelehrung der Gr\u00fcnder erfolgt per Videokonferenz durch den Notar. Die Vertragsunterzeichnung erfolgt durch die anwesenden Gesellschafter durch Unterschrift, durch die per Videokonferenz verbundenen Gesellschafter durch digitale Signatur.<\/p>\n","protected":false},"excerpt":{"rendered":"<p>Seit 1. J\u00e4nner 2019 kann eine GmbH in \u00d6sterreich gegr\u00fcndet werden, ohne dass alle Gesellschafter gleichzeitig pers\u00f6nlich beim Notar anwesend sein m\u00fcssen.&nbsp;Nach wie vor ist ein vom Notar zu beurkundender Gesellschaftsvertrag erforderlich. Das \u201eElektronische Notariatsform-Gr\u00fcndungsgesetz\u201c (ENG) erf\u00fcllt eine lange Forderung der Wirtschaft und sorgt daf\u00fcr, dass \u00d6sterreich im Gesellschaftsrecht eine Vorreiterrolle einnimmt. Das Videoident-Verfahren, mit&hellip;<\/p>\n","protected":false},"author":3,"featured_media":0,"parent":191,"menu_order":3,"comment_status":"closed","ping_status":"closed","template":"","meta":{"inline_featured_image":false,"footnotes":""},"categories":[],"class_list":["post-199","page","type-page","status-publish","hentry","description-off"],"yoast_head":"<!-- This site is optimized with the Yoast SEO Premium plugin v26.7 (Yoast SEO v27.3) - https:\/\/yoast.com\/product\/yoast-seo-premium-wordpress\/ -->\n<title>GmbH-Gr\u00fcndung per Videokonferenz &#8211; Notariat Sch\u00f6ffmann<\/title>\n<meta name=\"description\" content=\"Notariat Mag. Klaus Sch\u00f6ffmann: Ihr Notar in Klagenfurt am W\u00f6rthersee. Individuelle Rechtsberatung f\u00fcr Unternehmen und Privatpersonen. Unsere erste Rechtsauskunft ist f\u00fcr Sie kostenfrei!\" \/>\n<meta name=\"robots\" content=\"index, follow, max-snippet:-1, max-image-preview:large, max-video-preview:-1\" \/>\n<link rel=\"canonical\" href=\"https:\/\/www.notariat-schoeffmann.at\/de\/unternehmen\/kapitalgesellschaften\/gmbh\/gmbh-gruendung-per-videokonferenz\/\" \/>\n<meta property=\"og:locale\" content=\"de_DE\" \/>\n<meta property=\"og:type\" content=\"article\" \/>\n<meta property=\"og:title\" content=\"GmbH-Gr\u00fcndung per Videokonferenz - Notariat Sch\u00f6ffmann\" \/>\n<meta property=\"og:description\" content=\"Notariat Mag. Klaus Sch\u00f6ffmann: Ihr Notar in Klagenfurt am W\u00f6rthersee. Individuelle Rechtsberatung f\u00fcr Unternehmen und Privatpersonen. Unsere erste Rechtsauskunft ist f\u00fcr Sie kostenfrei!\" \/>\n<meta property=\"og:url\" content=\"https:\/\/www.notariat-schoeffmann.at\/de\/unternehmen\/kapitalgesellschaften\/gmbh\/gmbh-gruendung-per-videokonferenz\/\" \/>\n<meta property=\"og:site_name\" content=\"Notariat Sch\u00f6ffmann\" \/>\n<meta property=\"article:publisher\" content=\"https:\/\/www.facebook.com\/NotarKlagenfurt\" \/>\n<meta property=\"article:modified_time\" content=\"2022-02-26T21:21:14+00:00\" \/>\n<meta property=\"og:image\" content=\"https:\/\/www.notariat-schoeffmann.at\/wp-content\/uploads\/2021\/11\/Juristen-1.jpg\" \/>\n\t<meta property=\"og:image:width\" content=\"1600\" \/>\n\t<meta property=\"og:image:height\" content=\"1067\" \/>\n\t<meta property=\"og:image:type\" content=\"image\/jpeg\" \/>\n<meta name=\"twitter:card\" content=\"summary_large_image\" \/>\n<script type=\"application\/ld+json\" class=\"yoast-schema-graph\">{\"@context\":\"https:\\\/\\\/schema.org\",\"@graph\":[{\"@type\":\"WebPage\",\"@id\":\"https:\\\/\\\/www.notariat-schoeffmann.at\\\/de\\\/unternehmen\\\/kapitalgesellschaften\\\/gmbh\\\/gmbh-gruendung-per-videokonferenz\\\/\",\"url\":\"https:\\\/\\\/www.notariat-schoeffmann.at\\\/de\\\/unternehmen\\\/kapitalgesellschaften\\\/gmbh\\\/gmbh-gruendung-per-videokonferenz\\\/\",\"name\":\"GmbH-Gr\u00fcndung per Videokonferenz &#8211; Notariat Sch\u00f6ffmann\",\"isPartOf\":{\"@id\":\"https:\\\/\\\/www.notariat-schoeffmann.at\\\/de\\\/#website\"},\"datePublished\":\"2021-08-09T08:05:23+00:00\",\"dateModified\":\"2022-02-26T21:21:14+00:00\",\"description\":\"Notariat Mag. Klaus Sch\u00f6ffmann: Ihr Notar in Klagenfurt am W\u00f6rthersee. Individuelle Rechtsberatung f\u00fcr Unternehmen und Privatpersonen. Unsere erste Rechtsauskunft ist f\u00fcr Sie kostenfrei!\",\"breadcrumb\":{\"@id\":\"https:\\\/\\\/www.notariat-schoeffmann.at\\\/de\\\/unternehmen\\\/kapitalgesellschaften\\\/gmbh\\\/gmbh-gruendung-per-videokonferenz\\\/#breadcrumb\"},\"inLanguage\":\"de\",\"potentialAction\":[{\"@type\":\"ReadAction\",\"target\":[\"https:\\\/\\\/www.notariat-schoeffmann.at\\\/de\\\/unternehmen\\\/kapitalgesellschaften\\\/gmbh\\\/gmbh-gruendung-per-videokonferenz\\\/\"]}]},{\"@type\":\"BreadcrumbList\",\"@id\":\"https:\\\/\\\/www.notariat-schoeffmann.at\\\/de\\\/unternehmen\\\/kapitalgesellschaften\\\/gmbh\\\/gmbh-gruendung-per-videokonferenz\\\/#breadcrumb\",\"itemListElement\":[{\"@type\":\"ListItem\",\"position\":1,\"name\":\"Startseite\",\"item\":\"https:\\\/\\\/www.notariat-schoeffmann.at\\\/de\\\/\"},{\"@type\":\"ListItem\",\"position\":2,\"name\":\"Unternehmen\",\"item\":\"https:\\\/\\\/www.notariat-schoeffmann.at\\\/de\\\/unternehmen\\\/\"},{\"@type\":\"ListItem\",\"position\":3,\"name\":\"Kapitalgesellschaften\",\"item\":\"https:\\\/\\\/www.notariat-schoeffmann.at\\\/de\\\/unternehmen\\\/kapitalgesellschaften\\\/\"},{\"@type\":\"ListItem\",\"position\":4,\"name\":\"Gesellschaft mit beschr\u00e4nkter Haftung (GmbH)\",\"item\":\"https:\\\/\\\/www.notariat-schoeffmann.at\\\/de\\\/unternehmen\\\/kapitalgesellschaften\\\/gmbh\\\/\"},{\"@type\":\"ListItem\",\"position\":5,\"name\":\"GmbH-Gr\u00fcndung per Videokonferenz\"}]},{\"@type\":\"WebSite\",\"@id\":\"https:\\\/\\\/www.notariat-schoeffmann.at\\\/de\\\/#website\",\"url\":\"https:\\\/\\\/www.notariat-schoeffmann.at\\\/de\\\/\",\"name\":\"Notariat Sch\u00f6ffmann\",\"description\":\"Mag. Klaus Sch\u00f6ffmann - Ihr Notar in Klagenfurt\",\"publisher\":{\"@id\":\"https:\\\/\\\/www.notariat-schoeffmann.at\\\/de\\\/#organization\"},\"potentialAction\":[{\"@type\":\"SearchAction\",\"target\":{\"@type\":\"EntryPoint\",\"urlTemplate\":\"https:\\\/\\\/www.notariat-schoeffmann.at\\\/de\\\/?s={search_term_string}\"},\"query-input\":{\"@type\":\"PropertyValueSpecification\",\"valueRequired\":true,\"valueName\":\"search_term_string\"}}],\"inLanguage\":\"de\"},{\"@type\":\"Organization\",\"@id\":\"https:\\\/\\\/www.notariat-schoeffmann.at\\\/de\\\/#organization\",\"name\":\"Notariat Mag. Klaus Sch\u00f6ffmann Klagenfurt\",\"url\":\"https:\\\/\\\/www.notariat-schoeffmann.at\\\/de\\\/\",\"logo\":{\"@type\":\"ImageObject\",\"inLanguage\":\"de\",\"@id\":\"https:\\\/\\\/www.notariat-schoeffmann.at\\\/de\\\/#\\\/schema\\\/logo\\\/image\\\/\",\"url\":\"https:\\\/\\\/www.notariat-schoeffmann.at\\\/wp-content\\\/uploads\\\/2022\\\/02\\\/logo-notariat-schoeffmann.jpg\",\"contentUrl\":\"https:\\\/\\\/www.notariat-schoeffmann.at\\\/wp-content\\\/uploads\\\/2022\\\/02\\\/logo-notariat-schoeffmann.jpg\",\"width\":600,\"height\":600,\"caption\":\"Notariat Mag. Klaus Sch\u00f6ffmann Klagenfurt\"},\"image\":{\"@id\":\"https:\\\/\\\/www.notariat-schoeffmann.at\\\/de\\\/#\\\/schema\\\/logo\\\/image\\\/\"},\"sameAs\":[\"https:\\\/\\\/www.facebook.com\\\/NotarKlagenfurt\",\"https:\\\/\\\/www.youtube.com\\\/channel\\\/UCaITfbIQh6VIpzEonUsIhcg\"]}]}<\/script>\n<!-- \/ Yoast SEO Premium plugin. -->","yoast_head_json":{"title":"GmbH-Gr\u00fcndung per Videokonferenz &#8211; Notariat Sch\u00f6ffmann","description":"Notariat Mag. Klaus Sch\u00f6ffmann: Ihr Notar in Klagenfurt am W\u00f6rthersee. Individuelle Rechtsberatung f\u00fcr Unternehmen und Privatpersonen. Unsere erste Rechtsauskunft ist f\u00fcr Sie kostenfrei!","robots":{"index":"index","follow":"follow","max-snippet":"max-snippet:-1","max-image-preview":"max-image-preview:large","max-video-preview":"max-video-preview:-1"},"canonical":"https:\/\/www.notariat-schoeffmann.at\/de\/unternehmen\/kapitalgesellschaften\/gmbh\/gmbh-gruendung-per-videokonferenz\/","og_locale":"de_DE","og_type":"article","og_title":"GmbH-Gr\u00fcndung per Videokonferenz - Notariat Sch\u00f6ffmann","og_description":"Notariat Mag. Klaus Sch\u00f6ffmann: Ihr Notar in Klagenfurt am W\u00f6rthersee. Individuelle Rechtsberatung f\u00fcr Unternehmen und Privatpersonen. Unsere erste Rechtsauskunft ist f\u00fcr Sie kostenfrei!","og_url":"https:\/\/www.notariat-schoeffmann.at\/de\/unternehmen\/kapitalgesellschaften\/gmbh\/gmbh-gruendung-per-videokonferenz\/","og_site_name":"Notariat Sch\u00f6ffmann","article_publisher":"https:\/\/www.facebook.com\/NotarKlagenfurt","article_modified_time":"2022-02-26T21:21:14+00:00","og_image":[{"width":1600,"height":1067,"url":"https:\/\/www.notariat-schoeffmann.at\/wp-content\/uploads\/2021\/11\/Juristen-1.jpg","type":"image\/jpeg"}],"twitter_card":"summary_large_image","schema":{"@context":"https:\/\/schema.org","@graph":[{"@type":"WebPage","@id":"https:\/\/www.notariat-schoeffmann.at\/de\/unternehmen\/kapitalgesellschaften\/gmbh\/gmbh-gruendung-per-videokonferenz\/","url":"https:\/\/www.notariat-schoeffmann.at\/de\/unternehmen\/kapitalgesellschaften\/gmbh\/gmbh-gruendung-per-videokonferenz\/","name":"GmbH-Gr\u00fcndung per Videokonferenz &#8211; Notariat Sch\u00f6ffmann","isPartOf":{"@id":"https:\/\/www.notariat-schoeffmann.at\/de\/#website"},"datePublished":"2021-08-09T08:05:23+00:00","dateModified":"2022-02-26T21:21:14+00:00","description":"Notariat Mag. Klaus Sch\u00f6ffmann: Ihr Notar in Klagenfurt am W\u00f6rthersee. Individuelle Rechtsberatung f\u00fcr Unternehmen und Privatpersonen. Unsere erste Rechtsauskunft ist f\u00fcr Sie kostenfrei!","breadcrumb":{"@id":"https:\/\/www.notariat-schoeffmann.at\/de\/unternehmen\/kapitalgesellschaften\/gmbh\/gmbh-gruendung-per-videokonferenz\/#breadcrumb"},"inLanguage":"de","potentialAction":[{"@type":"ReadAction","target":["https:\/\/www.notariat-schoeffmann.at\/de\/unternehmen\/kapitalgesellschaften\/gmbh\/gmbh-gruendung-per-videokonferenz\/"]}]},{"@type":"BreadcrumbList","@id":"https:\/\/www.notariat-schoeffmann.at\/de\/unternehmen\/kapitalgesellschaften\/gmbh\/gmbh-gruendung-per-videokonferenz\/#breadcrumb","itemListElement":[{"@type":"ListItem","position":1,"name":"Startseite","item":"https:\/\/www.notariat-schoeffmann.at\/de\/"},{"@type":"ListItem","position":2,"name":"Unternehmen","item":"https:\/\/www.notariat-schoeffmann.at\/de\/unternehmen\/"},{"@type":"ListItem","position":3,"name":"Kapitalgesellschaften","item":"https:\/\/www.notariat-schoeffmann.at\/de\/unternehmen\/kapitalgesellschaften\/"},{"@type":"ListItem","position":4,"name":"Gesellschaft mit beschr\u00e4nkter Haftung (GmbH)","item":"https:\/\/www.notariat-schoeffmann.at\/de\/unternehmen\/kapitalgesellschaften\/gmbh\/"},{"@type":"ListItem","position":5,"name":"GmbH-Gr\u00fcndung per Videokonferenz"}]},{"@type":"WebSite","@id":"https:\/\/www.notariat-schoeffmann.at\/de\/#website","url":"https:\/\/www.notariat-schoeffmann.at\/de\/","name":"Notariat Sch\u00f6ffmann","description":"Mag. Klaus Sch\u00f6ffmann - Ihr Notar in Klagenfurt","publisher":{"@id":"https:\/\/www.notariat-schoeffmann.at\/de\/#organization"},"potentialAction":[{"@type":"SearchAction","target":{"@type":"EntryPoint","urlTemplate":"https:\/\/www.notariat-schoeffmann.at\/de\/?s={search_term_string}"},"query-input":{"@type":"PropertyValueSpecification","valueRequired":true,"valueName":"search_term_string"}}],"inLanguage":"de"},{"@type":"Organization","@id":"https:\/\/www.notariat-schoeffmann.at\/de\/#organization","name":"Notariat Mag. Klaus Sch\u00f6ffmann Klagenfurt","url":"https:\/\/www.notariat-schoeffmann.at\/de\/","logo":{"@type":"ImageObject","inLanguage":"de","@id":"https:\/\/www.notariat-schoeffmann.at\/de\/#\/schema\/logo\/image\/","url":"https:\/\/www.notariat-schoeffmann.at\/wp-content\/uploads\/2022\/02\/logo-notariat-schoeffmann.jpg","contentUrl":"https:\/\/www.notariat-schoeffmann.at\/wp-content\/uploads\/2022\/02\/logo-notariat-schoeffmann.jpg","width":600,"height":600,"caption":"Notariat Mag. Klaus Sch\u00f6ffmann Klagenfurt"},"image":{"@id":"https:\/\/www.notariat-schoeffmann.at\/de\/#\/schema\/logo\/image\/"},"sameAs":["https:\/\/www.facebook.com\/NotarKlagenfurt","https:\/\/www.youtube.com\/channel\/UCaITfbIQh6VIpzEonUsIhcg"]}]}},"_links":{"self":[{"href":"https:\/\/www.notariat-schoeffmann.at\/de\/wp-json\/wp\/v2\/pages\/199","targetHints":{"allow":["GET"]}}],"collection":[{"href":"https:\/\/www.notariat-schoeffmann.at\/de\/wp-json\/wp\/v2\/pages"}],"about":[{"href":"https:\/\/www.notariat-schoeffmann.at\/de\/wp-json\/wp\/v2\/types\/page"}],"author":[{"embeddable":true,"href":"https:\/\/www.notariat-schoeffmann.at\/de\/wp-json\/wp\/v2\/users\/3"}],"replies":[{"embeddable":true,"href":"https:\/\/www.notariat-schoeffmann.at\/de\/wp-json\/wp\/v2\/comments?post=199"}],"version-history":[{"count":4,"href":"https:\/\/www.notariat-schoeffmann.at\/de\/wp-json\/wp\/v2\/pages\/199\/revisions"}],"predecessor-version":[{"id":2111,"href":"https:\/\/www.notariat-schoeffmann.at\/de\/wp-json\/wp\/v2\/pages\/199\/revisions\/2111"}],"up":[{"embeddable":true,"href":"https:\/\/www.notariat-schoeffmann.at\/de\/wp-json\/wp\/v2\/pages\/191"}],"wp:attachment":[{"href":"https:\/\/www.notariat-schoeffmann.at\/de\/wp-json\/wp\/v2\/media?parent=199"}],"wp:term":[{"taxonomy":"category","embeddable":true,"href":"https:\/\/www.notariat-schoeffmann.at\/de\/wp-json\/wp\/v2\/categories?post=199"}],"curies":[{"name":"wp","href":"https:\/\/api.w.org\/{rel}","templated":true}]}}