{"id":195,"date":"2021-08-09T10:04:05","date_gmt":"2021-08-09T08:04:05","guid":{"rendered":"https:\/\/www.notariat-schoeffmann.at\/?page_id=195"},"modified":"2022-03-19T10:19:58","modified_gmt":"2022-03-19T09:19:58","slug":"checkliste-zur-gmbh-gruendung","status":"publish","type":"page","link":"https:\/\/www.notariat-schoeffmann.at\/de\/unternehmen\/kapitalgesellschaften\/gmbh\/checkliste-zur-gmbh-gruendung\/","title":{"rendered":"Checkliste zur GmbH-Gr\u00fcndung"},"content":{"rendered":"\n<p>Folgende Informationen sollten Sie sich &#8211; soweit vorhanden &#8211; zurechtlegen, bevor Sie zum notariellen Erstgespr\u00e4ch \u00fcber die Gr\u00fcndung einer GmbH kommen:<\/p>\n\n\n\n<ul class=\"wp-block-list\"><li>e soll die Gesellschaft hei\u00dfen? (<a href=\"https:\/\/www.notariat-schoeffmann.at\/unternehmen\/firmenwortlaut\/\">Firma<\/a>)<\/li><li>Was soll sie tun? (Beschreibung des Unternehmensgegenstandes)<\/li><li>Welche(s) Gewerbe soll(en) ausge\u00fcbt werden? Wer ist gewerberechtlicher Gesch\u00e4ftsf\u00fchrer?<\/li><li>Wie hoch soll das Stammkapital sein? (mindestens \u20ac 35.000,-)<\/li><li>Sollen Gegenst\u00e4nde eingebracht werden? (zB ein KfZ, ein Unternehmen)<\/li><li>Wer sollen die Gesellschafter sein?<br>Wie hoch sollen deren Einlagen sein?<br>Wieviel davon soll sofort eingezahlt werden? (Mindestens die H\u00e4lfte)<\/li><li>Soll die Gr\u00fcndungsprivilegierung in Anspruch genommen werden?<\/li><li><a href=\"https:\/\/www.notariat-schoeffmann.at\/unternehmen\/neufoeg-steuerbeguenstigt-gruenden\/\">NeuF\u00f6G<\/a>-Beg\u00fcnstigung gegeben?<\/li><li>Soll das Wirtschaftsjahr das Kalenderjahr sein oder davon abweichen?<\/li><li>Soll die Dauer der Gesellschaft bestimmt oder unbestimmt sein?<\/li><li>Sollen K\u00fcndigungsrechte vereinbart oder die K\u00fcndigung (f\u00fcr eine bestimmte Zeit) ausgeschlossen sein?<\/li><li>Wer soll\u00a0<a href=\"https:\/\/www.notariat-schoeffmann.at\/unternehmen\/kapitalgesellschaften\/gmbh\/geschaeftsfuehrer\/\">Gesch\u00e4ftsf\u00fchrer\u00a0<\/a>sein? Soll der Gesch\u00e4ftsf\u00fchrer vor Abberufung gesch\u00fctzt sein? Vertretungsbefugnis?<\/li><li>Sollen Prokuristen bestellt werden? Wie vertreten sie?<\/li><li>Zustimmungspflichtige Gesch\u00e4fte definieren (Wann m\u00fcssen die Gesch\u00e4ftsf\u00fchrer bei den Gesellschaftern r\u00fcckfragen?)<\/li><li>Soll Gesch\u00e4ftsordnung f\u00fcr die Gesch\u00e4ftsf\u00fchrer erlassen werden?<\/li><li>Ergebnisverteilung nach Gesetz (Aussch\u00fcttung an die Gesellschafter im Verh\u00e4ltnis der Beteiligung) oder abweichend?<\/li><li>Beschlussfassung in der Generalversammlung: Beschlussf\u00e4higkeit regeln? Welche Mehrheiten sollen gelten?<\/li><li>Besondere Regelungen f\u00fcr bestimmte (wichtige) Beschl\u00fcsse?<\/li><li>Verf\u00fcgung \u00fcber Gesch\u00e4ftsanteile einschr\u00e4nken? Zustimmung\/Aufgriffsrecht\/Vorkaufsrecht bei Ableben\/Abtretung? Abtretungspreis?<\/li><li>Gr\u00fcndungskosten regeln?<\/li><li>Vollmacht zur Gr\u00fcndung?<\/li><\/ul>\n\n\n\n<p>Wie Sie sehen gilt es eine Menge zu bedenken,&nbsp;weshalb ein ausf\u00fchrliches Beratungsgespr\u00e4ch mit Ihrem Notar erforderlich ist.<\/p>\n\n\n\n<p>\u00dcber alle offenen Fragen kl\u00e4rt Sie Ihr Notar auf.<\/p>\n","protected":false},"excerpt":{"rendered":"<p>Folgende Informationen sollten Sie sich &#8211; soweit vorhanden &#8211; zurechtlegen, bevor Sie zum notariellen Erstgespr\u00e4ch \u00fcber die Gr\u00fcndung einer GmbH kommen: e soll die Gesellschaft hei\u00dfen? (Firma) Was soll sie tun? (Beschreibung des Unternehmensgegenstandes) Welche(s) Gewerbe soll(en) ausge\u00fcbt werden? Wer ist gewerberechtlicher Gesch\u00e4ftsf\u00fchrer? Wie hoch soll das Stammkapital sein? (mindestens \u20ac 35.000,-) Sollen Gegenst\u00e4nde eingebracht&hellip;<\/p>\n","protected":false},"author":3,"featured_media":0,"parent":191,"menu_order":1,"comment_status":"closed","ping_status":"closed","template":"","meta":{"inline_featured_image":false,"footnotes":""},"categories":[],"class_list":["post-195","page","type-page","status-publish","hentry","description-off"],"yoast_head":"<!-- This site is optimized with the Yoast SEO Premium plugin v26.7 (Yoast SEO v27.4) - https:\/\/yoast.com\/product\/yoast-seo-premium-wordpress\/ -->\n<title>Checkliste zur GmbH-Gr\u00fcndung &#8211; Notariat Sch\u00f6ffmann<\/title>\n<meta name=\"description\" content=\"Was muss ich bei der GmbH-Gr\u00fcndung beachten? Hier finden Sie eine Auflistung aller Fragen, die sich bei der Gr\u00fcndung stellen und die es zu beantworten gilt.\" \/>\n<meta name=\"robots\" content=\"index, follow, max-snippet:-1, max-image-preview:large, max-video-preview:-1\" \/>\n<link rel=\"canonical\" href=\"https:\/\/www.notariat-schoeffmann.at\/de\/unternehmen\/kapitalgesellschaften\/gmbh\/checkliste-zur-gmbh-gruendung\/\" \/>\n<meta property=\"og:locale\" content=\"de_DE\" \/>\n<meta property=\"og:type\" content=\"article\" \/>\n<meta property=\"og:title\" content=\"Checkliste zur GmbH-Gr\u00fcndung - Notariat Sch\u00f6ffmann\" \/>\n<meta property=\"og:description\" content=\"Was muss ich bei der GmbH-Gr\u00fcndung beachten? Hier finden Sie eine Auflistung aller Fragen, die sich bei der Gr\u00fcndung stellen und die es zu beantworten gilt.\" \/>\n<meta property=\"og:url\" content=\"https:\/\/www.notariat-schoeffmann.at\/de\/unternehmen\/kapitalgesellschaften\/gmbh\/checkliste-zur-gmbh-gruendung\/\" \/>\n<meta property=\"og:site_name\" content=\"Notariat Sch\u00f6ffmann\" \/>\n<meta property=\"article:publisher\" content=\"https:\/\/www.facebook.com\/NotarKlagenfurt\" \/>\n<meta property=\"article:modified_time\" content=\"2022-03-19T09:19:58+00:00\" \/>\n<meta property=\"og:image\" content=\"https:\/\/www.notariat-schoeffmann.at\/wp-content\/uploads\/2021\/11\/Juristen-1.jpg\" \/>\n\t<meta property=\"og:image:width\" content=\"1600\" \/>\n\t<meta property=\"og:image:height\" content=\"1067\" \/>\n\t<meta property=\"og:image:type\" content=\"image\/jpeg\" \/>\n<meta name=\"twitter:card\" content=\"summary_large_image\" \/>\n<script type=\"application\/ld+json\" class=\"yoast-schema-graph\">{\"@context\":\"https:\\\/\\\/schema.org\",\"@graph\":[{\"@type\":\"WebPage\",\"@id\":\"https:\\\/\\\/www.notariat-schoeffmann.at\\\/de\\\/unternehmen\\\/kapitalgesellschaften\\\/gmbh\\\/checkliste-zur-gmbh-gruendung\\\/\",\"url\":\"https:\\\/\\\/www.notariat-schoeffmann.at\\\/de\\\/unternehmen\\\/kapitalgesellschaften\\\/gmbh\\\/checkliste-zur-gmbh-gruendung\\\/\",\"name\":\"Checkliste zur GmbH-Gr\u00fcndung &#8211; Notariat Sch\u00f6ffmann\",\"isPartOf\":{\"@id\":\"https:\\\/\\\/www.notariat-schoeffmann.at\\\/de\\\/#website\"},\"datePublished\":\"2021-08-09T08:04:05+00:00\",\"dateModified\":\"2022-03-19T09:19:58+00:00\",\"description\":\"Was muss ich bei der GmbH-Gr\u00fcndung beachten? Hier finden Sie eine Auflistung aller Fragen, die sich bei der Gr\u00fcndung stellen und die es zu beantworten gilt.\",\"breadcrumb\":{\"@id\":\"https:\\\/\\\/www.notariat-schoeffmann.at\\\/de\\\/unternehmen\\\/kapitalgesellschaften\\\/gmbh\\\/checkliste-zur-gmbh-gruendung\\\/#breadcrumb\"},\"inLanguage\":\"de\",\"potentialAction\":[{\"@type\":\"ReadAction\",\"target\":[\"https:\\\/\\\/www.notariat-schoeffmann.at\\\/de\\\/unternehmen\\\/kapitalgesellschaften\\\/gmbh\\\/checkliste-zur-gmbh-gruendung\\\/\"]}]},{\"@type\":\"BreadcrumbList\",\"@id\":\"https:\\\/\\\/www.notariat-schoeffmann.at\\\/de\\\/unternehmen\\\/kapitalgesellschaften\\\/gmbh\\\/checkliste-zur-gmbh-gruendung\\\/#breadcrumb\",\"itemListElement\":[{\"@type\":\"ListItem\",\"position\":1,\"name\":\"Startseite\",\"item\":\"https:\\\/\\\/www.notariat-schoeffmann.at\\\/de\\\/\"},{\"@type\":\"ListItem\",\"position\":2,\"name\":\"Unternehmen\",\"item\":\"https:\\\/\\\/www.notariat-schoeffmann.at\\\/de\\\/unternehmen\\\/\"},{\"@type\":\"ListItem\",\"position\":3,\"name\":\"Kapitalgesellschaften\",\"item\":\"https:\\\/\\\/www.notariat-schoeffmann.at\\\/de\\\/unternehmen\\\/kapitalgesellschaften\\\/\"},{\"@type\":\"ListItem\",\"position\":4,\"name\":\"Gesellschaft mit beschr\u00e4nkter Haftung (GmbH)\",\"item\":\"https:\\\/\\\/www.notariat-schoeffmann.at\\\/de\\\/unternehmen\\\/kapitalgesellschaften\\\/gmbh\\\/\"},{\"@type\":\"ListItem\",\"position\":5,\"name\":\"Checkliste zur GmbH-Gr\u00fcndung\"}]},{\"@type\":\"WebSite\",\"@id\":\"https:\\\/\\\/www.notariat-schoeffmann.at\\\/de\\\/#website\",\"url\":\"https:\\\/\\\/www.notariat-schoeffmann.at\\\/de\\\/\",\"name\":\"Notariat Sch\u00f6ffmann\",\"description\":\"Mag. Klaus Sch\u00f6ffmann - Ihr Notar in Klagenfurt\",\"publisher\":{\"@id\":\"https:\\\/\\\/www.notariat-schoeffmann.at\\\/de\\\/#organization\"},\"potentialAction\":[{\"@type\":\"SearchAction\",\"target\":{\"@type\":\"EntryPoint\",\"urlTemplate\":\"https:\\\/\\\/www.notariat-schoeffmann.at\\\/de\\\/?s={search_term_string}\"},\"query-input\":{\"@type\":\"PropertyValueSpecification\",\"valueRequired\":true,\"valueName\":\"search_term_string\"}}],\"inLanguage\":\"de\"},{\"@type\":\"Organization\",\"@id\":\"https:\\\/\\\/www.notariat-schoeffmann.at\\\/de\\\/#organization\",\"name\":\"Notariat Mag. Klaus Sch\u00f6ffmann Klagenfurt\",\"url\":\"https:\\\/\\\/www.notariat-schoeffmann.at\\\/de\\\/\",\"logo\":{\"@type\":\"ImageObject\",\"inLanguage\":\"de\",\"@id\":\"https:\\\/\\\/www.notariat-schoeffmann.at\\\/de\\\/#\\\/schema\\\/logo\\\/image\\\/\",\"url\":\"https:\\\/\\\/www.notariat-schoeffmann.at\\\/wp-content\\\/uploads\\\/2022\\\/02\\\/logo-notariat-schoeffmann.jpg\",\"contentUrl\":\"https:\\\/\\\/www.notariat-schoeffmann.at\\\/wp-content\\\/uploads\\\/2022\\\/02\\\/logo-notariat-schoeffmann.jpg\",\"width\":600,\"height\":600,\"caption\":\"Notariat Mag. Klaus Sch\u00f6ffmann Klagenfurt\"},\"image\":{\"@id\":\"https:\\\/\\\/www.notariat-schoeffmann.at\\\/de\\\/#\\\/schema\\\/logo\\\/image\\\/\"},\"sameAs\":[\"https:\\\/\\\/www.facebook.com\\\/NotarKlagenfurt\",\"https:\\\/\\\/www.youtube.com\\\/channel\\\/UCaITfbIQh6VIpzEonUsIhcg\"]}]}<\/script>\n<!-- \/ Yoast SEO Premium plugin. -->","yoast_head_json":{"title":"Checkliste zur GmbH-Gr\u00fcndung &#8211; Notariat Sch\u00f6ffmann","description":"Was muss ich bei der GmbH-Gr\u00fcndung beachten? Hier finden Sie eine Auflistung aller Fragen, die sich bei der Gr\u00fcndung stellen und die es zu beantworten gilt.","robots":{"index":"index","follow":"follow","max-snippet":"max-snippet:-1","max-image-preview":"max-image-preview:large","max-video-preview":"max-video-preview:-1"},"canonical":"https:\/\/www.notariat-schoeffmann.at\/de\/unternehmen\/kapitalgesellschaften\/gmbh\/checkliste-zur-gmbh-gruendung\/","og_locale":"de_DE","og_type":"article","og_title":"Checkliste zur GmbH-Gr\u00fcndung - Notariat Sch\u00f6ffmann","og_description":"Was muss ich bei der GmbH-Gr\u00fcndung beachten? Hier finden Sie eine Auflistung aller Fragen, die sich bei der Gr\u00fcndung stellen und die es zu beantworten gilt.","og_url":"https:\/\/www.notariat-schoeffmann.at\/de\/unternehmen\/kapitalgesellschaften\/gmbh\/checkliste-zur-gmbh-gruendung\/","og_site_name":"Notariat Sch\u00f6ffmann","article_publisher":"https:\/\/www.facebook.com\/NotarKlagenfurt","article_modified_time":"2022-03-19T09:19:58+00:00","og_image":[{"width":1600,"height":1067,"url":"https:\/\/www.notariat-schoeffmann.at\/wp-content\/uploads\/2021\/11\/Juristen-1.jpg","type":"image\/jpeg"}],"twitter_card":"summary_large_image","schema":{"@context":"https:\/\/schema.org","@graph":[{"@type":"WebPage","@id":"https:\/\/www.notariat-schoeffmann.at\/de\/unternehmen\/kapitalgesellschaften\/gmbh\/checkliste-zur-gmbh-gruendung\/","url":"https:\/\/www.notariat-schoeffmann.at\/de\/unternehmen\/kapitalgesellschaften\/gmbh\/checkliste-zur-gmbh-gruendung\/","name":"Checkliste zur GmbH-Gr\u00fcndung &#8211; Notariat Sch\u00f6ffmann","isPartOf":{"@id":"https:\/\/www.notariat-schoeffmann.at\/de\/#website"},"datePublished":"2021-08-09T08:04:05+00:00","dateModified":"2022-03-19T09:19:58+00:00","description":"Was muss ich bei der GmbH-Gr\u00fcndung beachten? Hier finden Sie eine Auflistung aller Fragen, die sich bei der Gr\u00fcndung stellen und die es zu beantworten gilt.","breadcrumb":{"@id":"https:\/\/www.notariat-schoeffmann.at\/de\/unternehmen\/kapitalgesellschaften\/gmbh\/checkliste-zur-gmbh-gruendung\/#breadcrumb"},"inLanguage":"de","potentialAction":[{"@type":"ReadAction","target":["https:\/\/www.notariat-schoeffmann.at\/de\/unternehmen\/kapitalgesellschaften\/gmbh\/checkliste-zur-gmbh-gruendung\/"]}]},{"@type":"BreadcrumbList","@id":"https:\/\/www.notariat-schoeffmann.at\/de\/unternehmen\/kapitalgesellschaften\/gmbh\/checkliste-zur-gmbh-gruendung\/#breadcrumb","itemListElement":[{"@type":"ListItem","position":1,"name":"Startseite","item":"https:\/\/www.notariat-schoeffmann.at\/de\/"},{"@type":"ListItem","position":2,"name":"Unternehmen","item":"https:\/\/www.notariat-schoeffmann.at\/de\/unternehmen\/"},{"@type":"ListItem","position":3,"name":"Kapitalgesellschaften","item":"https:\/\/www.notariat-schoeffmann.at\/de\/unternehmen\/kapitalgesellschaften\/"},{"@type":"ListItem","position":4,"name":"Gesellschaft mit beschr\u00e4nkter Haftung (GmbH)","item":"https:\/\/www.notariat-schoeffmann.at\/de\/unternehmen\/kapitalgesellschaften\/gmbh\/"},{"@type":"ListItem","position":5,"name":"Checkliste zur GmbH-Gr\u00fcndung"}]},{"@type":"WebSite","@id":"https:\/\/www.notariat-schoeffmann.at\/de\/#website","url":"https:\/\/www.notariat-schoeffmann.at\/de\/","name":"Notariat Sch\u00f6ffmann","description":"Mag. Klaus Sch\u00f6ffmann - Ihr Notar in Klagenfurt","publisher":{"@id":"https:\/\/www.notariat-schoeffmann.at\/de\/#organization"},"potentialAction":[{"@type":"SearchAction","target":{"@type":"EntryPoint","urlTemplate":"https:\/\/www.notariat-schoeffmann.at\/de\/?s={search_term_string}"},"query-input":{"@type":"PropertyValueSpecification","valueRequired":true,"valueName":"search_term_string"}}],"inLanguage":"de"},{"@type":"Organization","@id":"https:\/\/www.notariat-schoeffmann.at\/de\/#organization","name":"Notariat Mag. Klaus Sch\u00f6ffmann Klagenfurt","url":"https:\/\/www.notariat-schoeffmann.at\/de\/","logo":{"@type":"ImageObject","inLanguage":"de","@id":"https:\/\/www.notariat-schoeffmann.at\/de\/#\/schema\/logo\/image\/","url":"https:\/\/www.notariat-schoeffmann.at\/wp-content\/uploads\/2022\/02\/logo-notariat-schoeffmann.jpg","contentUrl":"https:\/\/www.notariat-schoeffmann.at\/wp-content\/uploads\/2022\/02\/logo-notariat-schoeffmann.jpg","width":600,"height":600,"caption":"Notariat Mag. Klaus Sch\u00f6ffmann Klagenfurt"},"image":{"@id":"https:\/\/www.notariat-schoeffmann.at\/de\/#\/schema\/logo\/image\/"},"sameAs":["https:\/\/www.facebook.com\/NotarKlagenfurt","https:\/\/www.youtube.com\/channel\/UCaITfbIQh6VIpzEonUsIhcg"]}]}},"_links":{"self":[{"href":"https:\/\/www.notariat-schoeffmann.at\/de\/wp-json\/wp\/v2\/pages\/195","targetHints":{"allow":["GET"]}}],"collection":[{"href":"https:\/\/www.notariat-schoeffmann.at\/de\/wp-json\/wp\/v2\/pages"}],"about":[{"href":"https:\/\/www.notariat-schoeffmann.at\/de\/wp-json\/wp\/v2\/types\/page"}],"author":[{"embeddable":true,"href":"https:\/\/www.notariat-schoeffmann.at\/de\/wp-json\/wp\/v2\/users\/3"}],"replies":[{"embeddable":true,"href":"https:\/\/www.notariat-schoeffmann.at\/de\/wp-json\/wp\/v2\/comments?post=195"}],"version-history":[{"count":5,"href":"https:\/\/www.notariat-schoeffmann.at\/de\/wp-json\/wp\/v2\/pages\/195\/revisions"}],"predecessor-version":[{"id":2643,"href":"https:\/\/www.notariat-schoeffmann.at\/de\/wp-json\/wp\/v2\/pages\/195\/revisions\/2643"}],"up":[{"embeddable":true,"href":"https:\/\/www.notariat-schoeffmann.at\/de\/wp-json\/wp\/v2\/pages\/191"}],"wp:attachment":[{"href":"https:\/\/www.notariat-schoeffmann.at\/de\/wp-json\/wp\/v2\/media?parent=195"}],"wp:term":[{"taxonomy":"category","embeddable":true,"href":"https:\/\/www.notariat-schoeffmann.at\/de\/wp-json\/wp\/v2\/categories?post=195"}],"curies":[{"name":"wp","href":"https:\/\/api.w.org\/{rel}","templated":true}]}}