{"id":193,"date":"2021-08-09T10:03:28","date_gmt":"2021-08-09T08:03:28","guid":{"rendered":"https:\/\/www.notariat-schoeffmann.at\/?page_id=193"},"modified":"2022-02-26T22:12:08","modified_gmt":"2022-02-26T21:12:08","slug":"gruendungsprivilegierte-gmbh","status":"publish","type":"page","link":"https:\/\/www.notariat-schoeffmann.at\/de\/unternehmen\/kapitalgesellschaften\/gmbh\/gruendungsprivilegierte-gmbh\/","title":{"rendered":"Gr\u00fcndungsprivilegierung"},"content":{"rendered":"<p>Damit die GmbH auch f\u00fcr Unternehmer mit geringen finanziellen Mitteln attraktiv bleibt, sieht das Gesetz die M\u00f6glichkeit einer Gr\u00fcndungsprivilegierung vor.<\/p>\n<p>Die Gr\u00fcndungsprivilegierung besteht in der Herabsetzung der Stammeinlagen. Das Stammkapital betr\u00e4gt weiterhin \u20ac 35.000,- , jedoch m\u00fcssen die gr\u00fcndungsprivilegierten\u00a0<strong>Stammeinlagen\u00a0<\/strong>in Summe nur mehr\u00a0<strong>\u20ac 10.000,-\u00a0<\/strong>betragen. Auf diese muss insgesamt mindestens die H\u00e4lfte bar eingezahlt werden. Sacheinlagen sind ausgeschlossen.<\/p>\n<p>Die Haftung der Gesellschafter ist w\u00e4hrend der Gr\u00fcndungsprivilegierung auch mit der H\u00f6he der gr\u00fcndungsprivilegierten Stammeinlage beschr\u00e4nkt. \u00a0Im Firmenbuch ist die Inanspruchnahme der Gr\u00fcndungsprivilegierung ersichtlich zu machen.<\/p>\n<h2>Wie nehme ich die Gr\u00fcndungsprivilegierung in Anspruch?<\/h2>\n<p>Wer die Gr\u00fcndungsprivilegierung in Anspruch nehmen will, muss dies bereits bei der Gr\u00fcndung im Gesellschaftsvertrag verf\u00fcgen. Eine sp\u00e4tere Inanspruchnahme durch \u00c4nderung des Gesellschaftsvertrages ist nicht m\u00f6glich. Im Gesellschaftsvertrag sind dann neben den\u00a0 Stammeinlagen der Gesellschafter auch die gr\u00fcndungsprivilegierten Stammeinlagen zu bestimmen.<\/p>\n<h2>Wann endet die Gr\u00fcndungsprivilegierung?<\/h2>\n<p>Die Gr\u00fcndungsprivilegierung kann jederzeit aufgehoben werden, endet aber sp\u00e4testens nach\u00a0<strong>zehn Jahren<\/strong>.<\/p>\n<p>Dazu m\u00fcssen der Gesellschaftsvertrag ge\u00e4ndert und die Mindesteinzahlungserfordernisse erf\u00fcllt werden. Das bedeutet, dass die Gesellschafter insgesamt mindestens die H\u00e4lfte des Stammkapitals in bar einzahlen m\u00fcssen.<\/p>\n","protected":false},"excerpt":{"rendered":"<p>Damit die GmbH auch f\u00fcr Unternehmer mit geringen finanziellen Mitteln attraktiv bleibt, sieht das Gesetz die M\u00f6glichkeit einer Gr\u00fcndungsprivilegierung vor. Die Gr\u00fcndungsprivilegierung besteht in der Herabsetzung der Stammeinlagen. Das Stammkapital betr\u00e4gt weiterhin \u20ac 35.000,- , jedoch m\u00fcssen die gr\u00fcndungsprivilegierten\u00a0Stammeinlagen\u00a0in Summe nur mehr\u00a0\u20ac 10.000,-\u00a0betragen. Auf diese muss insgesamt mindestens die H\u00e4lfte bar eingezahlt werden. Sacheinlagen sind&hellip;<\/p>\n","protected":false},"author":3,"featured_media":0,"parent":191,"menu_order":0,"comment_status":"closed","ping_status":"closed","template":"","meta":{"inline_featured_image":false,"footnotes":""},"categories":[],"class_list":["post-193","page","type-page","status-publish","hentry","description-off"],"yoast_head":"<!-- This site is optimized with the Yoast SEO Premium plugin v26.7 (Yoast SEO v27.3) - https:\/\/yoast.com\/product\/yoast-seo-premium-wordpress\/ -->\n<title>Gr\u00fcndungsprivilegierte GmbH &#8211; Notariat Sch\u00f6ffmann<\/title>\n<meta name=\"description\" content=\"Damit die GmbH auch f\u00fcr Unternehmer mit geringen finanziellen Mitteln attraktiv bleibt, sieht das Gesetz die M\u00f6glichkeit einer Gr\u00fcndungsprivilegierung vor.\" \/>\n<meta name=\"robots\" content=\"index, follow, max-snippet:-1, max-image-preview:large, max-video-preview:-1\" \/>\n<link rel=\"canonical\" href=\"https:\/\/www.notariat-schoeffmann.at\/de\/unternehmen\/kapitalgesellschaften\/gmbh\/gruendungsprivilegierte-gmbh\/\" \/>\n<meta property=\"og:locale\" content=\"de_DE\" \/>\n<meta property=\"og:type\" content=\"article\" \/>\n<meta property=\"og:title\" content=\"Gr\u00fcndungsprivilegierung - Notariat Sch\u00f6ffmann\" \/>\n<meta property=\"og:description\" content=\"Damit die GmbH auch f\u00fcr Unternehmer mit geringen finanziellen Mitteln attraktiv bleibt, sieht das Gesetz die M\u00f6glichkeit einer Gr\u00fcndungsprivilegierung vor.\" \/>\n<meta property=\"og:url\" content=\"https:\/\/www.notariat-schoeffmann.at\/de\/unternehmen\/kapitalgesellschaften\/gmbh\/gruendungsprivilegierte-gmbh\/\" \/>\n<meta property=\"og:site_name\" content=\"Notariat Sch\u00f6ffmann\" \/>\n<meta property=\"article:publisher\" content=\"https:\/\/www.facebook.com\/NotarKlagenfurt\" \/>\n<meta property=\"article:modified_time\" content=\"2022-02-26T21:12:08+00:00\" \/>\n<meta property=\"og:image\" content=\"https:\/\/www.notariat-schoeffmann.at\/wp-content\/uploads\/2021\/11\/Juristen-1.jpg\" \/>\n\t<meta property=\"og:image:width\" content=\"1600\" \/>\n\t<meta property=\"og:image:height\" content=\"1067\" \/>\n\t<meta property=\"og:image:type\" content=\"image\/jpeg\" \/>\n<meta name=\"twitter:card\" content=\"summary_large_image\" \/>\n<script type=\"application\/ld+json\" class=\"yoast-schema-graph\">{\"@context\":\"https:\\\/\\\/schema.org\",\"@graph\":[{\"@type\":\"WebPage\",\"@id\":\"https:\\\/\\\/www.notariat-schoeffmann.at\\\/de\\\/unternehmen\\\/kapitalgesellschaften\\\/gmbh\\\/gruendungsprivilegierte-gmbh\\\/\",\"url\":\"https:\\\/\\\/www.notariat-schoeffmann.at\\\/de\\\/unternehmen\\\/kapitalgesellschaften\\\/gmbh\\\/gruendungsprivilegierte-gmbh\\\/\",\"name\":\"Gr\u00fcndungsprivilegierte GmbH &#8211; Notariat Sch\u00f6ffmann\",\"isPartOf\":{\"@id\":\"https:\\\/\\\/www.notariat-schoeffmann.at\\\/de\\\/#website\"},\"datePublished\":\"2021-08-09T08:03:28+00:00\",\"dateModified\":\"2022-02-26T21:12:08+00:00\",\"description\":\"Damit die GmbH auch f\u00fcr Unternehmer mit geringen finanziellen Mitteln attraktiv bleibt, sieht das Gesetz die M\u00f6glichkeit einer Gr\u00fcndungsprivilegierung vor.\",\"breadcrumb\":{\"@id\":\"https:\\\/\\\/www.notariat-schoeffmann.at\\\/de\\\/unternehmen\\\/kapitalgesellschaften\\\/gmbh\\\/gruendungsprivilegierte-gmbh\\\/#breadcrumb\"},\"inLanguage\":\"de\",\"potentialAction\":[{\"@type\":\"ReadAction\",\"target\":[\"https:\\\/\\\/www.notariat-schoeffmann.at\\\/de\\\/unternehmen\\\/kapitalgesellschaften\\\/gmbh\\\/gruendungsprivilegierte-gmbh\\\/\"]}]},{\"@type\":\"BreadcrumbList\",\"@id\":\"https:\\\/\\\/www.notariat-schoeffmann.at\\\/de\\\/unternehmen\\\/kapitalgesellschaften\\\/gmbh\\\/gruendungsprivilegierte-gmbh\\\/#breadcrumb\",\"itemListElement\":[{\"@type\":\"ListItem\",\"position\":1,\"name\":\"Startseite\",\"item\":\"https:\\\/\\\/www.notariat-schoeffmann.at\\\/de\\\/\"},{\"@type\":\"ListItem\",\"position\":2,\"name\":\"Unternehmen\",\"item\":\"https:\\\/\\\/www.notariat-schoeffmann.at\\\/de\\\/unternehmen\\\/\"},{\"@type\":\"ListItem\",\"position\":3,\"name\":\"Kapitalgesellschaften\",\"item\":\"https:\\\/\\\/www.notariat-schoeffmann.at\\\/de\\\/unternehmen\\\/kapitalgesellschaften\\\/\"},{\"@type\":\"ListItem\",\"position\":4,\"name\":\"Gesellschaft mit beschr\u00e4nkter Haftung (GmbH)\",\"item\":\"https:\\\/\\\/www.notariat-schoeffmann.at\\\/de\\\/unternehmen\\\/kapitalgesellschaften\\\/gmbh\\\/\"},{\"@type\":\"ListItem\",\"position\":5,\"name\":\"Gr\u00fcndungsprivilegierung\"}]},{\"@type\":\"WebSite\",\"@id\":\"https:\\\/\\\/www.notariat-schoeffmann.at\\\/de\\\/#website\",\"url\":\"https:\\\/\\\/www.notariat-schoeffmann.at\\\/de\\\/\",\"name\":\"Notariat Sch\u00f6ffmann\",\"description\":\"Mag. Klaus Sch\u00f6ffmann - Ihr Notar in Klagenfurt\",\"publisher\":{\"@id\":\"https:\\\/\\\/www.notariat-schoeffmann.at\\\/de\\\/#organization\"},\"potentialAction\":[{\"@type\":\"SearchAction\",\"target\":{\"@type\":\"EntryPoint\",\"urlTemplate\":\"https:\\\/\\\/www.notariat-schoeffmann.at\\\/de\\\/?s={search_term_string}\"},\"query-input\":{\"@type\":\"PropertyValueSpecification\",\"valueRequired\":true,\"valueName\":\"search_term_string\"}}],\"inLanguage\":\"de\"},{\"@type\":\"Organization\",\"@id\":\"https:\\\/\\\/www.notariat-schoeffmann.at\\\/de\\\/#organization\",\"name\":\"Notariat Mag. Klaus Sch\u00f6ffmann Klagenfurt\",\"url\":\"https:\\\/\\\/www.notariat-schoeffmann.at\\\/de\\\/\",\"logo\":{\"@type\":\"ImageObject\",\"inLanguage\":\"de\",\"@id\":\"https:\\\/\\\/www.notariat-schoeffmann.at\\\/de\\\/#\\\/schema\\\/logo\\\/image\\\/\",\"url\":\"https:\\\/\\\/www.notariat-schoeffmann.at\\\/wp-content\\\/uploads\\\/2022\\\/02\\\/logo-notariat-schoeffmann.jpg\",\"contentUrl\":\"https:\\\/\\\/www.notariat-schoeffmann.at\\\/wp-content\\\/uploads\\\/2022\\\/02\\\/logo-notariat-schoeffmann.jpg\",\"width\":600,\"height\":600,\"caption\":\"Notariat Mag. Klaus Sch\u00f6ffmann Klagenfurt\"},\"image\":{\"@id\":\"https:\\\/\\\/www.notariat-schoeffmann.at\\\/de\\\/#\\\/schema\\\/logo\\\/image\\\/\"},\"sameAs\":[\"https:\\\/\\\/www.facebook.com\\\/NotarKlagenfurt\",\"https:\\\/\\\/www.youtube.com\\\/channel\\\/UCaITfbIQh6VIpzEonUsIhcg\"]}]}<\/script>\n<!-- \/ Yoast SEO Premium plugin. -->","yoast_head_json":{"title":"Gr\u00fcndungsprivilegierte GmbH &#8211; Notariat Sch\u00f6ffmann","description":"Damit die GmbH auch f\u00fcr Unternehmer mit geringen finanziellen Mitteln attraktiv bleibt, sieht das Gesetz die M\u00f6glichkeit einer Gr\u00fcndungsprivilegierung vor.","robots":{"index":"index","follow":"follow","max-snippet":"max-snippet:-1","max-image-preview":"max-image-preview:large","max-video-preview":"max-video-preview:-1"},"canonical":"https:\/\/www.notariat-schoeffmann.at\/de\/unternehmen\/kapitalgesellschaften\/gmbh\/gruendungsprivilegierte-gmbh\/","og_locale":"de_DE","og_type":"article","og_title":"Gr\u00fcndungsprivilegierung - Notariat Sch\u00f6ffmann","og_description":"Damit die GmbH auch f\u00fcr Unternehmer mit geringen finanziellen Mitteln attraktiv bleibt, sieht das Gesetz die M\u00f6glichkeit einer Gr\u00fcndungsprivilegierung vor.","og_url":"https:\/\/www.notariat-schoeffmann.at\/de\/unternehmen\/kapitalgesellschaften\/gmbh\/gruendungsprivilegierte-gmbh\/","og_site_name":"Notariat Sch\u00f6ffmann","article_publisher":"https:\/\/www.facebook.com\/NotarKlagenfurt","article_modified_time":"2022-02-26T21:12:08+00:00","og_image":[{"width":1600,"height":1067,"url":"https:\/\/www.notariat-schoeffmann.at\/wp-content\/uploads\/2021\/11\/Juristen-1.jpg","type":"image\/jpeg"}],"twitter_card":"summary_large_image","schema":{"@context":"https:\/\/schema.org","@graph":[{"@type":"WebPage","@id":"https:\/\/www.notariat-schoeffmann.at\/de\/unternehmen\/kapitalgesellschaften\/gmbh\/gruendungsprivilegierte-gmbh\/","url":"https:\/\/www.notariat-schoeffmann.at\/de\/unternehmen\/kapitalgesellschaften\/gmbh\/gruendungsprivilegierte-gmbh\/","name":"Gr\u00fcndungsprivilegierte GmbH &#8211; Notariat Sch\u00f6ffmann","isPartOf":{"@id":"https:\/\/www.notariat-schoeffmann.at\/de\/#website"},"datePublished":"2021-08-09T08:03:28+00:00","dateModified":"2022-02-26T21:12:08+00:00","description":"Damit die GmbH auch f\u00fcr Unternehmer mit geringen finanziellen Mitteln attraktiv bleibt, sieht das Gesetz die M\u00f6glichkeit einer Gr\u00fcndungsprivilegierung vor.","breadcrumb":{"@id":"https:\/\/www.notariat-schoeffmann.at\/de\/unternehmen\/kapitalgesellschaften\/gmbh\/gruendungsprivilegierte-gmbh\/#breadcrumb"},"inLanguage":"de","potentialAction":[{"@type":"ReadAction","target":["https:\/\/www.notariat-schoeffmann.at\/de\/unternehmen\/kapitalgesellschaften\/gmbh\/gruendungsprivilegierte-gmbh\/"]}]},{"@type":"BreadcrumbList","@id":"https:\/\/www.notariat-schoeffmann.at\/de\/unternehmen\/kapitalgesellschaften\/gmbh\/gruendungsprivilegierte-gmbh\/#breadcrumb","itemListElement":[{"@type":"ListItem","position":1,"name":"Startseite","item":"https:\/\/www.notariat-schoeffmann.at\/de\/"},{"@type":"ListItem","position":2,"name":"Unternehmen","item":"https:\/\/www.notariat-schoeffmann.at\/de\/unternehmen\/"},{"@type":"ListItem","position":3,"name":"Kapitalgesellschaften","item":"https:\/\/www.notariat-schoeffmann.at\/de\/unternehmen\/kapitalgesellschaften\/"},{"@type":"ListItem","position":4,"name":"Gesellschaft mit beschr\u00e4nkter Haftung (GmbH)","item":"https:\/\/www.notariat-schoeffmann.at\/de\/unternehmen\/kapitalgesellschaften\/gmbh\/"},{"@type":"ListItem","position":5,"name":"Gr\u00fcndungsprivilegierung"}]},{"@type":"WebSite","@id":"https:\/\/www.notariat-schoeffmann.at\/de\/#website","url":"https:\/\/www.notariat-schoeffmann.at\/de\/","name":"Notariat Sch\u00f6ffmann","description":"Mag. Klaus Sch\u00f6ffmann - Ihr Notar in Klagenfurt","publisher":{"@id":"https:\/\/www.notariat-schoeffmann.at\/de\/#organization"},"potentialAction":[{"@type":"SearchAction","target":{"@type":"EntryPoint","urlTemplate":"https:\/\/www.notariat-schoeffmann.at\/de\/?s={search_term_string}"},"query-input":{"@type":"PropertyValueSpecification","valueRequired":true,"valueName":"search_term_string"}}],"inLanguage":"de"},{"@type":"Organization","@id":"https:\/\/www.notariat-schoeffmann.at\/de\/#organization","name":"Notariat Mag. Klaus Sch\u00f6ffmann Klagenfurt","url":"https:\/\/www.notariat-schoeffmann.at\/de\/","logo":{"@type":"ImageObject","inLanguage":"de","@id":"https:\/\/www.notariat-schoeffmann.at\/de\/#\/schema\/logo\/image\/","url":"https:\/\/www.notariat-schoeffmann.at\/wp-content\/uploads\/2022\/02\/logo-notariat-schoeffmann.jpg","contentUrl":"https:\/\/www.notariat-schoeffmann.at\/wp-content\/uploads\/2022\/02\/logo-notariat-schoeffmann.jpg","width":600,"height":600,"caption":"Notariat Mag. Klaus Sch\u00f6ffmann Klagenfurt"},"image":{"@id":"https:\/\/www.notariat-schoeffmann.at\/de\/#\/schema\/logo\/image\/"},"sameAs":["https:\/\/www.facebook.com\/NotarKlagenfurt","https:\/\/www.youtube.com\/channel\/UCaITfbIQh6VIpzEonUsIhcg"]}]}},"_links":{"self":[{"href":"https:\/\/www.notariat-schoeffmann.at\/de\/wp-json\/wp\/v2\/pages\/193","targetHints":{"allow":["GET"]}}],"collection":[{"href":"https:\/\/www.notariat-schoeffmann.at\/de\/wp-json\/wp\/v2\/pages"}],"about":[{"href":"https:\/\/www.notariat-schoeffmann.at\/de\/wp-json\/wp\/v2\/types\/page"}],"author":[{"embeddable":true,"href":"https:\/\/www.notariat-schoeffmann.at\/de\/wp-json\/wp\/v2\/users\/3"}],"replies":[{"embeddable":true,"href":"https:\/\/www.notariat-schoeffmann.at\/de\/wp-json\/wp\/v2\/comments?post=193"}],"version-history":[{"count":4,"href":"https:\/\/www.notariat-schoeffmann.at\/de\/wp-json\/wp\/v2\/pages\/193\/revisions"}],"predecessor-version":[{"id":2107,"href":"https:\/\/www.notariat-schoeffmann.at\/de\/wp-json\/wp\/v2\/pages\/193\/revisions\/2107"}],"up":[{"embeddable":true,"href":"https:\/\/www.notariat-schoeffmann.at\/de\/wp-json\/wp\/v2\/pages\/191"}],"wp:attachment":[{"href":"https:\/\/www.notariat-schoeffmann.at\/de\/wp-json\/wp\/v2\/media?parent=193"}],"wp:term":[{"taxonomy":"category","embeddable":true,"href":"https:\/\/www.notariat-schoeffmann.at\/de\/wp-json\/wp\/v2\/categories?post=193"}],"curies":[{"name":"wp","href":"https:\/\/api.w.org\/{rel}","templated":true}]}}