{"id":191,"date":"2021-08-09T10:02:25","date_gmt":"2021-08-09T08:02:25","guid":{"rendered":"https:\/\/www.notariat-schoeffmann.at\/?page_id=191"},"modified":"2022-03-24T16:35:46","modified_gmt":"2022-03-24T15:35:46","slug":"gmbh","status":"publish","type":"page","link":"https:\/\/www.notariat-schoeffmann.at\/de\/unternehmen\/kapitalgesellschaften\/gmbh\/","title":{"rendered":"Gesellschaft mit beschr\u00e4nkter Haftung (GmbH)"},"content":{"rendered":"\n<p>Die GmbH ist die beliebteste Gesellschaftsform, wenn eine Haftungsbeschr\u00e4nkung erreicht werden soll.<\/p>\n\n\n\n<p>Sie kann von einer Person (Ein-Mann-GmbH) oder mehreren gegr\u00fcndet werden und besitzt eigene Rechtspers\u00f6nlichkeit. &nbsp;Rechte und Verbindlichkeiten erwirbt die Gesellschaft daher selbst.<\/p>\n\n\n\n<h2 class=\"wp-block-heading\" id=\"h-grundung\">Gr\u00fcndung<\/h2>\n\n\n\n<p>Zu Gr\u00fcndung der GmbH ist ein&nbsp;<strong>notarieller Gesellschaftsvertrag<\/strong>&nbsp;erforderlich. Bei der Ein-Mann-GmbH spricht man von der Erkl\u00e4rung der Errichtung der Gesellschaft. Au\u00dferdem m\u00fcssen der erste bzw die ersten&nbsp;<strong>Gesch\u00e4ftsf\u00fchrer bestellt<\/strong>&nbsp;werden. Das kann im Gesellschaftsvertrag oder in einem Gesellschafterbeschluss geschehen. Als n\u00e4chstes haben die Gesellschafter ihre&nbsp;<strong>Einlagen einzubezahlen<\/strong>. Ist dies erfolgt, stellt die Bank eine Best\u00e4tigung dar\u00fcber aus. Danach ist die GmbH von allen Gesellschaftern zur<strong>&nbsp;Eintragung im Firmenbuch<\/strong>&nbsp;anzumelden. Die Unterschriften auf dem Firmenbuchgesuch m\u00fcssen notariell oder gerichtlich beglaubigt sein. Dem Firmenbuchgesuch ist auch die&nbsp;<a href=\"https:\/\/www.notariat-schoeffmann.at\/unternehmen\/kapitalgesellschaften\/gmbh\/bankbestaetigung\/\">Bankbest\u00e4tigung&nbsp;<\/a>anzuschlie\u00dfen. Mit Eintragung im Firmenbuch entsteht die GmbH.<\/p>\n\n\n\n<p>Unter bestimmten Voraussetzungen ist es auch m\u00f6glich, Ein-Mann-GmbHs elektronisch \u00fcber das\u00a0<a href=\"https:\/\/www.usp.gv.at\" target=\"_blank\" rel=\"noreferrer noopener nofollow\">Unternehmensserviceportal (USP)<\/a>\u00a0zu gr\u00fcnden.<\/p>\n\n\n\n<p>Da die Eintragung im Firmenbuch etwas Zeit in Anspruch nimmt, die Gesellschafter aber oft schon in dieser Phase mit ihrer Unternehmung loslegen m\u00f6chten, kann auch die&nbsp;<strong>\u201eGesellschaft in Gr\u00fcndung\u201c&nbsp;<\/strong>Rechtshandlungen vornehmen und Rechtsgesch\u00e4fte abschlie\u00dfen. Mit der Eintragung im Firmenbuch gehen diese Rechtsverh\u00e4ltnisse auf die GmbH \u00fcber, ohne dass es einer Handlung der Gesellschafter bedarf.<\/p>\n\n\n\n<p>Die Firma muss den Rechtsformzusatz&nbsp; \u201eGmbH\u201c, \u201eGes.m.b.H.\u201c oder \u201eGesellschaft m.b.H.\u201c enthalten.<\/p>\n\n\n\n<h2 class=\"wp-block-heading\" id=\"h-haftung\">Haftung<\/h2>\n\n\n\n<p>Ein gro\u00dfer Vorteil der GmbH ist die beschr\u00e4nkte Haftung. Die Gesellschafter einer GmbH haften n\u00e4mlich&nbsp;<b>nicht<\/b>&nbsp;<b>pers\u00f6nlich<\/b>&nbsp;mit ihrem privaten Verm\u00f6gen f\u00fcr die Verbindlichkeiten der GmbH. Im Haftungsfall ist das Gesellschaftsverm\u00f6gen der GmbH f\u00fcr die Erf\u00fcllung der Verbindlichkeit heranzuziehen.<\/p>\n\n\n\n<h2 class=\"wp-block-heading\" id=\"h-stammkapital\">Stammkapital<\/h2>\n\n\n\n<p>Als Ausgleich f\u00fcr die Haftungsbeschr\u00e4nkung der Gesellschafter sieht das Gesetz vor, dass zum Schutz der Gl\u00e4ubiger der GmbH das Stammkapital (= Eigenkapital bei Gr\u00fcndung) mindestens \u20ac 35.000,- betragen muss, welches zumindest zur H\u00e4lfte in bar aufzubringen ist.<\/p>\n\n\n\n<p>Das Stammkapital bildet sich aus der Summe der einzelnen&nbsp; Stammeinlagen der Gesellschafter. Wie hoch die einzelnen Stammeinlagen der Gesellschafter sind, ist im Gesellschaftsvertrag festzulegen. Jeder Gesellschafter hat zumindest ein Viertel seiner Stammeinlage in bar einzuzahlen. Die Stammeinlagen k\u00f6nnen auf insgesamt \u20ac 10.000,- herabgesetzt werden, wenn die Gesellschafter die&nbsp;<a href=\"https:\/\/www.notariat-schoeffmann.at\/unternehmen\/kapitalgesellschaften\/gmbh\/gruendungsprivilegierte-gmbh\/\">Gr\u00fcndungsprivilegierung&nbsp;<\/a>in Anspruch nehmen.<\/p>\n\n\n\n<p><i>Beispiel: Das Stammkapital soll \u20ac 40.000,-betragen. Die GmbH wird von 4 Gesellschaftern gegr\u00fcndet, die jeweils eine Stammeinlage von \u20ac10.000,- \u00fcbernehmen. Mindestens die H\u00e4lfte des Stammkapitals (\u20ac 20.000,-) ist in bar einzubringen. Jeder Gesellschafter muss zumindest ein Viertel seiner Stammeinlage, also \u20ac2.500 ,- einzahlen. Bringt jeder Gesellschafter sein Viertel ein, sind bereits \u20ac 10.000,- bezahlt. Wie der restliche Betrag von \u20ac 10.000,- auf \u20ac 20.000,- &nbsp;Mindestkapital einzubringen ist, kann von den Gesellschaftern festgelegt werden. Dies kann zum Beispiel folgenderma\u00dfen aussehen: Gesellschafter A \u20ac2.500 ,-,&nbsp; B \u20ac2.500 ,-,&nbsp; C \u20ac5.000 ,-; D \u20ac10.000,-.<\/i><\/p>\n\n\n\n<h2 class=\"wp-block-heading\" id=\"h-wer-darf-die-gesellschaft-vertreten-und-interne-entscheidungen-treffen\">Wer darf die Gesellschaft vertreten und interne Entscheidungen treffen?<\/h2>\n\n\n\n<p>Die GmbH wird von einem oder mehreren Gesch\u00e4ftsf\u00fchrern vertreten. Sie werden von den Gesellschaftern mittels Gesellschafterbeschluss oder im Gesellschaftsvertrag bestellt. Sowohl Gesellschafter als auch gesellschaftsfremde Personen k\u00f6nnen Gesch\u00e4ftsf\u00fchrer sein.<\/p>\n\n\n\n<p>Die Aufgabe der Gesch\u00e4ftsf\u00fchrer ist es, die Gesch\u00e4fte im Innenverh\u00e4ltnis zu f\u00fchren und die Gesellschaft nach au\u00dfen hin zu vertreten.<\/p>\n\n\n\n<p>N\u00e4here Informationen zum Gesch\u00e4ftsf\u00fchrer finden Sie&nbsp;<a href=\"https:\/\/www.notariat-schoeffmann.at\/unternehmen\/kapitalgesellschaften\/gmbh\/geschaeftsfuehrer\/pflichten-des-geschaeftsfuehrers\/\">hier<\/a>.<\/p>\n\n\n\n<p>Unter gewissen Voraussetzungen (zB Gesellschafteranzahl \u00fcber 50, Stammkapital \u00fcber \u20ac 70.000,-, Anzahl der Arbeitnehmer \u00fcber 300) ist ein Aufsichtsrat zu bestellen, dem die \u00dcberwachung der Gesch\u00e4ftsf\u00fchrung obliegt. Dieser besteht aus mindestens drei Mitgliedern, welche mittels Gesellschafterbeschluss bestellt werden.<\/p>\n\n\n\n<p><b>Steuerliche Aspekte<\/b><\/p>\n\n\n\n<p>Bei der GmbH kommt es zu einer doppelten Besteuerung:<\/p>\n\n\n\n<p>Die GmbH ist im Gegensatz zu OG und KG ein eigenes Steuersubjekt. Das bedeutet, dass zun\u00e4chst die Gewinne der Gesellschaft mit einem Steuersatz von 25% besteuert werden (K\u00f6rperschaftsteuer).<\/p>\n\n\n\n<p>Werden die Gewinne an die einzelnen Gesellschafter ausgesch\u00fcttet, so fallen hierf\u00fcr 27,5% an Kapitalertragsteuer an. Die Steuer ist von der GmbH einzubehalten und an das Finanzamt abzuf\u00fchren.<\/p>\n\n\n\n<p>Zu beachten ist au\u00dferdem, dass die GmbH unabh\u00e4ngig von ihrer Gr\u00f6\u00dfe zur doppelten Buchf\u00fchrung verpflichtet ist. Es muss also sowohl eine Bilanz als auch eine Gewinn- und Verlustrechnung erstellt werden.<\/p>\n\n\n\n<h2 class=\"wp-block-heading\" id=\"h-vorteile-dieser-rechtsform\">Vorteile dieser Rechtsform<\/h2>\n\n\n\n<p>Die GmbH ist aufgrund der&nbsp;<b>Haftungsbeschr\u00e4nkung&nbsp;<\/b>eine besonders beliebte Rechtsform. Im Haftungsfall ist f\u00fcr die Erf\u00fcllung der Verbindlichkeit das Gesellschaftsverm\u00f6gen der GmbH heranzuziehen. Auf das Privatverm\u00f6gen der Gesellschafter kann grunds\u00e4tzlich nicht zugegriffen werden. Au\u00dferdem sind der Wechsel von Gesellschaftern und der Verkauf des Unternehmens leicht m\u00f6glich, da hierf\u00fcr nur die Gesch\u00e4ftsanteile \u00fcbertragen bzw ver\u00e4u\u00dfert werden m\u00fcssen. F\u00fcr die \u00dcbertragung braucht es allerdings einen Notariatsakt. Des Weiteren ist f\u00fcr Gesellschafter von Vorteil, dass sie die Gesch\u00e4ftsf\u00fchrer selbst w\u00e4hlen und abberufen und somit direkt in die Gesch\u00e4ftsf\u00fchrung eingreifen k\u00f6nnen.<\/p>\n\n\n\n<p>Wer sich f\u00fcr diese Rechtsform entscheidet, muss jedoch bedenken, &nbsp;dass ein relativ hohes Stammkapital von \u20ac 35.000,- erforderlich und die doppelte Buchf\u00fchrung verpflichtend ist. Au\u00dferdem ist die GmbH infolge der Haftungsbeschr\u00e4nkung nicht mehr f\u00fcr sich allein genommen kreditw\u00fcrdig, weshalb die Banken idR bei Finanzierungen auch pers\u00f6nliche Haftungen der Gesellschafter verlangen.<\/p>\n\n\n\n<h2 class=\"wp-block-heading\" id=\"h-rechtsformwechsel-in-die-gmbh\">Rechtsformwechsel in die GmbH<\/h2>\n\n\n\n<p>Steuerlich wird der Rechtsformwechsel insbesondere durch das Umgr\u00fcndungssteuerrecht erleichtert, das die \u00dcberf\u00fchrung des Betriebsverm\u00f6gens zu Buchwerten erm\u00f6glicht. So kann das &#8222;rechtliche Kleid&#8220; mit einem minimalen Aufwand an Steuern ma\u00dfgeschneidert werden.<\/p>\n\n\n\n<p>Die Frage, ob eine Umgr\u00fcndung des Betriebes zweckm\u00e4\u00dfig ist, sollte mit dem Rechts- und Steuerberater ausdr\u00fccklich abgekl\u00e4rt werden.<\/p>\n","protected":false},"excerpt":{"rendered":"<p>Die GmbH ist die beliebteste Gesellschaftsform, wenn eine Haftungsbeschr\u00e4nkung erreicht werden soll. Sie kann von einer Person (Ein-Mann-GmbH) oder mehreren gegr\u00fcndet werden und besitzt eigene Rechtspers\u00f6nlichkeit. &nbsp;Rechte und Verbindlichkeiten erwirbt die Gesellschaft daher selbst. Gr\u00fcndung Zu Gr\u00fcndung der GmbH ist ein&nbsp;notarieller Gesellschaftsvertrag&nbsp;erforderlich. Bei der Ein-Mann-GmbH spricht man von der Erkl\u00e4rung der Errichtung der Gesellschaft. Au\u00dferdem&hellip;<\/p>\n","protected":false},"author":3,"featured_media":0,"parent":188,"menu_order":0,"comment_status":"closed","ping_status":"closed","template":"","meta":{"inline_featured_image":false,"footnotes":""},"categories":[],"class_list":["post-191","page","type-page","status-publish","hentry","description-off"],"yoast_head":"<!-- This site is optimized with the Yoast SEO Premium plugin v26.7 (Yoast SEO v27.4) - https:\/\/yoast.com\/product\/yoast-seo-premium-wordpress\/ -->\n<title>Gesellschaft mit beschr\u00e4nkter Haftung (GmbH) &#8211; Notariat Sch\u00f6ffmann<\/title>\n<meta name=\"description\" content=\"Die GmbH ist die beliebteste Gesellschaftsform, wenn eine Haftungsbeschr\u00e4nkung erreicht werden soll. Mehr Informationen zur Gr\u00fcndung, Haftung und Stammkapital\u2026\" \/>\n<meta name=\"robots\" content=\"index, follow, max-snippet:-1, max-image-preview:large, max-video-preview:-1\" \/>\n<link rel=\"canonical\" href=\"https:\/\/www.notariat-schoeffmann.at\/de\/unternehmen\/kapitalgesellschaften\/gmbh\/\" \/>\n<meta property=\"og:locale\" content=\"de_DE\" \/>\n<meta property=\"og:type\" content=\"article\" \/>\n<meta property=\"og:title\" content=\"Gesellschaft mit beschr\u00e4nkter Haftung (GmbH) - Notariat Sch\u00f6ffmann\" \/>\n<meta property=\"og:description\" content=\"Die GmbH ist die beliebteste Gesellschaftsform, wenn eine Haftungsbeschr\u00e4nkung erreicht werden soll. Mehr Informationen zur Gr\u00fcndung, Haftung und Stammkapital\u2026\" \/>\n<meta property=\"og:url\" content=\"https:\/\/www.notariat-schoeffmann.at\/de\/unternehmen\/kapitalgesellschaften\/gmbh\/\" \/>\n<meta property=\"og:site_name\" content=\"Notariat Sch\u00f6ffmann\" \/>\n<meta property=\"article:publisher\" content=\"https:\/\/www.facebook.com\/NotarKlagenfurt\" \/>\n<meta property=\"article:modified_time\" content=\"2022-03-24T15:35:46+00:00\" \/>\n<meta property=\"og:image\" content=\"https:\/\/www.notariat-schoeffmann.at\/wp-content\/uploads\/2021\/11\/Juristen-1.jpg\" \/>\n\t<meta property=\"og:image:width\" content=\"1600\" \/>\n\t<meta property=\"og:image:height\" content=\"1067\" \/>\n\t<meta property=\"og:image:type\" content=\"image\/jpeg\" \/>\n<meta name=\"twitter:card\" content=\"summary_large_image\" \/>\n<script type=\"application\/ld+json\" class=\"yoast-schema-graph\">{\"@context\":\"https:\\\/\\\/schema.org\",\"@graph\":[{\"@type\":\"WebPage\",\"@id\":\"https:\\\/\\\/www.notariat-schoeffmann.at\\\/de\\\/unternehmen\\\/kapitalgesellschaften\\\/gmbh\\\/\",\"url\":\"https:\\\/\\\/www.notariat-schoeffmann.at\\\/de\\\/unternehmen\\\/kapitalgesellschaften\\\/gmbh\\\/\",\"name\":\"Gesellschaft mit beschr\u00e4nkter Haftung (GmbH) &#8211; Notariat Sch\u00f6ffmann\",\"isPartOf\":{\"@id\":\"https:\\\/\\\/www.notariat-schoeffmann.at\\\/de\\\/#website\"},\"datePublished\":\"2021-08-09T08:02:25+00:00\",\"dateModified\":\"2022-03-24T15:35:46+00:00\",\"description\":\"Die GmbH ist die beliebteste Gesellschaftsform, wenn eine Haftungsbeschr\u00e4nkung erreicht werden soll. Mehr Informationen zur Gr\u00fcndung, Haftung und Stammkapital\u2026\",\"breadcrumb\":{\"@id\":\"https:\\\/\\\/www.notariat-schoeffmann.at\\\/de\\\/unternehmen\\\/kapitalgesellschaften\\\/gmbh\\\/#breadcrumb\"},\"inLanguage\":\"de\",\"potentialAction\":[{\"@type\":\"ReadAction\",\"target\":[\"https:\\\/\\\/www.notariat-schoeffmann.at\\\/de\\\/unternehmen\\\/kapitalgesellschaften\\\/gmbh\\\/\"]}]},{\"@type\":\"BreadcrumbList\",\"@id\":\"https:\\\/\\\/www.notariat-schoeffmann.at\\\/de\\\/unternehmen\\\/kapitalgesellschaften\\\/gmbh\\\/#breadcrumb\",\"itemListElement\":[{\"@type\":\"ListItem\",\"position\":1,\"name\":\"Startseite\",\"item\":\"https:\\\/\\\/www.notariat-schoeffmann.at\\\/de\\\/\"},{\"@type\":\"ListItem\",\"position\":2,\"name\":\"Unternehmen\",\"item\":\"https:\\\/\\\/www.notariat-schoeffmann.at\\\/de\\\/unternehmen\\\/\"},{\"@type\":\"ListItem\",\"position\":3,\"name\":\"Kapitalgesellschaften\",\"item\":\"https:\\\/\\\/www.notariat-schoeffmann.at\\\/de\\\/unternehmen\\\/kapitalgesellschaften\\\/\"},{\"@type\":\"ListItem\",\"position\":4,\"name\":\"Gesellschaft mit beschr\u00e4nkter Haftung (GmbH)\"}]},{\"@type\":\"WebSite\",\"@id\":\"https:\\\/\\\/www.notariat-schoeffmann.at\\\/de\\\/#website\",\"url\":\"https:\\\/\\\/www.notariat-schoeffmann.at\\\/de\\\/\",\"name\":\"Notariat Sch\u00f6ffmann\",\"description\":\"Mag. Klaus Sch\u00f6ffmann - Ihr Notar in Klagenfurt\",\"publisher\":{\"@id\":\"https:\\\/\\\/www.notariat-schoeffmann.at\\\/de\\\/#organization\"},\"potentialAction\":[{\"@type\":\"SearchAction\",\"target\":{\"@type\":\"EntryPoint\",\"urlTemplate\":\"https:\\\/\\\/www.notariat-schoeffmann.at\\\/de\\\/?s={search_term_string}\"},\"query-input\":{\"@type\":\"PropertyValueSpecification\",\"valueRequired\":true,\"valueName\":\"search_term_string\"}}],\"inLanguage\":\"de\"},{\"@type\":\"Organization\",\"@id\":\"https:\\\/\\\/www.notariat-schoeffmann.at\\\/de\\\/#organization\",\"name\":\"Notariat Mag. Klaus Sch\u00f6ffmann Klagenfurt\",\"url\":\"https:\\\/\\\/www.notariat-schoeffmann.at\\\/de\\\/\",\"logo\":{\"@type\":\"ImageObject\",\"inLanguage\":\"de\",\"@id\":\"https:\\\/\\\/www.notariat-schoeffmann.at\\\/de\\\/#\\\/schema\\\/logo\\\/image\\\/\",\"url\":\"https:\\\/\\\/www.notariat-schoeffmann.at\\\/wp-content\\\/uploads\\\/2022\\\/02\\\/logo-notariat-schoeffmann.jpg\",\"contentUrl\":\"https:\\\/\\\/www.notariat-schoeffmann.at\\\/wp-content\\\/uploads\\\/2022\\\/02\\\/logo-notariat-schoeffmann.jpg\",\"width\":600,\"height\":600,\"caption\":\"Notariat Mag. Klaus Sch\u00f6ffmann Klagenfurt\"},\"image\":{\"@id\":\"https:\\\/\\\/www.notariat-schoeffmann.at\\\/de\\\/#\\\/schema\\\/logo\\\/image\\\/\"},\"sameAs\":[\"https:\\\/\\\/www.facebook.com\\\/NotarKlagenfurt\",\"https:\\\/\\\/www.youtube.com\\\/channel\\\/UCaITfbIQh6VIpzEonUsIhcg\"]}]}<\/script>\n<!-- \/ Yoast SEO Premium plugin. -->","yoast_head_json":{"title":"Gesellschaft mit beschr\u00e4nkter Haftung (GmbH) &#8211; Notariat Sch\u00f6ffmann","description":"Die GmbH ist die beliebteste Gesellschaftsform, wenn eine Haftungsbeschr\u00e4nkung erreicht werden soll. Mehr Informationen zur Gr\u00fcndung, Haftung und Stammkapital\u2026","robots":{"index":"index","follow":"follow","max-snippet":"max-snippet:-1","max-image-preview":"max-image-preview:large","max-video-preview":"max-video-preview:-1"},"canonical":"https:\/\/www.notariat-schoeffmann.at\/de\/unternehmen\/kapitalgesellschaften\/gmbh\/","og_locale":"de_DE","og_type":"article","og_title":"Gesellschaft mit beschr\u00e4nkter Haftung (GmbH) - Notariat Sch\u00f6ffmann","og_description":"Die GmbH ist die beliebteste Gesellschaftsform, wenn eine Haftungsbeschr\u00e4nkung erreicht werden soll. Mehr Informationen zur Gr\u00fcndung, Haftung und Stammkapital\u2026","og_url":"https:\/\/www.notariat-schoeffmann.at\/de\/unternehmen\/kapitalgesellschaften\/gmbh\/","og_site_name":"Notariat Sch\u00f6ffmann","article_publisher":"https:\/\/www.facebook.com\/NotarKlagenfurt","article_modified_time":"2022-03-24T15:35:46+00:00","og_image":[{"width":1600,"height":1067,"url":"https:\/\/www.notariat-schoeffmann.at\/wp-content\/uploads\/2021\/11\/Juristen-1.jpg","type":"image\/jpeg"}],"twitter_card":"summary_large_image","schema":{"@context":"https:\/\/schema.org","@graph":[{"@type":"WebPage","@id":"https:\/\/www.notariat-schoeffmann.at\/de\/unternehmen\/kapitalgesellschaften\/gmbh\/","url":"https:\/\/www.notariat-schoeffmann.at\/de\/unternehmen\/kapitalgesellschaften\/gmbh\/","name":"Gesellschaft mit beschr\u00e4nkter Haftung (GmbH) &#8211; Notariat Sch\u00f6ffmann","isPartOf":{"@id":"https:\/\/www.notariat-schoeffmann.at\/de\/#website"},"datePublished":"2021-08-09T08:02:25+00:00","dateModified":"2022-03-24T15:35:46+00:00","description":"Die GmbH ist die beliebteste Gesellschaftsform, wenn eine Haftungsbeschr\u00e4nkung erreicht werden soll. Mehr Informationen zur Gr\u00fcndung, Haftung und Stammkapital\u2026","breadcrumb":{"@id":"https:\/\/www.notariat-schoeffmann.at\/de\/unternehmen\/kapitalgesellschaften\/gmbh\/#breadcrumb"},"inLanguage":"de","potentialAction":[{"@type":"ReadAction","target":["https:\/\/www.notariat-schoeffmann.at\/de\/unternehmen\/kapitalgesellschaften\/gmbh\/"]}]},{"@type":"BreadcrumbList","@id":"https:\/\/www.notariat-schoeffmann.at\/de\/unternehmen\/kapitalgesellschaften\/gmbh\/#breadcrumb","itemListElement":[{"@type":"ListItem","position":1,"name":"Startseite","item":"https:\/\/www.notariat-schoeffmann.at\/de\/"},{"@type":"ListItem","position":2,"name":"Unternehmen","item":"https:\/\/www.notariat-schoeffmann.at\/de\/unternehmen\/"},{"@type":"ListItem","position":3,"name":"Kapitalgesellschaften","item":"https:\/\/www.notariat-schoeffmann.at\/de\/unternehmen\/kapitalgesellschaften\/"},{"@type":"ListItem","position":4,"name":"Gesellschaft mit beschr\u00e4nkter Haftung (GmbH)"}]},{"@type":"WebSite","@id":"https:\/\/www.notariat-schoeffmann.at\/de\/#website","url":"https:\/\/www.notariat-schoeffmann.at\/de\/","name":"Notariat Sch\u00f6ffmann","description":"Mag. Klaus Sch\u00f6ffmann - Ihr Notar in Klagenfurt","publisher":{"@id":"https:\/\/www.notariat-schoeffmann.at\/de\/#organization"},"potentialAction":[{"@type":"SearchAction","target":{"@type":"EntryPoint","urlTemplate":"https:\/\/www.notariat-schoeffmann.at\/de\/?s={search_term_string}"},"query-input":{"@type":"PropertyValueSpecification","valueRequired":true,"valueName":"search_term_string"}}],"inLanguage":"de"},{"@type":"Organization","@id":"https:\/\/www.notariat-schoeffmann.at\/de\/#organization","name":"Notariat Mag. Klaus Sch\u00f6ffmann Klagenfurt","url":"https:\/\/www.notariat-schoeffmann.at\/de\/","logo":{"@type":"ImageObject","inLanguage":"de","@id":"https:\/\/www.notariat-schoeffmann.at\/de\/#\/schema\/logo\/image\/","url":"https:\/\/www.notariat-schoeffmann.at\/wp-content\/uploads\/2022\/02\/logo-notariat-schoeffmann.jpg","contentUrl":"https:\/\/www.notariat-schoeffmann.at\/wp-content\/uploads\/2022\/02\/logo-notariat-schoeffmann.jpg","width":600,"height":600,"caption":"Notariat Mag. Klaus Sch\u00f6ffmann Klagenfurt"},"image":{"@id":"https:\/\/www.notariat-schoeffmann.at\/de\/#\/schema\/logo\/image\/"},"sameAs":["https:\/\/www.facebook.com\/NotarKlagenfurt","https:\/\/www.youtube.com\/channel\/UCaITfbIQh6VIpzEonUsIhcg"]}]}},"_links":{"self":[{"href":"https:\/\/www.notariat-schoeffmann.at\/de\/wp-json\/wp\/v2\/pages\/191","targetHints":{"allow":["GET"]}}],"collection":[{"href":"https:\/\/www.notariat-schoeffmann.at\/de\/wp-json\/wp\/v2\/pages"}],"about":[{"href":"https:\/\/www.notariat-schoeffmann.at\/de\/wp-json\/wp\/v2\/types\/page"}],"author":[{"embeddable":true,"href":"https:\/\/www.notariat-schoeffmann.at\/de\/wp-json\/wp\/v2\/users\/3"}],"replies":[{"embeddable":true,"href":"https:\/\/www.notariat-schoeffmann.at\/de\/wp-json\/wp\/v2\/comments?post=191"}],"version-history":[{"count":6,"href":"https:\/\/www.notariat-schoeffmann.at\/de\/wp-json\/wp\/v2\/pages\/191\/revisions"}],"predecessor-version":[{"id":2731,"href":"https:\/\/www.notariat-schoeffmann.at\/de\/wp-json\/wp\/v2\/pages\/191\/revisions\/2731"}],"up":[{"embeddable":true,"href":"https:\/\/www.notariat-schoeffmann.at\/de\/wp-json\/wp\/v2\/pages\/188"}],"wp:attachment":[{"href":"https:\/\/www.notariat-schoeffmann.at\/de\/wp-json\/wp\/v2\/media?parent=191"}],"wp:term":[{"taxonomy":"category","embeddable":true,"href":"https:\/\/www.notariat-schoeffmann.at\/de\/wp-json\/wp\/v2\/categories?post=191"}],"curies":[{"name":"wp","href":"https:\/\/api.w.org\/{rel}","templated":true}]}}