{"id":185,"date":"2021-08-09T10:00:47","date_gmt":"2021-08-09T08:00:47","guid":{"rendered":"https:\/\/www.notariat-schoeffmann.at\/?page_id=185"},"modified":"2022-03-19T10:14:35","modified_gmt":"2022-03-19T09:14:35","slug":"kommanditgesellschaft","status":"publish","type":"page","link":"https:\/\/www.notariat-schoeffmann.at\/de\/unternehmen\/personengesellschaften\/kommanditgesellschaft\/","title":{"rendered":"Kommanditgesellschaft (KG)"},"content":{"rendered":"<div class=\"lazyblock-infobox-TdHy wp-block-lazyblock-infobox\"><div class=\"notar_beispielbox\">\n  <h2>Beispiel<\/h2>\n  <div class=\"notar_infobox_content\"><p><em>Caroline hat eine Gesch\u00e4ftsidee, f\u00fcr deren Umsetzung sie ein Kapital von \u20ac9.000,- braucht. Sie selbst verf\u00fcgt nur \u00fcber \u20ac6.000,-. Ihre Freundin Elisabeth ist begeistert von Carolines Idee. Sie will sich mit \u20ac3.000,- beteiligen, m\u00f6chte aber kein \u00fcber diesen Betrag hinausgehendes Haftungsrisiko \u00fcbernehmen. Die Gr\u00fcndung einer GmbH kommt nicht in Frage, da hierf\u00fcr mindestens \u20ac17.500,- bar einzubringen sind. Die KG ist in diesem Fall die ideale Rechtsform!<\/em><\/p><\/div>\n<\/div>\n\n<\/div>\n\n\n<p>Die<strong>&nbsp;Kommanditgesellschaft (KG)<\/strong>&nbsp;ist eine Sonderform der Offenen Gesellschaft (OG). Sie besteht aus zumindest zwei Gesellschaftern (nat\u00fcrliche oder juristische Person), von denen mindestens einer unbeschr\u00e4nkt (Komplement\u00e4r) und mindestens ein anderer beschr\u00e4nkt (Kommanditist) haftet. Da die KG eigene Rechtspers\u00f6nlichkeit besitzt, kann die KG Rechte erwerben, Verbindlichkeiten eingehen, klagen und geklagt werden.<\/p>\n\n\n\n<h2 class=\"wp-block-heading\">Gr\u00fcndung<\/h2>\n\n\n\n<p>Gegr\u00fcndet wird die Kommanditgesellschaft wie die Offene Gesellschaft durch Abschluss eines\u00a0<strong>Gesellschaftsvertrags\u00a0<\/strong>und\u00a0<strong>Eintragung im Firmenbuch<\/strong>.\u00a0 F\u00fcr den Vertrag bestehen keine gesetzlichen Formvorschriften, die Schriftform ist jedoch empfehlenswert. Danach haben die Gesellschafter die KG zur Eintragung ins Firmenbuch anzumelden. Die Unterschriften der Gesellschafter im Antrag m\u00fcssen notariell oder gerichtlich beglaubigt sein.\u00a0 Bei der Eintragung fallen Eingabe- und Eintragungsgeb\u00fchren an. Ist das\u00a0<a href=\"https:\/\/www.notariat-schoeffmann.at\/unternehmen\/neufoeg-steuerbeguenstigt-gruenden\/\">Neugr\u00fcndungsf\u00f6rderungsgesetz\u00a0<\/a>anwendbar, entf\u00e4llt die Eintragungsgeb\u00fchr.<\/p>\n\n\n\n<p>Die Firma muss den Rechtsformzusatz \u201eKG\u201c oder \u201eKommanditgesellschaft\u201c enthalten. Wird eine Namensfirma gew\u00e4hlt, kann nur der Name eines unbeschr\u00e4nkt haftenden Gesellschafters (Komplement\u00e4r) in den Firmenwortlaut aufgenommen werden.<\/p>\n\n\n\n<p>Bei der&nbsp;<b>Haftung<\/b>&nbsp;sind die zwei verschiedenen Gesellschaftertypen zu beachten:<\/p>\n\n\n\n<ul class=\"wp-block-list\"><li>Der&nbsp;<b>Komplement\u00e4r<\/b>&nbsp;haftet mit dem Betriebs- und seinem Privatverm\u00f6gen&nbsp;<b>unbeschr\u00e4nkt<\/b>&nbsp;f\u00fcr die ganze Schuld.<\/li><li>Der&nbsp;<strong>Kommanditist&nbsp;<\/strong>beteiligt sich an der KG durch die Leistung seiner Pflichteinlage, deren H\u00f6he im Gesellschaftsvertrag festgelegt wird. Die Pflichteinlage betrifft das Innenverh\u00e4ltnis zwischen dem Kommanditisten und der Gesellschaft. F\u00fcr die Au\u00dfenhaftung des Kommanditisten gegen\u00fcber den Gesellschaftsgl\u00e4ubigern ist die im Firmenbuch eingetragene Haftsumme ma\u00dfgeblich. Die Haftung des Kommanditisten ist mit dieser&nbsp;<strong>Haftsumme&nbsp;<\/strong><b>beschr\u00e4nkt<\/b>. Seine Haftung entf\u00e4llt, wenn die H\u00f6he der Haftsumme der H\u00f6he der Pflichteinlage entspricht und der Kommanditist die Einlage geleistet hat.<\/li><\/ul>\n\n\n\n<h2 class=\"wp-block-heading\">Wer darf die Gesellschaft vertreten und interne Entscheidungen treffen?<\/h2>\n\n\n\n<p>Gesch\u00e4ftsf\u00fchrungs- und vertretungsbefugt sind nur die Komplement\u00e4re, und zwar jeder f\u00fcr sich allein. Durch Vereinbarungen im Gesellschaftsvertrag kann davon abgewichen werden. Jede \u00c4nderung ist im Firmenbuch ersichtlich zu machen. Kommanditisten sind nicht vertretungsbefugt, ihnen kann aber eine Prokura oder Handlungsvollmacht einger\u00e4umt werden.<\/p>\n\n\n\n<p>Bei der Gesch\u00e4ftsf\u00fchrung im Innenverh\u00e4ltnis ist das Mitspracherecht der Kommanditisten zu beachten. Bei gew\u00f6hnlichen Gesch\u00e4ften haben sie kein Mitsprache- oder Widerspruchsrecht, ein solches kann aber gesellschaftsvertraglich einger\u00e4umt werden. Au\u00dfergew\u00f6hnliche Gesch\u00e4fte (zum Beispiel die Ver\u00e4u\u00dferung einer Betriebsliegenschaft) bed\u00fcrfen der Zustimmung s\u00e4mtlicher Gesellschafter. Allerdings ist ein au\u00dfergew\u00f6hnliches Gesch\u00e4ft nach au\u00dfen mit dem Dritten auch dann wirksam, wenn der Komplement\u00e4r es abschlie\u00dft, ohne die Zustimmung der \u00fcbrigen Gesellschafter einzuholen. Der Komplement\u00e4r wird dann der KG unter Umst\u00e4nden schadenersatzpflichtig.<\/p>\n\n\n\n<h2 class=\"wp-block-heading\">Steuerliche Aspekte<\/h2>\n\n\n\n<p>Wie die OG ist auch die KG kein Einkommenssteuersubjekt, aber jeder einzelne Gesellschafter ist mit seinem Gewinnanteil einkommensteuerpflichtig. Die Umsatzsteuer muss von der KG entrichtet werden.<\/p>\n\n\n\n<h2 class=\"wp-block-heading\">Vorteile dieser Rechtsform<\/h2>\n\n\n\n<p>Die Vorteile dieser Rechtsform liegen in der einfachen und g\u00fcnstigen Gr\u00fcndung einer KG und der M\u00f6glichkeit der Beteiligung von Gesellschaftern als \u201eblo\u00dfe\u201c Kapitalgeber. Vor allem dann, wenn die Gr\u00fcndung einer GmbH wegen des hohen Stammkapitals von mindestens \u20ac17.500,- nicht infrage kommt, kann mit einer KG eine \u00e4hnliche Beteiligungssituation wie bei der GmbH geschaffen werden. Aus steuerlicher Sicht ist vorteilhaft, dass eine KG erst rechnungspflichtig ist, wenn ihr Umsatz in zwei aufeinanderfolgenden Jahren jeweils \u20ac 700.000 oder in einem Jahr \u20ac 1.000.000 \u00fcbersteigt. Wird diese Grenze \u00fcberschritten, greift die Bilanzierungspflicht, darunter reicht die Erstellung einer Einnahmen-Ausgaben-Rechnung aus.<\/p>\n","protected":false},"excerpt":{"rendered":"<p>Die&nbsp;Kommanditgesellschaft (KG)&nbsp;ist eine Sonderform der Offenen Gesellschaft (OG). Sie besteht aus zumindest zwei Gesellschaftern (nat\u00fcrliche oder juristische Person), von denen mindestens einer unbeschr\u00e4nkt (Komplement\u00e4r) und mindestens ein anderer beschr\u00e4nkt (Kommanditist) haftet. Da die KG eigene Rechtspers\u00f6nlichkeit besitzt, kann die KG Rechte erwerben, Verbindlichkeiten eingehen, klagen und geklagt werden. Gr\u00fcndung Gegr\u00fcndet wird die Kommanditgesellschaft wie die&hellip;<\/p>\n","protected":false},"author":3,"featured_media":0,"parent":181,"menu_order":1,"comment_status":"closed","ping_status":"closed","template":"","meta":{"inline_featured_image":false,"footnotes":""},"categories":[],"class_list":["post-185","page","type-page","status-publish","hentry","description-off"],"yoast_head":"<!-- This site is optimized with the Yoast SEO Premium plugin v26.7 (Yoast SEO v27.3) - https:\/\/yoast.com\/product\/yoast-seo-premium-wordpress\/ -->\n<title>Kommanditgesellschaft (KG) &#8211; Notariat Sch\u00f6ffmann<\/title>\n<meta name=\"description\" content=\"Die KG ist einer Sonderform der OG, bei der zumindest ein Gesellschafter unbeschr\u00e4nkt und zumindest einer beschr\u00e4nkt haftet.\" \/>\n<meta name=\"robots\" content=\"index, follow, max-snippet:-1, max-image-preview:large, max-video-preview:-1\" \/>\n<link rel=\"canonical\" href=\"https:\/\/www.notariat-schoeffmann.at\/de\/unternehmen\/personengesellschaften\/kommanditgesellschaft\/\" \/>\n<meta property=\"og:locale\" content=\"de_DE\" \/>\n<meta property=\"og:type\" content=\"article\" \/>\n<meta property=\"og:title\" content=\"Kommanditgesellschaft (KG) - Notariat Sch\u00f6ffmann\" \/>\n<meta property=\"og:description\" content=\"Die KG ist einer Sonderform der OG, bei der zumindest ein Gesellschafter unbeschr\u00e4nkt und zumindest einer beschr\u00e4nkt haftet.\" \/>\n<meta property=\"og:url\" content=\"https:\/\/www.notariat-schoeffmann.at\/de\/unternehmen\/personengesellschaften\/kommanditgesellschaft\/\" \/>\n<meta property=\"og:site_name\" content=\"Notariat Sch\u00f6ffmann\" \/>\n<meta property=\"article:publisher\" content=\"https:\/\/www.facebook.com\/NotarKlagenfurt\" \/>\n<meta property=\"article:modified_time\" content=\"2022-03-19T09:14:35+00:00\" \/>\n<meta property=\"og:image\" content=\"https:\/\/www.notariat-schoeffmann.at\/wp-content\/uploads\/2021\/11\/Juristen-1.jpg\" \/>\n\t<meta property=\"og:image:width\" content=\"1600\" \/>\n\t<meta property=\"og:image:height\" content=\"1067\" \/>\n\t<meta property=\"og:image:type\" content=\"image\/jpeg\" \/>\n<meta name=\"twitter:card\" content=\"summary_large_image\" \/>\n<script type=\"application\/ld+json\" class=\"yoast-schema-graph\">{\"@context\":\"https:\\\/\\\/schema.org\",\"@graph\":[{\"@type\":\"WebPage\",\"@id\":\"https:\\\/\\\/www.notariat-schoeffmann.at\\\/de\\\/unternehmen\\\/personengesellschaften\\\/kommanditgesellschaft\\\/\",\"url\":\"https:\\\/\\\/www.notariat-schoeffmann.at\\\/de\\\/unternehmen\\\/personengesellschaften\\\/kommanditgesellschaft\\\/\",\"name\":\"Kommanditgesellschaft (KG) &#8211; Notariat Sch\u00f6ffmann\",\"isPartOf\":{\"@id\":\"https:\\\/\\\/www.notariat-schoeffmann.at\\\/de\\\/#website\"},\"datePublished\":\"2021-08-09T08:00:47+00:00\",\"dateModified\":\"2022-03-19T09:14:35+00:00\",\"description\":\"Die KG ist einer Sonderform der OG, bei der zumindest ein Gesellschafter unbeschr\u00e4nkt und zumindest einer beschr\u00e4nkt haftet.\",\"breadcrumb\":{\"@id\":\"https:\\\/\\\/www.notariat-schoeffmann.at\\\/de\\\/unternehmen\\\/personengesellschaften\\\/kommanditgesellschaft\\\/#breadcrumb\"},\"inLanguage\":\"de\",\"potentialAction\":[{\"@type\":\"ReadAction\",\"target\":[\"https:\\\/\\\/www.notariat-schoeffmann.at\\\/de\\\/unternehmen\\\/personengesellschaften\\\/kommanditgesellschaft\\\/\"]}]},{\"@type\":\"BreadcrumbList\",\"@id\":\"https:\\\/\\\/www.notariat-schoeffmann.at\\\/de\\\/unternehmen\\\/personengesellschaften\\\/kommanditgesellschaft\\\/#breadcrumb\",\"itemListElement\":[{\"@type\":\"ListItem\",\"position\":1,\"name\":\"Startseite\",\"item\":\"https:\\\/\\\/www.notariat-schoeffmann.at\\\/de\\\/\"},{\"@type\":\"ListItem\",\"position\":2,\"name\":\"Unternehmen\",\"item\":\"https:\\\/\\\/www.notariat-schoeffmann.at\\\/de\\\/unternehmen\\\/\"},{\"@type\":\"ListItem\",\"position\":3,\"name\":\"Personengesellschaften\",\"item\":\"https:\\\/\\\/www.notariat-schoeffmann.at\\\/de\\\/unternehmen\\\/personengesellschaften\\\/\"},{\"@type\":\"ListItem\",\"position\":4,\"name\":\"Kommanditgesellschaft (KG)\"}]},{\"@type\":\"WebSite\",\"@id\":\"https:\\\/\\\/www.notariat-schoeffmann.at\\\/de\\\/#website\",\"url\":\"https:\\\/\\\/www.notariat-schoeffmann.at\\\/de\\\/\",\"name\":\"Notariat Sch\u00f6ffmann\",\"description\":\"Mag. Klaus Sch\u00f6ffmann - Ihr Notar in Klagenfurt\",\"publisher\":{\"@id\":\"https:\\\/\\\/www.notariat-schoeffmann.at\\\/de\\\/#organization\"},\"potentialAction\":[{\"@type\":\"SearchAction\",\"target\":{\"@type\":\"EntryPoint\",\"urlTemplate\":\"https:\\\/\\\/www.notariat-schoeffmann.at\\\/de\\\/?s={search_term_string}\"},\"query-input\":{\"@type\":\"PropertyValueSpecification\",\"valueRequired\":true,\"valueName\":\"search_term_string\"}}],\"inLanguage\":\"de\"},{\"@type\":\"Organization\",\"@id\":\"https:\\\/\\\/www.notariat-schoeffmann.at\\\/de\\\/#organization\",\"name\":\"Notariat Mag. Klaus Sch\u00f6ffmann Klagenfurt\",\"url\":\"https:\\\/\\\/www.notariat-schoeffmann.at\\\/de\\\/\",\"logo\":{\"@type\":\"ImageObject\",\"inLanguage\":\"de\",\"@id\":\"https:\\\/\\\/www.notariat-schoeffmann.at\\\/de\\\/#\\\/schema\\\/logo\\\/image\\\/\",\"url\":\"https:\\\/\\\/www.notariat-schoeffmann.at\\\/wp-content\\\/uploads\\\/2022\\\/02\\\/logo-notariat-schoeffmann.jpg\",\"contentUrl\":\"https:\\\/\\\/www.notariat-schoeffmann.at\\\/wp-content\\\/uploads\\\/2022\\\/02\\\/logo-notariat-schoeffmann.jpg\",\"width\":600,\"height\":600,\"caption\":\"Notariat Mag. Klaus Sch\u00f6ffmann Klagenfurt\"},\"image\":{\"@id\":\"https:\\\/\\\/www.notariat-schoeffmann.at\\\/de\\\/#\\\/schema\\\/logo\\\/image\\\/\"},\"sameAs\":[\"https:\\\/\\\/www.facebook.com\\\/NotarKlagenfurt\",\"https:\\\/\\\/www.youtube.com\\\/channel\\\/UCaITfbIQh6VIpzEonUsIhcg\"]}]}<\/script>\n<!-- \/ Yoast SEO Premium plugin. -->","yoast_head_json":{"title":"Kommanditgesellschaft (KG) &#8211; Notariat Sch\u00f6ffmann","description":"Die KG ist einer Sonderform der OG, bei der zumindest ein Gesellschafter unbeschr\u00e4nkt und zumindest einer beschr\u00e4nkt haftet.","robots":{"index":"index","follow":"follow","max-snippet":"max-snippet:-1","max-image-preview":"max-image-preview:large","max-video-preview":"max-video-preview:-1"},"canonical":"https:\/\/www.notariat-schoeffmann.at\/de\/unternehmen\/personengesellschaften\/kommanditgesellschaft\/","og_locale":"de_DE","og_type":"article","og_title":"Kommanditgesellschaft (KG) - Notariat Sch\u00f6ffmann","og_description":"Die KG ist einer Sonderform der OG, bei der zumindest ein Gesellschafter unbeschr\u00e4nkt und zumindest einer beschr\u00e4nkt haftet.","og_url":"https:\/\/www.notariat-schoeffmann.at\/de\/unternehmen\/personengesellschaften\/kommanditgesellschaft\/","og_site_name":"Notariat Sch\u00f6ffmann","article_publisher":"https:\/\/www.facebook.com\/NotarKlagenfurt","article_modified_time":"2022-03-19T09:14:35+00:00","og_image":[{"width":1600,"height":1067,"url":"https:\/\/www.notariat-schoeffmann.at\/wp-content\/uploads\/2021\/11\/Juristen-1.jpg","type":"image\/jpeg"}],"twitter_card":"summary_large_image","schema":{"@context":"https:\/\/schema.org","@graph":[{"@type":"WebPage","@id":"https:\/\/www.notariat-schoeffmann.at\/de\/unternehmen\/personengesellschaften\/kommanditgesellschaft\/","url":"https:\/\/www.notariat-schoeffmann.at\/de\/unternehmen\/personengesellschaften\/kommanditgesellschaft\/","name":"Kommanditgesellschaft (KG) &#8211; Notariat Sch\u00f6ffmann","isPartOf":{"@id":"https:\/\/www.notariat-schoeffmann.at\/de\/#website"},"datePublished":"2021-08-09T08:00:47+00:00","dateModified":"2022-03-19T09:14:35+00:00","description":"Die KG ist einer Sonderform der OG, bei der zumindest ein Gesellschafter unbeschr\u00e4nkt und zumindest einer beschr\u00e4nkt haftet.","breadcrumb":{"@id":"https:\/\/www.notariat-schoeffmann.at\/de\/unternehmen\/personengesellschaften\/kommanditgesellschaft\/#breadcrumb"},"inLanguage":"de","potentialAction":[{"@type":"ReadAction","target":["https:\/\/www.notariat-schoeffmann.at\/de\/unternehmen\/personengesellschaften\/kommanditgesellschaft\/"]}]},{"@type":"BreadcrumbList","@id":"https:\/\/www.notariat-schoeffmann.at\/de\/unternehmen\/personengesellschaften\/kommanditgesellschaft\/#breadcrumb","itemListElement":[{"@type":"ListItem","position":1,"name":"Startseite","item":"https:\/\/www.notariat-schoeffmann.at\/de\/"},{"@type":"ListItem","position":2,"name":"Unternehmen","item":"https:\/\/www.notariat-schoeffmann.at\/de\/unternehmen\/"},{"@type":"ListItem","position":3,"name":"Personengesellschaften","item":"https:\/\/www.notariat-schoeffmann.at\/de\/unternehmen\/personengesellschaften\/"},{"@type":"ListItem","position":4,"name":"Kommanditgesellschaft (KG)"}]},{"@type":"WebSite","@id":"https:\/\/www.notariat-schoeffmann.at\/de\/#website","url":"https:\/\/www.notariat-schoeffmann.at\/de\/","name":"Notariat Sch\u00f6ffmann","description":"Mag. Klaus Sch\u00f6ffmann - Ihr Notar in Klagenfurt","publisher":{"@id":"https:\/\/www.notariat-schoeffmann.at\/de\/#organization"},"potentialAction":[{"@type":"SearchAction","target":{"@type":"EntryPoint","urlTemplate":"https:\/\/www.notariat-schoeffmann.at\/de\/?s={search_term_string}"},"query-input":{"@type":"PropertyValueSpecification","valueRequired":true,"valueName":"search_term_string"}}],"inLanguage":"de"},{"@type":"Organization","@id":"https:\/\/www.notariat-schoeffmann.at\/de\/#organization","name":"Notariat Mag. Klaus Sch\u00f6ffmann Klagenfurt","url":"https:\/\/www.notariat-schoeffmann.at\/de\/","logo":{"@type":"ImageObject","inLanguage":"de","@id":"https:\/\/www.notariat-schoeffmann.at\/de\/#\/schema\/logo\/image\/","url":"https:\/\/www.notariat-schoeffmann.at\/wp-content\/uploads\/2022\/02\/logo-notariat-schoeffmann.jpg","contentUrl":"https:\/\/www.notariat-schoeffmann.at\/wp-content\/uploads\/2022\/02\/logo-notariat-schoeffmann.jpg","width":600,"height":600,"caption":"Notariat Mag. Klaus Sch\u00f6ffmann Klagenfurt"},"image":{"@id":"https:\/\/www.notariat-schoeffmann.at\/de\/#\/schema\/logo\/image\/"},"sameAs":["https:\/\/www.facebook.com\/NotarKlagenfurt","https:\/\/www.youtube.com\/channel\/UCaITfbIQh6VIpzEonUsIhcg"]}]}},"_links":{"self":[{"href":"https:\/\/www.notariat-schoeffmann.at\/de\/wp-json\/wp\/v2\/pages\/185","targetHints":{"allow":["GET"]}}],"collection":[{"href":"https:\/\/www.notariat-schoeffmann.at\/de\/wp-json\/wp\/v2\/pages"}],"about":[{"href":"https:\/\/www.notariat-schoeffmann.at\/de\/wp-json\/wp\/v2\/types\/page"}],"author":[{"embeddable":true,"href":"https:\/\/www.notariat-schoeffmann.at\/de\/wp-json\/wp\/v2\/users\/3"}],"replies":[{"embeddable":true,"href":"https:\/\/www.notariat-schoeffmann.at\/de\/wp-json\/wp\/v2\/comments?post=185"}],"version-history":[{"count":10,"href":"https:\/\/www.notariat-schoeffmann.at\/de\/wp-json\/wp\/v2\/pages\/185\/revisions"}],"predecessor-version":[{"id":2634,"href":"https:\/\/www.notariat-schoeffmann.at\/de\/wp-json\/wp\/v2\/pages\/185\/revisions\/2634"}],"up":[{"embeddable":true,"href":"https:\/\/www.notariat-schoeffmann.at\/de\/wp-json\/wp\/v2\/pages\/181"}],"wp:attachment":[{"href":"https:\/\/www.notariat-schoeffmann.at\/de\/wp-json\/wp\/v2\/media?parent=185"}],"wp:term":[{"taxonomy":"category","embeddable":true,"href":"https:\/\/www.notariat-schoeffmann.at\/de\/wp-json\/wp\/v2\/categories?post=185"}],"curies":[{"name":"wp","href":"https:\/\/api.w.org\/{rel}","templated":true}]}}