{"id":183,"date":"2021-08-09T09:59:40","date_gmt":"2021-08-09T07:59:40","guid":{"rendered":"https:\/\/www.notariat-schoeffmann.at\/?page_id=183"},"modified":"2022-03-05T17:26:56","modified_gmt":"2022-03-05T16:26:56","slug":"offene-gesellschaft","status":"publish","type":"page","link":"https:\/\/www.notariat-schoeffmann.at\/de\/unternehmen\/personengesellschaften\/offene-gesellschaft\/","title":{"rendered":"Offene Gesellschaft (OG)"},"content":{"rendered":"\n<p>Die Offene Gesellschaft (OG) besteht aus mindestens zwei Gesellschaftern, die&nbsp;<strong>unbeschr\u00e4nkt&nbsp;<\/strong>haften. Gesellschafter der OG k\u00f6nnen nat\u00fcrliche oder juristische Personen (zB GmbH oder AG) sein. Die OG besitzt eigene Rechtspers\u00f6nlichkeit, hat daher unter ihrer Firma aufzutreten, kann Rechte erwerben, Verbindlichkeiten eingehen, klagen und geklagt werden.<\/p>\n\n\n\n<h2 class=\"wp-block-heading\"><b>Wie wird eine OG gegr\u00fcndet?<\/b><\/h2>\n\n\n\n<p>F\u00fcr die Gr\u00fcndung der OG sind zwei Schritte erforderlich: Zuerst muss ein\u00a0<strong>Gesellschaftsvertrag\u00a0<\/strong>zwischen den Gesellschaftern abgeschlossen werden. F\u00fcr den Vertrag bestehen keine gesetzlichen Formvorschriften, die Schriftform ist jedoch empfehlenswert. Danach haben die Gesellschafter die OG zur\u00a0<strong>Eintragung ins Firmenbuch<\/strong>\u00a0anzumelden. Die Unterschriften der Gesellschafter im Antrag m\u00fcssen notariell oder gerichtlich beglaubigt sein. Bei der Eintragung fallen Eingabe- und Eintragungsgeb\u00fchren an. Ist das\u00a0<a href=\"https:\/\/www.notariat-schoeffmann.at\/unternehmen\/neufoeg-steuerbeguenstigt-gruenden\/\">Neugr\u00fcndungsf\u00f6rderungsgesetz<\/a>\u00a0anwendbar, entf\u00e4llt die Eintragungsgeb\u00fchr.<\/p>\n\n\n\n<p>Die Firma muss den Rechtsformzusatz&nbsp; \u201eOG\u201c oder \u201eoffene Gesellschaft\u201c enthalten.<\/p>\n\n\n\n<h2 class=\"wp-block-heading\"><b>Haftung<\/b><\/h2>\n\n\n\n<p>Die Gesellschafter&nbsp;<b>haften unbeschr\u00e4nkt und pers\u00f6nlich<\/b>, das hei\u00dft nicht nur mit dem Betriebs- sondern auch mit ihrem gesamten Privatverm\u00f6gen.<\/p>\n\n\n\n<h2 class=\"wp-block-heading\"><b>Wer darf die Gesellschaft vertreten und interne Entscheidungen treffen?<\/b><\/h2>\n\n\n\n<p>Alle Gesellschafter sind&nbsp;<strong>allein&nbsp;<\/strong><b>vertretungs- und gesch\u00e4ftsf\u00fchrungsbefugt<\/b>. Abweichende Regelungen k\u00f6nnen im Gesellschaftsvertrag getroffen werden. Damit diese abweichende Regelung auch im Au\u00dfenverh\u00e4ltnis gegen\u00fcber Dritten wirksam ist, muss sie im Firmenbuch eingetragen sein.<\/p>\n\n\n\n<h2 class=\"wp-block-heading\"><b>Steuerliche Aspekte<\/b><\/h2>\n\n\n\n<p>Die OG selbst ist nicht einkommenssteuerpflichtig, da sie kein eigenes Steuersubjekt ist. Die Gewinnanteile der einzelnen Gesellschafter unterliegen aber der Einkommenssteuerpflicht. Die Umsatzsteuer ist von der OG zu entrichten.<\/p>\n\n\n\n<h2 class=\"wp-block-heading\"><b>Vorteile dieser Rechtsform<\/b><\/h2>\n\n\n\n<p>Die Vorteile dieser Rechtsform liegen in der einfachen und g\u00fcnstigen Gr\u00fcndung einer OG und der M\u00f6glichkeit, als gleichwertige Partner an einer Gesellschaft beteiligt zu sein, ohne ein Mindestkapital aufbringen zu m\u00fcssen. Aus steuerlicher Sicht ist vorteilhaft, dass eine OG erst rechnungspflichtig ist, wenn ihr Umsatz in zwei aufeinanderfolgenden Jahren jeweils \u20ac 700.000 oder in einem Jahr \u20ac 1.000.000 \u00fcbersteigt. Wird diese Grenze \u00fcberschritten, greift die Bilanzierungspflicht, darunter reicht die Erstellung einer Einnahmen-Ausgaben-Rechnung aus.<\/p>\n","protected":false},"excerpt":{"rendered":"<p>Die Offene Gesellschaft (OG) besteht aus mindestens zwei Gesellschaftern, die&nbsp;unbeschr\u00e4nkt&nbsp;haften. Gesellschafter der OG k\u00f6nnen nat\u00fcrliche oder juristische Personen (zB GmbH oder AG) sein. Die OG besitzt eigene Rechtspers\u00f6nlichkeit, hat daher unter ihrer Firma aufzutreten, kann Rechte erwerben, Verbindlichkeiten eingehen, klagen und geklagt werden. Wie wird eine OG gegr\u00fcndet? F\u00fcr die Gr\u00fcndung der OG sind zwei&hellip;<\/p>\n","protected":false},"author":3,"featured_media":0,"parent":181,"menu_order":0,"comment_status":"closed","ping_status":"closed","template":"","meta":{"inline_featured_image":false,"footnotes":""},"categories":[],"class_list":["post-183","page","type-page","status-publish","hentry","description-off"],"yoast_head":"<!-- This site is optimized with the Yoast SEO Premium plugin v26.7 (Yoast SEO v27.4) - https:\/\/yoast.com\/product\/yoast-seo-premium-wordpress\/ -->\n<title>Offene Gesellschaft (OG) &#8211; Notariat Sch\u00f6ffmann<\/title>\n<meta name=\"description\" content=\"Die OG bietet die M\u00f6glichkeit, als gleichwertige Partner an einer Gesellschaft beteiligt zu sein, ohne ein Mindestkapital aufbringen zu m\u00fcssen. Ein \u00dcberblick \u00fcber die Rechtsform.\" \/>\n<meta name=\"robots\" content=\"index, follow, max-snippet:-1, max-image-preview:large, max-video-preview:-1\" \/>\n<link rel=\"canonical\" href=\"https:\/\/www.notariat-schoeffmann.at\/de\/unternehmen\/personengesellschaften\/offene-gesellschaft\/\" \/>\n<meta property=\"og:locale\" content=\"de_DE\" \/>\n<meta property=\"og:type\" content=\"article\" \/>\n<meta property=\"og:title\" content=\"Offene Gesellschaft (OG) - Notariat Sch\u00f6ffmann\" \/>\n<meta property=\"og:description\" content=\"Die OG bietet die M\u00f6glichkeit, als gleichwertige Partner an einer Gesellschaft beteiligt zu sein, ohne ein Mindestkapital aufbringen zu m\u00fcssen. Ein \u00dcberblick \u00fcber die Rechtsform.\" \/>\n<meta property=\"og:url\" content=\"https:\/\/www.notariat-schoeffmann.at\/de\/unternehmen\/personengesellschaften\/offene-gesellschaft\/\" \/>\n<meta property=\"og:site_name\" content=\"Notariat Sch\u00f6ffmann\" \/>\n<meta property=\"article:publisher\" content=\"https:\/\/www.facebook.com\/NotarKlagenfurt\" \/>\n<meta property=\"article:modified_time\" content=\"2022-03-05T16:26:56+00:00\" \/>\n<meta property=\"og:image\" content=\"https:\/\/www.notariat-schoeffmann.at\/wp-content\/uploads\/2021\/11\/Juristen-1.jpg\" \/>\n\t<meta property=\"og:image:width\" content=\"1600\" \/>\n\t<meta property=\"og:image:height\" content=\"1067\" \/>\n\t<meta property=\"og:image:type\" content=\"image\/jpeg\" \/>\n<meta name=\"twitter:card\" content=\"summary_large_image\" \/>\n<script type=\"application\/ld+json\" class=\"yoast-schema-graph\">{\"@context\":\"https:\\\/\\\/schema.org\",\"@graph\":[{\"@type\":\"WebPage\",\"@id\":\"https:\\\/\\\/www.notariat-schoeffmann.at\\\/de\\\/unternehmen\\\/personengesellschaften\\\/offene-gesellschaft\\\/\",\"url\":\"https:\\\/\\\/www.notariat-schoeffmann.at\\\/de\\\/unternehmen\\\/personengesellschaften\\\/offene-gesellschaft\\\/\",\"name\":\"Offene Gesellschaft (OG) &#8211; Notariat Sch\u00f6ffmann\",\"isPartOf\":{\"@id\":\"https:\\\/\\\/www.notariat-schoeffmann.at\\\/de\\\/#website\"},\"datePublished\":\"2021-08-09T07:59:40+00:00\",\"dateModified\":\"2022-03-05T16:26:56+00:00\",\"description\":\"Die OG bietet die M\u00f6glichkeit, als gleichwertige Partner an einer Gesellschaft beteiligt zu sein, ohne ein Mindestkapital aufbringen zu m\u00fcssen. Ein \u00dcberblick \u00fcber die Rechtsform.\",\"breadcrumb\":{\"@id\":\"https:\\\/\\\/www.notariat-schoeffmann.at\\\/de\\\/unternehmen\\\/personengesellschaften\\\/offene-gesellschaft\\\/#breadcrumb\"},\"inLanguage\":\"de\",\"potentialAction\":[{\"@type\":\"ReadAction\",\"target\":[\"https:\\\/\\\/www.notariat-schoeffmann.at\\\/de\\\/unternehmen\\\/personengesellschaften\\\/offene-gesellschaft\\\/\"]}]},{\"@type\":\"BreadcrumbList\",\"@id\":\"https:\\\/\\\/www.notariat-schoeffmann.at\\\/de\\\/unternehmen\\\/personengesellschaften\\\/offene-gesellschaft\\\/#breadcrumb\",\"itemListElement\":[{\"@type\":\"ListItem\",\"position\":1,\"name\":\"Startseite\",\"item\":\"https:\\\/\\\/www.notariat-schoeffmann.at\\\/de\\\/\"},{\"@type\":\"ListItem\",\"position\":2,\"name\":\"Unternehmen\",\"item\":\"https:\\\/\\\/www.notariat-schoeffmann.at\\\/de\\\/unternehmen\\\/\"},{\"@type\":\"ListItem\",\"position\":3,\"name\":\"Personengesellschaften\",\"item\":\"https:\\\/\\\/www.notariat-schoeffmann.at\\\/de\\\/unternehmen\\\/personengesellschaften\\\/\"},{\"@type\":\"ListItem\",\"position\":4,\"name\":\"Offene Gesellschaft (OG)\"}]},{\"@type\":\"WebSite\",\"@id\":\"https:\\\/\\\/www.notariat-schoeffmann.at\\\/de\\\/#website\",\"url\":\"https:\\\/\\\/www.notariat-schoeffmann.at\\\/de\\\/\",\"name\":\"Notariat Sch\u00f6ffmann\",\"description\":\"Mag. Klaus Sch\u00f6ffmann - Ihr Notar in Klagenfurt\",\"publisher\":{\"@id\":\"https:\\\/\\\/www.notariat-schoeffmann.at\\\/de\\\/#organization\"},\"potentialAction\":[{\"@type\":\"SearchAction\",\"target\":{\"@type\":\"EntryPoint\",\"urlTemplate\":\"https:\\\/\\\/www.notariat-schoeffmann.at\\\/de\\\/?s={search_term_string}\"},\"query-input\":{\"@type\":\"PropertyValueSpecification\",\"valueRequired\":true,\"valueName\":\"search_term_string\"}}],\"inLanguage\":\"de\"},{\"@type\":\"Organization\",\"@id\":\"https:\\\/\\\/www.notariat-schoeffmann.at\\\/de\\\/#organization\",\"name\":\"Notariat Mag. Klaus Sch\u00f6ffmann Klagenfurt\",\"url\":\"https:\\\/\\\/www.notariat-schoeffmann.at\\\/de\\\/\",\"logo\":{\"@type\":\"ImageObject\",\"inLanguage\":\"de\",\"@id\":\"https:\\\/\\\/www.notariat-schoeffmann.at\\\/de\\\/#\\\/schema\\\/logo\\\/image\\\/\",\"url\":\"https:\\\/\\\/www.notariat-schoeffmann.at\\\/wp-content\\\/uploads\\\/2022\\\/02\\\/logo-notariat-schoeffmann.jpg\",\"contentUrl\":\"https:\\\/\\\/www.notariat-schoeffmann.at\\\/wp-content\\\/uploads\\\/2022\\\/02\\\/logo-notariat-schoeffmann.jpg\",\"width\":600,\"height\":600,\"caption\":\"Notariat Mag. Klaus Sch\u00f6ffmann Klagenfurt\"},\"image\":{\"@id\":\"https:\\\/\\\/www.notariat-schoeffmann.at\\\/de\\\/#\\\/schema\\\/logo\\\/image\\\/\"},\"sameAs\":[\"https:\\\/\\\/www.facebook.com\\\/NotarKlagenfurt\",\"https:\\\/\\\/www.youtube.com\\\/channel\\\/UCaITfbIQh6VIpzEonUsIhcg\"]}]}<\/script>\n<!-- \/ Yoast SEO Premium plugin. -->","yoast_head_json":{"title":"Offene Gesellschaft (OG) &#8211; Notariat Sch\u00f6ffmann","description":"Die OG bietet die M\u00f6glichkeit, als gleichwertige Partner an einer Gesellschaft beteiligt zu sein, ohne ein Mindestkapital aufbringen zu m\u00fcssen. Ein \u00dcberblick \u00fcber die Rechtsform.","robots":{"index":"index","follow":"follow","max-snippet":"max-snippet:-1","max-image-preview":"max-image-preview:large","max-video-preview":"max-video-preview:-1"},"canonical":"https:\/\/www.notariat-schoeffmann.at\/de\/unternehmen\/personengesellschaften\/offene-gesellschaft\/","og_locale":"de_DE","og_type":"article","og_title":"Offene Gesellschaft (OG) - Notariat Sch\u00f6ffmann","og_description":"Die OG bietet die M\u00f6glichkeit, als gleichwertige Partner an einer Gesellschaft beteiligt zu sein, ohne ein Mindestkapital aufbringen zu m\u00fcssen. Ein \u00dcberblick \u00fcber die Rechtsform.","og_url":"https:\/\/www.notariat-schoeffmann.at\/de\/unternehmen\/personengesellschaften\/offene-gesellschaft\/","og_site_name":"Notariat Sch\u00f6ffmann","article_publisher":"https:\/\/www.facebook.com\/NotarKlagenfurt","article_modified_time":"2022-03-05T16:26:56+00:00","og_image":[{"width":1600,"height":1067,"url":"https:\/\/www.notariat-schoeffmann.at\/wp-content\/uploads\/2021\/11\/Juristen-1.jpg","type":"image\/jpeg"}],"twitter_card":"summary_large_image","schema":{"@context":"https:\/\/schema.org","@graph":[{"@type":"WebPage","@id":"https:\/\/www.notariat-schoeffmann.at\/de\/unternehmen\/personengesellschaften\/offene-gesellschaft\/","url":"https:\/\/www.notariat-schoeffmann.at\/de\/unternehmen\/personengesellschaften\/offene-gesellschaft\/","name":"Offene Gesellschaft (OG) &#8211; Notariat Sch\u00f6ffmann","isPartOf":{"@id":"https:\/\/www.notariat-schoeffmann.at\/de\/#website"},"datePublished":"2021-08-09T07:59:40+00:00","dateModified":"2022-03-05T16:26:56+00:00","description":"Die OG bietet die M\u00f6glichkeit, als gleichwertige Partner an einer Gesellschaft beteiligt zu sein, ohne ein Mindestkapital aufbringen zu m\u00fcssen. Ein \u00dcberblick \u00fcber die Rechtsform.","breadcrumb":{"@id":"https:\/\/www.notariat-schoeffmann.at\/de\/unternehmen\/personengesellschaften\/offene-gesellschaft\/#breadcrumb"},"inLanguage":"de","potentialAction":[{"@type":"ReadAction","target":["https:\/\/www.notariat-schoeffmann.at\/de\/unternehmen\/personengesellschaften\/offene-gesellschaft\/"]}]},{"@type":"BreadcrumbList","@id":"https:\/\/www.notariat-schoeffmann.at\/de\/unternehmen\/personengesellschaften\/offene-gesellschaft\/#breadcrumb","itemListElement":[{"@type":"ListItem","position":1,"name":"Startseite","item":"https:\/\/www.notariat-schoeffmann.at\/de\/"},{"@type":"ListItem","position":2,"name":"Unternehmen","item":"https:\/\/www.notariat-schoeffmann.at\/de\/unternehmen\/"},{"@type":"ListItem","position":3,"name":"Personengesellschaften","item":"https:\/\/www.notariat-schoeffmann.at\/de\/unternehmen\/personengesellschaften\/"},{"@type":"ListItem","position":4,"name":"Offene Gesellschaft (OG)"}]},{"@type":"WebSite","@id":"https:\/\/www.notariat-schoeffmann.at\/de\/#website","url":"https:\/\/www.notariat-schoeffmann.at\/de\/","name":"Notariat Sch\u00f6ffmann","description":"Mag. Klaus Sch\u00f6ffmann - Ihr Notar in Klagenfurt","publisher":{"@id":"https:\/\/www.notariat-schoeffmann.at\/de\/#organization"},"potentialAction":[{"@type":"SearchAction","target":{"@type":"EntryPoint","urlTemplate":"https:\/\/www.notariat-schoeffmann.at\/de\/?s={search_term_string}"},"query-input":{"@type":"PropertyValueSpecification","valueRequired":true,"valueName":"search_term_string"}}],"inLanguage":"de"},{"@type":"Organization","@id":"https:\/\/www.notariat-schoeffmann.at\/de\/#organization","name":"Notariat Mag. Klaus Sch\u00f6ffmann Klagenfurt","url":"https:\/\/www.notariat-schoeffmann.at\/de\/","logo":{"@type":"ImageObject","inLanguage":"de","@id":"https:\/\/www.notariat-schoeffmann.at\/de\/#\/schema\/logo\/image\/","url":"https:\/\/www.notariat-schoeffmann.at\/wp-content\/uploads\/2022\/02\/logo-notariat-schoeffmann.jpg","contentUrl":"https:\/\/www.notariat-schoeffmann.at\/wp-content\/uploads\/2022\/02\/logo-notariat-schoeffmann.jpg","width":600,"height":600,"caption":"Notariat Mag. Klaus Sch\u00f6ffmann Klagenfurt"},"image":{"@id":"https:\/\/www.notariat-schoeffmann.at\/de\/#\/schema\/logo\/image\/"},"sameAs":["https:\/\/www.facebook.com\/NotarKlagenfurt","https:\/\/www.youtube.com\/channel\/UCaITfbIQh6VIpzEonUsIhcg"]}]}},"_links":{"self":[{"href":"https:\/\/www.notariat-schoeffmann.at\/de\/wp-json\/wp\/v2\/pages\/183","targetHints":{"allow":["GET"]}}],"collection":[{"href":"https:\/\/www.notariat-schoeffmann.at\/de\/wp-json\/wp\/v2\/pages"}],"about":[{"href":"https:\/\/www.notariat-schoeffmann.at\/de\/wp-json\/wp\/v2\/types\/page"}],"author":[{"embeddable":true,"href":"https:\/\/www.notariat-schoeffmann.at\/de\/wp-json\/wp\/v2\/users\/3"}],"replies":[{"embeddable":true,"href":"https:\/\/www.notariat-schoeffmann.at\/de\/wp-json\/wp\/v2\/comments?post=183"}],"version-history":[{"count":4,"href":"https:\/\/www.notariat-schoeffmann.at\/de\/wp-json\/wp\/v2\/pages\/183\/revisions"}],"predecessor-version":[{"id":2394,"href":"https:\/\/www.notariat-schoeffmann.at\/de\/wp-json\/wp\/v2\/pages\/183\/revisions\/2394"}],"up":[{"embeddable":true,"href":"https:\/\/www.notariat-schoeffmann.at\/de\/wp-json\/wp\/v2\/pages\/181"}],"wp:attachment":[{"href":"https:\/\/www.notariat-schoeffmann.at\/de\/wp-json\/wp\/v2\/media?parent=183"}],"wp:term":[{"taxonomy":"category","embeddable":true,"href":"https:\/\/www.notariat-schoeffmann.at\/de\/wp-json\/wp\/v2\/categories?post=183"}],"curies":[{"name":"wp","href":"https:\/\/api.w.org\/{rel}","templated":true}]}}