{"id":1787,"date":"2022-02-11T11:55:57","date_gmt":"2022-02-11T10:55:57","guid":{"rendered":"https:\/\/www.notariat-schoeffmann.at\/?page_id=1787"},"modified":"2022-03-25T11:15:32","modified_gmt":"2022-03-25T10:15:32","slug":"vorsorgevollmacht-des-unternehmers","status":"publish","type":"page","link":"https:\/\/www.notariat-schoeffmann.at\/de\/unternehmen\/unternehmensnachfolge\/vorsorgevollmacht-des-unternehmers\/","title":{"rendered":"Vorsorgevollmacht des Unternehmers"},"content":{"rendered":"\n<p>Das <strong>Erwachsenenschutzrecht<\/strong>\u00a0regelt M\u00f6glichkeiten der gesetzlichen Vertretung f\u00fcr Personen, die aufgrund einer psychischen Krankheit oder einer vergleichbaren Beeintr\u00e4chtigung in ihrer Entscheidungsf\u00e4higkeit eingeschr\u00e4nkt sind. Regelungsinhalt ist beispielsweise die Auswahl, Anzahl und der Wirkungskreis der Vertreter, Rechte und Pflichten der vertretenen Person und ihrer Vertreter, den Zeitraum der Vertretung, sowie die Kosten der Vertretung und die Kontrolle\u00a0der Vertreter.<\/p>\n\n\n\n<p>Das 2. Erwachsenenschutz\u2011Gesetz hat \u2011 basierend auf internationalen Vorgaben \u2011 die Grunds\u00e4tze der Erwachsenenvertretung durchgreifend erneuert und ist von den Prinzipien <em>\u201eUnterst\u00fctzung vor Vertretung\u201c<\/em> (\u00a7\u00a7\u00a0239, 240 ABGB) und <em>\u201eSelbstbestimmung trotz Stellvertretung\u201c<\/em> (\u00a7\u00a0241 ABGB) getragen.<\/p>\n\n\n\n<p>Ein Unternehmer w\u00fcnscht sich typischerweise die M\u00f6glichkeit, heute schon eine Vollmacht zu erteilen, welche erst wirksam werden soll, wenn er selbst nicht mehr entscheidungsf\u00e4hig ist. In dieser Vollmacht m\u00f6chte er auch konkrete Vorgaben machen, wie sein privates und betriebliches Verm\u00f6gen zu verwalten ist und welche Vorstellungen er hinsichtlich seiner medizinischen Versorgung und Unterbringung hat.<\/p>\n\n\n\n<p>Die Notwendigkeit einer Vertretung kann jede Person in doppelter Weise betreffen: Jeder von uns kann als Vertreter f\u00fcr Angeh\u00f6rige&nbsp;in Frage kommen oder selbst eine Vertretung ben\u00f6tigen, unabh\u00e4ngig vom Lebensalter. Ein Unfall oder eine Krankheit sind oft nicht vorhersehbar und k\u00f6nnen jeden jederzeit treffen. Daher ist die Vorsorgevollmacht gleicherma\u00dfen ein Thema f\u00fcr junge und \u00e4ltere Unternehmer.<\/p>\n\n\n\n<p>Die \u00f6sterreichische Rechtsordnung stellt f\u00fcr Unternehmer im Rahmen des <em>Vier\u00a0S\u00e4ulen Modells der Erwachsenenvertretung<\/em> insbesondere das Instrument der <strong>Vorsorgevollmacht<\/strong> zur Verf\u00fcgung.<\/p>\n\n\n\n<p>Bei der Einf\u00fchrung des Instruments der Vorsorgevollmacht hatte der Gesetzgeber allerdings nicht die spezifische Lebenssituation von Unternehmern im Blick, sondern regelte die M\u00f6glichkeit, die Stellvertretung f\u00fcr den Verlust der Entscheidungsf\u00e4higkeit\u00a0selbst zu regeln, ganz allgemein. Diese Regelungen im 6. Hauptst\u00fcck des ABGB passen daher sehr gut auf Alltagssituationen im privaten Bereich, nehmen jedoch auf spezifische Erfordernisse von Unternehmern nicht Bezug.<\/p>\n\n\n\n<p>Was will ein Unternehmer vorab f\u00fcr den Fall regeln, dass er seine Entscheidungsf\u00e4higkeit verliert? Dem Unternehmer ist eine <strong>umfassende Vorsorge<\/strong> wichtig: Neben der Erhaltung m\u00f6glichst hoher k\u00f6rperlicher Lebensqualit\u00e4t (Mobilit\u00e4t, Schmerzfreiheit) will der Unternehmer ausreichend Liquidit\u00e4t zur Verf\u00fcgung haben, um pers\u00f6nliche Vorhaben umsetzen zu k\u00f6nnen. In dieser ganzheitlichen Betrachtung ist die <em>rechtliche <\/em>Dimension nur eine von mehreren. Die <em>pers\u00f6nliche Vertretung<\/em> und die <em>Verm\u00f6gensverwaltung<\/em> ist mit einer Familienverfassung und einem <em>\u201eFamily Office\u201c<\/em> in Einklang zu bringen. Im <em>gesundheitlichen Bereich<\/em> ist fr\u00fchzeitig ein Advanced Care Planning\u00a0(ACP) umzusetzen. Vorsorgevollmacht und die Patientenverf\u00fcgung sind \u2011 in moderner Betrachtung \u2011 nur eine Ebene der Umsetzung des ACP und nicht isoliert voneinander zu betrachten.<\/p>\n\n\n\n<p>Dar\u00fcber hinaus ist es dem Unternehmer meist wichtig, seinen im Unternehmen&nbsp;materialisierten Lebenstraum fortbestehen zu lassen. Der Fortbestand des Unternehmens, f\u00fcr deren Mitarbeiter, deren Familien und Kunden er Verantwortung tr\u00e4gt, ist dem Unternehmer meist ein zentrales Anliegen. Unternehmer sind es gewohnt Entscheidungen zu treffen. Sie tragen im Vergleich zu anderen Personen meist mehr Verantwortung, da sie auch ihren Mitarbeitern und deren Familien die materielle Lebensgrundlage bieten. Aus diesen Gr\u00fcnden z\u00e4hlen Unternehmer typischerweise zu den Personen, die unter einem alters\u2011 oder krankheitsbedingten Autonomieverlust besonders leiden.<\/p>\n\n\n\n<p>Im Wissen, dass die erreichten Erfolge ihrem unternehmerischen Lebenswerk entspringen, wollen Unternehmer vermeiden, dass fremde Personen f\u00fcr sie Entscheidungen treffen, insbesondere Pflegschaftsrichter und von diesen f\u00fcr sie bestellte Vertreter. Je st\u00e4rker Unternehmer in ihrer Entscheidungsf\u00e4higkeit&nbsp;eingeschr\u00e4nkt werden, umso wichtiger wird es ihnen sein, dass ihre W\u00fcnsche und Vorgaben durch <em>von ihnen ausgesuchte <\/em>Vertrauenspersonen umgesetzt werden.<\/p>\n\n\n\n<p>Auf den entscheidungsunf\u00e4higen <em>Stifter<\/em> soll besonders eingegangen werden. Das sind zumeist Unternehmer, welche ihr Verm\u00f6gen in eine (\u00f6sterreichische) Privatstiftung eingebracht haben, deren Stifter sie sind. Dabei durchlebt ein Unternehmer, der seine Gesch\u00e4ftsf\u00e4higkeit\u00a0verliert und zuvor Stifter einer Privatstiftung war, diesen Autonomieverlust zum zweiten Mal: Auch die Einbringung seines Verm\u00f6gens in die Stiftung war mit einem Verlust an Einfluss verbunden.<\/p>\n\n\n\n<p>Beide Lebenssituationen, Errichtung einer Stiftungserkl\u00e4rung mit&nbsp;Verm\u00f6gens\u00fcbertragung auf eine Privatstiftung und die Errichtung einer Vorsorgevollmacht weisen Parallelen auf:<\/p>\n\n\n\n<p>\u2022&nbsp;&nbsp; Das urspr\u00fcnglich dem Unternehmer geh\u00f6rende Verm\u00f6gen wird in der Privatstiftung \u00fcber dessen Auftrag von dritten Personen, Stiftungsvorst\u00e4nden, verwaltet.<\/p>\n\n\n\n<p>\u2022&nbsp;&nbsp; Im Fall einer Vorsorgevollmacht verwalten Vorsorgebevollm\u00e4chtigte das Verm\u00f6gen des Unternehmers, denen der Unternehmer Verwaltungsrichtlinien und Ermessensspielr\u00e4ume vorgeben kann, welche ex ante f\u00fcr die Zukunft zu definieren sind.<\/p>\n\n\n\n<p>Solche Vorgaben, Verwaltungsrichtlinien und Ermessensspielr\u00e4ume, erfolgen in Gesellschaftsvertr\u00e4gen, in der Stiftungserkl\u00e4rung\u00a0und auch in der Vorsorgevollmacht.<\/p>\n\n\n\n<p>Ein besonderes Charakteristikum bei der Vorsorgevollmacht des Stifters ist daher, dass der Stifter die Verwaltung des von ihm gestifteten Verm\u00f6gens in der Regel bereits in die H\u00e4nde von Personen gelegt hat, die sein besonderes Vertrauen genie\u00dfen und denen er die Verm\u00f6gensverwaltung zutraut. Dieser Personenkreis umfasst meistens <em>Fachleute<\/em> (insbesondere Rechts\u2011&nbsp;und Steuerberater) und<em> Familienangeh\u00f6rige<\/em>. Dieselben Personen werden auch als Vorsorgebevollm\u00e4chtigte in Frage kommen.<\/p>\n\n\n\n<p>Die Abgrenzung der Befugnisse der bevollm\u00e4chtigten Personen in ihren verschiedenen Rollen als Erwachsenenvertreter, Vorsorgebevollm\u00e4chtigter, Stiftungsvorstand, Beirat, Stiftungspr\u00fcfer,\u00a0als Beg\u00fcnstigter\u00a0oder Angeh\u00f6riger\u00a0stellt bei der Gestaltung von Urkunden, insbesondere der Vorsorgevollmacht, eine besondere Herausforderung dar. Dabei stellt sich die Frage, ob m\u00f6glicherweise Interessenskollisionen\u00a0auftreten und welche Auswirkungen diese haben k\u00f6nnen. Wie weit ist die Erteilung einer Vorsorgevollmacht an Leitungs\u2011 und Stiftungsorgane im Bereich der Personenvorsorge und der Verm\u00f6gensvorsorge zul\u00e4ssig? Wie sind Unvereinbarkeiten\u00a0rechtlich fassbar? Welche \u201eSicherheitsnetze\u201c sind m\u00f6glich?<\/p>\n\n\n\n<p>Stifter haben einen Teil von verm\u00f6gensrechtlichen Entscheidungen im Wege der Stiftung bereits an den Stiftungsvorstand als <em>Kollegialorgan<\/em> ausgelagert. F\u00fcr viele Unternehmer ist es daher naheliegend, mehrere Vorsorgebevollm\u00e4chtigte zu bestellen. Bei Vorsorgevollmachten von Unternehmern bieten sich daher Kollegialorgane an, um ausgewogene Entscheidungen sicherzustellen, Abh\u00e4ngigkeit von individuellen Vorstellungen Einzelner m\u00f6glichst zu minimieren und Kontrollelemente\u00a0zu implementieren.<\/p>\n\n\n\n<p>Eine k\u00fcnftige Unsicherheit stellt auch der m\u00f6gliche Ausfall von Vorsorgebevollm\u00e4chtigten dar. Was ist, wenn mein Vorsorgebevollm\u00e4chtigter verstirbt oder einen unfall hat?<\/p>\n\n\n\n<p>Ein weiterer Unterschied zu \u201egew\u00f6hnlichen\u201c Vorsorgevollmachten besteht daher darin, dass im privaten Bereich oft nur eine Vertrauensperson f\u00fcr alle Angelegenheiten benannt wird. Bei Vorsorgevollmachten von Unternehmern ist jedoch regelm\u00e4\u00dfig \u201e<em>Sph\u00e4rentrennung<\/em>\u201c gew\u00fcnscht, also eine Trennung in verm\u00f6gensrechtlichen Angelegenheiten zwischen dem privaten und unternehmerischen Bereich einerseits und dem Bereich der Personenvorsorge andererseits. Welche M\u00f6glichkeiten bestehen, diese Bereiche voneinander abzugrenzen? All diese Fragen sind Gegenstand der notariellen Beratung bei der Errichtung von Vorsorgevollmachten.<\/p>\n","protected":false},"excerpt":{"rendered":"<p>Das Erwachsenenschutzrecht\u00a0regelt M\u00f6glichkeiten der gesetzlichen Vertretung f\u00fcr Personen, die aufgrund einer psychischen Krankheit oder einer vergleichbaren Beeintr\u00e4chtigung in ihrer Entscheidungsf\u00e4higkeit eingeschr\u00e4nkt sind. Regelungsinhalt ist beispielsweise die Auswahl, Anzahl und der Wirkungskreis der Vertreter, Rechte und Pflichten der vertretenen Person und ihrer Vertreter, den Zeitraum der Vertretung, sowie die Kosten der Vertretung und die Kontrolle\u00a0der Vertreter.&hellip;<\/p>\n","protected":false},"author":3,"featured_media":0,"parent":171,"menu_order":0,"comment_status":"closed","ping_status":"closed","template":"","meta":{"inline_featured_image":false,"footnotes":""},"categories":[],"class_list":["post-1787","page","type-page","status-publish","hentry","description-off"],"yoast_head":"<!-- This site is optimized with the Yoast SEO Premium plugin v26.7 (Yoast SEO v27.4) - https:\/\/yoast.com\/product\/yoast-seo-premium-wordpress\/ -->\n<title>Vorsorgevollmacht des Unternehmers &#8211; Notariat Sch\u00f6ffmann<\/title>\n<meta name=\"description\" content=\"Notariat Mag. Klaus Sch\u00f6ffmann: Ihr Notar in Klagenfurt am W\u00f6rthersee. Individuelle Rechtsberatung f\u00fcr Unternehmen und Privatpersonen. Unsere erste Rechtsauskunft ist f\u00fcr Sie kostenfrei!\" \/>\n<meta name=\"robots\" content=\"index, follow, max-snippet:-1, max-image-preview:large, max-video-preview:-1\" \/>\n<link rel=\"canonical\" href=\"https:\/\/www.notariat-schoeffmann.at\/de\/unternehmen\/unternehmensnachfolge\/vorsorgevollmacht-des-unternehmers\/\" \/>\n<meta property=\"og:locale\" content=\"de_DE\" \/>\n<meta property=\"og:type\" content=\"article\" \/>\n<meta property=\"og:title\" content=\"Vorsorgevollmacht des Unternehmers - Notariat Sch\u00f6ffmann\" \/>\n<meta property=\"og:description\" content=\"Notariat Mag. Klaus Sch\u00f6ffmann: Ihr Notar in Klagenfurt am W\u00f6rthersee. Individuelle Rechtsberatung f\u00fcr Unternehmen und Privatpersonen. Unsere erste Rechtsauskunft ist f\u00fcr Sie kostenfrei!\" \/>\n<meta property=\"og:url\" content=\"https:\/\/www.notariat-schoeffmann.at\/de\/unternehmen\/unternehmensnachfolge\/vorsorgevollmacht-des-unternehmers\/\" \/>\n<meta property=\"og:site_name\" content=\"Notariat Sch\u00f6ffmann\" \/>\n<meta property=\"article:publisher\" content=\"https:\/\/www.facebook.com\/NotarKlagenfurt\" \/>\n<meta property=\"article:modified_time\" content=\"2022-03-25T10:15:32+00:00\" \/>\n<meta property=\"og:image\" content=\"https:\/\/www.notariat-schoeffmann.at\/wp-content\/uploads\/2021\/11\/Juristen-1.jpg\" \/>\n\t<meta property=\"og:image:width\" content=\"1600\" \/>\n\t<meta property=\"og:image:height\" content=\"1067\" \/>\n\t<meta property=\"og:image:type\" content=\"image\/jpeg\" \/>\n<meta name=\"twitter:card\" content=\"summary_large_image\" \/>\n<script type=\"application\/ld+json\" class=\"yoast-schema-graph\">{\"@context\":\"https:\\\/\\\/schema.org\",\"@graph\":[{\"@type\":\"WebPage\",\"@id\":\"https:\\\/\\\/www.notariat-schoeffmann.at\\\/de\\\/unternehmen\\\/unternehmensnachfolge\\\/vorsorgevollmacht-des-unternehmers\\\/\",\"url\":\"https:\\\/\\\/www.notariat-schoeffmann.at\\\/de\\\/unternehmen\\\/unternehmensnachfolge\\\/vorsorgevollmacht-des-unternehmers\\\/\",\"name\":\"Vorsorgevollmacht des Unternehmers &#8211; Notariat Sch\u00f6ffmann\",\"isPartOf\":{\"@id\":\"https:\\\/\\\/www.notariat-schoeffmann.at\\\/de\\\/#website\"},\"datePublished\":\"2022-02-11T10:55:57+00:00\",\"dateModified\":\"2022-03-25T10:15:32+00:00\",\"description\":\"Notariat Mag. Klaus Sch\u00f6ffmann: Ihr Notar in Klagenfurt am W\u00f6rthersee. Individuelle Rechtsberatung f\u00fcr Unternehmen und Privatpersonen. Unsere erste Rechtsauskunft ist f\u00fcr Sie kostenfrei!\",\"breadcrumb\":{\"@id\":\"https:\\\/\\\/www.notariat-schoeffmann.at\\\/de\\\/unternehmen\\\/unternehmensnachfolge\\\/vorsorgevollmacht-des-unternehmers\\\/#breadcrumb\"},\"inLanguage\":\"de\",\"potentialAction\":[{\"@type\":\"ReadAction\",\"target\":[\"https:\\\/\\\/www.notariat-schoeffmann.at\\\/de\\\/unternehmen\\\/unternehmensnachfolge\\\/vorsorgevollmacht-des-unternehmers\\\/\"]}]},{\"@type\":\"BreadcrumbList\",\"@id\":\"https:\\\/\\\/www.notariat-schoeffmann.at\\\/de\\\/unternehmen\\\/unternehmensnachfolge\\\/vorsorgevollmacht-des-unternehmers\\\/#breadcrumb\",\"itemListElement\":[{\"@type\":\"ListItem\",\"position\":1,\"name\":\"Startseite\",\"item\":\"https:\\\/\\\/www.notariat-schoeffmann.at\\\/de\\\/\"},{\"@type\":\"ListItem\",\"position\":2,\"name\":\"Unternehmen\",\"item\":\"https:\\\/\\\/www.notariat-schoeffmann.at\\\/de\\\/unternehmen\\\/\"},{\"@type\":\"ListItem\",\"position\":3,\"name\":\"Unternehmensnachfolge\",\"item\":\"https:\\\/\\\/www.notariat-schoeffmann.at\\\/de\\\/unternehmen\\\/unternehmensnachfolge\\\/\"},{\"@type\":\"ListItem\",\"position\":4,\"name\":\"Vorsorgevollmacht des Unternehmers\"}]},{\"@type\":\"WebSite\",\"@id\":\"https:\\\/\\\/www.notariat-schoeffmann.at\\\/de\\\/#website\",\"url\":\"https:\\\/\\\/www.notariat-schoeffmann.at\\\/de\\\/\",\"name\":\"Notariat Sch\u00f6ffmann\",\"description\":\"Mag. Klaus Sch\u00f6ffmann - Ihr Notar in Klagenfurt\",\"publisher\":{\"@id\":\"https:\\\/\\\/www.notariat-schoeffmann.at\\\/de\\\/#organization\"},\"potentialAction\":[{\"@type\":\"SearchAction\",\"target\":{\"@type\":\"EntryPoint\",\"urlTemplate\":\"https:\\\/\\\/www.notariat-schoeffmann.at\\\/de\\\/?s={search_term_string}\"},\"query-input\":{\"@type\":\"PropertyValueSpecification\",\"valueRequired\":true,\"valueName\":\"search_term_string\"}}],\"inLanguage\":\"de\"},{\"@type\":\"Organization\",\"@id\":\"https:\\\/\\\/www.notariat-schoeffmann.at\\\/de\\\/#organization\",\"name\":\"Notariat Mag. Klaus Sch\u00f6ffmann Klagenfurt\",\"url\":\"https:\\\/\\\/www.notariat-schoeffmann.at\\\/de\\\/\",\"logo\":{\"@type\":\"ImageObject\",\"inLanguage\":\"de\",\"@id\":\"https:\\\/\\\/www.notariat-schoeffmann.at\\\/de\\\/#\\\/schema\\\/logo\\\/image\\\/\",\"url\":\"https:\\\/\\\/www.notariat-schoeffmann.at\\\/wp-content\\\/uploads\\\/2022\\\/02\\\/logo-notariat-schoeffmann.jpg\",\"contentUrl\":\"https:\\\/\\\/www.notariat-schoeffmann.at\\\/wp-content\\\/uploads\\\/2022\\\/02\\\/logo-notariat-schoeffmann.jpg\",\"width\":600,\"height\":600,\"caption\":\"Notariat Mag. Klaus Sch\u00f6ffmann Klagenfurt\"},\"image\":{\"@id\":\"https:\\\/\\\/www.notariat-schoeffmann.at\\\/de\\\/#\\\/schema\\\/logo\\\/image\\\/\"},\"sameAs\":[\"https:\\\/\\\/www.facebook.com\\\/NotarKlagenfurt\",\"https:\\\/\\\/www.youtube.com\\\/channel\\\/UCaITfbIQh6VIpzEonUsIhcg\"]}]}<\/script>\n<!-- \/ Yoast SEO Premium plugin. -->","yoast_head_json":{"title":"Vorsorgevollmacht des Unternehmers &#8211; Notariat Sch\u00f6ffmann","description":"Notariat Mag. Klaus Sch\u00f6ffmann: Ihr Notar in Klagenfurt am W\u00f6rthersee. Individuelle Rechtsberatung f\u00fcr Unternehmen und Privatpersonen. Unsere erste Rechtsauskunft ist f\u00fcr Sie kostenfrei!","robots":{"index":"index","follow":"follow","max-snippet":"max-snippet:-1","max-image-preview":"max-image-preview:large","max-video-preview":"max-video-preview:-1"},"canonical":"https:\/\/www.notariat-schoeffmann.at\/de\/unternehmen\/unternehmensnachfolge\/vorsorgevollmacht-des-unternehmers\/","og_locale":"de_DE","og_type":"article","og_title":"Vorsorgevollmacht des Unternehmers - Notariat Sch\u00f6ffmann","og_description":"Notariat Mag. Klaus Sch\u00f6ffmann: Ihr Notar in Klagenfurt am W\u00f6rthersee. Individuelle Rechtsberatung f\u00fcr Unternehmen und Privatpersonen. Unsere erste Rechtsauskunft ist f\u00fcr Sie kostenfrei!","og_url":"https:\/\/www.notariat-schoeffmann.at\/de\/unternehmen\/unternehmensnachfolge\/vorsorgevollmacht-des-unternehmers\/","og_site_name":"Notariat Sch\u00f6ffmann","article_publisher":"https:\/\/www.facebook.com\/NotarKlagenfurt","article_modified_time":"2022-03-25T10:15:32+00:00","og_image":[{"width":1600,"height":1067,"url":"https:\/\/www.notariat-schoeffmann.at\/wp-content\/uploads\/2021\/11\/Juristen-1.jpg","type":"image\/jpeg"}],"twitter_card":"summary_large_image","schema":{"@context":"https:\/\/schema.org","@graph":[{"@type":"WebPage","@id":"https:\/\/www.notariat-schoeffmann.at\/de\/unternehmen\/unternehmensnachfolge\/vorsorgevollmacht-des-unternehmers\/","url":"https:\/\/www.notariat-schoeffmann.at\/de\/unternehmen\/unternehmensnachfolge\/vorsorgevollmacht-des-unternehmers\/","name":"Vorsorgevollmacht des Unternehmers &#8211; Notariat Sch\u00f6ffmann","isPartOf":{"@id":"https:\/\/www.notariat-schoeffmann.at\/de\/#website"},"datePublished":"2022-02-11T10:55:57+00:00","dateModified":"2022-03-25T10:15:32+00:00","description":"Notariat Mag. Klaus Sch\u00f6ffmann: Ihr Notar in Klagenfurt am W\u00f6rthersee. Individuelle Rechtsberatung f\u00fcr Unternehmen und Privatpersonen. Unsere erste Rechtsauskunft ist f\u00fcr Sie kostenfrei!","breadcrumb":{"@id":"https:\/\/www.notariat-schoeffmann.at\/de\/unternehmen\/unternehmensnachfolge\/vorsorgevollmacht-des-unternehmers\/#breadcrumb"},"inLanguage":"de","potentialAction":[{"@type":"ReadAction","target":["https:\/\/www.notariat-schoeffmann.at\/de\/unternehmen\/unternehmensnachfolge\/vorsorgevollmacht-des-unternehmers\/"]}]},{"@type":"BreadcrumbList","@id":"https:\/\/www.notariat-schoeffmann.at\/de\/unternehmen\/unternehmensnachfolge\/vorsorgevollmacht-des-unternehmers\/#breadcrumb","itemListElement":[{"@type":"ListItem","position":1,"name":"Startseite","item":"https:\/\/www.notariat-schoeffmann.at\/de\/"},{"@type":"ListItem","position":2,"name":"Unternehmen","item":"https:\/\/www.notariat-schoeffmann.at\/de\/unternehmen\/"},{"@type":"ListItem","position":3,"name":"Unternehmensnachfolge","item":"https:\/\/www.notariat-schoeffmann.at\/de\/unternehmen\/unternehmensnachfolge\/"},{"@type":"ListItem","position":4,"name":"Vorsorgevollmacht des Unternehmers"}]},{"@type":"WebSite","@id":"https:\/\/www.notariat-schoeffmann.at\/de\/#website","url":"https:\/\/www.notariat-schoeffmann.at\/de\/","name":"Notariat Sch\u00f6ffmann","description":"Mag. Klaus Sch\u00f6ffmann - Ihr Notar in Klagenfurt","publisher":{"@id":"https:\/\/www.notariat-schoeffmann.at\/de\/#organization"},"potentialAction":[{"@type":"SearchAction","target":{"@type":"EntryPoint","urlTemplate":"https:\/\/www.notariat-schoeffmann.at\/de\/?s={search_term_string}"},"query-input":{"@type":"PropertyValueSpecification","valueRequired":true,"valueName":"search_term_string"}}],"inLanguage":"de"},{"@type":"Organization","@id":"https:\/\/www.notariat-schoeffmann.at\/de\/#organization","name":"Notariat Mag. Klaus Sch\u00f6ffmann Klagenfurt","url":"https:\/\/www.notariat-schoeffmann.at\/de\/","logo":{"@type":"ImageObject","inLanguage":"de","@id":"https:\/\/www.notariat-schoeffmann.at\/de\/#\/schema\/logo\/image\/","url":"https:\/\/www.notariat-schoeffmann.at\/wp-content\/uploads\/2022\/02\/logo-notariat-schoeffmann.jpg","contentUrl":"https:\/\/www.notariat-schoeffmann.at\/wp-content\/uploads\/2022\/02\/logo-notariat-schoeffmann.jpg","width":600,"height":600,"caption":"Notariat Mag. Klaus Sch\u00f6ffmann Klagenfurt"},"image":{"@id":"https:\/\/www.notariat-schoeffmann.at\/de\/#\/schema\/logo\/image\/"},"sameAs":["https:\/\/www.facebook.com\/NotarKlagenfurt","https:\/\/www.youtube.com\/channel\/UCaITfbIQh6VIpzEonUsIhcg"]}]}},"_links":{"self":[{"href":"https:\/\/www.notariat-schoeffmann.at\/de\/wp-json\/wp\/v2\/pages\/1787","targetHints":{"allow":["GET"]}}],"collection":[{"href":"https:\/\/www.notariat-schoeffmann.at\/de\/wp-json\/wp\/v2\/pages"}],"about":[{"href":"https:\/\/www.notariat-schoeffmann.at\/de\/wp-json\/wp\/v2\/types\/page"}],"author":[{"embeddable":true,"href":"https:\/\/www.notariat-schoeffmann.at\/de\/wp-json\/wp\/v2\/users\/3"}],"replies":[{"embeddable":true,"href":"https:\/\/www.notariat-schoeffmann.at\/de\/wp-json\/wp\/v2\/comments?post=1787"}],"version-history":[{"count":4,"href":"https:\/\/www.notariat-schoeffmann.at\/de\/wp-json\/wp\/v2\/pages\/1787\/revisions"}],"predecessor-version":[{"id":2741,"href":"https:\/\/www.notariat-schoeffmann.at\/de\/wp-json\/wp\/v2\/pages\/1787\/revisions\/2741"}],"up":[{"embeddable":true,"href":"https:\/\/www.notariat-schoeffmann.at\/de\/wp-json\/wp\/v2\/pages\/171"}],"wp:attachment":[{"href":"https:\/\/www.notariat-schoeffmann.at\/de\/wp-json\/wp\/v2\/media?parent=1787"}],"wp:term":[{"taxonomy":"category","embeddable":true,"href":"https:\/\/www.notariat-schoeffmann.at\/de\/wp-json\/wp\/v2\/categories?post=1787"}],"curies":[{"name":"wp","href":"https:\/\/api.w.org\/{rel}","templated":true}]}}