{"id":178,"date":"2021-08-09T09:58:07","date_gmt":"2021-08-09T07:58:07","guid":{"rendered":"https:\/\/www.notariat-schoeffmann.at\/?page_id=178"},"modified":"2022-02-26T21:57:59","modified_gmt":"2022-02-26T20:57:59","slug":"firmenwortlaut","status":"publish","type":"page","link":"https:\/\/www.notariat-schoeffmann.at\/de\/unternehmen\/firmenwortlaut\/","title":{"rendered":"Firmenwortlaut"},"content":{"rendered":"<h2>Was ist die Firma?<\/h2>\n<p>Die Firma ist der im Firmenbuch eingetragene Name des Unternehmers, unter dem er seine Gesch\u00e4fte betreibt und Unterschriften abgibt.<\/p>\n<p>Nicht im Firmenbuch eingetragene Unternehmer (zB nicht rechnungslegungspflichtige Einzelunternehmer, Gesellschaft b\u00fcrgerlichen Rechts) k\u00f6nnen keine Firma sondern nur eine Gesch\u00e4ftsbezeichnung f\u00fchren.<\/p>\n<p>Es gibt verschiedene\u00a0<strong>Arten\u00a0<\/strong>von Firmen:<\/p>\n<ul>\n<li>Personenfirma: Sie besteht aus dem Namen des Einzelunternehmers oder eines Gesellschafters. Es kann der Familienname mit oder ohne Vornamen in die Firma aufgenommen werden. Bei der KG kann nur der Name eines unbeschr\u00e4nkt haftenden Komplement\u00e4rs gew\u00e4hlt werden.<\/li>\n<li>Sachfirma: Die Sachfirma wird dem Unternehmensgegenstand entnommen.<\/li>\n<li>Fantasiefirma: Diese Firma besteht aus einem frei erfundenen Fantasiewort oder einem Wort, dass im allgemeinen Sprachgebrauch verwendet wird, aber mit dem Unternehmensgegenstand in keinem Zusammenhang steht.<\/li>\n<li>Gemischte Firma: Sie ist eine Kombination der bisher genannten Firmen.<\/li>\n<\/ul>\n<h2>Worauf muss ich bei der Wahl des Firmenwortlautes achten?<\/h2>\n<p>Bei der Wahl der Firma sind der Fantasie nur wenige Grenzen gesetzt. Allerdings muss die Firma\u00a0<b>Unterscheidungskraft<\/b>\u00a0besitzen. Sie soll bei den Lesern und H\u00f6rern die Assoziation mit einem ganz bestimmten Unternehmen wecken. Au\u00dferdem darf die Firma keine Angaben enthalten, die das Publikum \u00fcber wesentliche gesch\u00e4ftliche Verh\u00e4ltnisse irref\u00fchren (<strong>Irref\u00fchrungsverbot<\/strong>).<\/p>\n<p>\u00c4ndert sich durch Verehelichung der Name einer in der Firma genannten Person, verpflichtet dies nicht zur \u00c4nderung der Firma. Beim Unternehmenserwerb kann der Erwerber mit ausdr\u00fccklicher Einwilligung des Ver\u00e4u\u00dferers die bisherige Firma weiterf\u00fchren.<\/p>\n<p>Jede Firma muss zwingend einen <strong>Rechtsformzusatz<\/strong> beinhalten. M\u00f6gliche Rechtsformzus\u00e4tze sind:<\/p>\n<ol>\n<li>Bei der Offenen Gesellschaft: \u201eOG\u201c oder \u201eOffene Gesellschaft\u201c<\/li>\n<li>Bei der Kommanditgesellschaft: \u201eKG\u201c oder \u201eKommanditgesellschaft\u201c<\/li>\n<li>Bei der Gesellschaft mit beschr\u00e4nkter Haftung: \u201eGesellschaft mit beschr\u00e4nkter Haftung\u201c, \u201eGmbH\u201c, \u201eGesmbH\u201c oder \u201eGesellschaft mbH\u201c<\/li>\n<li>Bei der Aktiengesellschaft: \u201eAktiengesellschaft\u201c oder \u201eAG\u201c<\/li>\n<li>Der im Firmenbuch eingetragene Einzelunternehmer muss den Rechtsformzusatz \u201eeingetragene\/r Unternehmer\/in\u201c oder \u201ee. U.\u201c f\u00fchren<\/li>\n<li>Bei der Genossenschaft: \u201eeingetragene Genossenschaft\u201c oder \u201ee. Gen\u201c<\/li>\n<li>Gibt es bei einer OG oder KG keine nat\u00fcrliche, sondern nur eine juristische Person (AG, GmbH, Verein), die unbeschr\u00e4nkt haftet, so muss dies in der Firma erkenntlich gemacht werden. Ist beispielsweise eine GmbH der einzige Komplement\u00e4r einer KG, so muss der Name der GmbH in die Firma der KG aufgenommen werden.<\/li>\n<\/ol>\n","protected":false},"excerpt":{"rendered":"<p>Was ist die Firma? Die Firma ist der im Firmenbuch eingetragene Name des Unternehmers, unter dem er seine Gesch\u00e4fte betreibt und Unterschriften abgibt. Nicht im Firmenbuch eingetragene Unternehmer (zB nicht rechnungslegungspflichtige Einzelunternehmer, Gesellschaft b\u00fcrgerlichen Rechts) k\u00f6nnen keine Firma sondern nur eine Gesch\u00e4ftsbezeichnung f\u00fchren. Es gibt verschiedene\u00a0Arten\u00a0von Firmen: Personenfirma: Sie besteht aus dem Namen des Einzelunternehmers&hellip;<\/p>\n","protected":false},"author":3,"featured_media":0,"parent":151,"menu_order":6,"comment_status":"closed","ping_status":"closed","template":"","meta":{"inline_featured_image":false,"footnotes":""},"categories":[],"class_list":["post-178","page","type-page","status-publish","hentry","description-off"],"yoast_head":"<!-- This site is optimized with the Yoast SEO Premium plugin v26.7 (Yoast SEO v27.4) - https:\/\/yoast.com\/product\/yoast-seo-premium-wordpress\/ -->\n<title>Firmenwortlaut &#8211; Notariat Sch\u00f6ffmann<\/title>\n<meta name=\"description\" content=\"Die Firma ist der im Firmenbuch eingetragene Name des Unternehmers, unter dem er seine Gesch\u00e4fte betreibt und Unterschriften abgibt.\" \/>\n<meta name=\"robots\" content=\"index, follow, max-snippet:-1, max-image-preview:large, max-video-preview:-1\" \/>\n<link rel=\"canonical\" href=\"https:\/\/www.notariat-schoeffmann.at\/de\/unternehmen\/firmenwortlaut\/\" \/>\n<meta property=\"og:locale\" content=\"de_DE\" \/>\n<meta property=\"og:type\" content=\"article\" \/>\n<meta property=\"og:title\" content=\"Firmenwortlaut - Notariat Sch\u00f6ffmann\" \/>\n<meta property=\"og:description\" content=\"Die Firma ist der im Firmenbuch eingetragene Name des Unternehmers, unter dem er seine Gesch\u00e4fte betreibt und Unterschriften abgibt.\" \/>\n<meta property=\"og:url\" content=\"https:\/\/www.notariat-schoeffmann.at\/de\/unternehmen\/firmenwortlaut\/\" \/>\n<meta property=\"og:site_name\" content=\"Notariat Sch\u00f6ffmann\" \/>\n<meta property=\"article:publisher\" content=\"https:\/\/www.facebook.com\/NotarKlagenfurt\" \/>\n<meta property=\"article:modified_time\" content=\"2022-02-26T20:57:59+00:00\" \/>\n<meta property=\"og:image\" content=\"https:\/\/www.notariat-schoeffmann.at\/wp-content\/uploads\/2021\/11\/Juristen-1.jpg\" \/>\n\t<meta property=\"og:image:width\" content=\"1600\" \/>\n\t<meta property=\"og:image:height\" content=\"1067\" \/>\n\t<meta property=\"og:image:type\" content=\"image\/jpeg\" \/>\n<meta name=\"twitter:card\" content=\"summary_large_image\" \/>\n<script type=\"application\/ld+json\" class=\"yoast-schema-graph\">{\"@context\":\"https:\\\/\\\/schema.org\",\"@graph\":[{\"@type\":\"WebPage\",\"@id\":\"https:\\\/\\\/www.notariat-schoeffmann.at\\\/de\\\/unternehmen\\\/firmenwortlaut\\\/\",\"url\":\"https:\\\/\\\/www.notariat-schoeffmann.at\\\/de\\\/unternehmen\\\/firmenwortlaut\\\/\",\"name\":\"Firmenwortlaut &#8211; Notariat Sch\u00f6ffmann\",\"isPartOf\":{\"@id\":\"https:\\\/\\\/www.notariat-schoeffmann.at\\\/de\\\/#website\"},\"datePublished\":\"2021-08-09T07:58:07+00:00\",\"dateModified\":\"2022-02-26T20:57:59+00:00\",\"description\":\"Die Firma ist der im Firmenbuch eingetragene Name des Unternehmers, unter dem er seine Gesch\u00e4fte betreibt und Unterschriften abgibt.\",\"breadcrumb\":{\"@id\":\"https:\\\/\\\/www.notariat-schoeffmann.at\\\/de\\\/unternehmen\\\/firmenwortlaut\\\/#breadcrumb\"},\"inLanguage\":\"de\",\"potentialAction\":[{\"@type\":\"ReadAction\",\"target\":[\"https:\\\/\\\/www.notariat-schoeffmann.at\\\/de\\\/unternehmen\\\/firmenwortlaut\\\/\"]}]},{\"@type\":\"BreadcrumbList\",\"@id\":\"https:\\\/\\\/www.notariat-schoeffmann.at\\\/de\\\/unternehmen\\\/firmenwortlaut\\\/#breadcrumb\",\"itemListElement\":[{\"@type\":\"ListItem\",\"position\":1,\"name\":\"Startseite\",\"item\":\"https:\\\/\\\/www.notariat-schoeffmann.at\\\/de\\\/\"},{\"@type\":\"ListItem\",\"position\":2,\"name\":\"Unternehmen\",\"item\":\"https:\\\/\\\/www.notariat-schoeffmann.at\\\/de\\\/unternehmen\\\/\"},{\"@type\":\"ListItem\",\"position\":3,\"name\":\"Firmenwortlaut\"}]},{\"@type\":\"WebSite\",\"@id\":\"https:\\\/\\\/www.notariat-schoeffmann.at\\\/de\\\/#website\",\"url\":\"https:\\\/\\\/www.notariat-schoeffmann.at\\\/de\\\/\",\"name\":\"Notariat Sch\u00f6ffmann\",\"description\":\"Mag. Klaus Sch\u00f6ffmann - Ihr Notar in Klagenfurt\",\"publisher\":{\"@id\":\"https:\\\/\\\/www.notariat-schoeffmann.at\\\/de\\\/#organization\"},\"potentialAction\":[{\"@type\":\"SearchAction\",\"target\":{\"@type\":\"EntryPoint\",\"urlTemplate\":\"https:\\\/\\\/www.notariat-schoeffmann.at\\\/de\\\/?s={search_term_string}\"},\"query-input\":{\"@type\":\"PropertyValueSpecification\",\"valueRequired\":true,\"valueName\":\"search_term_string\"}}],\"inLanguage\":\"de\"},{\"@type\":\"Organization\",\"@id\":\"https:\\\/\\\/www.notariat-schoeffmann.at\\\/de\\\/#organization\",\"name\":\"Notariat Mag. Klaus Sch\u00f6ffmann Klagenfurt\",\"url\":\"https:\\\/\\\/www.notariat-schoeffmann.at\\\/de\\\/\",\"logo\":{\"@type\":\"ImageObject\",\"inLanguage\":\"de\",\"@id\":\"https:\\\/\\\/www.notariat-schoeffmann.at\\\/de\\\/#\\\/schema\\\/logo\\\/image\\\/\",\"url\":\"https:\\\/\\\/www.notariat-schoeffmann.at\\\/wp-content\\\/uploads\\\/2022\\\/02\\\/logo-notariat-schoeffmann.jpg\",\"contentUrl\":\"https:\\\/\\\/www.notariat-schoeffmann.at\\\/wp-content\\\/uploads\\\/2022\\\/02\\\/logo-notariat-schoeffmann.jpg\",\"width\":600,\"height\":600,\"caption\":\"Notariat Mag. Klaus Sch\u00f6ffmann Klagenfurt\"},\"image\":{\"@id\":\"https:\\\/\\\/www.notariat-schoeffmann.at\\\/de\\\/#\\\/schema\\\/logo\\\/image\\\/\"},\"sameAs\":[\"https:\\\/\\\/www.facebook.com\\\/NotarKlagenfurt\",\"https:\\\/\\\/www.youtube.com\\\/channel\\\/UCaITfbIQh6VIpzEonUsIhcg\"]}]}<\/script>\n<!-- \/ Yoast SEO Premium plugin. -->","yoast_head_json":{"title":"Firmenwortlaut &#8211; Notariat Sch\u00f6ffmann","description":"Die Firma ist der im Firmenbuch eingetragene Name des Unternehmers, unter dem er seine Gesch\u00e4fte betreibt und Unterschriften abgibt.","robots":{"index":"index","follow":"follow","max-snippet":"max-snippet:-1","max-image-preview":"max-image-preview:large","max-video-preview":"max-video-preview:-1"},"canonical":"https:\/\/www.notariat-schoeffmann.at\/de\/unternehmen\/firmenwortlaut\/","og_locale":"de_DE","og_type":"article","og_title":"Firmenwortlaut - Notariat Sch\u00f6ffmann","og_description":"Die Firma ist der im Firmenbuch eingetragene Name des Unternehmers, unter dem er seine Gesch\u00e4fte betreibt und Unterschriften abgibt.","og_url":"https:\/\/www.notariat-schoeffmann.at\/de\/unternehmen\/firmenwortlaut\/","og_site_name":"Notariat Sch\u00f6ffmann","article_publisher":"https:\/\/www.facebook.com\/NotarKlagenfurt","article_modified_time":"2022-02-26T20:57:59+00:00","og_image":[{"width":1600,"height":1067,"url":"https:\/\/www.notariat-schoeffmann.at\/wp-content\/uploads\/2021\/11\/Juristen-1.jpg","type":"image\/jpeg"}],"twitter_card":"summary_large_image","schema":{"@context":"https:\/\/schema.org","@graph":[{"@type":"WebPage","@id":"https:\/\/www.notariat-schoeffmann.at\/de\/unternehmen\/firmenwortlaut\/","url":"https:\/\/www.notariat-schoeffmann.at\/de\/unternehmen\/firmenwortlaut\/","name":"Firmenwortlaut &#8211; Notariat Sch\u00f6ffmann","isPartOf":{"@id":"https:\/\/www.notariat-schoeffmann.at\/de\/#website"},"datePublished":"2021-08-09T07:58:07+00:00","dateModified":"2022-02-26T20:57:59+00:00","description":"Die Firma ist der im Firmenbuch eingetragene Name des Unternehmers, unter dem er seine Gesch\u00e4fte betreibt und Unterschriften abgibt.","breadcrumb":{"@id":"https:\/\/www.notariat-schoeffmann.at\/de\/unternehmen\/firmenwortlaut\/#breadcrumb"},"inLanguage":"de","potentialAction":[{"@type":"ReadAction","target":["https:\/\/www.notariat-schoeffmann.at\/de\/unternehmen\/firmenwortlaut\/"]}]},{"@type":"BreadcrumbList","@id":"https:\/\/www.notariat-schoeffmann.at\/de\/unternehmen\/firmenwortlaut\/#breadcrumb","itemListElement":[{"@type":"ListItem","position":1,"name":"Startseite","item":"https:\/\/www.notariat-schoeffmann.at\/de\/"},{"@type":"ListItem","position":2,"name":"Unternehmen","item":"https:\/\/www.notariat-schoeffmann.at\/de\/unternehmen\/"},{"@type":"ListItem","position":3,"name":"Firmenwortlaut"}]},{"@type":"WebSite","@id":"https:\/\/www.notariat-schoeffmann.at\/de\/#website","url":"https:\/\/www.notariat-schoeffmann.at\/de\/","name":"Notariat Sch\u00f6ffmann","description":"Mag. Klaus Sch\u00f6ffmann - Ihr Notar in Klagenfurt","publisher":{"@id":"https:\/\/www.notariat-schoeffmann.at\/de\/#organization"},"potentialAction":[{"@type":"SearchAction","target":{"@type":"EntryPoint","urlTemplate":"https:\/\/www.notariat-schoeffmann.at\/de\/?s={search_term_string}"},"query-input":{"@type":"PropertyValueSpecification","valueRequired":true,"valueName":"search_term_string"}}],"inLanguage":"de"},{"@type":"Organization","@id":"https:\/\/www.notariat-schoeffmann.at\/de\/#organization","name":"Notariat Mag. Klaus Sch\u00f6ffmann Klagenfurt","url":"https:\/\/www.notariat-schoeffmann.at\/de\/","logo":{"@type":"ImageObject","inLanguage":"de","@id":"https:\/\/www.notariat-schoeffmann.at\/de\/#\/schema\/logo\/image\/","url":"https:\/\/www.notariat-schoeffmann.at\/wp-content\/uploads\/2022\/02\/logo-notariat-schoeffmann.jpg","contentUrl":"https:\/\/www.notariat-schoeffmann.at\/wp-content\/uploads\/2022\/02\/logo-notariat-schoeffmann.jpg","width":600,"height":600,"caption":"Notariat Mag. Klaus Sch\u00f6ffmann Klagenfurt"},"image":{"@id":"https:\/\/www.notariat-schoeffmann.at\/de\/#\/schema\/logo\/image\/"},"sameAs":["https:\/\/www.facebook.com\/NotarKlagenfurt","https:\/\/www.youtube.com\/channel\/UCaITfbIQh6VIpzEonUsIhcg"]}]}},"_links":{"self":[{"href":"https:\/\/www.notariat-schoeffmann.at\/de\/wp-json\/wp\/v2\/pages\/178","targetHints":{"allow":["GET"]}}],"collection":[{"href":"https:\/\/www.notariat-schoeffmann.at\/de\/wp-json\/wp\/v2\/pages"}],"about":[{"href":"https:\/\/www.notariat-schoeffmann.at\/de\/wp-json\/wp\/v2\/types\/page"}],"author":[{"embeddable":true,"href":"https:\/\/www.notariat-schoeffmann.at\/de\/wp-json\/wp\/v2\/users\/3"}],"replies":[{"embeddable":true,"href":"https:\/\/www.notariat-schoeffmann.at\/de\/wp-json\/wp\/v2\/comments?post=178"}],"version-history":[{"count":4,"href":"https:\/\/www.notariat-schoeffmann.at\/de\/wp-json\/wp\/v2\/pages\/178\/revisions"}],"predecessor-version":[{"id":2098,"href":"https:\/\/www.notariat-schoeffmann.at\/de\/wp-json\/wp\/v2\/pages\/178\/revisions\/2098"}],"up":[{"embeddable":true,"href":"https:\/\/www.notariat-schoeffmann.at\/de\/wp-json\/wp\/v2\/pages\/151"}],"wp:attachment":[{"href":"https:\/\/www.notariat-schoeffmann.at\/de\/wp-json\/wp\/v2\/media?parent=178"}],"wp:term":[{"taxonomy":"category","embeddable":true,"href":"https:\/\/www.notariat-schoeffmann.at\/de\/wp-json\/wp\/v2\/categories?post=178"}],"curies":[{"name":"wp","href":"https:\/\/api.w.org\/{rel}","templated":true}]}}