{"id":175,"date":"2021-08-09T09:57:16","date_gmt":"2021-08-09T07:57:16","guid":{"rendered":"https:\/\/www.notariat-schoeffmann.at\/?page_id=175"},"modified":"2022-03-05T09:35:14","modified_gmt":"2022-03-05T08:35:14","slug":"die-gesellschaft-buergerlichen-rechts-gesbr","status":"publish","type":"page","link":"https:\/\/www.notariat-schoeffmann.at\/de\/unternehmen\/die-gesellschaft-buergerlichen-rechts-gesbr\/","title":{"rendered":"Die Gesellschaft b\u00fcrgerlichen Rechts (GesbR)"},"content":{"rendered":"<div class=\"lazyblock-infobox-27ikIi wp-block-lazyblock-infobox\"><div class=\"notar_einleitung\">\n\n  <div class=\"notar_einleitung_wrapper\"><p>Die Gesellschaft b\u00fcrgerlichen Rechts (GesbR) ist eine Rechtsform, die gerne gew\u00e4hlt wird, wenn es darum geht, mit Partnern ein gemeinsames Projekt zu verwirklichen. Beispiele sind daher insbesondere Arbeitsgemeinschaften (h\u00e4ufig im Bauwesen) oder Joint Ventures (Kooperationsvertr\u00e4ge).<\/p><\/div>\n<\/div>\n<\/div>\n\n\n<p><\/p>\n\n\n\n<p>Die GesbR ist die Vereinbarung Arbeitsleistung allein oder auch Verm\u00f6gen zum gemeinschaftlichen Nutzen zu vereinigen.<\/p>\n\n\n\n<p>Die Gesellschaft besitzt&nbsp;<b>keine Rechtspers\u00f6nlichkeit<\/b>. Das bedeutet, dass die Gesellschafter selbst verpflichtet sind. Nur die Gesellschafter k\u00f6nnen klagen und geklagt werden oder Inhaber eines Rechts (z.B. Eigentumsrecht, Forderungsrecht) sein. Sie&nbsp;<b>haften unbeschr\u00e4nkt<\/b>&nbsp;mit dem<b>&nbsp;gesamten Betriebs-und Privatverm\u00f6gen<\/b>&nbsp;f\u00fcr die Verbindlichkeiten der GesbR.<\/p>\n\n\n\n<p>Zur&nbsp;<b>Gr\u00fcndung<\/b>&nbsp;ist der Abschluss eines Gesellschaftsvertrags n\u00f6tig. Daf\u00fcr bestehen keine besonderen Formvorschriften, die Schriftform ist jedoch empfehlenswert.<\/p>\n\n\n\n<p><b>Gesch\u00e4ftsf\u00fchrungs-und vertretungsbefugt<\/b>&nbsp;sind alle Gesellschafter. Bei gew\u00f6hnlichen Gesch\u00e4ften besteht Einzelgesch\u00e4ftsf\u00fchrungsbefugnis, den \u00fcbrigen Gesellschaftern steht ein Widerspruchsrecht zu. Au\u00dfergew\u00f6hnliche Gesch\u00e4fte (z.B. Ver\u00e4u\u00dferung oder Belastung einer Liegenschaft) m\u00fcssen einstimmig beschlossen werden. Im Gesellschaftsvertrag k\u00f6nnen abweichende Regelungen getroffen werden.<\/p>\n\n\n\n<p>Die Gesellschaft ist kein selbst\u00e4ndiges Steuersubjekt. F\u00fcr den jeweiligen Gewinnanteil sind die einzelnen Gesellschafter einkommenssteuerpflichtig.<\/p>\n\n\n<div class=\"lazyblock-infobox-ZlyTMq wp-block-lazyblock-infobox\"><div class=\"notar_beispielbox\">\n  <h2>Beispiele<\/h2>\n  <div class=\"notar_infobox_content\"><p>Betrieb eines Minderhandelsgewerbes, land- und forstwirtschaftliche Betriebe, Gelegenheitsgesellschaften, Arbeitsgemeinschaften (ArGe), Stimmrechtsbindungsvertr\u00e4ge (Syndikatsvertr\u00e4ge), Unterbeteiligungen, joint-ventures (Kooperationsvertr\u00e4ge).<\/p><\/div>\n<\/div>\n\n<\/div>","protected":false},"excerpt":{"rendered":"<p>Die GesbR ist die Vereinbarung Arbeitsleistung allein oder auch Verm\u00f6gen zum gemeinschaftlichen Nutzen zu vereinigen. Die Gesellschaft besitzt&nbsp;keine Rechtspers\u00f6nlichkeit. Das bedeutet, dass die Gesellschafter selbst verpflichtet sind. Nur die Gesellschafter k\u00f6nnen klagen und geklagt werden oder Inhaber eines Rechts (z.B. Eigentumsrecht, Forderungsrecht) sein. Sie&nbsp;haften unbeschr\u00e4nkt&nbsp;mit dem&nbsp;gesamten Betriebs-und Privatverm\u00f6gen&nbsp;f\u00fcr die Verbindlichkeiten der GesbR. Zur&nbsp;Gr\u00fcndung&nbsp;ist der Abschluss&hellip;<\/p>\n","protected":false},"author":3,"featured_media":0,"parent":151,"menu_order":2,"comment_status":"closed","ping_status":"closed","template":"","meta":{"inline_featured_image":false,"footnotes":""},"categories":[],"class_list":["post-175","page","type-page","status-publish","hentry","description-off"],"yoast_head":"<!-- This site is optimized with the Yoast SEO Premium plugin v26.7 (Yoast SEO v27.4) - https:\/\/yoast.com\/product\/yoast-seo-premium-wordpress\/ -->\n<title>Die Gesellschaft b\u00fcrgerlichen Rechts (GesbR) &#8211; Notariat Sch\u00f6ffmann<\/title>\n<meta name=\"description\" content=\"Die GesbR wird gerne als Rechtsform gew\u00e4hlt, wenn ein gemeinsames Projekt verwirklicht werden soll. Hier finden Sie Informationen zu dieser Rechtsform.\" \/>\n<meta name=\"robots\" content=\"index, follow, max-snippet:-1, max-image-preview:large, max-video-preview:-1\" \/>\n<link rel=\"canonical\" href=\"https:\/\/www.notariat-schoeffmann.at\/de\/unternehmen\/die-gesellschaft-buergerlichen-rechts-gesbr\/\" \/>\n<meta property=\"og:locale\" content=\"de_DE\" \/>\n<meta property=\"og:type\" content=\"article\" \/>\n<meta property=\"og:title\" content=\"Die Gesellschaft b\u00fcrgerlichen Rechts (GesbR) - Notariat Sch\u00f6ffmann\" \/>\n<meta property=\"og:description\" content=\"Die GesbR wird gerne als Rechtsform gew\u00e4hlt, wenn ein gemeinsames Projekt verwirklicht werden soll. Hier finden Sie Informationen zu dieser Rechtsform.\" \/>\n<meta property=\"og:url\" content=\"https:\/\/www.notariat-schoeffmann.at\/de\/unternehmen\/die-gesellschaft-buergerlichen-rechts-gesbr\/\" \/>\n<meta property=\"og:site_name\" content=\"Notariat Sch\u00f6ffmann\" \/>\n<meta property=\"article:publisher\" content=\"https:\/\/www.facebook.com\/NotarKlagenfurt\" \/>\n<meta property=\"article:modified_time\" content=\"2022-03-05T08:35:14+00:00\" \/>\n<meta property=\"og:image\" content=\"https:\/\/www.notariat-schoeffmann.at\/wp-content\/uploads\/2021\/11\/Juristen-1.jpg\" \/>\n\t<meta property=\"og:image:width\" content=\"1600\" \/>\n\t<meta property=\"og:image:height\" content=\"1067\" \/>\n\t<meta property=\"og:image:type\" content=\"image\/jpeg\" \/>\n<meta name=\"twitter:card\" content=\"summary_large_image\" \/>\n<script type=\"application\/ld+json\" class=\"yoast-schema-graph\">{\"@context\":\"https:\\\/\\\/schema.org\",\"@graph\":[{\"@type\":\"WebPage\",\"@id\":\"https:\\\/\\\/www.notariat-schoeffmann.at\\\/de\\\/unternehmen\\\/die-gesellschaft-buergerlichen-rechts-gesbr\\\/\",\"url\":\"https:\\\/\\\/www.notariat-schoeffmann.at\\\/de\\\/unternehmen\\\/die-gesellschaft-buergerlichen-rechts-gesbr\\\/\",\"name\":\"Die Gesellschaft b\u00fcrgerlichen Rechts (GesbR) &#8211; Notariat Sch\u00f6ffmann\",\"isPartOf\":{\"@id\":\"https:\\\/\\\/www.notariat-schoeffmann.at\\\/de\\\/#website\"},\"datePublished\":\"2021-08-09T07:57:16+00:00\",\"dateModified\":\"2022-03-05T08:35:14+00:00\",\"description\":\"Die GesbR wird gerne als Rechtsform gew\u00e4hlt, wenn ein gemeinsames Projekt verwirklicht werden soll. Hier finden Sie Informationen zu dieser Rechtsform.\",\"breadcrumb\":{\"@id\":\"https:\\\/\\\/www.notariat-schoeffmann.at\\\/de\\\/unternehmen\\\/die-gesellschaft-buergerlichen-rechts-gesbr\\\/#breadcrumb\"},\"inLanguage\":\"de\",\"potentialAction\":[{\"@type\":\"ReadAction\",\"target\":[\"https:\\\/\\\/www.notariat-schoeffmann.at\\\/de\\\/unternehmen\\\/die-gesellschaft-buergerlichen-rechts-gesbr\\\/\"]}]},{\"@type\":\"BreadcrumbList\",\"@id\":\"https:\\\/\\\/www.notariat-schoeffmann.at\\\/de\\\/unternehmen\\\/die-gesellschaft-buergerlichen-rechts-gesbr\\\/#breadcrumb\",\"itemListElement\":[{\"@type\":\"ListItem\",\"position\":1,\"name\":\"Startseite\",\"item\":\"https:\\\/\\\/www.notariat-schoeffmann.at\\\/de\\\/\"},{\"@type\":\"ListItem\",\"position\":2,\"name\":\"Unternehmen\",\"item\":\"https:\\\/\\\/www.notariat-schoeffmann.at\\\/de\\\/unternehmen\\\/\"},{\"@type\":\"ListItem\",\"position\":3,\"name\":\"Die Gesellschaft b\u00fcrgerlichen Rechts (GesbR)\"}]},{\"@type\":\"WebSite\",\"@id\":\"https:\\\/\\\/www.notariat-schoeffmann.at\\\/de\\\/#website\",\"url\":\"https:\\\/\\\/www.notariat-schoeffmann.at\\\/de\\\/\",\"name\":\"Notariat Sch\u00f6ffmann\",\"description\":\"Mag. Klaus Sch\u00f6ffmann - Ihr Notar in Klagenfurt\",\"publisher\":{\"@id\":\"https:\\\/\\\/www.notariat-schoeffmann.at\\\/de\\\/#organization\"},\"potentialAction\":[{\"@type\":\"SearchAction\",\"target\":{\"@type\":\"EntryPoint\",\"urlTemplate\":\"https:\\\/\\\/www.notariat-schoeffmann.at\\\/de\\\/?s={search_term_string}\"},\"query-input\":{\"@type\":\"PropertyValueSpecification\",\"valueRequired\":true,\"valueName\":\"search_term_string\"}}],\"inLanguage\":\"de\"},{\"@type\":\"Organization\",\"@id\":\"https:\\\/\\\/www.notariat-schoeffmann.at\\\/de\\\/#organization\",\"name\":\"Notariat Mag. Klaus Sch\u00f6ffmann Klagenfurt\",\"url\":\"https:\\\/\\\/www.notariat-schoeffmann.at\\\/de\\\/\",\"logo\":{\"@type\":\"ImageObject\",\"inLanguage\":\"de\",\"@id\":\"https:\\\/\\\/www.notariat-schoeffmann.at\\\/de\\\/#\\\/schema\\\/logo\\\/image\\\/\",\"url\":\"https:\\\/\\\/www.notariat-schoeffmann.at\\\/wp-content\\\/uploads\\\/2022\\\/02\\\/logo-notariat-schoeffmann.jpg\",\"contentUrl\":\"https:\\\/\\\/www.notariat-schoeffmann.at\\\/wp-content\\\/uploads\\\/2022\\\/02\\\/logo-notariat-schoeffmann.jpg\",\"width\":600,\"height\":600,\"caption\":\"Notariat Mag. Klaus Sch\u00f6ffmann Klagenfurt\"},\"image\":{\"@id\":\"https:\\\/\\\/www.notariat-schoeffmann.at\\\/de\\\/#\\\/schema\\\/logo\\\/image\\\/\"},\"sameAs\":[\"https:\\\/\\\/www.facebook.com\\\/NotarKlagenfurt\",\"https:\\\/\\\/www.youtube.com\\\/channel\\\/UCaITfbIQh6VIpzEonUsIhcg\"]}]}<\/script>\n<!-- \/ Yoast SEO Premium plugin. -->","yoast_head_json":{"title":"Die Gesellschaft b\u00fcrgerlichen Rechts (GesbR) &#8211; Notariat Sch\u00f6ffmann","description":"Die GesbR wird gerne als Rechtsform gew\u00e4hlt, wenn ein gemeinsames Projekt verwirklicht werden soll. Hier finden Sie Informationen zu dieser Rechtsform.","robots":{"index":"index","follow":"follow","max-snippet":"max-snippet:-1","max-image-preview":"max-image-preview:large","max-video-preview":"max-video-preview:-1"},"canonical":"https:\/\/www.notariat-schoeffmann.at\/de\/unternehmen\/die-gesellschaft-buergerlichen-rechts-gesbr\/","og_locale":"de_DE","og_type":"article","og_title":"Die Gesellschaft b\u00fcrgerlichen Rechts (GesbR) - Notariat Sch\u00f6ffmann","og_description":"Die GesbR wird gerne als Rechtsform gew\u00e4hlt, wenn ein gemeinsames Projekt verwirklicht werden soll. Hier finden Sie Informationen zu dieser Rechtsform.","og_url":"https:\/\/www.notariat-schoeffmann.at\/de\/unternehmen\/die-gesellschaft-buergerlichen-rechts-gesbr\/","og_site_name":"Notariat Sch\u00f6ffmann","article_publisher":"https:\/\/www.facebook.com\/NotarKlagenfurt","article_modified_time":"2022-03-05T08:35:14+00:00","og_image":[{"width":1600,"height":1067,"url":"https:\/\/www.notariat-schoeffmann.at\/wp-content\/uploads\/2021\/11\/Juristen-1.jpg","type":"image\/jpeg"}],"twitter_card":"summary_large_image","schema":{"@context":"https:\/\/schema.org","@graph":[{"@type":"WebPage","@id":"https:\/\/www.notariat-schoeffmann.at\/de\/unternehmen\/die-gesellschaft-buergerlichen-rechts-gesbr\/","url":"https:\/\/www.notariat-schoeffmann.at\/de\/unternehmen\/die-gesellschaft-buergerlichen-rechts-gesbr\/","name":"Die Gesellschaft b\u00fcrgerlichen Rechts (GesbR) &#8211; Notariat Sch\u00f6ffmann","isPartOf":{"@id":"https:\/\/www.notariat-schoeffmann.at\/de\/#website"},"datePublished":"2021-08-09T07:57:16+00:00","dateModified":"2022-03-05T08:35:14+00:00","description":"Die GesbR wird gerne als Rechtsform gew\u00e4hlt, wenn ein gemeinsames Projekt verwirklicht werden soll. Hier finden Sie Informationen zu dieser Rechtsform.","breadcrumb":{"@id":"https:\/\/www.notariat-schoeffmann.at\/de\/unternehmen\/die-gesellschaft-buergerlichen-rechts-gesbr\/#breadcrumb"},"inLanguage":"de","potentialAction":[{"@type":"ReadAction","target":["https:\/\/www.notariat-schoeffmann.at\/de\/unternehmen\/die-gesellschaft-buergerlichen-rechts-gesbr\/"]}]},{"@type":"BreadcrumbList","@id":"https:\/\/www.notariat-schoeffmann.at\/de\/unternehmen\/die-gesellschaft-buergerlichen-rechts-gesbr\/#breadcrumb","itemListElement":[{"@type":"ListItem","position":1,"name":"Startseite","item":"https:\/\/www.notariat-schoeffmann.at\/de\/"},{"@type":"ListItem","position":2,"name":"Unternehmen","item":"https:\/\/www.notariat-schoeffmann.at\/de\/unternehmen\/"},{"@type":"ListItem","position":3,"name":"Die Gesellschaft b\u00fcrgerlichen Rechts (GesbR)"}]},{"@type":"WebSite","@id":"https:\/\/www.notariat-schoeffmann.at\/de\/#website","url":"https:\/\/www.notariat-schoeffmann.at\/de\/","name":"Notariat Sch\u00f6ffmann","description":"Mag. Klaus Sch\u00f6ffmann - Ihr Notar in Klagenfurt","publisher":{"@id":"https:\/\/www.notariat-schoeffmann.at\/de\/#organization"},"potentialAction":[{"@type":"SearchAction","target":{"@type":"EntryPoint","urlTemplate":"https:\/\/www.notariat-schoeffmann.at\/de\/?s={search_term_string}"},"query-input":{"@type":"PropertyValueSpecification","valueRequired":true,"valueName":"search_term_string"}}],"inLanguage":"de"},{"@type":"Organization","@id":"https:\/\/www.notariat-schoeffmann.at\/de\/#organization","name":"Notariat Mag. Klaus Sch\u00f6ffmann Klagenfurt","url":"https:\/\/www.notariat-schoeffmann.at\/de\/","logo":{"@type":"ImageObject","inLanguage":"de","@id":"https:\/\/www.notariat-schoeffmann.at\/de\/#\/schema\/logo\/image\/","url":"https:\/\/www.notariat-schoeffmann.at\/wp-content\/uploads\/2022\/02\/logo-notariat-schoeffmann.jpg","contentUrl":"https:\/\/www.notariat-schoeffmann.at\/wp-content\/uploads\/2022\/02\/logo-notariat-schoeffmann.jpg","width":600,"height":600,"caption":"Notariat Mag. Klaus Sch\u00f6ffmann Klagenfurt"},"image":{"@id":"https:\/\/www.notariat-schoeffmann.at\/de\/#\/schema\/logo\/image\/"},"sameAs":["https:\/\/www.facebook.com\/NotarKlagenfurt","https:\/\/www.youtube.com\/channel\/UCaITfbIQh6VIpzEonUsIhcg"]}]}},"_links":{"self":[{"href":"https:\/\/www.notariat-schoeffmann.at\/de\/wp-json\/wp\/v2\/pages\/175","targetHints":{"allow":["GET"]}}],"collection":[{"href":"https:\/\/www.notariat-schoeffmann.at\/de\/wp-json\/wp\/v2\/pages"}],"about":[{"href":"https:\/\/www.notariat-schoeffmann.at\/de\/wp-json\/wp\/v2\/types\/page"}],"author":[{"embeddable":true,"href":"https:\/\/www.notariat-schoeffmann.at\/de\/wp-json\/wp\/v2\/users\/3"}],"replies":[{"embeddable":true,"href":"https:\/\/www.notariat-schoeffmann.at\/de\/wp-json\/wp\/v2\/comments?post=175"}],"version-history":[{"count":6,"href":"https:\/\/www.notariat-schoeffmann.at\/de\/wp-json\/wp\/v2\/pages\/175\/revisions"}],"predecessor-version":[{"id":2333,"href":"https:\/\/www.notariat-schoeffmann.at\/de\/wp-json\/wp\/v2\/pages\/175\/revisions\/2333"}],"up":[{"embeddable":true,"href":"https:\/\/www.notariat-schoeffmann.at\/de\/wp-json\/wp\/v2\/pages\/151"}],"wp:attachment":[{"href":"https:\/\/www.notariat-schoeffmann.at\/de\/wp-json\/wp\/v2\/media?parent=175"}],"wp:term":[{"taxonomy":"category","embeddable":true,"href":"https:\/\/www.notariat-schoeffmann.at\/de\/wp-json\/wp\/v2\/categories?post=175"}],"curies":[{"name":"wp","href":"https:\/\/api.w.org\/{rel}","templated":true}]}}