{"id":1714,"date":"2022-02-09T16:41:46","date_gmt":"2022-02-09T15:41:46","guid":{"rendered":"https:\/\/www.notariat-schoeffmann.at\/?page_id=1714"},"modified":"2022-03-06T13:25:09","modified_gmt":"2022-03-06T12:25:09","slug":"sterbeverfuegung","status":"publish","type":"page","link":"https:\/\/www.notariat-schoeffmann.at\/de\/vorsorge\/sterbeverfuegung\/","title":{"rendered":"Sterbeverf\u00fcgung"},"content":{"rendered":"<div class=\"lazyblock-infobox-1omaqM wp-block-lazyblock-infobox\"><div class=\"notar_einleitung\">\n\n  <div class=\"notar_einleitung_wrapper\"><p>Eine Sterbeverf\u00fcgung dokumentiert den Entschluss einer sterbewilligen Person ihr Leben zu beenden. Die sterbewillige Person muss vollj\u00e4hrig und zweifelsfrei entscheidungsf\u00e4hig sein und den Entschluss frei von Willensm\u00e4ngeln fassen.<\/p><\/div>\n<\/div>\n<\/div>\n\n\n<p>An diesen Entschluss stellt das Sterbeverf\u00fcgungs-Gesetz hohe Anforderungen: Die Person hat ausdr\u00fccklich in der Sterbeverf\u00fcgung zu erkl\u00e4ren, dass dieser Entschluss frei und selbstbestimmt nach zweifacher ausf\u00fchrlicher \u00e4rtzlicher Aufkl\u00e4rung und Bedenkzeit gefasst wurde. <\/p>\n\n\n\n<p>In die Verf\u00fcgung k\u00f6nnen auch hilfeleistende Personen, also vollj\u00e4hrige und entscheidungsf\u00e4hige Personen, die bereit sind, die sterbewillige Person bei der Durchf\u00fchrung der lebensbeendenden Ma\u00dfnahme zu unterst\u00fctzen, aufgenommen werden.<\/p>\n\n\n\n<p>Die sterbewillige Person muss die Ma\u00dfnahme selbst durchf\u00fchren, sie muss die Herrschaft \u00fcber den lebensbeendenden Verlauf behalten. Die hilfeleistende Personen kann zB das zum Tode f\u00fchrende Pr\u00e4parat aus der Apotheke holen.<\/p>\n\n\n\n<p>Der Notar ist berufen &#8211; aber nicht verpflichtet &#8211; die Sterbeverf\u00fcgung im Sterbeverf\u00fcgungsregister einzutragen.<\/p>\n","protected":false},"excerpt":{"rendered":"<p>An diesen Entschluss stellt das Sterbeverf\u00fcgungs-Gesetz hohe Anforderungen: Die Person hat ausdr\u00fccklich in der Sterbeverf\u00fcgung zu erkl\u00e4ren, dass dieser Entschluss frei und selbstbestimmt nach zweifacher ausf\u00fchrlicher \u00e4rtzlicher Aufkl\u00e4rung und Bedenkzeit gefasst wurde. In die Verf\u00fcgung k\u00f6nnen auch hilfeleistende Personen, also vollj\u00e4hrige und entscheidungsf\u00e4hige Personen, die bereit sind, die sterbewillige Person bei der Durchf\u00fchrung der lebensbeendenden&hellip;<\/p>\n","protected":false},"author":3,"featured_media":0,"parent":438,"menu_order":10,"comment_status":"closed","ping_status":"closed","template":"","meta":{"inline_featured_image":false,"footnotes":""},"categories":[],"class_list":["post-1714","page","type-page","status-publish","hentry","description-off"],"yoast_head":"<!-- This site is optimized with the Yoast SEO Premium plugin v26.7 (Yoast SEO v27.4) - https:\/\/yoast.com\/product\/yoast-seo-premium-wordpress\/ -->\n<title>Sterbeverf\u00fcgung &#8211; Notariat Sch\u00f6ffmann<\/title>\n<meta name=\"description\" content=\"Informationen zur Sterbeverf\u00fcgung. Unsere erste Rechtsauskunft ist f\u00fcr Sie kostenfrei!\" \/>\n<meta name=\"robots\" content=\"index, follow, max-snippet:-1, max-image-preview:large, max-video-preview:-1\" \/>\n<link rel=\"canonical\" href=\"https:\/\/www.notariat-schoeffmann.at\/de\/vorsorge\/sterbeverfuegung\/\" \/>\n<meta property=\"og:locale\" content=\"de_DE\" \/>\n<meta property=\"og:type\" content=\"article\" \/>\n<meta property=\"og:title\" content=\"Sterbeverf\u00fcgung - Notariat Sch\u00f6ffmann\" \/>\n<meta property=\"og:description\" content=\"Informationen zur Sterbeverf\u00fcgung. Unsere erste Rechtsauskunft ist f\u00fcr Sie kostenfrei!\" \/>\n<meta property=\"og:url\" content=\"https:\/\/www.notariat-schoeffmann.at\/de\/vorsorge\/sterbeverfuegung\/\" \/>\n<meta property=\"og:site_name\" content=\"Notariat Sch\u00f6ffmann\" \/>\n<meta property=\"article:publisher\" content=\"https:\/\/www.facebook.com\/NotarKlagenfurt\" \/>\n<meta property=\"article:modified_time\" content=\"2022-03-06T12:25:09+00:00\" \/>\n<meta property=\"og:image\" content=\"https:\/\/www.notariat-schoeffmann.at\/wp-content\/uploads\/2021\/11\/Juristen-1.jpg\" \/>\n\t<meta property=\"og:image:width\" content=\"1600\" \/>\n\t<meta property=\"og:image:height\" content=\"1067\" \/>\n\t<meta property=\"og:image:type\" content=\"image\/jpeg\" \/>\n<meta name=\"twitter:card\" content=\"summary_large_image\" \/>\n<script type=\"application\/ld+json\" class=\"yoast-schema-graph\">{\"@context\":\"https:\\\/\\\/schema.org\",\"@graph\":[{\"@type\":\"WebPage\",\"@id\":\"https:\\\/\\\/www.notariat-schoeffmann.at\\\/de\\\/vorsorge\\\/sterbeverfuegung\\\/\",\"url\":\"https:\\\/\\\/www.notariat-schoeffmann.at\\\/de\\\/vorsorge\\\/sterbeverfuegung\\\/\",\"name\":\"Sterbeverf\u00fcgung &#8211; Notariat Sch\u00f6ffmann\",\"isPartOf\":{\"@id\":\"https:\\\/\\\/www.notariat-schoeffmann.at\\\/de\\\/#website\"},\"datePublished\":\"2022-02-09T15:41:46+00:00\",\"dateModified\":\"2022-03-06T12:25:09+00:00\",\"description\":\"Informationen zur Sterbeverf\u00fcgung. Unsere erste Rechtsauskunft ist f\u00fcr Sie kostenfrei!\",\"breadcrumb\":{\"@id\":\"https:\\\/\\\/www.notariat-schoeffmann.at\\\/de\\\/vorsorge\\\/sterbeverfuegung\\\/#breadcrumb\"},\"inLanguage\":\"de\",\"potentialAction\":[{\"@type\":\"ReadAction\",\"target\":[\"https:\\\/\\\/www.notariat-schoeffmann.at\\\/de\\\/vorsorge\\\/sterbeverfuegung\\\/\"]}]},{\"@type\":\"BreadcrumbList\",\"@id\":\"https:\\\/\\\/www.notariat-schoeffmann.at\\\/de\\\/vorsorge\\\/sterbeverfuegung\\\/#breadcrumb\",\"itemListElement\":[{\"@type\":\"ListItem\",\"position\":1,\"name\":\"Startseite\",\"item\":\"https:\\\/\\\/www.notariat-schoeffmann.at\\\/de\\\/\"},{\"@type\":\"ListItem\",\"position\":2,\"name\":\"Vorsorge\",\"item\":\"https:\\\/\\\/www.notariat-schoeffmann.at\\\/de\\\/vorsorge\\\/\"},{\"@type\":\"ListItem\",\"position\":3,\"name\":\"Sterbeverf\u00fcgung\"}]},{\"@type\":\"WebSite\",\"@id\":\"https:\\\/\\\/www.notariat-schoeffmann.at\\\/de\\\/#website\",\"url\":\"https:\\\/\\\/www.notariat-schoeffmann.at\\\/de\\\/\",\"name\":\"Notariat Sch\u00f6ffmann\",\"description\":\"Mag. Klaus Sch\u00f6ffmann - Ihr Notar in Klagenfurt\",\"publisher\":{\"@id\":\"https:\\\/\\\/www.notariat-schoeffmann.at\\\/de\\\/#organization\"},\"potentialAction\":[{\"@type\":\"SearchAction\",\"target\":{\"@type\":\"EntryPoint\",\"urlTemplate\":\"https:\\\/\\\/www.notariat-schoeffmann.at\\\/de\\\/?s={search_term_string}\"},\"query-input\":{\"@type\":\"PropertyValueSpecification\",\"valueRequired\":true,\"valueName\":\"search_term_string\"}}],\"inLanguage\":\"de\"},{\"@type\":\"Organization\",\"@id\":\"https:\\\/\\\/www.notariat-schoeffmann.at\\\/de\\\/#organization\",\"name\":\"Notariat Mag. Klaus Sch\u00f6ffmann Klagenfurt\",\"url\":\"https:\\\/\\\/www.notariat-schoeffmann.at\\\/de\\\/\",\"logo\":{\"@type\":\"ImageObject\",\"inLanguage\":\"de\",\"@id\":\"https:\\\/\\\/www.notariat-schoeffmann.at\\\/de\\\/#\\\/schema\\\/logo\\\/image\\\/\",\"url\":\"https:\\\/\\\/www.notariat-schoeffmann.at\\\/wp-content\\\/uploads\\\/2022\\\/02\\\/logo-notariat-schoeffmann.jpg\",\"contentUrl\":\"https:\\\/\\\/www.notariat-schoeffmann.at\\\/wp-content\\\/uploads\\\/2022\\\/02\\\/logo-notariat-schoeffmann.jpg\",\"width\":600,\"height\":600,\"caption\":\"Notariat Mag. Klaus Sch\u00f6ffmann Klagenfurt\"},\"image\":{\"@id\":\"https:\\\/\\\/www.notariat-schoeffmann.at\\\/de\\\/#\\\/schema\\\/logo\\\/image\\\/\"},\"sameAs\":[\"https:\\\/\\\/www.facebook.com\\\/NotarKlagenfurt\",\"https:\\\/\\\/www.youtube.com\\\/channel\\\/UCaITfbIQh6VIpzEonUsIhcg\"]}]}<\/script>\n<!-- \/ Yoast SEO Premium plugin. -->","yoast_head_json":{"title":"Sterbeverf\u00fcgung &#8211; Notariat Sch\u00f6ffmann","description":"Informationen zur Sterbeverf\u00fcgung. Unsere erste Rechtsauskunft ist f\u00fcr Sie kostenfrei!","robots":{"index":"index","follow":"follow","max-snippet":"max-snippet:-1","max-image-preview":"max-image-preview:large","max-video-preview":"max-video-preview:-1"},"canonical":"https:\/\/www.notariat-schoeffmann.at\/de\/vorsorge\/sterbeverfuegung\/","og_locale":"de_DE","og_type":"article","og_title":"Sterbeverf\u00fcgung - Notariat Sch\u00f6ffmann","og_description":"Informationen zur Sterbeverf\u00fcgung. Unsere erste Rechtsauskunft ist f\u00fcr Sie kostenfrei!","og_url":"https:\/\/www.notariat-schoeffmann.at\/de\/vorsorge\/sterbeverfuegung\/","og_site_name":"Notariat Sch\u00f6ffmann","article_publisher":"https:\/\/www.facebook.com\/NotarKlagenfurt","article_modified_time":"2022-03-06T12:25:09+00:00","og_image":[{"width":1600,"height":1067,"url":"https:\/\/www.notariat-schoeffmann.at\/wp-content\/uploads\/2021\/11\/Juristen-1.jpg","type":"image\/jpeg"}],"twitter_card":"summary_large_image","schema":{"@context":"https:\/\/schema.org","@graph":[{"@type":"WebPage","@id":"https:\/\/www.notariat-schoeffmann.at\/de\/vorsorge\/sterbeverfuegung\/","url":"https:\/\/www.notariat-schoeffmann.at\/de\/vorsorge\/sterbeverfuegung\/","name":"Sterbeverf\u00fcgung &#8211; Notariat Sch\u00f6ffmann","isPartOf":{"@id":"https:\/\/www.notariat-schoeffmann.at\/de\/#website"},"datePublished":"2022-02-09T15:41:46+00:00","dateModified":"2022-03-06T12:25:09+00:00","description":"Informationen zur Sterbeverf\u00fcgung. Unsere erste Rechtsauskunft ist f\u00fcr Sie kostenfrei!","breadcrumb":{"@id":"https:\/\/www.notariat-schoeffmann.at\/de\/vorsorge\/sterbeverfuegung\/#breadcrumb"},"inLanguage":"de","potentialAction":[{"@type":"ReadAction","target":["https:\/\/www.notariat-schoeffmann.at\/de\/vorsorge\/sterbeverfuegung\/"]}]},{"@type":"BreadcrumbList","@id":"https:\/\/www.notariat-schoeffmann.at\/de\/vorsorge\/sterbeverfuegung\/#breadcrumb","itemListElement":[{"@type":"ListItem","position":1,"name":"Startseite","item":"https:\/\/www.notariat-schoeffmann.at\/de\/"},{"@type":"ListItem","position":2,"name":"Vorsorge","item":"https:\/\/www.notariat-schoeffmann.at\/de\/vorsorge\/"},{"@type":"ListItem","position":3,"name":"Sterbeverf\u00fcgung"}]},{"@type":"WebSite","@id":"https:\/\/www.notariat-schoeffmann.at\/de\/#website","url":"https:\/\/www.notariat-schoeffmann.at\/de\/","name":"Notariat Sch\u00f6ffmann","description":"Mag. Klaus Sch\u00f6ffmann - Ihr Notar in Klagenfurt","publisher":{"@id":"https:\/\/www.notariat-schoeffmann.at\/de\/#organization"},"potentialAction":[{"@type":"SearchAction","target":{"@type":"EntryPoint","urlTemplate":"https:\/\/www.notariat-schoeffmann.at\/de\/?s={search_term_string}"},"query-input":{"@type":"PropertyValueSpecification","valueRequired":true,"valueName":"search_term_string"}}],"inLanguage":"de"},{"@type":"Organization","@id":"https:\/\/www.notariat-schoeffmann.at\/de\/#organization","name":"Notariat Mag. Klaus Sch\u00f6ffmann Klagenfurt","url":"https:\/\/www.notariat-schoeffmann.at\/de\/","logo":{"@type":"ImageObject","inLanguage":"de","@id":"https:\/\/www.notariat-schoeffmann.at\/de\/#\/schema\/logo\/image\/","url":"https:\/\/www.notariat-schoeffmann.at\/wp-content\/uploads\/2022\/02\/logo-notariat-schoeffmann.jpg","contentUrl":"https:\/\/www.notariat-schoeffmann.at\/wp-content\/uploads\/2022\/02\/logo-notariat-schoeffmann.jpg","width":600,"height":600,"caption":"Notariat Mag. Klaus Sch\u00f6ffmann Klagenfurt"},"image":{"@id":"https:\/\/www.notariat-schoeffmann.at\/de\/#\/schema\/logo\/image\/"},"sameAs":["https:\/\/www.facebook.com\/NotarKlagenfurt","https:\/\/www.youtube.com\/channel\/UCaITfbIQh6VIpzEonUsIhcg"]}]}},"_links":{"self":[{"href":"https:\/\/www.notariat-schoeffmann.at\/de\/wp-json\/wp\/v2\/pages\/1714","targetHints":{"allow":["GET"]}}],"collection":[{"href":"https:\/\/www.notariat-schoeffmann.at\/de\/wp-json\/wp\/v2\/pages"}],"about":[{"href":"https:\/\/www.notariat-schoeffmann.at\/de\/wp-json\/wp\/v2\/types\/page"}],"author":[{"embeddable":true,"href":"https:\/\/www.notariat-schoeffmann.at\/de\/wp-json\/wp\/v2\/users\/3"}],"replies":[{"embeddable":true,"href":"https:\/\/www.notariat-schoeffmann.at\/de\/wp-json\/wp\/v2\/comments?post=1714"}],"version-history":[{"count":5,"href":"https:\/\/www.notariat-schoeffmann.at\/de\/wp-json\/wp\/v2\/pages\/1714\/revisions"}],"predecessor-version":[{"id":2439,"href":"https:\/\/www.notariat-schoeffmann.at\/de\/wp-json\/wp\/v2\/pages\/1714\/revisions\/2439"}],"up":[{"embeddable":true,"href":"https:\/\/www.notariat-schoeffmann.at\/de\/wp-json\/wp\/v2\/pages\/438"}],"wp:attachment":[{"href":"https:\/\/www.notariat-schoeffmann.at\/de\/wp-json\/wp\/v2\/media?parent=1714"}],"wp:term":[{"taxonomy":"category","embeddable":true,"href":"https:\/\/www.notariat-schoeffmann.at\/de\/wp-json\/wp\/v2\/categories?post=1714"}],"curies":[{"name":"wp","href":"https:\/\/api.w.org\/{rel}","templated":true}]}}