{"id":171,"date":"2021-08-09T09:55:43","date_gmt":"2021-08-09T07:55:43","guid":{"rendered":"https:\/\/www.notariat-schoeffmann.at\/?page_id=171"},"modified":"2022-03-05T09:40:30","modified_gmt":"2022-03-05T08:40:30","slug":"unternehmensnachfolge","status":"publish","type":"page","link":"https:\/\/www.notariat-schoeffmann.at\/de\/unternehmen\/unternehmensnachfolge\/","title":{"rendered":"Unternehmensnachfolge"},"content":{"rendered":"\n<p>Die gesetzliche Erbfolge wirkt sich regelm\u00e4\u00dfig nachteilig auf den Weiterbestand eines Unternehmens aus. Probleme ergeben sich insbesondere bei Hinterlassung mehrerer Erben, wenn die Entscheidung \u00fcber die Unternehmensnachfolge dem Erben \u00fcberlassen wird bzw. zwei oder mehrere Miterben ein Unternehmen gemeinsam fortf\u00fchren.<\/p>\n\n\n\n<p>Erbteilungsanspr\u00fcche und Erbstreitigkeiten k\u00f6nnen die wirtschaftliche Existenz eines Unternehmens gef\u00e4hrden, da f\u00fcr Zwecke der Erbteilung und zur Berechnung der Erb- und Pflichtteilsanspr\u00fcche ein Unternehmen nicht mit dem steuerlichen Einheitswert, sondern stets mit dem Verkehrswert (einschlie\u00dflich good will) bewertet wird, der im Streitfall von gerichtlich beeideten Sachverst\u00e4ndigen ermittelt wird.<\/p>\n\n\n<div class=\"lazyblock-infobox-NRQbO wp-block-lazyblock-infobox\"><div class=\"notar_beispielbox\">\n  <h2>Beispiel<\/h2>\n  <div class=\"notar_infobox_content\"><p>Ein Unternehmer hinterl\u00e4sst zwei Kinder und eine Ehegattin. Die Ehegattin hat bisher nicht im Unternehmen mitgearbeitet, ein Sohn ist fachkundig und sollte dem Unternehmer nachfolgen. Einziges Verlassenschaftsverm\u00f6gen von Wert ist das Unternehmen.<\/p><p>Mangels Testaments tritt die gesetzliche Erbfolge ein, sowohl die Gattin als auch jedes Kind erhalten ein Drittel der Verlassenschaft.\u00a0<strong>Der fachkundige und allenfalls bereits mitt\u00e4tige Sohn hat kein Sonderrecht\u00a0<\/strong>(wie etwa bei der b\u00e4uerlichen Erbfolge). Da er die Erbteile der Miterben nicht auszahlen kann und die Miterben auf Erbanspr\u00fcche nicht verzichten, muss entweder eine gesellschaftsrechtliche L\u00f6sung unter Gewinnbeteiligung der Miterben gesucht, oder das Unternehmen ver\u00e4u\u00dfert bzw. liquidiert werden.<\/p><\/div>\n<\/div>\n\n<\/div>\n\n\n<p>Das <a href=\"https:\/\/www.notariat-schoeffmann.at\/unternehmen\/unternehmensnachfolge\/unternehmertestamente\/\">Unternehmertestament\u00a0<\/a>ist daher auch eine &#8222;Lebensversicherung&#8220; f\u00fcr den Betrieb!<\/p>\n","protected":false},"excerpt":{"rendered":"<p>Die gesetzliche Erbfolge wirkt sich regelm\u00e4\u00dfig nachteilig auf den Weiterbestand eines Unternehmens aus. Probleme ergeben sich insbesondere bei Hinterlassung mehrerer Erben, wenn die Entscheidung \u00fcber die Unternehmensnachfolge dem Erben \u00fcberlassen wird bzw. zwei oder mehrere Miterben ein Unternehmen gemeinsam fortf\u00fchren. Erbteilungsanspr\u00fcche und Erbstreitigkeiten k\u00f6nnen die wirtschaftliche Existenz eines Unternehmens gef\u00e4hrden, da f\u00fcr Zwecke der Erbteilung&hellip;<\/p>\n","protected":false},"author":3,"featured_media":0,"parent":151,"menu_order":8,"comment_status":"closed","ping_status":"closed","template":"","meta":{"inline_featured_image":false,"footnotes":""},"categories":[],"class_list":["post-171","page","type-page","status-publish","hentry","description-off"],"yoast_head":"<!-- This site is optimized with the Yoast SEO Premium plugin v26.7 (Yoast SEO v27.4) - https:\/\/yoast.com\/product\/yoast-seo-premium-wordpress\/ -->\n<title>Unternehmensnachfolge &#8211; Notariat Sch\u00f6ffmann<\/title>\n<meta name=\"description\" content=\"Die gesetzliche Erbfolge wirkt sich regelm\u00e4\u00dfig nachteilig auf den Weiterbestand eines Unternehmens aus. Eine Regelung im Testament kann den Bestand sichern.\" \/>\n<meta name=\"robots\" content=\"index, follow, max-snippet:-1, max-image-preview:large, max-video-preview:-1\" \/>\n<link rel=\"canonical\" href=\"https:\/\/www.notariat-schoeffmann.at\/de\/unternehmen\/unternehmensnachfolge\/\" \/>\n<meta property=\"og:locale\" content=\"de_DE\" \/>\n<meta property=\"og:type\" content=\"article\" \/>\n<meta property=\"og:title\" content=\"Unternehmensnachfolge - Notariat Sch\u00f6ffmann\" \/>\n<meta property=\"og:description\" content=\"Die gesetzliche Erbfolge wirkt sich regelm\u00e4\u00dfig nachteilig auf den Weiterbestand eines Unternehmens aus. Eine Regelung im Testament kann den Bestand sichern.\" \/>\n<meta property=\"og:url\" content=\"https:\/\/www.notariat-schoeffmann.at\/de\/unternehmen\/unternehmensnachfolge\/\" \/>\n<meta property=\"og:site_name\" content=\"Notariat Sch\u00f6ffmann\" \/>\n<meta property=\"article:publisher\" content=\"https:\/\/www.facebook.com\/NotarKlagenfurt\" \/>\n<meta property=\"article:modified_time\" content=\"2022-03-05T08:40:30+00:00\" \/>\n<meta property=\"og:image\" content=\"https:\/\/www.notariat-schoeffmann.at\/wp-content\/uploads\/2021\/11\/Juristen-1.jpg\" \/>\n\t<meta property=\"og:image:width\" content=\"1600\" \/>\n\t<meta property=\"og:image:height\" content=\"1067\" \/>\n\t<meta property=\"og:image:type\" content=\"image\/jpeg\" \/>\n<meta name=\"twitter:card\" content=\"summary_large_image\" \/>\n<script type=\"application\/ld+json\" class=\"yoast-schema-graph\">{\"@context\":\"https:\\\/\\\/schema.org\",\"@graph\":[{\"@type\":\"WebPage\",\"@id\":\"https:\\\/\\\/www.notariat-schoeffmann.at\\\/de\\\/unternehmen\\\/unternehmensnachfolge\\\/\",\"url\":\"https:\\\/\\\/www.notariat-schoeffmann.at\\\/de\\\/unternehmen\\\/unternehmensnachfolge\\\/\",\"name\":\"Unternehmensnachfolge &#8211; Notariat Sch\u00f6ffmann\",\"isPartOf\":{\"@id\":\"https:\\\/\\\/www.notariat-schoeffmann.at\\\/de\\\/#website\"},\"datePublished\":\"2021-08-09T07:55:43+00:00\",\"dateModified\":\"2022-03-05T08:40:30+00:00\",\"description\":\"Die gesetzliche Erbfolge wirkt sich regelm\u00e4\u00dfig nachteilig auf den Weiterbestand eines Unternehmens aus. Eine Regelung im Testament kann den Bestand sichern.\",\"breadcrumb\":{\"@id\":\"https:\\\/\\\/www.notariat-schoeffmann.at\\\/de\\\/unternehmen\\\/unternehmensnachfolge\\\/#breadcrumb\"},\"inLanguage\":\"de\",\"potentialAction\":[{\"@type\":\"ReadAction\",\"target\":[\"https:\\\/\\\/www.notariat-schoeffmann.at\\\/de\\\/unternehmen\\\/unternehmensnachfolge\\\/\"]}]},{\"@type\":\"BreadcrumbList\",\"@id\":\"https:\\\/\\\/www.notariat-schoeffmann.at\\\/de\\\/unternehmen\\\/unternehmensnachfolge\\\/#breadcrumb\",\"itemListElement\":[{\"@type\":\"ListItem\",\"position\":1,\"name\":\"Startseite\",\"item\":\"https:\\\/\\\/www.notariat-schoeffmann.at\\\/de\\\/\"},{\"@type\":\"ListItem\",\"position\":2,\"name\":\"Unternehmen\",\"item\":\"https:\\\/\\\/www.notariat-schoeffmann.at\\\/de\\\/unternehmen\\\/\"},{\"@type\":\"ListItem\",\"position\":3,\"name\":\"Unternehmensnachfolge\"}]},{\"@type\":\"WebSite\",\"@id\":\"https:\\\/\\\/www.notariat-schoeffmann.at\\\/de\\\/#website\",\"url\":\"https:\\\/\\\/www.notariat-schoeffmann.at\\\/de\\\/\",\"name\":\"Notariat Sch\u00f6ffmann\",\"description\":\"Mag. Klaus Sch\u00f6ffmann - Ihr Notar in Klagenfurt\",\"publisher\":{\"@id\":\"https:\\\/\\\/www.notariat-schoeffmann.at\\\/de\\\/#organization\"},\"potentialAction\":[{\"@type\":\"SearchAction\",\"target\":{\"@type\":\"EntryPoint\",\"urlTemplate\":\"https:\\\/\\\/www.notariat-schoeffmann.at\\\/de\\\/?s={search_term_string}\"},\"query-input\":{\"@type\":\"PropertyValueSpecification\",\"valueRequired\":true,\"valueName\":\"search_term_string\"}}],\"inLanguage\":\"de\"},{\"@type\":\"Organization\",\"@id\":\"https:\\\/\\\/www.notariat-schoeffmann.at\\\/de\\\/#organization\",\"name\":\"Notariat Mag. Klaus Sch\u00f6ffmann Klagenfurt\",\"url\":\"https:\\\/\\\/www.notariat-schoeffmann.at\\\/de\\\/\",\"logo\":{\"@type\":\"ImageObject\",\"inLanguage\":\"de\",\"@id\":\"https:\\\/\\\/www.notariat-schoeffmann.at\\\/de\\\/#\\\/schema\\\/logo\\\/image\\\/\",\"url\":\"https:\\\/\\\/www.notariat-schoeffmann.at\\\/wp-content\\\/uploads\\\/2022\\\/02\\\/logo-notariat-schoeffmann.jpg\",\"contentUrl\":\"https:\\\/\\\/www.notariat-schoeffmann.at\\\/wp-content\\\/uploads\\\/2022\\\/02\\\/logo-notariat-schoeffmann.jpg\",\"width\":600,\"height\":600,\"caption\":\"Notariat Mag. Klaus Sch\u00f6ffmann Klagenfurt\"},\"image\":{\"@id\":\"https:\\\/\\\/www.notariat-schoeffmann.at\\\/de\\\/#\\\/schema\\\/logo\\\/image\\\/\"},\"sameAs\":[\"https:\\\/\\\/www.facebook.com\\\/NotarKlagenfurt\",\"https:\\\/\\\/www.youtube.com\\\/channel\\\/UCaITfbIQh6VIpzEonUsIhcg\"]}]}<\/script>\n<!-- \/ Yoast SEO Premium plugin. -->","yoast_head_json":{"title":"Unternehmensnachfolge &#8211; Notariat Sch\u00f6ffmann","description":"Die gesetzliche Erbfolge wirkt sich regelm\u00e4\u00dfig nachteilig auf den Weiterbestand eines Unternehmens aus. Eine Regelung im Testament kann den Bestand sichern.","robots":{"index":"index","follow":"follow","max-snippet":"max-snippet:-1","max-image-preview":"max-image-preview:large","max-video-preview":"max-video-preview:-1"},"canonical":"https:\/\/www.notariat-schoeffmann.at\/de\/unternehmen\/unternehmensnachfolge\/","og_locale":"de_DE","og_type":"article","og_title":"Unternehmensnachfolge - Notariat Sch\u00f6ffmann","og_description":"Die gesetzliche Erbfolge wirkt sich regelm\u00e4\u00dfig nachteilig auf den Weiterbestand eines Unternehmens aus. Eine Regelung im Testament kann den Bestand sichern.","og_url":"https:\/\/www.notariat-schoeffmann.at\/de\/unternehmen\/unternehmensnachfolge\/","og_site_name":"Notariat Sch\u00f6ffmann","article_publisher":"https:\/\/www.facebook.com\/NotarKlagenfurt","article_modified_time":"2022-03-05T08:40:30+00:00","og_image":[{"width":1600,"height":1067,"url":"https:\/\/www.notariat-schoeffmann.at\/wp-content\/uploads\/2021\/11\/Juristen-1.jpg","type":"image\/jpeg"}],"twitter_card":"summary_large_image","schema":{"@context":"https:\/\/schema.org","@graph":[{"@type":"WebPage","@id":"https:\/\/www.notariat-schoeffmann.at\/de\/unternehmen\/unternehmensnachfolge\/","url":"https:\/\/www.notariat-schoeffmann.at\/de\/unternehmen\/unternehmensnachfolge\/","name":"Unternehmensnachfolge &#8211; Notariat Sch\u00f6ffmann","isPartOf":{"@id":"https:\/\/www.notariat-schoeffmann.at\/de\/#website"},"datePublished":"2021-08-09T07:55:43+00:00","dateModified":"2022-03-05T08:40:30+00:00","description":"Die gesetzliche Erbfolge wirkt sich regelm\u00e4\u00dfig nachteilig auf den Weiterbestand eines Unternehmens aus. Eine Regelung im Testament kann den Bestand sichern.","breadcrumb":{"@id":"https:\/\/www.notariat-schoeffmann.at\/de\/unternehmen\/unternehmensnachfolge\/#breadcrumb"},"inLanguage":"de","potentialAction":[{"@type":"ReadAction","target":["https:\/\/www.notariat-schoeffmann.at\/de\/unternehmen\/unternehmensnachfolge\/"]}]},{"@type":"BreadcrumbList","@id":"https:\/\/www.notariat-schoeffmann.at\/de\/unternehmen\/unternehmensnachfolge\/#breadcrumb","itemListElement":[{"@type":"ListItem","position":1,"name":"Startseite","item":"https:\/\/www.notariat-schoeffmann.at\/de\/"},{"@type":"ListItem","position":2,"name":"Unternehmen","item":"https:\/\/www.notariat-schoeffmann.at\/de\/unternehmen\/"},{"@type":"ListItem","position":3,"name":"Unternehmensnachfolge"}]},{"@type":"WebSite","@id":"https:\/\/www.notariat-schoeffmann.at\/de\/#website","url":"https:\/\/www.notariat-schoeffmann.at\/de\/","name":"Notariat Sch\u00f6ffmann","description":"Mag. Klaus Sch\u00f6ffmann - Ihr Notar in Klagenfurt","publisher":{"@id":"https:\/\/www.notariat-schoeffmann.at\/de\/#organization"},"potentialAction":[{"@type":"SearchAction","target":{"@type":"EntryPoint","urlTemplate":"https:\/\/www.notariat-schoeffmann.at\/de\/?s={search_term_string}"},"query-input":{"@type":"PropertyValueSpecification","valueRequired":true,"valueName":"search_term_string"}}],"inLanguage":"de"},{"@type":"Organization","@id":"https:\/\/www.notariat-schoeffmann.at\/de\/#organization","name":"Notariat Mag. Klaus Sch\u00f6ffmann Klagenfurt","url":"https:\/\/www.notariat-schoeffmann.at\/de\/","logo":{"@type":"ImageObject","inLanguage":"de","@id":"https:\/\/www.notariat-schoeffmann.at\/de\/#\/schema\/logo\/image\/","url":"https:\/\/www.notariat-schoeffmann.at\/wp-content\/uploads\/2022\/02\/logo-notariat-schoeffmann.jpg","contentUrl":"https:\/\/www.notariat-schoeffmann.at\/wp-content\/uploads\/2022\/02\/logo-notariat-schoeffmann.jpg","width":600,"height":600,"caption":"Notariat Mag. Klaus Sch\u00f6ffmann Klagenfurt"},"image":{"@id":"https:\/\/www.notariat-schoeffmann.at\/de\/#\/schema\/logo\/image\/"},"sameAs":["https:\/\/www.facebook.com\/NotarKlagenfurt","https:\/\/www.youtube.com\/channel\/UCaITfbIQh6VIpzEonUsIhcg"]}]}},"_links":{"self":[{"href":"https:\/\/www.notariat-schoeffmann.at\/de\/wp-json\/wp\/v2\/pages\/171","targetHints":{"allow":["GET"]}}],"collection":[{"href":"https:\/\/www.notariat-schoeffmann.at\/de\/wp-json\/wp\/v2\/pages"}],"about":[{"href":"https:\/\/www.notariat-schoeffmann.at\/de\/wp-json\/wp\/v2\/types\/page"}],"author":[{"embeddable":true,"href":"https:\/\/www.notariat-schoeffmann.at\/de\/wp-json\/wp\/v2\/users\/3"}],"replies":[{"embeddable":true,"href":"https:\/\/www.notariat-schoeffmann.at\/de\/wp-json\/wp\/v2\/comments?post=171"}],"version-history":[{"count":5,"href":"https:\/\/www.notariat-schoeffmann.at\/de\/wp-json\/wp\/v2\/pages\/171\/revisions"}],"predecessor-version":[{"id":2342,"href":"https:\/\/www.notariat-schoeffmann.at\/de\/wp-json\/wp\/v2\/pages\/171\/revisions\/2342"}],"up":[{"embeddable":true,"href":"https:\/\/www.notariat-schoeffmann.at\/de\/wp-json\/wp\/v2\/pages\/151"}],"wp:attachment":[{"href":"https:\/\/www.notariat-schoeffmann.at\/de\/wp-json\/wp\/v2\/media?parent=171"}],"wp:term":[{"taxonomy":"category","embeddable":true,"href":"https:\/\/www.notariat-schoeffmann.at\/de\/wp-json\/wp\/v2\/categories?post=171"}],"curies":[{"name":"wp","href":"https:\/\/api.w.org\/{rel}","templated":true}]}}