{"id":169,"date":"2021-08-09T09:54:44","date_gmt":"2021-08-09T07:54:44","guid":{"rendered":"https:\/\/www.notariat-schoeffmann.at\/?page_id=169"},"modified":"2022-02-26T21:50:14","modified_gmt":"2022-02-26T20:50:14","slug":"stiftung-von-todes-wegen","status":"publish","type":"page","link":"https:\/\/www.notariat-schoeffmann.at\/de\/unternehmen\/stiftungen\/stiftung-von-todes-wegen\/","title":{"rendered":"Stiftung von Todes wegen"},"content":{"rendered":"<div class=\"standard typo3-neos-nodetypes-text\">\n<div>\n<p>Eine Privatstiftung kann auch durch eine letztwillige Stiftungserkl\u00e4rung errichtet werden. Inhaltlich muss sie dieselben Voraussetzungen wie eine lebzeitige Stiftungserkl\u00e4rung erf\u00fcllen (Widmung des Verm\u00f6gens, Angabe des Stiftungszwecks, der Beg\u00fcnstigten, des Sitzes und der Dauer der Privatstiftung). Der Stifter sollte auch regeln, ob die Stiftung das zugewendete Verm\u00f6gen als Erbin oder als Verm\u00e4chtnisnehmerin erwerben soll.<\/p>\n<p>Mit Ableben des Stifters wird die Privatstiftung wirksam. Die Privatstiftung entsteht jedoch erst mit Eintragung im Firmenbuch, welche der Stiftungsvorstand veranlassen muss. Bis dahin hat der vom Stifter bestimmte Stiftungsvorstand die Stiftung im Verlassenschaftsverfahren zu vertreten. Er gibt daher die Erbantritterkl\u00e4rung f\u00fcr die Stiftung ab bzw. kann die Herausgabe des Verm\u00e4chtnisses verlangen.<\/p>\n<p>Die R\u00fccksprache mit Ihrem Notar und Steuerberater ist zwingend notwendig.<\/p>\n<\/div>\n<\/div>\n","protected":false},"excerpt":{"rendered":"<p>Eine Privatstiftung kann auch durch eine letztwillige Stiftungserkl\u00e4rung errichtet werden. Inhaltlich muss sie dieselben Voraussetzungen wie eine lebzeitige Stiftungserkl\u00e4rung erf\u00fcllen (Widmung des Verm\u00f6gens, Angabe des Stiftungszwecks, der Beg\u00fcnstigten, des Sitzes und der Dauer der Privatstiftung). Der Stifter sollte auch regeln, ob die Stiftung das zugewendete Verm\u00f6gen als Erbin oder als Verm\u00e4chtnisnehmerin erwerben soll. Mit Ableben&hellip;<\/p>\n","protected":false},"author":3,"featured_media":0,"parent":160,"menu_order":2,"comment_status":"closed","ping_status":"closed","template":"","meta":{"inline_featured_image":false,"footnotes":""},"categories":[],"class_list":["post-169","page","type-page","status-publish","hentry","description-off"],"yoast_head":"<!-- This site is optimized with the Yoast SEO Premium plugin v26.7 (Yoast SEO v27.4) - https:\/\/yoast.com\/product\/yoast-seo-premium-wordpress\/ -->\n<title>Stiftung von Todes wegen &#8211; Notariat Sch\u00f6ffmann<\/title>\n<meta name=\"description\" content=\"Die Stiftung von Todes wegen ist ein immer seltener gew\u00e4hltes Instrument bei gro\u00dfen Verm\u00f6gensmassen. Sie wird durch letztwillige Stiftungserkl\u00e4rung errichtet.\" \/>\n<meta name=\"robots\" content=\"index, follow, max-snippet:-1, max-image-preview:large, max-video-preview:-1\" \/>\n<link rel=\"canonical\" href=\"https:\/\/www.notariat-schoeffmann.at\/de\/unternehmen\/stiftungen\/stiftung-von-todes-wegen\/\" \/>\n<meta property=\"og:locale\" content=\"de_DE\" \/>\n<meta property=\"og:type\" content=\"article\" \/>\n<meta property=\"og:title\" content=\"Stiftung von Todes wegen - Notariat Sch\u00f6ffmann\" \/>\n<meta property=\"og:description\" content=\"Die Stiftung von Todes wegen ist ein immer seltener gew\u00e4hltes Instrument bei gro\u00dfen Verm\u00f6gensmassen. Sie wird durch letztwillige Stiftungserkl\u00e4rung errichtet.\" \/>\n<meta property=\"og:url\" content=\"https:\/\/www.notariat-schoeffmann.at\/de\/unternehmen\/stiftungen\/stiftung-von-todes-wegen\/\" \/>\n<meta property=\"og:site_name\" content=\"Notariat Sch\u00f6ffmann\" \/>\n<meta property=\"article:publisher\" content=\"https:\/\/www.facebook.com\/NotarKlagenfurt\" \/>\n<meta property=\"article:modified_time\" content=\"2022-02-26T20:50:14+00:00\" \/>\n<meta property=\"og:image\" content=\"https:\/\/www.notariat-schoeffmann.at\/wp-content\/uploads\/2021\/11\/Juristen-1.jpg\" \/>\n\t<meta property=\"og:image:width\" content=\"1600\" \/>\n\t<meta property=\"og:image:height\" content=\"1067\" \/>\n\t<meta property=\"og:image:type\" content=\"image\/jpeg\" \/>\n<meta name=\"twitter:card\" content=\"summary_large_image\" \/>\n<script type=\"application\/ld+json\" class=\"yoast-schema-graph\">{\"@context\":\"https:\\\/\\\/schema.org\",\"@graph\":[{\"@type\":\"WebPage\",\"@id\":\"https:\\\/\\\/www.notariat-schoeffmann.at\\\/de\\\/unternehmen\\\/stiftungen\\\/stiftung-von-todes-wegen\\\/\",\"url\":\"https:\\\/\\\/www.notariat-schoeffmann.at\\\/de\\\/unternehmen\\\/stiftungen\\\/stiftung-von-todes-wegen\\\/\",\"name\":\"Stiftung von Todes wegen &#8211; Notariat Sch\u00f6ffmann\",\"isPartOf\":{\"@id\":\"https:\\\/\\\/www.notariat-schoeffmann.at\\\/de\\\/#website\"},\"datePublished\":\"2021-08-09T07:54:44+00:00\",\"dateModified\":\"2022-02-26T20:50:14+00:00\",\"description\":\"Die Stiftung von Todes wegen ist ein immer seltener gew\u00e4hltes Instrument bei gro\u00dfen Verm\u00f6gensmassen. Sie wird durch letztwillige Stiftungserkl\u00e4rung errichtet.\",\"breadcrumb\":{\"@id\":\"https:\\\/\\\/www.notariat-schoeffmann.at\\\/de\\\/unternehmen\\\/stiftungen\\\/stiftung-von-todes-wegen\\\/#breadcrumb\"},\"inLanguage\":\"de\",\"potentialAction\":[{\"@type\":\"ReadAction\",\"target\":[\"https:\\\/\\\/www.notariat-schoeffmann.at\\\/de\\\/unternehmen\\\/stiftungen\\\/stiftung-von-todes-wegen\\\/\"]}]},{\"@type\":\"BreadcrumbList\",\"@id\":\"https:\\\/\\\/www.notariat-schoeffmann.at\\\/de\\\/unternehmen\\\/stiftungen\\\/stiftung-von-todes-wegen\\\/#breadcrumb\",\"itemListElement\":[{\"@type\":\"ListItem\",\"position\":1,\"name\":\"Startseite\",\"item\":\"https:\\\/\\\/www.notariat-schoeffmann.at\\\/de\\\/\"},{\"@type\":\"ListItem\",\"position\":2,\"name\":\"Unternehmen\",\"item\":\"https:\\\/\\\/www.notariat-schoeffmann.at\\\/de\\\/unternehmen\\\/\"},{\"@type\":\"ListItem\",\"position\":3,\"name\":\"Stiftungen\",\"item\":\"https:\\\/\\\/www.notariat-schoeffmann.at\\\/de\\\/unternehmen\\\/stiftungen\\\/\"},{\"@type\":\"ListItem\",\"position\":4,\"name\":\"Stiftung von Todes wegen\"}]},{\"@type\":\"WebSite\",\"@id\":\"https:\\\/\\\/www.notariat-schoeffmann.at\\\/de\\\/#website\",\"url\":\"https:\\\/\\\/www.notariat-schoeffmann.at\\\/de\\\/\",\"name\":\"Notariat Sch\u00f6ffmann\",\"description\":\"Mag. Klaus Sch\u00f6ffmann - Ihr Notar in Klagenfurt\",\"publisher\":{\"@id\":\"https:\\\/\\\/www.notariat-schoeffmann.at\\\/de\\\/#organization\"},\"potentialAction\":[{\"@type\":\"SearchAction\",\"target\":{\"@type\":\"EntryPoint\",\"urlTemplate\":\"https:\\\/\\\/www.notariat-schoeffmann.at\\\/de\\\/?s={search_term_string}\"},\"query-input\":{\"@type\":\"PropertyValueSpecification\",\"valueRequired\":true,\"valueName\":\"search_term_string\"}}],\"inLanguage\":\"de\"},{\"@type\":\"Organization\",\"@id\":\"https:\\\/\\\/www.notariat-schoeffmann.at\\\/de\\\/#organization\",\"name\":\"Notariat Mag. Klaus Sch\u00f6ffmann Klagenfurt\",\"url\":\"https:\\\/\\\/www.notariat-schoeffmann.at\\\/de\\\/\",\"logo\":{\"@type\":\"ImageObject\",\"inLanguage\":\"de\",\"@id\":\"https:\\\/\\\/www.notariat-schoeffmann.at\\\/de\\\/#\\\/schema\\\/logo\\\/image\\\/\",\"url\":\"https:\\\/\\\/www.notariat-schoeffmann.at\\\/wp-content\\\/uploads\\\/2022\\\/02\\\/logo-notariat-schoeffmann.jpg\",\"contentUrl\":\"https:\\\/\\\/www.notariat-schoeffmann.at\\\/wp-content\\\/uploads\\\/2022\\\/02\\\/logo-notariat-schoeffmann.jpg\",\"width\":600,\"height\":600,\"caption\":\"Notariat Mag. Klaus Sch\u00f6ffmann Klagenfurt\"},\"image\":{\"@id\":\"https:\\\/\\\/www.notariat-schoeffmann.at\\\/de\\\/#\\\/schema\\\/logo\\\/image\\\/\"},\"sameAs\":[\"https:\\\/\\\/www.facebook.com\\\/NotarKlagenfurt\",\"https:\\\/\\\/www.youtube.com\\\/channel\\\/UCaITfbIQh6VIpzEonUsIhcg\"]}]}<\/script>\n<!-- \/ Yoast SEO Premium plugin. -->","yoast_head_json":{"title":"Stiftung von Todes wegen &#8211; Notariat Sch\u00f6ffmann","description":"Die Stiftung von Todes wegen ist ein immer seltener gew\u00e4hltes Instrument bei gro\u00dfen Verm\u00f6gensmassen. Sie wird durch letztwillige Stiftungserkl\u00e4rung errichtet.","robots":{"index":"index","follow":"follow","max-snippet":"max-snippet:-1","max-image-preview":"max-image-preview:large","max-video-preview":"max-video-preview:-1"},"canonical":"https:\/\/www.notariat-schoeffmann.at\/de\/unternehmen\/stiftungen\/stiftung-von-todes-wegen\/","og_locale":"de_DE","og_type":"article","og_title":"Stiftung von Todes wegen - Notariat Sch\u00f6ffmann","og_description":"Die Stiftung von Todes wegen ist ein immer seltener gew\u00e4hltes Instrument bei gro\u00dfen Verm\u00f6gensmassen. Sie wird durch letztwillige Stiftungserkl\u00e4rung errichtet.","og_url":"https:\/\/www.notariat-schoeffmann.at\/de\/unternehmen\/stiftungen\/stiftung-von-todes-wegen\/","og_site_name":"Notariat Sch\u00f6ffmann","article_publisher":"https:\/\/www.facebook.com\/NotarKlagenfurt","article_modified_time":"2022-02-26T20:50:14+00:00","og_image":[{"width":1600,"height":1067,"url":"https:\/\/www.notariat-schoeffmann.at\/wp-content\/uploads\/2021\/11\/Juristen-1.jpg","type":"image\/jpeg"}],"twitter_card":"summary_large_image","schema":{"@context":"https:\/\/schema.org","@graph":[{"@type":"WebPage","@id":"https:\/\/www.notariat-schoeffmann.at\/de\/unternehmen\/stiftungen\/stiftung-von-todes-wegen\/","url":"https:\/\/www.notariat-schoeffmann.at\/de\/unternehmen\/stiftungen\/stiftung-von-todes-wegen\/","name":"Stiftung von Todes wegen &#8211; Notariat Sch\u00f6ffmann","isPartOf":{"@id":"https:\/\/www.notariat-schoeffmann.at\/de\/#website"},"datePublished":"2021-08-09T07:54:44+00:00","dateModified":"2022-02-26T20:50:14+00:00","description":"Die Stiftung von Todes wegen ist ein immer seltener gew\u00e4hltes Instrument bei gro\u00dfen Verm\u00f6gensmassen. Sie wird durch letztwillige Stiftungserkl\u00e4rung errichtet.","breadcrumb":{"@id":"https:\/\/www.notariat-schoeffmann.at\/de\/unternehmen\/stiftungen\/stiftung-von-todes-wegen\/#breadcrumb"},"inLanguage":"de","potentialAction":[{"@type":"ReadAction","target":["https:\/\/www.notariat-schoeffmann.at\/de\/unternehmen\/stiftungen\/stiftung-von-todes-wegen\/"]}]},{"@type":"BreadcrumbList","@id":"https:\/\/www.notariat-schoeffmann.at\/de\/unternehmen\/stiftungen\/stiftung-von-todes-wegen\/#breadcrumb","itemListElement":[{"@type":"ListItem","position":1,"name":"Startseite","item":"https:\/\/www.notariat-schoeffmann.at\/de\/"},{"@type":"ListItem","position":2,"name":"Unternehmen","item":"https:\/\/www.notariat-schoeffmann.at\/de\/unternehmen\/"},{"@type":"ListItem","position":3,"name":"Stiftungen","item":"https:\/\/www.notariat-schoeffmann.at\/de\/unternehmen\/stiftungen\/"},{"@type":"ListItem","position":4,"name":"Stiftung von Todes wegen"}]},{"@type":"WebSite","@id":"https:\/\/www.notariat-schoeffmann.at\/de\/#website","url":"https:\/\/www.notariat-schoeffmann.at\/de\/","name":"Notariat Sch\u00f6ffmann","description":"Mag. Klaus Sch\u00f6ffmann - Ihr Notar in Klagenfurt","publisher":{"@id":"https:\/\/www.notariat-schoeffmann.at\/de\/#organization"},"potentialAction":[{"@type":"SearchAction","target":{"@type":"EntryPoint","urlTemplate":"https:\/\/www.notariat-schoeffmann.at\/de\/?s={search_term_string}"},"query-input":{"@type":"PropertyValueSpecification","valueRequired":true,"valueName":"search_term_string"}}],"inLanguage":"de"},{"@type":"Organization","@id":"https:\/\/www.notariat-schoeffmann.at\/de\/#organization","name":"Notariat Mag. Klaus Sch\u00f6ffmann Klagenfurt","url":"https:\/\/www.notariat-schoeffmann.at\/de\/","logo":{"@type":"ImageObject","inLanguage":"de","@id":"https:\/\/www.notariat-schoeffmann.at\/de\/#\/schema\/logo\/image\/","url":"https:\/\/www.notariat-schoeffmann.at\/wp-content\/uploads\/2022\/02\/logo-notariat-schoeffmann.jpg","contentUrl":"https:\/\/www.notariat-schoeffmann.at\/wp-content\/uploads\/2022\/02\/logo-notariat-schoeffmann.jpg","width":600,"height":600,"caption":"Notariat Mag. Klaus Sch\u00f6ffmann Klagenfurt"},"image":{"@id":"https:\/\/www.notariat-schoeffmann.at\/de\/#\/schema\/logo\/image\/"},"sameAs":["https:\/\/www.facebook.com\/NotarKlagenfurt","https:\/\/www.youtube.com\/channel\/UCaITfbIQh6VIpzEonUsIhcg"]}]}},"_links":{"self":[{"href":"https:\/\/www.notariat-schoeffmann.at\/de\/wp-json\/wp\/v2\/pages\/169","targetHints":{"allow":["GET"]}}],"collection":[{"href":"https:\/\/www.notariat-schoeffmann.at\/de\/wp-json\/wp\/v2\/pages"}],"about":[{"href":"https:\/\/www.notariat-schoeffmann.at\/de\/wp-json\/wp\/v2\/types\/page"}],"author":[{"embeddable":true,"href":"https:\/\/www.notariat-schoeffmann.at\/de\/wp-json\/wp\/v2\/users\/3"}],"replies":[{"embeddable":true,"href":"https:\/\/www.notariat-schoeffmann.at\/de\/wp-json\/wp\/v2\/comments?post=169"}],"version-history":[{"count":2,"href":"https:\/\/www.notariat-schoeffmann.at\/de\/wp-json\/wp\/v2\/pages\/169\/revisions"}],"predecessor-version":[{"id":1276,"href":"https:\/\/www.notariat-schoeffmann.at\/de\/wp-json\/wp\/v2\/pages\/169\/revisions\/1276"}],"up":[{"embeddable":true,"href":"https:\/\/www.notariat-schoeffmann.at\/de\/wp-json\/wp\/v2\/pages\/160"}],"wp:attachment":[{"href":"https:\/\/www.notariat-schoeffmann.at\/de\/wp-json\/wp\/v2\/media?parent=169"}],"wp:term":[{"taxonomy":"category","embeddable":true,"href":"https:\/\/www.notariat-schoeffmann.at\/de\/wp-json\/wp\/v2\/categories?post=169"}],"curies":[{"name":"wp","href":"https:\/\/api.w.org\/{rel}","templated":true}]}}