{"id":166,"date":"2021-08-09T09:54:07","date_gmt":"2021-08-09T07:54:07","guid":{"rendered":"https:\/\/www.notariat-schoeffmann.at\/?page_id=166"},"modified":"2022-02-26T21:45:12","modified_gmt":"2022-02-26T20:45:12","slug":"stiftung-und-steuer","status":"publish","type":"page","link":"https:\/\/www.notariat-schoeffmann.at\/de\/unternehmen\/stiftungen\/stiftung-und-steuer\/","title":{"rendered":"Stiftung und Steuer"},"content":{"rendered":"<div class=\"standard typo3-neos-nodetypes-text\">\n<div>\n<h2><b>Zuwendungen an die Privatstiftung<\/b><\/h2>\n<p>Jede unentgeltliche Zuwendung an eine nicht gemeinn\u00fctzige Privatstiftung unterliegt der Stiftungseingangssteuer. Sie betr\u00e4gt 2,5% des gewidmeten Verm\u00f6gens. Sie f\u00e4llt sowohl bei der Verm\u00f6genswidmung anl\u00e4sslich der Errichtung der Stiftung als auch bei Nachstiftungen (nachtr\u00e4gliche Verm\u00f6genszuwendung durch den Stifter) und Zustiftungen (nachtr\u00e4gliche Verm\u00f6genszuwendung durch Dritte an). Entgeltliche \u00dcbertragungen an die Privatstiftung werden als Verkauf angesehen, f\u00fcr den keine Stiftungseingangssteuer anf\u00e4llt.<\/p>\n<p>Wird der Privatstiftung ein Grundst\u00fcck unentgeltlich zugewendet, f\u00e4llt daf\u00fcr Grunderwerbsteuer an.\u00a0 Bemessungsgrundlage ist der Grundst\u00fcckswert. Es gilt der Stufentarif: F\u00fcr die ersten \u20ac 250.000,- des Grundst\u00fcckswerts betr\u00e4gt der Steuersatz 0,5%, f\u00fcr die n\u00e4chsten \u20ac 150.000,- 2% und f\u00fcr den dar\u00fcber hinausgehenden Betrag 3,5%. Zus\u00e4tzlich f\u00e4llt das Stiftungseingangssteuer\u00e4quivalent in H\u00f6he von 2,5% des Grundst\u00fcckswerts an. Erfolgt die \u00dcbertragung teilentgeltlich, bemisst sich das Stiftungseingangssteuer\u00e4quivalent an dem Unterschiedsbetrag\u00a0 zwischen dem Grundst\u00fcckswert und der Gegenleistung.<\/p>\n<h2><b>Laufende Besteuerung der Privatstiftung<\/b><\/h2>\n<p>Als juristische Person des privaten Rechts unterliegt das Einkommen der Privatstiftung grunds\u00e4tzlich der K\u00f6rperschaftsteuer. Hat die Privatstiftung alle Offenlegungspflichten erf\u00fcllt, so gelten f\u00fcr sie Sondervorschriften. \u00a7 13 KStG sieht bei bestimmten Ertr\u00e4gen und Eink\u00fcnften in der au\u00dferbetrieblichen Sph\u00e4re einer eigenn\u00fctzigen Privatstiftung eine Zwischenbesteuerung bestimmter Eink\u00fcnfte und f\u00fcr bestimmte Eink\u00fcnfte eine Steuerbefreiung (zB f\u00fcr in- und ausl\u00e4ndische Dividenden) vor.<\/p>\n<h2><b>Zuwendungen an Beg\u00fcnstigte<\/b><\/h2>\n<p>Zuwendungen der Privatstiftung an einen Beg\u00fcnstigten unterliegen bei diesen der Einkommens- oder K\u00f6rperschaftssteuer.Zuwendungen, die nicht in Form von Geldmitteln erfolgen (zB Zuwendung einzelner Wirtschaftsg\u00fcter oder die unentgeltliche oder verg\u00fcnstigte Nutzungs\u00fcberlassung von Grundst\u00fccken), sind mit den fiktiven Anschaffungskosten anzusetzen. Das ist jener Betrag, den der Beg\u00fcnstigte h\u00e4tte aufwenden m\u00fcssen, wenn er selbst das zugewendete Verm\u00f6gen oder den zugewendeten Vorteil angeschafft h\u00e4tte.<\/p>\n<\/div>\n<\/div>\n","protected":false},"excerpt":{"rendered":"<p>Zuwendungen an die Privatstiftung Jede unentgeltliche Zuwendung an eine nicht gemeinn\u00fctzige Privatstiftung unterliegt der Stiftungseingangssteuer. Sie betr\u00e4gt 2,5% des gewidmeten Verm\u00f6gens. Sie f\u00e4llt sowohl bei der Verm\u00f6genswidmung anl\u00e4sslich der Errichtung der Stiftung als auch bei Nachstiftungen (nachtr\u00e4gliche Verm\u00f6genszuwendung durch den Stifter) und Zustiftungen (nachtr\u00e4gliche Verm\u00f6genszuwendung durch Dritte an). Entgeltliche \u00dcbertragungen an die Privatstiftung werden als&hellip;<\/p>\n","protected":false},"author":3,"featured_media":0,"parent":160,"menu_order":1,"comment_status":"closed","ping_status":"closed","template":"","meta":{"inline_featured_image":false,"footnotes":""},"categories":[],"class_list":["post-166","page","type-page","status-publish","hentry","description-off"],"yoast_head":"<!-- This site is optimized with the Yoast SEO Premium plugin v26.7 (Yoast SEO v27.4) - https:\/\/yoast.com\/product\/yoast-seo-premium-wordpress\/ -->\n<title>Stiftung und Steuer &#8211; Notariat Sch\u00f6ffmann<\/title>\n<meta name=\"description\" content=\"Die Verm\u00f6gensverwaltung im Rahmen der Privatstiftung unterliegt der Steuer. Hier finden Sie eine \u00dcbersicht zum Thema \u201eStiftung und Steuer\u201c.\" \/>\n<meta name=\"robots\" content=\"index, follow, max-snippet:-1, max-image-preview:large, max-video-preview:-1\" \/>\n<link rel=\"canonical\" href=\"https:\/\/www.notariat-schoeffmann.at\/de\/unternehmen\/stiftungen\/stiftung-und-steuer\/\" \/>\n<meta property=\"og:locale\" content=\"de_DE\" \/>\n<meta property=\"og:type\" content=\"article\" \/>\n<meta property=\"og:title\" content=\"Stiftung und Steuer - Notariat Sch\u00f6ffmann\" \/>\n<meta property=\"og:description\" content=\"Die Verm\u00f6gensverwaltung im Rahmen der Privatstiftung unterliegt der Steuer. Hier finden Sie eine \u00dcbersicht zum Thema \u201eStiftung und Steuer\u201c.\" \/>\n<meta property=\"og:url\" content=\"https:\/\/www.notariat-schoeffmann.at\/de\/unternehmen\/stiftungen\/stiftung-und-steuer\/\" \/>\n<meta property=\"og:site_name\" content=\"Notariat Sch\u00f6ffmann\" \/>\n<meta property=\"article:publisher\" content=\"https:\/\/www.facebook.com\/NotarKlagenfurt\" \/>\n<meta property=\"article:modified_time\" content=\"2022-02-26T20:45:12+00:00\" \/>\n<meta property=\"og:image\" content=\"https:\/\/www.notariat-schoeffmann.at\/wp-content\/uploads\/2021\/11\/Juristen-1.jpg\" \/>\n\t<meta property=\"og:image:width\" content=\"1600\" \/>\n\t<meta property=\"og:image:height\" content=\"1067\" \/>\n\t<meta property=\"og:image:type\" content=\"image\/jpeg\" \/>\n<meta name=\"twitter:card\" content=\"summary_large_image\" \/>\n<script type=\"application\/ld+json\" class=\"yoast-schema-graph\">{\"@context\":\"https:\\\/\\\/schema.org\",\"@graph\":[{\"@type\":\"WebPage\",\"@id\":\"https:\\\/\\\/www.notariat-schoeffmann.at\\\/de\\\/unternehmen\\\/stiftungen\\\/stiftung-und-steuer\\\/\",\"url\":\"https:\\\/\\\/www.notariat-schoeffmann.at\\\/de\\\/unternehmen\\\/stiftungen\\\/stiftung-und-steuer\\\/\",\"name\":\"Stiftung und Steuer &#8211; Notariat Sch\u00f6ffmann\",\"isPartOf\":{\"@id\":\"https:\\\/\\\/www.notariat-schoeffmann.at\\\/de\\\/#website\"},\"datePublished\":\"2021-08-09T07:54:07+00:00\",\"dateModified\":\"2022-02-26T20:45:12+00:00\",\"description\":\"Die Verm\u00f6gensverwaltung im Rahmen der Privatstiftung unterliegt der Steuer. Hier finden Sie eine \u00dcbersicht zum Thema \u201eStiftung und Steuer\u201c.\",\"breadcrumb\":{\"@id\":\"https:\\\/\\\/www.notariat-schoeffmann.at\\\/de\\\/unternehmen\\\/stiftungen\\\/stiftung-und-steuer\\\/#breadcrumb\"},\"inLanguage\":\"de\",\"potentialAction\":[{\"@type\":\"ReadAction\",\"target\":[\"https:\\\/\\\/www.notariat-schoeffmann.at\\\/de\\\/unternehmen\\\/stiftungen\\\/stiftung-und-steuer\\\/\"]}]},{\"@type\":\"BreadcrumbList\",\"@id\":\"https:\\\/\\\/www.notariat-schoeffmann.at\\\/de\\\/unternehmen\\\/stiftungen\\\/stiftung-und-steuer\\\/#breadcrumb\",\"itemListElement\":[{\"@type\":\"ListItem\",\"position\":1,\"name\":\"Startseite\",\"item\":\"https:\\\/\\\/www.notariat-schoeffmann.at\\\/de\\\/\"},{\"@type\":\"ListItem\",\"position\":2,\"name\":\"Unternehmen\",\"item\":\"https:\\\/\\\/www.notariat-schoeffmann.at\\\/de\\\/unternehmen\\\/\"},{\"@type\":\"ListItem\",\"position\":3,\"name\":\"Stiftungen\",\"item\":\"https:\\\/\\\/www.notariat-schoeffmann.at\\\/de\\\/unternehmen\\\/stiftungen\\\/\"},{\"@type\":\"ListItem\",\"position\":4,\"name\":\"Stiftung und Steuer\"}]},{\"@type\":\"WebSite\",\"@id\":\"https:\\\/\\\/www.notariat-schoeffmann.at\\\/de\\\/#website\",\"url\":\"https:\\\/\\\/www.notariat-schoeffmann.at\\\/de\\\/\",\"name\":\"Notariat Sch\u00f6ffmann\",\"description\":\"Mag. Klaus Sch\u00f6ffmann - Ihr Notar in Klagenfurt\",\"publisher\":{\"@id\":\"https:\\\/\\\/www.notariat-schoeffmann.at\\\/de\\\/#organization\"},\"potentialAction\":[{\"@type\":\"SearchAction\",\"target\":{\"@type\":\"EntryPoint\",\"urlTemplate\":\"https:\\\/\\\/www.notariat-schoeffmann.at\\\/de\\\/?s={search_term_string}\"},\"query-input\":{\"@type\":\"PropertyValueSpecification\",\"valueRequired\":true,\"valueName\":\"search_term_string\"}}],\"inLanguage\":\"de\"},{\"@type\":\"Organization\",\"@id\":\"https:\\\/\\\/www.notariat-schoeffmann.at\\\/de\\\/#organization\",\"name\":\"Notariat Mag. Klaus Sch\u00f6ffmann Klagenfurt\",\"url\":\"https:\\\/\\\/www.notariat-schoeffmann.at\\\/de\\\/\",\"logo\":{\"@type\":\"ImageObject\",\"inLanguage\":\"de\",\"@id\":\"https:\\\/\\\/www.notariat-schoeffmann.at\\\/de\\\/#\\\/schema\\\/logo\\\/image\\\/\",\"url\":\"https:\\\/\\\/www.notariat-schoeffmann.at\\\/wp-content\\\/uploads\\\/2022\\\/02\\\/logo-notariat-schoeffmann.jpg\",\"contentUrl\":\"https:\\\/\\\/www.notariat-schoeffmann.at\\\/wp-content\\\/uploads\\\/2022\\\/02\\\/logo-notariat-schoeffmann.jpg\",\"width\":600,\"height\":600,\"caption\":\"Notariat Mag. Klaus Sch\u00f6ffmann Klagenfurt\"},\"image\":{\"@id\":\"https:\\\/\\\/www.notariat-schoeffmann.at\\\/de\\\/#\\\/schema\\\/logo\\\/image\\\/\"},\"sameAs\":[\"https:\\\/\\\/www.facebook.com\\\/NotarKlagenfurt\",\"https:\\\/\\\/www.youtube.com\\\/channel\\\/UCaITfbIQh6VIpzEonUsIhcg\"]}]}<\/script>\n<!-- \/ Yoast SEO Premium plugin. -->","yoast_head_json":{"title":"Stiftung und Steuer &#8211; Notariat Sch\u00f6ffmann","description":"Die Verm\u00f6gensverwaltung im Rahmen der Privatstiftung unterliegt der Steuer. Hier finden Sie eine \u00dcbersicht zum Thema \u201eStiftung und Steuer\u201c.","robots":{"index":"index","follow":"follow","max-snippet":"max-snippet:-1","max-image-preview":"max-image-preview:large","max-video-preview":"max-video-preview:-1"},"canonical":"https:\/\/www.notariat-schoeffmann.at\/de\/unternehmen\/stiftungen\/stiftung-und-steuer\/","og_locale":"de_DE","og_type":"article","og_title":"Stiftung und Steuer - Notariat Sch\u00f6ffmann","og_description":"Die Verm\u00f6gensverwaltung im Rahmen der Privatstiftung unterliegt der Steuer. Hier finden Sie eine \u00dcbersicht zum Thema \u201eStiftung und Steuer\u201c.","og_url":"https:\/\/www.notariat-schoeffmann.at\/de\/unternehmen\/stiftungen\/stiftung-und-steuer\/","og_site_name":"Notariat Sch\u00f6ffmann","article_publisher":"https:\/\/www.facebook.com\/NotarKlagenfurt","article_modified_time":"2022-02-26T20:45:12+00:00","og_image":[{"width":1600,"height":1067,"url":"https:\/\/www.notariat-schoeffmann.at\/wp-content\/uploads\/2021\/11\/Juristen-1.jpg","type":"image\/jpeg"}],"twitter_card":"summary_large_image","schema":{"@context":"https:\/\/schema.org","@graph":[{"@type":"WebPage","@id":"https:\/\/www.notariat-schoeffmann.at\/de\/unternehmen\/stiftungen\/stiftung-und-steuer\/","url":"https:\/\/www.notariat-schoeffmann.at\/de\/unternehmen\/stiftungen\/stiftung-und-steuer\/","name":"Stiftung und Steuer &#8211; Notariat Sch\u00f6ffmann","isPartOf":{"@id":"https:\/\/www.notariat-schoeffmann.at\/de\/#website"},"datePublished":"2021-08-09T07:54:07+00:00","dateModified":"2022-02-26T20:45:12+00:00","description":"Die Verm\u00f6gensverwaltung im Rahmen der Privatstiftung unterliegt der Steuer. Hier finden Sie eine \u00dcbersicht zum Thema \u201eStiftung und Steuer\u201c.","breadcrumb":{"@id":"https:\/\/www.notariat-schoeffmann.at\/de\/unternehmen\/stiftungen\/stiftung-und-steuer\/#breadcrumb"},"inLanguage":"de","potentialAction":[{"@type":"ReadAction","target":["https:\/\/www.notariat-schoeffmann.at\/de\/unternehmen\/stiftungen\/stiftung-und-steuer\/"]}]},{"@type":"BreadcrumbList","@id":"https:\/\/www.notariat-schoeffmann.at\/de\/unternehmen\/stiftungen\/stiftung-und-steuer\/#breadcrumb","itemListElement":[{"@type":"ListItem","position":1,"name":"Startseite","item":"https:\/\/www.notariat-schoeffmann.at\/de\/"},{"@type":"ListItem","position":2,"name":"Unternehmen","item":"https:\/\/www.notariat-schoeffmann.at\/de\/unternehmen\/"},{"@type":"ListItem","position":3,"name":"Stiftungen","item":"https:\/\/www.notariat-schoeffmann.at\/de\/unternehmen\/stiftungen\/"},{"@type":"ListItem","position":4,"name":"Stiftung und Steuer"}]},{"@type":"WebSite","@id":"https:\/\/www.notariat-schoeffmann.at\/de\/#website","url":"https:\/\/www.notariat-schoeffmann.at\/de\/","name":"Notariat Sch\u00f6ffmann","description":"Mag. Klaus Sch\u00f6ffmann - Ihr Notar in Klagenfurt","publisher":{"@id":"https:\/\/www.notariat-schoeffmann.at\/de\/#organization"},"potentialAction":[{"@type":"SearchAction","target":{"@type":"EntryPoint","urlTemplate":"https:\/\/www.notariat-schoeffmann.at\/de\/?s={search_term_string}"},"query-input":{"@type":"PropertyValueSpecification","valueRequired":true,"valueName":"search_term_string"}}],"inLanguage":"de"},{"@type":"Organization","@id":"https:\/\/www.notariat-schoeffmann.at\/de\/#organization","name":"Notariat Mag. Klaus Sch\u00f6ffmann Klagenfurt","url":"https:\/\/www.notariat-schoeffmann.at\/de\/","logo":{"@type":"ImageObject","inLanguage":"de","@id":"https:\/\/www.notariat-schoeffmann.at\/de\/#\/schema\/logo\/image\/","url":"https:\/\/www.notariat-schoeffmann.at\/wp-content\/uploads\/2022\/02\/logo-notariat-schoeffmann.jpg","contentUrl":"https:\/\/www.notariat-schoeffmann.at\/wp-content\/uploads\/2022\/02\/logo-notariat-schoeffmann.jpg","width":600,"height":600,"caption":"Notariat Mag. Klaus Sch\u00f6ffmann Klagenfurt"},"image":{"@id":"https:\/\/www.notariat-schoeffmann.at\/de\/#\/schema\/logo\/image\/"},"sameAs":["https:\/\/www.facebook.com\/NotarKlagenfurt","https:\/\/www.youtube.com\/channel\/UCaITfbIQh6VIpzEonUsIhcg"]}]}},"_links":{"self":[{"href":"https:\/\/www.notariat-schoeffmann.at\/de\/wp-json\/wp\/v2\/pages\/166","targetHints":{"allow":["GET"]}}],"collection":[{"href":"https:\/\/www.notariat-schoeffmann.at\/de\/wp-json\/wp\/v2\/pages"}],"about":[{"href":"https:\/\/www.notariat-schoeffmann.at\/de\/wp-json\/wp\/v2\/types\/page"}],"author":[{"embeddable":true,"href":"https:\/\/www.notariat-schoeffmann.at\/de\/wp-json\/wp\/v2\/users\/3"}],"replies":[{"embeddable":true,"href":"https:\/\/www.notariat-schoeffmann.at\/de\/wp-json\/wp\/v2\/comments?post=166"}],"version-history":[{"count":5,"href":"https:\/\/www.notariat-schoeffmann.at\/de\/wp-json\/wp\/v2\/pages\/166\/revisions"}],"predecessor-version":[{"id":2096,"href":"https:\/\/www.notariat-schoeffmann.at\/de\/wp-json\/wp\/v2\/pages\/166\/revisions\/2096"}],"up":[{"embeddable":true,"href":"https:\/\/www.notariat-schoeffmann.at\/de\/wp-json\/wp\/v2\/pages\/160"}],"wp:attachment":[{"href":"https:\/\/www.notariat-schoeffmann.at\/de\/wp-json\/wp\/v2\/media?parent=166"}],"wp:term":[{"taxonomy":"category","embeddable":true,"href":"https:\/\/www.notariat-schoeffmann.at\/de\/wp-json\/wp\/v2\/categories?post=166"}],"curies":[{"name":"wp","href":"https:\/\/api.w.org\/{rel}","templated":true}]}}