{"id":162,"date":"2021-08-09T09:53:28","date_gmt":"2021-08-09T07:53:28","guid":{"rendered":"https:\/\/www.notariat-schoeffmann.at\/?page_id=162"},"modified":"2022-02-26T21:42:24","modified_gmt":"2022-02-26T20:42:24","slug":"privatstiftung","status":"publish","type":"page","link":"https:\/\/www.notariat-schoeffmann.at\/de\/unternehmen\/stiftungen\/privatstiftung\/","title":{"rendered":"Privatstiftung"},"content":{"rendered":"<p>Die Privatstiftung ist eine beliebte Form der Verm\u00f6gensverwaltung. Dabei wird Verm\u00f6gen auf einen selbst\u00e4ndigen Rechtstr\u00e4ger, die Privatstiftung, \u00fcbertragen. Sie hat weder einen Eigent\u00fcmer noch Gesellschafter und wird deshalb als \u201eeigent\u00fcmerlos\u201c bezeichnet.<\/p>\n<p>Gerne wird die Privatstiftung als Familienstiftung gestaltet um f\u00fcr das eigene Ableben vorzusorgen. Gegen\u00fcber dem Erbrecht hat die Privatstiftung n\u00e4mlich den Vorteil, Familienverm\u00f6gen und Unternehmensanteile gesamtheitlich zu erhalten und f\u00fcr nachfolgende Generationen zu sichern. Eine Verm\u00f6genszersplitterung wird vermieden. Die Privatstiftung kann auch Anteile an Kapitalgesellschaften halten. Sie kann daher in Kapitalgesellschaften als \u201eSchiedsrichter\u201c eingesetzt werden, indem ihr ein Minderheitsanteil \u00fcbertragen wird, der im Falle von Meinungsverschiedenheiten den Ausschlag gibt.<\/p>\n<p><b>Voraussetzungen der Errichtung<\/b><\/p>\n<p>Zur Errichtung ist eine&nbsp;<b>Stiftungserkl\u00e4rung<\/b>&nbsp;des Stifters bzw. der Stifter n\u00f6tig. Stifter k\u00f6nnen eine oder mehrere nat\u00fcrliche oder juristische Personen sein. Der Stifter erkl\u00e4rt, bestimmte Teile seines Verm\u00f6gens aus seinem Verm\u00f6gen auszuscheiden, auf die Stiftung zu \u00fcbertragen und einem bestimmten Zweck zu widmen. Die Stiftungserkl\u00e4rung ist in Form eines Notariatsaktes zu errichten. Diese ist dann dem Firmenbuchgericht vorzulegen. Mit&nbsp;<strong>Eintragung im Firmenbuch&nbsp;<\/strong>entsteht die Privatstiftung.<\/p>\n<p>Welchen&nbsp;<b>Namen<\/b>&nbsp;der Stifter der Privatstiftung gibt, liegt in seinem Ermessen. Der Name muss jedoch das Wort \u201ePrivatstiftung\u201c ohne Abk\u00fcrzung enthalten.<\/p>\n<p>Die Privatstiftung darf zu jedem vom Stifter gew\u00e4hlten \u2013 gesetzlich erlaubten \u2013&nbsp;<b>Zweck<\/b>&nbsp;errichtet werden. Der Stifter kann beispielsweise die Allgemeinheit f\u00f6rdern oder von ihm bestimmte Personen. Wird die Privatstiftung als Familienstiftung ausgestaltet, umfasst der Beg\u00fcnstigtenkreis die Familienmitglieder des Stifters. Auch die Selbstbeg\u00fcnstigung ist zul\u00e4ssig. Gesetzlich nicht erlaubt ist:<\/p>\n<ul>\n<li>die Aus\u00fcbung einer gewerblichen T\u00e4tigkeit, die \u00fcber eine blo\u00dfe Nebent\u00e4tigkeit hinausgeht,<\/li>\n<li>die \u00dcbernahme der Gesch\u00e4ftsf\u00fchrung einer Handelsgesellschaft und<\/li>\n<li>die Beteiligung an einer Personengesellschaft als pers\u00f6nlich haftender Gesellschafter.<\/li>\n<\/ul>\n<p>Als weitere Voraussetzungen m\u00fcssen der Stiftung mindestens&nbsp;<b>\u20ac 70.000,-<\/b>&nbsp;an Verm\u00f6gen gewidmet werden und sie muss ihren&nbsp;<b>Sitz in \u00d6sterreich<\/b>&nbsp;haben. Der Stifter kann der Privatstiftung sowohl&nbsp;<b>Bargeld<\/b>&nbsp;als auch&nbsp;<b>Unternehmensanteile<\/b>&nbsp;und&nbsp;<b>andere Verm\u00f6genswerte<\/b>&nbsp;wie Immobilien oder Kunstgegenst\u00e4nde widmen. Erfolgt die Widmung in Bargeld, hat die kontof\u00fchrende Bank zu best\u00e4tigen, dass der gewidmete Geldbetrag einbezahlt ist und die dem Stiftungsvorstand frei zur Verf\u00fcgung steht. Werden andere Verm\u00f6genswerte als Bargeld eingebracht, so muss ein vom Gericht bestellter Gr\u00fcndungspr\u00fcfer best\u00e4tigen, dass das Mindestverm\u00f6gen aufgebracht wurde. Die Bankbest\u00e4tigung bzw. der Pr\u00fcfungsbericht des Gr\u00fcndungspr\u00fcfers ist dem Firmenbuchgesuch anzuschlie\u00dfen.<\/p>\n<p>Au\u00dferdem ist in der Stiftungserkl\u00e4rung anzugeben, ob die Privatstiftung f\u00fcr bestimmte oder unbestimmte Zeit errichtet wird.<\/p>\n<h4><b>Organe der Privatstiftung<br><\/b><\/h4>\n<p>Die Privatstiftung kann nur durch ihre Organe t\u00e4tig werden. Diese sind der Stiftungsvorstand, der Stiftungspr\u00fcfer und gegebenenfalls der Aufsichtsrat. Daneben kann der Stifter noch weitere Organe zur Wahrung des Stiftungszwecks vorsehen, wie etwa einen Stiftungsbeirat.<\/p>\n<h5><b>Stiftungsvorstand<\/b><\/h5>\n<p>Der erste Stiftungsvorstand wird vom Stifter bestimmt und besteht aus mindestens drei Personen. Der Stifter kann auch selbst Mitglied des Stiftungsvorstandes sein, sofern er nicht Beg\u00fcnstigter ist. &nbsp;Die Mitglieder des Stiftungsvorstandes werden in das Firmenbuch eingetragen.<\/p>\n<p>Die Aufgaben des Stiftungsvorstandes sind:<\/p>\n<ul>\n<li>die Vertretung der Privatstiftung nach Au\u00dfen,<\/li>\n<li>die F\u00fchrung der Gesch\u00e4fte im Innenverh\u00e4ltnis,<\/li>\n<li>die Verwaltung des Stiftungsverm\u00f6gens,<\/li>\n<li>die Erf\u00fcllung des Stiftungszwecks und<\/li>\n<li>die Rechnungslegung.<\/li>\n<\/ul>\n<h5><b>Stiftungspr\u00fcfer<\/b><\/h5>\n<p>Der Stiftungspr\u00fcfer wird vom Gericht, oder wenn ein Aufsichtsrat besteht, von diesem bestellt. Zum Stiftungspr\u00fcfer d\u00fcrfen nur beeidete Wirtschaftspr\u00fcfer und Steuerberater oder Wirtschaftspr\u00fcfungs- und Steuerberatungsgesellschaften bestellt werden.<\/p>\n<p>Ihm obliegt die Pr\u00fcfung des Jahresabschlusses einschlie\u00dflich der Buchf\u00fchrung und des Lageberichts.<\/p>\n<h5><b>Aufsichtsrat<\/b><\/h5>\n<p>Der Aufsichtsrat ist nur unter gewissen Voraussetzungen verpflichtend zu bestellen, n\u00e4mlich wenn die Anzahl der Arbeitnehmer der Privatstiftung 300 \u00fcbersteigt oder die Privatstiftung inl\u00e4ndische Kapitalgesellschaften oder Genossenschaften einheitlich leitet oder beherrscht und in beiden F\u00e4llen die Anzahl der Arbeitnehmer im Durchschnitt 300 \u00fcbersteigt und sich die T\u00e4tigkeit der Privatstiftung nicht nur auf die Verwaltung von Unternehmensanteilen der beherrschten Unternehmen beschr\u00e4nkt.<\/p>\n<p>Der erste Aufsichtsrat ist vom Stifter, in weiterer Folge vom Gericht zu bestellen und besteht aus mindestens drei Mitgliedern. Der Aufsichtsrat \u00fcberwacht die Gesch\u00e4ftsf\u00fchrung und Gebarung der Privatstiftung.<\/p>\n<p>Zur&nbsp;<b>Aufl\u00f6sung<\/b>&nbsp;der Privatstiftung kommt es, wenn<\/p>\n<ul>\n<li>die in der Stiftungserkl\u00e4rung vorgesehene Dauer abgelaufen ist,<\/li>\n<li>\u00fcber das Verm\u00f6gen der Privatstiftung das Konkursverfahren er\u00f6ffnet worden ist,<\/li>\n<li>der Beschluss \u00fcber die Nichter\u00f6ffnung eines Insolvenzverfahrens mangels kostendeckenden Verm\u00f6gens Rechtskraft erlangt hat,<\/li>\n<li>der Stiftungsvorstand einen einstimmigen Aufl\u00f6sungsbeschluss gefasst hat oder<\/li>\n<li>das Gericht die Aufl\u00f6sung beschlossen hat.<\/li>\n<\/ul>\n<p>Im Rahmen der Abwicklung ist das Verm\u00f6gen der Privatstiftung an den Letztbeg\u00fcnstigten zu \u00fcbertragen. Der Stifter sollte stets einen Letztbeg\u00fcnstigten bestimmen, da ohne eine solche Regelung das Verm\u00f6gen der Republik \u00d6sterreich zuf\u00e4llt.<\/p>\n\n<div class=\"lazyblock-infobox-BB689 wp-block-lazyblock-infobox\"><div class=\"notar_standard\">\n  <h2>Tipp<\/h2>\n  <div class=\"notar_infobox_content\"><p>Nach dem Entstehen einer Privatstiftung kann die Stiftungserkl\u00e4rung vom Stifter nur ge\u00e4ndert oder widerrufen werden, wenn er sich \u00c4nderungen und den Widerruf vorbehalten hat. Ein solcher\u00a0<strong>\u00c4nderungs- und Widerrufsvorbehalt<\/strong>\u00a0sollte daher in die Stiftungserkl\u00e4rung aufgenommen werden.<\/p><\/div>\n<\/div>\n\n<\/div>\n\n<div class=\"lazyblock-infobox-Z2aEpBU wp-block-lazyblock-infobox\"><div class=\"notar_standard\">\n  <h2>Tipp<\/h2>\n  <div class=\"notar_infobox_content\"><p>Die Stiftungserkl\u00e4rung ist \u00f6ffentlich zug\u00e4nglich. M\u00f6chte man vermeiden, dass die Beg\u00fcnstigten der Stiftung der \u00d6ffentlichkeit bekannt werden, empfiehlt es sich, in der Stiftungserkl\u00e4rung die Beg\u00fcnstigten nur generell zu umschreiben (zB Nachkommen) und eine\u00a0<strong>Stiftungszusatzurkunde\u00a0<\/strong>zu errichten, in der die Beg\u00fcnstigten pr\u00e4zisiert werden. Die Stiftungszusatzurkunde ist nicht \u00f6ffentlich einsehbar. Aus der Stiftungsurkunde kann somit nur das gewidmete Verm\u00f6gen und der generell umschriebene Beg\u00fcnstigtenkreis eingesehen werden, nicht aber, wer genau die Beg\u00fcnstigten sind.<\/p><\/div>\n<\/div>\n\n<\/div>","protected":false},"excerpt":{"rendered":"<p>Die Privatstiftung ist eine beliebte Form der Verm\u00f6gensverwaltung. Dabei wird Verm\u00f6gen auf einen selbst\u00e4ndigen Rechtstr\u00e4ger, die Privatstiftung, \u00fcbertragen. Sie hat weder einen Eigent\u00fcmer noch Gesellschafter und wird deshalb als \u201eeigent\u00fcmerlos\u201c bezeichnet. Gerne wird die Privatstiftung als Familienstiftung gestaltet um f\u00fcr das eigene Ableben vorzusorgen. Gegen\u00fcber dem Erbrecht hat die Privatstiftung n\u00e4mlich den Vorteil, Familienverm\u00f6gen und&hellip;<\/p>\n","protected":false},"author":3,"featured_media":0,"parent":160,"menu_order":0,"comment_status":"closed","ping_status":"closed","template":"","meta":{"inline_featured_image":false,"footnotes":""},"categories":[],"class_list":["post-162","page","type-page","status-publish","hentry","description-off"],"yoast_head":"<!-- This site is optimized with the Yoast SEO Premium plugin v26.7 (Yoast SEO v27.4) - https:\/\/yoast.com\/product\/yoast-seo-premium-wordpress\/ -->\n<title>\u00dcber die Privatstiftung &#8211; Notariat Sch\u00f6ffmann<\/title>\n<meta name=\"description\" content=\"Die Privatstiftung ist eine beliebte Form der Verm\u00f6genserhaltung und -verwaltung. Was Sie dazu wissen wollen, finden Sie auf unserer Webseite!\" \/>\n<meta name=\"robots\" content=\"index, follow, max-snippet:-1, max-image-preview:large, max-video-preview:-1\" \/>\n<link rel=\"canonical\" href=\"https:\/\/www.notariat-schoeffmann.at\/de\/unternehmen\/stiftungen\/privatstiftung\/\" \/>\n<meta property=\"og:locale\" content=\"de_DE\" \/>\n<meta property=\"og:type\" content=\"article\" \/>\n<meta property=\"og:title\" content=\"Privatstiftung - Notariat Sch\u00f6ffmann\" \/>\n<meta property=\"og:description\" content=\"Die Privatstiftung ist eine beliebte Form der Verm\u00f6genserhaltung und -verwaltung. Was Sie dazu wissen wollen, finden Sie auf unserer Webseite!\" \/>\n<meta property=\"og:url\" content=\"https:\/\/www.notariat-schoeffmann.at\/de\/unternehmen\/stiftungen\/privatstiftung\/\" \/>\n<meta property=\"og:site_name\" content=\"Notariat Sch\u00f6ffmann\" \/>\n<meta property=\"article:publisher\" content=\"https:\/\/www.facebook.com\/NotarKlagenfurt\" \/>\n<meta property=\"article:modified_time\" content=\"2022-02-26T20:42:24+00:00\" \/>\n<meta property=\"og:image\" content=\"https:\/\/www.notariat-schoeffmann.at\/wp-content\/uploads\/2021\/11\/Juristen-1.jpg\" \/>\n\t<meta property=\"og:image:width\" content=\"1600\" \/>\n\t<meta property=\"og:image:height\" content=\"1067\" \/>\n\t<meta property=\"og:image:type\" content=\"image\/jpeg\" \/>\n<meta name=\"twitter:card\" content=\"summary_large_image\" \/>\n<script type=\"application\/ld+json\" class=\"yoast-schema-graph\">{\"@context\":\"https:\\\/\\\/schema.org\",\"@graph\":[{\"@type\":\"WebPage\",\"@id\":\"https:\\\/\\\/www.notariat-schoeffmann.at\\\/de\\\/unternehmen\\\/stiftungen\\\/privatstiftung\\\/\",\"url\":\"https:\\\/\\\/www.notariat-schoeffmann.at\\\/de\\\/unternehmen\\\/stiftungen\\\/privatstiftung\\\/\",\"name\":\"\u00dcber die Privatstiftung &#8211; Notariat Sch\u00f6ffmann\",\"isPartOf\":{\"@id\":\"https:\\\/\\\/www.notariat-schoeffmann.at\\\/de\\\/#website\"},\"datePublished\":\"2021-08-09T07:53:28+00:00\",\"dateModified\":\"2022-02-26T20:42:24+00:00\",\"description\":\"Die Privatstiftung ist eine beliebte Form der Verm\u00f6genserhaltung und -verwaltung. Was Sie dazu wissen wollen, finden Sie auf unserer Webseite!\",\"breadcrumb\":{\"@id\":\"https:\\\/\\\/www.notariat-schoeffmann.at\\\/de\\\/unternehmen\\\/stiftungen\\\/privatstiftung\\\/#breadcrumb\"},\"inLanguage\":\"de\",\"potentialAction\":[{\"@type\":\"ReadAction\",\"target\":[\"https:\\\/\\\/www.notariat-schoeffmann.at\\\/de\\\/unternehmen\\\/stiftungen\\\/privatstiftung\\\/\"]}]},{\"@type\":\"BreadcrumbList\",\"@id\":\"https:\\\/\\\/www.notariat-schoeffmann.at\\\/de\\\/unternehmen\\\/stiftungen\\\/privatstiftung\\\/#breadcrumb\",\"itemListElement\":[{\"@type\":\"ListItem\",\"position\":1,\"name\":\"Startseite\",\"item\":\"https:\\\/\\\/www.notariat-schoeffmann.at\\\/de\\\/\"},{\"@type\":\"ListItem\",\"position\":2,\"name\":\"Unternehmen\",\"item\":\"https:\\\/\\\/www.notariat-schoeffmann.at\\\/de\\\/unternehmen\\\/\"},{\"@type\":\"ListItem\",\"position\":3,\"name\":\"Stiftungen\",\"item\":\"https:\\\/\\\/www.notariat-schoeffmann.at\\\/de\\\/unternehmen\\\/stiftungen\\\/\"},{\"@type\":\"ListItem\",\"position\":4,\"name\":\"Privatstiftung\"}]},{\"@type\":\"WebSite\",\"@id\":\"https:\\\/\\\/www.notariat-schoeffmann.at\\\/de\\\/#website\",\"url\":\"https:\\\/\\\/www.notariat-schoeffmann.at\\\/de\\\/\",\"name\":\"Notariat Sch\u00f6ffmann\",\"description\":\"Mag. Klaus Sch\u00f6ffmann - Ihr Notar in Klagenfurt\",\"publisher\":{\"@id\":\"https:\\\/\\\/www.notariat-schoeffmann.at\\\/de\\\/#organization\"},\"potentialAction\":[{\"@type\":\"SearchAction\",\"target\":{\"@type\":\"EntryPoint\",\"urlTemplate\":\"https:\\\/\\\/www.notariat-schoeffmann.at\\\/de\\\/?s={search_term_string}\"},\"query-input\":{\"@type\":\"PropertyValueSpecification\",\"valueRequired\":true,\"valueName\":\"search_term_string\"}}],\"inLanguage\":\"de\"},{\"@type\":\"Organization\",\"@id\":\"https:\\\/\\\/www.notariat-schoeffmann.at\\\/de\\\/#organization\",\"name\":\"Notariat Mag. Klaus Sch\u00f6ffmann Klagenfurt\",\"url\":\"https:\\\/\\\/www.notariat-schoeffmann.at\\\/de\\\/\",\"logo\":{\"@type\":\"ImageObject\",\"inLanguage\":\"de\",\"@id\":\"https:\\\/\\\/www.notariat-schoeffmann.at\\\/de\\\/#\\\/schema\\\/logo\\\/image\\\/\",\"url\":\"https:\\\/\\\/www.notariat-schoeffmann.at\\\/wp-content\\\/uploads\\\/2022\\\/02\\\/logo-notariat-schoeffmann.jpg\",\"contentUrl\":\"https:\\\/\\\/www.notariat-schoeffmann.at\\\/wp-content\\\/uploads\\\/2022\\\/02\\\/logo-notariat-schoeffmann.jpg\",\"width\":600,\"height\":600,\"caption\":\"Notariat Mag. Klaus Sch\u00f6ffmann Klagenfurt\"},\"image\":{\"@id\":\"https:\\\/\\\/www.notariat-schoeffmann.at\\\/de\\\/#\\\/schema\\\/logo\\\/image\\\/\"},\"sameAs\":[\"https:\\\/\\\/www.facebook.com\\\/NotarKlagenfurt\",\"https:\\\/\\\/www.youtube.com\\\/channel\\\/UCaITfbIQh6VIpzEonUsIhcg\"]}]}<\/script>\n<!-- \/ Yoast SEO Premium plugin. -->","yoast_head_json":{"title":"\u00dcber die Privatstiftung &#8211; Notariat Sch\u00f6ffmann","description":"Die Privatstiftung ist eine beliebte Form der Verm\u00f6genserhaltung und -verwaltung. Was Sie dazu wissen wollen, finden Sie auf unserer Webseite!","robots":{"index":"index","follow":"follow","max-snippet":"max-snippet:-1","max-image-preview":"max-image-preview:large","max-video-preview":"max-video-preview:-1"},"canonical":"https:\/\/www.notariat-schoeffmann.at\/de\/unternehmen\/stiftungen\/privatstiftung\/","og_locale":"de_DE","og_type":"article","og_title":"Privatstiftung - Notariat Sch\u00f6ffmann","og_description":"Die Privatstiftung ist eine beliebte Form der Verm\u00f6genserhaltung und -verwaltung. Was Sie dazu wissen wollen, finden Sie auf unserer Webseite!","og_url":"https:\/\/www.notariat-schoeffmann.at\/de\/unternehmen\/stiftungen\/privatstiftung\/","og_site_name":"Notariat Sch\u00f6ffmann","article_publisher":"https:\/\/www.facebook.com\/NotarKlagenfurt","article_modified_time":"2022-02-26T20:42:24+00:00","og_image":[{"width":1600,"height":1067,"url":"https:\/\/www.notariat-schoeffmann.at\/wp-content\/uploads\/2021\/11\/Juristen-1.jpg","type":"image\/jpeg"}],"twitter_card":"summary_large_image","schema":{"@context":"https:\/\/schema.org","@graph":[{"@type":"WebPage","@id":"https:\/\/www.notariat-schoeffmann.at\/de\/unternehmen\/stiftungen\/privatstiftung\/","url":"https:\/\/www.notariat-schoeffmann.at\/de\/unternehmen\/stiftungen\/privatstiftung\/","name":"\u00dcber die Privatstiftung &#8211; Notariat Sch\u00f6ffmann","isPartOf":{"@id":"https:\/\/www.notariat-schoeffmann.at\/de\/#website"},"datePublished":"2021-08-09T07:53:28+00:00","dateModified":"2022-02-26T20:42:24+00:00","description":"Die Privatstiftung ist eine beliebte Form der Verm\u00f6genserhaltung und -verwaltung. Was Sie dazu wissen wollen, finden Sie auf unserer Webseite!","breadcrumb":{"@id":"https:\/\/www.notariat-schoeffmann.at\/de\/unternehmen\/stiftungen\/privatstiftung\/#breadcrumb"},"inLanguage":"de","potentialAction":[{"@type":"ReadAction","target":["https:\/\/www.notariat-schoeffmann.at\/de\/unternehmen\/stiftungen\/privatstiftung\/"]}]},{"@type":"BreadcrumbList","@id":"https:\/\/www.notariat-schoeffmann.at\/de\/unternehmen\/stiftungen\/privatstiftung\/#breadcrumb","itemListElement":[{"@type":"ListItem","position":1,"name":"Startseite","item":"https:\/\/www.notariat-schoeffmann.at\/de\/"},{"@type":"ListItem","position":2,"name":"Unternehmen","item":"https:\/\/www.notariat-schoeffmann.at\/de\/unternehmen\/"},{"@type":"ListItem","position":3,"name":"Stiftungen","item":"https:\/\/www.notariat-schoeffmann.at\/de\/unternehmen\/stiftungen\/"},{"@type":"ListItem","position":4,"name":"Privatstiftung"}]},{"@type":"WebSite","@id":"https:\/\/www.notariat-schoeffmann.at\/de\/#website","url":"https:\/\/www.notariat-schoeffmann.at\/de\/","name":"Notariat Sch\u00f6ffmann","description":"Mag. Klaus Sch\u00f6ffmann - Ihr Notar in Klagenfurt","publisher":{"@id":"https:\/\/www.notariat-schoeffmann.at\/de\/#organization"},"potentialAction":[{"@type":"SearchAction","target":{"@type":"EntryPoint","urlTemplate":"https:\/\/www.notariat-schoeffmann.at\/de\/?s={search_term_string}"},"query-input":{"@type":"PropertyValueSpecification","valueRequired":true,"valueName":"search_term_string"}}],"inLanguage":"de"},{"@type":"Organization","@id":"https:\/\/www.notariat-schoeffmann.at\/de\/#organization","name":"Notariat Mag. Klaus Sch\u00f6ffmann Klagenfurt","url":"https:\/\/www.notariat-schoeffmann.at\/de\/","logo":{"@type":"ImageObject","inLanguage":"de","@id":"https:\/\/www.notariat-schoeffmann.at\/de\/#\/schema\/logo\/image\/","url":"https:\/\/www.notariat-schoeffmann.at\/wp-content\/uploads\/2022\/02\/logo-notariat-schoeffmann.jpg","contentUrl":"https:\/\/www.notariat-schoeffmann.at\/wp-content\/uploads\/2022\/02\/logo-notariat-schoeffmann.jpg","width":600,"height":600,"caption":"Notariat Mag. Klaus Sch\u00f6ffmann Klagenfurt"},"image":{"@id":"https:\/\/www.notariat-schoeffmann.at\/de\/#\/schema\/logo\/image\/"},"sameAs":["https:\/\/www.facebook.com\/NotarKlagenfurt","https:\/\/www.youtube.com\/channel\/UCaITfbIQh6VIpzEonUsIhcg"]}]}},"_links":{"self":[{"href":"https:\/\/www.notariat-schoeffmann.at\/de\/wp-json\/wp\/v2\/pages\/162","targetHints":{"allow":["GET"]}}],"collection":[{"href":"https:\/\/www.notariat-schoeffmann.at\/de\/wp-json\/wp\/v2\/pages"}],"about":[{"href":"https:\/\/www.notariat-schoeffmann.at\/de\/wp-json\/wp\/v2\/types\/page"}],"author":[{"embeddable":true,"href":"https:\/\/www.notariat-schoeffmann.at\/de\/wp-json\/wp\/v2\/users\/3"}],"replies":[{"embeddable":true,"href":"https:\/\/www.notariat-schoeffmann.at\/de\/wp-json\/wp\/v2\/comments?post=162"}],"version-history":[{"count":7,"href":"https:\/\/www.notariat-schoeffmann.at\/de\/wp-json\/wp\/v2\/pages\/162\/revisions"}],"predecessor-version":[{"id":1769,"href":"https:\/\/www.notariat-schoeffmann.at\/de\/wp-json\/wp\/v2\/pages\/162\/revisions\/1769"}],"up":[{"embeddable":true,"href":"https:\/\/www.notariat-schoeffmann.at\/de\/wp-json\/wp\/v2\/pages\/160"}],"wp:attachment":[{"href":"https:\/\/www.notariat-schoeffmann.at\/de\/wp-json\/wp\/v2\/media?parent=162"}],"wp:term":[{"taxonomy":"category","embeddable":true,"href":"https:\/\/www.notariat-schoeffmann.at\/de\/wp-json\/wp\/v2\/categories?post=162"}],"curies":[{"name":"wp","href":"https:\/\/api.w.org\/{rel}","templated":true}]}}