{"id":156,"date":"2021-08-09T09:49:27","date_gmt":"2021-08-09T07:49:27","guid":{"rendered":"https:\/\/www.notariat-schoeffmann.at\/?page_id=156"},"modified":"2022-03-06T13:44:10","modified_gmt":"2022-03-06T12:44:10","slug":"neufoeg-steuerbeguenstigt-gruenden","status":"publish","type":"page","link":"https:\/\/www.notariat-schoeffmann.at\/de\/unternehmen\/neufoeg-steuerbeguenstigt-gruenden\/","title":{"rendered":"NeuF\u00f6G &#8211; Steuerbeg\u00fcnstigt gr\u00fcnden"},"content":{"rendered":"<div class=\"lazyblock-infobox-Z2mlBhg wp-block-lazyblock-infobox\"><div class=\"notar_beispielbox\">\n  <h2>Beispiel<\/h2>\n  <div class=\"notar_infobox_content\"><p><em>Harald m\u00f6chte sich endlich selbst\u00e4ndig machen. Er f\u00fcrchtet sich jedoch vor dem finanziellen Aufwand, der allein mit der Gr\u00fcndung des Unternehmens verbunden ist. Zu Recht?<\/em><\/p><\/div>\n<\/div>\n\n<\/div>\n\n\n<p>Die Neugr\u00fcndung und \u00dcbertragung von Betrieben wird durch das Neugr\u00fcndungsf\u00f6rderungsgesetz (<a title=\"NeuF\u00f6G im RIS\" href=\"http:\/\/www.ris.bka.gv.at\/GeltendeFassung.wxe?Abfrage=Bundesnormen&amp;Gesetzesnummer=10005172\" target=\"_blank\" rel=\"noopener\"><b>NeuF\u00d6G<\/b><\/a>) beg\u00fcnstigt.<\/p>\n\n\n\n<h3 class=\"wp-block-heading\">Welche Beg\u00fcnstigungen gibt es?<\/h3>\n\n\n\n<ul class=\"wp-block-list\"><li>F\u00fcr die unmittelbar durch die Gr\u00fcndung veranlassten Abgaben, Geb\u00fchren und Beitr\u00e4ge besteht eine Befreiung.<\/li><li>Nicht erhoben werden Stempelgeb\u00fchren und Bundesverwaltungsabgaben, Gerichtsgeb\u00fchren f\u00fcr die Eintragung in das Firmenbuch (keine Befreiung besteht f\u00fcr die Eingabengeb\u00fchr).<\/li><li>Weitere Befreiungen bestehen bei der Grunderwerbsteuer, bei Grundbuchseintragung und bei der B\u00f6rsenumsatzsteuer (diese kommen in der Praxis selten zum Zug).<\/li><li>Nicht erhoben werden auch bestimmte Lohnabgaben (z.B. Dienstgeberbeitrag zum Familienslastenausgleichsfonds, Wohnbauf\u00f6rderungsbeitr\u00e4ge) f\u00fcr einen Zeitraum von 12 Monaten innerhalb der ersten drei Jahre nach Neugr\u00fcndung f\u00fcr besch\u00e4ftigte ArbeitnehmerInnen.<\/li><\/ul>\n\n\n\n<h3 class=\"wp-block-heading\">Wann liegt eine Neugr\u00fcndung vor?<\/h3>\n\n\n\n<p>Unter einer Neugr\u00fcndung versteht man die Er\u00f6ffnung eines neuen Betriebs durch Schaffung einer bisher nicht vorhandenen betrieblichen Struktur. Es darf beispielsweise nicht blo\u00df ein Rechtsformwechsel eines bestehenden Unternehmens oder ein Wechsel in der Person des Betriebsinhabers vorliegen.<\/p>\n\n\n\n<p>Der Betriebsinhaber (die Person, die die Betriebsf\u00fchrung innerhalb von zwei Jahren nach der Neugr\u00fcndung beherrscht) darf in den letzten f\u00fcnf Jahren vor der Neugr\u00fcndung keine vergleichbare T\u00e4tigkeit ausge\u00fcbt haben.<\/p>\n\n\n\n<p>Au\u00dferdem darf sich die betriebliche Struktur innerhalb eines Jahres nach Neugr\u00fcndung nicht \u00e4ndern, beispielsweise durch Erweiterung um bereits bestehende (Teil-)Betriebe.<\/p>\n\n\n\n<h3 class=\"wp-block-heading\">Wie nehme ich die Beg\u00fcnstigung in Anspruch?<\/h3>\n\n\n\n<p>Zun\u00e4chst m\u00fcssen Sie die Gr\u00fcndungsberatung der f\u00fcr Sie zust\u00e4ndigen gesetzlichen Berufsvertretung in Anspruch nehmen. Danach stellt Ihnen die gesetzliche Berufsvertretung das Formular &#8222;NeuFoe 2&#8220; aus, auf dem sie best\u00e4tigt, dass die Gr\u00fcndungsberatung stattgefunden hat.<\/p>\n\n\n\n<p>Mit dem ausgef\u00fcllten Formular gehen Sie dann zu allen Beh\u00f6rden, die f\u00fcr F\u00f6rderung in Betracht kommen (Finanzamt, Gebietskrankenkasse, Firmenbuchgericht). Beachten Sie, dass bei jeder Beh\u00f6rde das Formular im Original vorzulegen ist.<\/p>\n\n\n\n<p>Derzeit k\u00f6nnen Einzelunternehmen und unter bestimmten Umst\u00e4nden auch Ein-Personen-GmbHs elektronisch \u00fcber das Unternehmensserviceportal (USP) gegr\u00fcndet werden. In diesem Fall kann die Erkl\u00e4rung der Neugr\u00fcndung elektronisch vorgenommen und den Beh\u00f6rden elektronisch zur Verf\u00fcgung gestellt werden.<\/p>\n\n\n<div class=\"lazyblock-infobox-xUQNh wp-block-lazyblock-infobox\"><div class=\"notar_standard\">\n  <h2>Info<\/h2>\n  <div class=\"notar_infobox_content\"><p>Die NeuF\u00f6G-Best\u00e4tigung muss bereits\u00a0<strong>mit der Inanspruchnahme<\/strong>\u00a0der F\u00f6rderung vorgelegt werden (z.B. gleichzeitig mit der Gewerbeanmeldung)!<\/p><p>Eine nachtr\u00e4gliche Vorlage des Formulars f\u00fchrt zu keiner Erstattung der bereits entrichteten Abgaben, Geb\u00fchren oder Beitr\u00e4ge.<\/p><p>Sollen Befreiungen bei\u00a0<strong>mehreren Beh\u00f6rden<\/strong>\u00a0beansprucht werden (z.B. Gewerbebeh\u00f6rde, Finanzamt, Firmenbuchgericht, Grundbuchgericht), so ist bei jeder Beh\u00f6rde eine Erkl\u00e4rung im Original vorzulegen.<\/p><p>Es m\u00fcssen daher so viele Erkl\u00e4rungen ausgestellt werden wie Beh\u00f6rden f\u00fcr die F\u00f6rderung in Anspruch genommen werden.<\/p><\/div>\n<\/div>\n\n<\/div>\n\n\n<h3 class=\"wp-block-heading\">Beg\u00fcnstigungen bei Betriebs\u00fcbertragung<\/h3>\n\n\n\n<p>Bei der Betriebs\u00fcbertragung \u00e4ndert sich die Person des Betriebsinhabers bzw. der Betriebsinhaber. Der neue Betriebsinhaber darf in den letzten f\u00fcnf Jahren vor der \u00dcbertragung keine vergleichbare T\u00e4tigkeit ausge\u00fcbt haben. Folgende Befreiungen kommen dann in Betracht:<\/p>\n\n\n\n<ul class=\"wp-block-list\"><li>Stempelgeb\u00fchren und Bundesverwaltungsabgaben<\/li><li>Gerichtsgeb\u00fchren f\u00fcr die Eintragungen in das Firmenbuch<\/li><li>Gesellschaftsteuer f\u00fcr den Erwerb von Gesellschaftsrechten<\/li><li>Grunderwerbsteuer wird nicht erhoben, soweit der f\u00fcr die Berechnung der Steuern ma\u00dfgebende Wert 75.000 Euro nicht \u00fcbersteigt<\/li><\/ul>\n\n\n\n<h3 class=\"wp-block-heading\">Meldepflichten und Haftungen beachten!<\/h3>\n\n\n\n<p>Fallen die Voraussetzungen f\u00fcr die Beg\u00fcnstigung weg, kann es zu einer Nachversteuerung kommen. Das ist beispielsweise der Fall, wenn der Betrieb nach einer beg\u00fcnstigten Betriebs\u00fcbergabe ver\u00e4u\u00dfert oder aufgegeben wird.<\/p>\n\n\n\n<p>In diesen F\u00e4lle sind auch&nbsp;<strong>Meldeverpflichtungen<\/strong>&nbsp;zu beachten. Der Betriebsinhaber ist dann verpflichtet, diesen Umstand allen vom Wegfall der Wirkungen betroffenen Beh\u00f6rden unverz\u00fcglich mitzuteilen!<\/p>\n\n\n\n<p><em>Hier kann auch eine Haftung des Betriebs\u00fcbergebers aufleben, da f\u00fcr die Grunderwerbsteuer nicht nur der Erwerber, sondern auch der Ver\u00e4u\u00dferer haftet!<\/em><\/p>\n","protected":false},"excerpt":{"rendered":"<p>Die Neugr\u00fcndung und \u00dcbertragung von Betrieben wird durch das Neugr\u00fcndungsf\u00f6rderungsgesetz (NeuF\u00d6G) beg\u00fcnstigt. Welche Beg\u00fcnstigungen gibt es? F\u00fcr die unmittelbar durch die Gr\u00fcndung veranlassten Abgaben, Geb\u00fchren und Beitr\u00e4ge besteht eine Befreiung. Nicht erhoben werden Stempelgeb\u00fchren und Bundesverwaltungsabgaben, Gerichtsgeb\u00fchren f\u00fcr die Eintragung in das Firmenbuch (keine Befreiung besteht f\u00fcr die Eingabengeb\u00fchr). Weitere Befreiungen bestehen bei der Grunderwerbsteuer,&hellip;<\/p>\n","protected":false},"author":3,"featured_media":0,"parent":151,"menu_order":7,"comment_status":"closed","ping_status":"closed","template":"","meta":{"inline_featured_image":false,"footnotes":""},"categories":[],"class_list":["post-156","page","type-page","status-publish","hentry","description-off"],"yoast_head":"<!-- This site is optimized with the Yoast SEO Premium plugin v26.7 (Yoast SEO v27.4) - https:\/\/yoast.com\/product\/yoast-seo-premium-wordpress\/ -->\n<title>NeuF\u00f6G - Steuerbeg\u00fcnstigt gr\u00fcnden &#8211; Notariat Sch\u00f6ffmann<\/title>\n<meta name=\"description\" content=\"Die Neugr\u00fcndung und \u00dcbertragung von Betrieben wird durch das NeuF\u00f6G beg\u00fcnstigt. Welche Beg\u00fcnstigungen Sie in Anspruch nehmen k\u00f6nnen lesen Sie hier!\" \/>\n<meta name=\"robots\" content=\"index, follow, max-snippet:-1, max-image-preview:large, max-video-preview:-1\" \/>\n<link rel=\"canonical\" href=\"https:\/\/www.notariat-schoeffmann.at\/de\/unternehmen\/neufoeg-steuerbeguenstigt-gruenden\/\" \/>\n<meta property=\"og:locale\" content=\"de_DE\" \/>\n<meta property=\"og:type\" content=\"article\" \/>\n<meta property=\"og:title\" content=\"NeuF\u00f6G - Steuerbeg\u00fcnstigt gr\u00fcnden - Notariat Sch\u00f6ffmann\" \/>\n<meta property=\"og:description\" content=\"Die Neugr\u00fcndung und \u00dcbertragung von Betrieben wird durch das NeuF\u00f6G beg\u00fcnstigt. Welche Beg\u00fcnstigungen Sie in Anspruch nehmen k\u00f6nnen lesen Sie hier!\" \/>\n<meta property=\"og:url\" content=\"https:\/\/www.notariat-schoeffmann.at\/de\/unternehmen\/neufoeg-steuerbeguenstigt-gruenden\/\" \/>\n<meta property=\"og:site_name\" content=\"Notariat Sch\u00f6ffmann\" \/>\n<meta property=\"article:publisher\" content=\"https:\/\/www.facebook.com\/NotarKlagenfurt\" \/>\n<meta property=\"article:modified_time\" content=\"2022-03-06T12:44:10+00:00\" \/>\n<meta property=\"og:image\" content=\"https:\/\/www.notariat-schoeffmann.at\/wp-content\/uploads\/2021\/11\/Juristen-1.jpg\" \/>\n\t<meta property=\"og:image:width\" content=\"1600\" \/>\n\t<meta property=\"og:image:height\" content=\"1067\" \/>\n\t<meta property=\"og:image:type\" content=\"image\/jpeg\" \/>\n<meta name=\"twitter:card\" content=\"summary_large_image\" \/>\n<script type=\"application\/ld+json\" class=\"yoast-schema-graph\">{\"@context\":\"https:\\\/\\\/schema.org\",\"@graph\":[{\"@type\":\"WebPage\",\"@id\":\"https:\\\/\\\/www.notariat-schoeffmann.at\\\/de\\\/unternehmen\\\/neufoeg-steuerbeguenstigt-gruenden\\\/\",\"url\":\"https:\\\/\\\/www.notariat-schoeffmann.at\\\/de\\\/unternehmen\\\/neufoeg-steuerbeguenstigt-gruenden\\\/\",\"name\":\"NeuF\u00f6G - Steuerbeg\u00fcnstigt gr\u00fcnden &#8211; Notariat Sch\u00f6ffmann\",\"isPartOf\":{\"@id\":\"https:\\\/\\\/www.notariat-schoeffmann.at\\\/de\\\/#website\"},\"datePublished\":\"2021-08-09T07:49:27+00:00\",\"dateModified\":\"2022-03-06T12:44:10+00:00\",\"description\":\"Die Neugr\u00fcndung und \u00dcbertragung von Betrieben wird durch das NeuF\u00f6G beg\u00fcnstigt. Welche Beg\u00fcnstigungen Sie in Anspruch nehmen k\u00f6nnen lesen Sie hier!\",\"breadcrumb\":{\"@id\":\"https:\\\/\\\/www.notariat-schoeffmann.at\\\/de\\\/unternehmen\\\/neufoeg-steuerbeguenstigt-gruenden\\\/#breadcrumb\"},\"inLanguage\":\"de\",\"potentialAction\":[{\"@type\":\"ReadAction\",\"target\":[\"https:\\\/\\\/www.notariat-schoeffmann.at\\\/de\\\/unternehmen\\\/neufoeg-steuerbeguenstigt-gruenden\\\/\"]}]},{\"@type\":\"BreadcrumbList\",\"@id\":\"https:\\\/\\\/www.notariat-schoeffmann.at\\\/de\\\/unternehmen\\\/neufoeg-steuerbeguenstigt-gruenden\\\/#breadcrumb\",\"itemListElement\":[{\"@type\":\"ListItem\",\"position\":1,\"name\":\"Startseite\",\"item\":\"https:\\\/\\\/www.notariat-schoeffmann.at\\\/de\\\/\"},{\"@type\":\"ListItem\",\"position\":2,\"name\":\"Unternehmen\",\"item\":\"https:\\\/\\\/www.notariat-schoeffmann.at\\\/de\\\/unternehmen\\\/\"},{\"@type\":\"ListItem\",\"position\":3,\"name\":\"NeuF\u00f6G &#8211; Steuerbeg\u00fcnstigt gr\u00fcnden\"}]},{\"@type\":\"WebSite\",\"@id\":\"https:\\\/\\\/www.notariat-schoeffmann.at\\\/de\\\/#website\",\"url\":\"https:\\\/\\\/www.notariat-schoeffmann.at\\\/de\\\/\",\"name\":\"Notariat Sch\u00f6ffmann\",\"description\":\"Mag. Klaus Sch\u00f6ffmann - Ihr Notar in Klagenfurt\",\"publisher\":{\"@id\":\"https:\\\/\\\/www.notariat-schoeffmann.at\\\/de\\\/#organization\"},\"potentialAction\":[{\"@type\":\"SearchAction\",\"target\":{\"@type\":\"EntryPoint\",\"urlTemplate\":\"https:\\\/\\\/www.notariat-schoeffmann.at\\\/de\\\/?s={search_term_string}\"},\"query-input\":{\"@type\":\"PropertyValueSpecification\",\"valueRequired\":true,\"valueName\":\"search_term_string\"}}],\"inLanguage\":\"de\"},{\"@type\":\"Organization\",\"@id\":\"https:\\\/\\\/www.notariat-schoeffmann.at\\\/de\\\/#organization\",\"name\":\"Notariat Mag. Klaus Sch\u00f6ffmann Klagenfurt\",\"url\":\"https:\\\/\\\/www.notariat-schoeffmann.at\\\/de\\\/\",\"logo\":{\"@type\":\"ImageObject\",\"inLanguage\":\"de\",\"@id\":\"https:\\\/\\\/www.notariat-schoeffmann.at\\\/de\\\/#\\\/schema\\\/logo\\\/image\\\/\",\"url\":\"https:\\\/\\\/www.notariat-schoeffmann.at\\\/wp-content\\\/uploads\\\/2022\\\/02\\\/logo-notariat-schoeffmann.jpg\",\"contentUrl\":\"https:\\\/\\\/www.notariat-schoeffmann.at\\\/wp-content\\\/uploads\\\/2022\\\/02\\\/logo-notariat-schoeffmann.jpg\",\"width\":600,\"height\":600,\"caption\":\"Notariat Mag. Klaus Sch\u00f6ffmann Klagenfurt\"},\"image\":{\"@id\":\"https:\\\/\\\/www.notariat-schoeffmann.at\\\/de\\\/#\\\/schema\\\/logo\\\/image\\\/\"},\"sameAs\":[\"https:\\\/\\\/www.facebook.com\\\/NotarKlagenfurt\",\"https:\\\/\\\/www.youtube.com\\\/channel\\\/UCaITfbIQh6VIpzEonUsIhcg\"]}]}<\/script>\n<!-- \/ Yoast SEO Premium plugin. -->","yoast_head_json":{"title":"NeuF\u00f6G - Steuerbeg\u00fcnstigt gr\u00fcnden &#8211; Notariat Sch\u00f6ffmann","description":"Die Neugr\u00fcndung und \u00dcbertragung von Betrieben wird durch das NeuF\u00f6G beg\u00fcnstigt. Welche Beg\u00fcnstigungen Sie in Anspruch nehmen k\u00f6nnen lesen Sie hier!","robots":{"index":"index","follow":"follow","max-snippet":"max-snippet:-1","max-image-preview":"max-image-preview:large","max-video-preview":"max-video-preview:-1"},"canonical":"https:\/\/www.notariat-schoeffmann.at\/de\/unternehmen\/neufoeg-steuerbeguenstigt-gruenden\/","og_locale":"de_DE","og_type":"article","og_title":"NeuF\u00f6G - Steuerbeg\u00fcnstigt gr\u00fcnden - Notariat Sch\u00f6ffmann","og_description":"Die Neugr\u00fcndung und \u00dcbertragung von Betrieben wird durch das NeuF\u00f6G beg\u00fcnstigt. Welche Beg\u00fcnstigungen Sie in Anspruch nehmen k\u00f6nnen lesen Sie hier!","og_url":"https:\/\/www.notariat-schoeffmann.at\/de\/unternehmen\/neufoeg-steuerbeguenstigt-gruenden\/","og_site_name":"Notariat Sch\u00f6ffmann","article_publisher":"https:\/\/www.facebook.com\/NotarKlagenfurt","article_modified_time":"2022-03-06T12:44:10+00:00","og_image":[{"width":1600,"height":1067,"url":"https:\/\/www.notariat-schoeffmann.at\/wp-content\/uploads\/2021\/11\/Juristen-1.jpg","type":"image\/jpeg"}],"twitter_card":"summary_large_image","schema":{"@context":"https:\/\/schema.org","@graph":[{"@type":"WebPage","@id":"https:\/\/www.notariat-schoeffmann.at\/de\/unternehmen\/neufoeg-steuerbeguenstigt-gruenden\/","url":"https:\/\/www.notariat-schoeffmann.at\/de\/unternehmen\/neufoeg-steuerbeguenstigt-gruenden\/","name":"NeuF\u00f6G - Steuerbeg\u00fcnstigt gr\u00fcnden &#8211; Notariat Sch\u00f6ffmann","isPartOf":{"@id":"https:\/\/www.notariat-schoeffmann.at\/de\/#website"},"datePublished":"2021-08-09T07:49:27+00:00","dateModified":"2022-03-06T12:44:10+00:00","description":"Die Neugr\u00fcndung und \u00dcbertragung von Betrieben wird durch das NeuF\u00f6G beg\u00fcnstigt. Welche Beg\u00fcnstigungen Sie in Anspruch nehmen k\u00f6nnen lesen Sie hier!","breadcrumb":{"@id":"https:\/\/www.notariat-schoeffmann.at\/de\/unternehmen\/neufoeg-steuerbeguenstigt-gruenden\/#breadcrumb"},"inLanguage":"de","potentialAction":[{"@type":"ReadAction","target":["https:\/\/www.notariat-schoeffmann.at\/de\/unternehmen\/neufoeg-steuerbeguenstigt-gruenden\/"]}]},{"@type":"BreadcrumbList","@id":"https:\/\/www.notariat-schoeffmann.at\/de\/unternehmen\/neufoeg-steuerbeguenstigt-gruenden\/#breadcrumb","itemListElement":[{"@type":"ListItem","position":1,"name":"Startseite","item":"https:\/\/www.notariat-schoeffmann.at\/de\/"},{"@type":"ListItem","position":2,"name":"Unternehmen","item":"https:\/\/www.notariat-schoeffmann.at\/de\/unternehmen\/"},{"@type":"ListItem","position":3,"name":"NeuF\u00f6G &#8211; Steuerbeg\u00fcnstigt gr\u00fcnden"}]},{"@type":"WebSite","@id":"https:\/\/www.notariat-schoeffmann.at\/de\/#website","url":"https:\/\/www.notariat-schoeffmann.at\/de\/","name":"Notariat Sch\u00f6ffmann","description":"Mag. Klaus Sch\u00f6ffmann - Ihr Notar in Klagenfurt","publisher":{"@id":"https:\/\/www.notariat-schoeffmann.at\/de\/#organization"},"potentialAction":[{"@type":"SearchAction","target":{"@type":"EntryPoint","urlTemplate":"https:\/\/www.notariat-schoeffmann.at\/de\/?s={search_term_string}"},"query-input":{"@type":"PropertyValueSpecification","valueRequired":true,"valueName":"search_term_string"}}],"inLanguage":"de"},{"@type":"Organization","@id":"https:\/\/www.notariat-schoeffmann.at\/de\/#organization","name":"Notariat Mag. Klaus Sch\u00f6ffmann Klagenfurt","url":"https:\/\/www.notariat-schoeffmann.at\/de\/","logo":{"@type":"ImageObject","inLanguage":"de","@id":"https:\/\/www.notariat-schoeffmann.at\/de\/#\/schema\/logo\/image\/","url":"https:\/\/www.notariat-schoeffmann.at\/wp-content\/uploads\/2022\/02\/logo-notariat-schoeffmann.jpg","contentUrl":"https:\/\/www.notariat-schoeffmann.at\/wp-content\/uploads\/2022\/02\/logo-notariat-schoeffmann.jpg","width":600,"height":600,"caption":"Notariat Mag. Klaus Sch\u00f6ffmann Klagenfurt"},"image":{"@id":"https:\/\/www.notariat-schoeffmann.at\/de\/#\/schema\/logo\/image\/"},"sameAs":["https:\/\/www.facebook.com\/NotarKlagenfurt","https:\/\/www.youtube.com\/channel\/UCaITfbIQh6VIpzEonUsIhcg"]}]}},"_links":{"self":[{"href":"https:\/\/www.notariat-schoeffmann.at\/de\/wp-json\/wp\/v2\/pages\/156","targetHints":{"allow":["GET"]}}],"collection":[{"href":"https:\/\/www.notariat-schoeffmann.at\/de\/wp-json\/wp\/v2\/pages"}],"about":[{"href":"https:\/\/www.notariat-schoeffmann.at\/de\/wp-json\/wp\/v2\/types\/page"}],"author":[{"embeddable":true,"href":"https:\/\/www.notariat-schoeffmann.at\/de\/wp-json\/wp\/v2\/users\/3"}],"replies":[{"embeddable":true,"href":"https:\/\/www.notariat-schoeffmann.at\/de\/wp-json\/wp\/v2\/comments?post=156"}],"version-history":[{"count":7,"href":"https:\/\/www.notariat-schoeffmann.at\/de\/wp-json\/wp\/v2\/pages\/156\/revisions"}],"predecessor-version":[{"id":2470,"href":"https:\/\/www.notariat-schoeffmann.at\/de\/wp-json\/wp\/v2\/pages\/156\/revisions\/2470"}],"up":[{"embeddable":true,"href":"https:\/\/www.notariat-schoeffmann.at\/de\/wp-json\/wp\/v2\/pages\/151"}],"wp:attachment":[{"href":"https:\/\/www.notariat-schoeffmann.at\/de\/wp-json\/wp\/v2\/media?parent=156"}],"wp:term":[{"taxonomy":"category","embeddable":true,"href":"https:\/\/www.notariat-schoeffmann.at\/de\/wp-json\/wp\/v2\/categories?post=156"}],"curies":[{"name":"wp","href":"https:\/\/api.w.org\/{rel}","templated":true}]}}