{"id":153,"date":"2021-08-09T09:48:09","date_gmt":"2021-08-09T07:48:09","guid":{"rendered":"https:\/\/www.notariat-schoeffmann.at\/?page_id=153"},"modified":"2022-02-27T16:06:45","modified_gmt":"2022-02-27T15:06:45","slug":"unternehmensgruendung","status":"publish","type":"page","link":"https:\/\/www.notariat-schoeffmann.at\/de\/unternehmen\/unternehmensgruendung\/","title":{"rendered":"Unternehmensgr\u00fcndung"},"content":{"rendered":"\n<h2 class=\"wp-block-heading\" id=\"bei-der-unternehmensgrundung-zu-bedenken\">Bei der Unternehmensgr\u00fcndung zu bedenken<\/h2>\n\n\n\n<p>Die Gr\u00fcndung eines Unternehmens ist der erste entscheidende Schritt auf dem Weg zum erfolgreichen Unternehmertum.<\/p>\n\n\n\n<p>Wichtige Weichenstellungen werden bereits am Beginn gestellt:<\/p>\n\n\n\n<ul class=\"wp-block-list\"><li>Welche Rechtsform ist die richtige f\u00fcr mich?<\/li><li>Wie wird das erforderliche Kapital aufgebracht?<\/li><li>Womit hafte ich? Wie kann ich Haftungen minimieren?<\/li><li>Wie sch\u00fctze ich meine Gesch\u00e4ftsidee?<\/li><li>Welche Gewerbeberechtigung ist erforderlich?<\/li><li>Wie werden Rechte mit Kapitalgebern geregelt?<\/li><\/ul>\n\n\n\n<p>Diese und viele andere Fragen gilt es am Beginn zu kl\u00e4ren. Dazu ist bei der Unternehmensgr\u00fcndung die Beratung beim Notar entscheidend!<\/p>\n\n\n\n<p>Der Notar ber\u00e4t laufend Start-Ups und hat einen direkten Draht zum Firmenbuch.<\/p>\n","protected":false},"excerpt":{"rendered":"<p>Bei der Unternehmensgr\u00fcndung zu bedenken Die Gr\u00fcndung eines Unternehmens ist der erste entscheidende Schritt auf dem Weg zum erfolgreichen Unternehmertum. Wichtige Weichenstellungen werden bereits am Beginn gestellt: Welche Rechtsform ist die richtige f\u00fcr mich? Wie wird das erforderliche Kapital aufgebracht? Womit hafte ich? Wie kann ich Haftungen minimieren? Wie sch\u00fctze ich meine Gesch\u00e4ftsidee? Welche Gewerbeberechtigung&hellip;<\/p>\n","protected":false},"author":3,"featured_media":0,"parent":151,"menu_order":0,"comment_status":"closed","ping_status":"closed","template":"","meta":{"inline_featured_image":false,"footnotes":""},"categories":[],"class_list":["post-153","page","type-page","status-publish","hentry","description-off"],"yoast_head":"<!-- This site is optimized with the Yoast SEO Premium plugin v26.7 (Yoast SEO v27.4) - https:\/\/yoast.com\/product\/yoast-seo-premium-wordpress\/ -->\n<title>Unternehmensgr\u00fcndung &#8211; Notariat Sch\u00f6ffmann<\/title>\n<meta name=\"description\" content=\"Bei der Gr\u00fcndung gibt es viele Fragen zu kl\u00e4ren: Welche Rechtsform passt? Wie bringe ich das n\u00f6tige Kapital auf? Die Beratung beim Notar ist entscheidend!\" \/>\n<meta name=\"robots\" content=\"index, follow, max-snippet:-1, max-image-preview:large, max-video-preview:-1\" \/>\n<link rel=\"canonical\" href=\"https:\/\/www.notariat-schoeffmann.at\/de\/unternehmen\/unternehmensgruendung\/\" \/>\n<meta property=\"og:locale\" content=\"de_DE\" \/>\n<meta property=\"og:type\" content=\"article\" \/>\n<meta property=\"og:title\" content=\"Unternehmensgr\u00fcndung - Notariat Sch\u00f6ffmann\" \/>\n<meta property=\"og:description\" content=\"Bei der Gr\u00fcndung gibt es viele Fragen zu kl\u00e4ren: Welche Rechtsform passt? Wie bringe ich das n\u00f6tige Kapital auf? Die Beratung beim Notar ist entscheidend!\" \/>\n<meta property=\"og:url\" content=\"https:\/\/www.notariat-schoeffmann.at\/de\/unternehmen\/unternehmensgruendung\/\" \/>\n<meta property=\"og:site_name\" content=\"Notariat Sch\u00f6ffmann\" \/>\n<meta property=\"article:publisher\" content=\"https:\/\/www.facebook.com\/NotarKlagenfurt\" \/>\n<meta property=\"article:modified_time\" content=\"2022-02-27T15:06:45+00:00\" \/>\n<meta property=\"og:image\" content=\"https:\/\/www.notariat-schoeffmann.at\/wp-content\/uploads\/2021\/11\/Juristen-1.jpg\" \/>\n\t<meta property=\"og:image:width\" content=\"1600\" \/>\n\t<meta property=\"og:image:height\" content=\"1067\" \/>\n\t<meta property=\"og:image:type\" content=\"image\/jpeg\" \/>\n<meta name=\"twitter:card\" content=\"summary_large_image\" \/>\n<script type=\"application\/ld+json\" class=\"yoast-schema-graph\">{\"@context\":\"https:\\\/\\\/schema.org\",\"@graph\":[{\"@type\":\"WebPage\",\"@id\":\"https:\\\/\\\/www.notariat-schoeffmann.at\\\/de\\\/unternehmen\\\/unternehmensgruendung\\\/\",\"url\":\"https:\\\/\\\/www.notariat-schoeffmann.at\\\/de\\\/unternehmen\\\/unternehmensgruendung\\\/\",\"name\":\"Unternehmensgr\u00fcndung &#8211; Notariat Sch\u00f6ffmann\",\"isPartOf\":{\"@id\":\"https:\\\/\\\/www.notariat-schoeffmann.at\\\/de\\\/#website\"},\"datePublished\":\"2021-08-09T07:48:09+00:00\",\"dateModified\":\"2022-02-27T15:06:45+00:00\",\"description\":\"Bei der Gr\u00fcndung gibt es viele Fragen zu kl\u00e4ren: Welche Rechtsform passt? Wie bringe ich das n\u00f6tige Kapital auf? Die Beratung beim Notar ist entscheidend!\",\"breadcrumb\":{\"@id\":\"https:\\\/\\\/www.notariat-schoeffmann.at\\\/de\\\/unternehmen\\\/unternehmensgruendung\\\/#breadcrumb\"},\"inLanguage\":\"de\",\"potentialAction\":[{\"@type\":\"ReadAction\",\"target\":[\"https:\\\/\\\/www.notariat-schoeffmann.at\\\/de\\\/unternehmen\\\/unternehmensgruendung\\\/\"]}]},{\"@type\":\"BreadcrumbList\",\"@id\":\"https:\\\/\\\/www.notariat-schoeffmann.at\\\/de\\\/unternehmen\\\/unternehmensgruendung\\\/#breadcrumb\",\"itemListElement\":[{\"@type\":\"ListItem\",\"position\":1,\"name\":\"Startseite\",\"item\":\"https:\\\/\\\/www.notariat-schoeffmann.at\\\/de\\\/\"},{\"@type\":\"ListItem\",\"position\":2,\"name\":\"Unternehmen\",\"item\":\"https:\\\/\\\/www.notariat-schoeffmann.at\\\/de\\\/unternehmen\\\/\"},{\"@type\":\"ListItem\",\"position\":3,\"name\":\"Unternehmensgr\u00fcndung\"}]},{\"@type\":\"WebSite\",\"@id\":\"https:\\\/\\\/www.notariat-schoeffmann.at\\\/de\\\/#website\",\"url\":\"https:\\\/\\\/www.notariat-schoeffmann.at\\\/de\\\/\",\"name\":\"Notariat Sch\u00f6ffmann\",\"description\":\"Mag. Klaus Sch\u00f6ffmann - Ihr Notar in Klagenfurt\",\"publisher\":{\"@id\":\"https:\\\/\\\/www.notariat-schoeffmann.at\\\/de\\\/#organization\"},\"potentialAction\":[{\"@type\":\"SearchAction\",\"target\":{\"@type\":\"EntryPoint\",\"urlTemplate\":\"https:\\\/\\\/www.notariat-schoeffmann.at\\\/de\\\/?s={search_term_string}\"},\"query-input\":{\"@type\":\"PropertyValueSpecification\",\"valueRequired\":true,\"valueName\":\"search_term_string\"}}],\"inLanguage\":\"de\"},{\"@type\":\"Organization\",\"@id\":\"https:\\\/\\\/www.notariat-schoeffmann.at\\\/de\\\/#organization\",\"name\":\"Notariat Mag. Klaus Sch\u00f6ffmann Klagenfurt\",\"url\":\"https:\\\/\\\/www.notariat-schoeffmann.at\\\/de\\\/\",\"logo\":{\"@type\":\"ImageObject\",\"inLanguage\":\"de\",\"@id\":\"https:\\\/\\\/www.notariat-schoeffmann.at\\\/de\\\/#\\\/schema\\\/logo\\\/image\\\/\",\"url\":\"https:\\\/\\\/www.notariat-schoeffmann.at\\\/wp-content\\\/uploads\\\/2022\\\/02\\\/logo-notariat-schoeffmann.jpg\",\"contentUrl\":\"https:\\\/\\\/www.notariat-schoeffmann.at\\\/wp-content\\\/uploads\\\/2022\\\/02\\\/logo-notariat-schoeffmann.jpg\",\"width\":600,\"height\":600,\"caption\":\"Notariat Mag. Klaus Sch\u00f6ffmann Klagenfurt\"},\"image\":{\"@id\":\"https:\\\/\\\/www.notariat-schoeffmann.at\\\/de\\\/#\\\/schema\\\/logo\\\/image\\\/\"},\"sameAs\":[\"https:\\\/\\\/www.facebook.com\\\/NotarKlagenfurt\",\"https:\\\/\\\/www.youtube.com\\\/channel\\\/UCaITfbIQh6VIpzEonUsIhcg\"]}]}<\/script>\n<!-- \/ Yoast SEO Premium plugin. -->","yoast_head_json":{"title":"Unternehmensgr\u00fcndung &#8211; Notariat Sch\u00f6ffmann","description":"Bei der Gr\u00fcndung gibt es viele Fragen zu kl\u00e4ren: Welche Rechtsform passt? Wie bringe ich das n\u00f6tige Kapital auf? Die Beratung beim Notar ist entscheidend!","robots":{"index":"index","follow":"follow","max-snippet":"max-snippet:-1","max-image-preview":"max-image-preview:large","max-video-preview":"max-video-preview:-1"},"canonical":"https:\/\/www.notariat-schoeffmann.at\/de\/unternehmen\/unternehmensgruendung\/","og_locale":"de_DE","og_type":"article","og_title":"Unternehmensgr\u00fcndung - Notariat Sch\u00f6ffmann","og_description":"Bei der Gr\u00fcndung gibt es viele Fragen zu kl\u00e4ren: Welche Rechtsform passt? Wie bringe ich das n\u00f6tige Kapital auf? Die Beratung beim Notar ist entscheidend!","og_url":"https:\/\/www.notariat-schoeffmann.at\/de\/unternehmen\/unternehmensgruendung\/","og_site_name":"Notariat Sch\u00f6ffmann","article_publisher":"https:\/\/www.facebook.com\/NotarKlagenfurt","article_modified_time":"2022-02-27T15:06:45+00:00","og_image":[{"width":1600,"height":1067,"url":"https:\/\/www.notariat-schoeffmann.at\/wp-content\/uploads\/2021\/11\/Juristen-1.jpg","type":"image\/jpeg"}],"twitter_card":"summary_large_image","schema":{"@context":"https:\/\/schema.org","@graph":[{"@type":"WebPage","@id":"https:\/\/www.notariat-schoeffmann.at\/de\/unternehmen\/unternehmensgruendung\/","url":"https:\/\/www.notariat-schoeffmann.at\/de\/unternehmen\/unternehmensgruendung\/","name":"Unternehmensgr\u00fcndung &#8211; Notariat Sch\u00f6ffmann","isPartOf":{"@id":"https:\/\/www.notariat-schoeffmann.at\/de\/#website"},"datePublished":"2021-08-09T07:48:09+00:00","dateModified":"2022-02-27T15:06:45+00:00","description":"Bei der Gr\u00fcndung gibt es viele Fragen zu kl\u00e4ren: Welche Rechtsform passt? Wie bringe ich das n\u00f6tige Kapital auf? Die Beratung beim Notar ist entscheidend!","breadcrumb":{"@id":"https:\/\/www.notariat-schoeffmann.at\/de\/unternehmen\/unternehmensgruendung\/#breadcrumb"},"inLanguage":"de","potentialAction":[{"@type":"ReadAction","target":["https:\/\/www.notariat-schoeffmann.at\/de\/unternehmen\/unternehmensgruendung\/"]}]},{"@type":"BreadcrumbList","@id":"https:\/\/www.notariat-schoeffmann.at\/de\/unternehmen\/unternehmensgruendung\/#breadcrumb","itemListElement":[{"@type":"ListItem","position":1,"name":"Startseite","item":"https:\/\/www.notariat-schoeffmann.at\/de\/"},{"@type":"ListItem","position":2,"name":"Unternehmen","item":"https:\/\/www.notariat-schoeffmann.at\/de\/unternehmen\/"},{"@type":"ListItem","position":3,"name":"Unternehmensgr\u00fcndung"}]},{"@type":"WebSite","@id":"https:\/\/www.notariat-schoeffmann.at\/de\/#website","url":"https:\/\/www.notariat-schoeffmann.at\/de\/","name":"Notariat Sch\u00f6ffmann","description":"Mag. Klaus Sch\u00f6ffmann - Ihr Notar in Klagenfurt","publisher":{"@id":"https:\/\/www.notariat-schoeffmann.at\/de\/#organization"},"potentialAction":[{"@type":"SearchAction","target":{"@type":"EntryPoint","urlTemplate":"https:\/\/www.notariat-schoeffmann.at\/de\/?s={search_term_string}"},"query-input":{"@type":"PropertyValueSpecification","valueRequired":true,"valueName":"search_term_string"}}],"inLanguage":"de"},{"@type":"Organization","@id":"https:\/\/www.notariat-schoeffmann.at\/de\/#organization","name":"Notariat Mag. Klaus Sch\u00f6ffmann Klagenfurt","url":"https:\/\/www.notariat-schoeffmann.at\/de\/","logo":{"@type":"ImageObject","inLanguage":"de","@id":"https:\/\/www.notariat-schoeffmann.at\/de\/#\/schema\/logo\/image\/","url":"https:\/\/www.notariat-schoeffmann.at\/wp-content\/uploads\/2022\/02\/logo-notariat-schoeffmann.jpg","contentUrl":"https:\/\/www.notariat-schoeffmann.at\/wp-content\/uploads\/2022\/02\/logo-notariat-schoeffmann.jpg","width":600,"height":600,"caption":"Notariat Mag. Klaus Sch\u00f6ffmann Klagenfurt"},"image":{"@id":"https:\/\/www.notariat-schoeffmann.at\/de\/#\/schema\/logo\/image\/"},"sameAs":["https:\/\/www.facebook.com\/NotarKlagenfurt","https:\/\/www.youtube.com\/channel\/UCaITfbIQh6VIpzEonUsIhcg"]}]}},"_links":{"self":[{"href":"https:\/\/www.notariat-schoeffmann.at\/de\/wp-json\/wp\/v2\/pages\/153","targetHints":{"allow":["GET"]}}],"collection":[{"href":"https:\/\/www.notariat-schoeffmann.at\/de\/wp-json\/wp\/v2\/pages"}],"about":[{"href":"https:\/\/www.notariat-schoeffmann.at\/de\/wp-json\/wp\/v2\/types\/page"}],"author":[{"embeddable":true,"href":"https:\/\/www.notariat-schoeffmann.at\/de\/wp-json\/wp\/v2\/users\/3"}],"replies":[{"embeddable":true,"href":"https:\/\/www.notariat-schoeffmann.at\/de\/wp-json\/wp\/v2\/comments?post=153"}],"version-history":[{"count":9,"href":"https:\/\/www.notariat-schoeffmann.at\/de\/wp-json\/wp\/v2\/pages\/153\/revisions"}],"predecessor-version":[{"id":2185,"href":"https:\/\/www.notariat-schoeffmann.at\/de\/wp-json\/wp\/v2\/pages\/153\/revisions\/2185"}],"up":[{"embeddable":true,"href":"https:\/\/www.notariat-schoeffmann.at\/de\/wp-json\/wp\/v2\/pages\/151"}],"wp:attachment":[{"href":"https:\/\/www.notariat-schoeffmann.at\/de\/wp-json\/wp\/v2\/media?parent=153"}],"wp:term":[{"taxonomy":"category","embeddable":true,"href":"https:\/\/www.notariat-schoeffmann.at\/de\/wp-json\/wp\/v2\/categories?post=153"}],"curies":[{"name":"wp","href":"https:\/\/api.w.org\/{rel}","templated":true}]}}